{"id":10517,"date":"2020-06-01T19:39:08","date_gmt":"2020-06-01T19:39:08","guid":{"rendered":"https:\/\/www.plumprops.com?p=10517"},"modified":"2020-10-13T11:01:49","modified_gmt":"2020-10-13T11:01:49","slug":"uber-die-produkte-de","status":"publish","type":"page","link":"https:\/\/www.plumprops.com\/de\/uber-uns\/","title":{"rendered":"\u00dcber uns"},"content":{"rendered":"<h1 class=\"page-heading bottom-indent\">\u00dcBER UNS<\/h1>\n<div class=\"row\">\n<div class=\"col-xs-12 col-sm-4\">\n<div class=\"cms-block\">\n<h3 class=\"page-subheading\">Unser Unternehmen<\/h3>\n<div class=\"_39k5 _5s6c\">\n<div>Wir sind eine kleine Familienfirma, die mit Leib und Seele den Prozess der Bildung des sch\u00f6nen Zubeh\u00f6rs f\u00fcr die Neugeborenen- und Kindersession gestaltet .Wir hoffen, dass es sowohl Euch &#8211; Fotografen als auch Eure Kunden entz\u00fcckt. Wir freuen uns, dass wir uns dank dieser Arbeit k\u00fcnstlerisch entwickeln k\u00f6nnen.<\/div>\n<div>Im Prozess der Bildung ist f\u00fcr uns die Qualit\u00e4t, \u00c4sthetik und Sicherheit und Komfort des Knirps das Wichtigste. Wir k\u00f6nnen uns um alles dank der Erfahrung unseres Teams k\u00fcmmern:<\/div>\n<div>Magda \u2013 Neugeborenen- Fotografin und Projektantin<\/div>\n<div>Herr Waldek \u2013 wundervoller Tischler, der geduldig alle unsere Flausen realisiert<\/div>\n<div>Frau Ela \u2013 von ihrer Hand kommen alle wundervollen Sachen aus Wolle<\/div>\n<div>Piotr \u2013 ist f\u00fcr die ganze technische Seite verantwortlich<\/div>\n<div>Jeder Euer Einkauf erf\u00fcllt unsere Herzen mit Freude, denn wir wissen, dass , das , was wir machen bedeutend ist und dass die Leute die Sch\u00f6nheit und Wert der handgemachten Gegenst\u00e4nde in der Zeit der allgegenw\u00e4rtigen Massenproduktion zu sch\u00e4tzen wissen werden!<\/div>\n<\/div>\n<\/div>\n<\/div>\n<div class=\"col-xs-12 col-sm-4\">\n<div class=\"cms-box\">\n<h3 class=\"page-subheading\">F\u00fcr uns z\u00e4hlt die Qualit\u00e4t<\/h3>\n<p>Wir wissen, dass die hohe Qualit\u00e4t der Requisiten f\u00fcr die Fotosession den Ausdruck in tollen Fotos findet, darum legen wir gro\u00dfen Wert darauf, was wir zur Ausf\u00fchrung unserer Requisite verwenden und wir verwenden auf ihre Ausf\u00fchrung viel Arbeit.<\/p>\n<p>Holz, welches wir verwenden, ist neu, und was danach folgt, ohne Parasiten und Pilze. Es ist auch richtig getrocknet, dank dessen bricht nicht mit der Zeit und sich nicht verformt.<\/p>\n<p>Dicke und schwere Bretter, die wir nutzen, verursachen, dass unsere Bettchen stabil und Fu\u00dfb\u00f6den solide sind.<\/p>\n<\/div>\n<\/div>\n<div class=\"col-xs-12 col-sm-4\">\n<div class=\"cms-box\">\n<h3 class=\"page-subheading\">Wir m\u00f6gen nat\u00fcrliche Materialien<\/h3>\n<div class=\"testimonials\">\n<div class=\"inner\">Unsere Babykleidungen, M\u00fctzchen und Einwicklungen werden aus der Wolle der hohen Qualit\u00e4t ausgef\u00fchrt, die sich angenehm anf\u00fchlt und was sehr wichtig ist &#8211; nicht kratzend ist!<\/div>\n<div class=\"inner\">\u00a0<\/div>\n<\/div>\n<p><img class=\"aligncenter\" title=\"cms-img\" src=\"https:\/\/www.plumprops.com\/img\/cms\/about-session.jpg\" alt=\"www.plumprops.com\/de\" width=\"370\" height=\"192\" \/><\/p>\n<p><img class=\"aligncenter\" src=\"https:\/\/www.plumprops.com\/img\/cms\/are-you-ready-for%20summer.jpg\" alt=\"\" width=\"370\" height=\"247\" \/><\/p>\n<\/div>\n<\/div>\n<\/div>\n","protected":false},"excerpt":{"rendered":"<p>\u00dcBER UNS Unser Unternehmen Wir sind eine kleine Familienfirma, die mit Leib und Seele den Prozess der Bildung des sch\u00f6nen Zubeh\u00f6rs f\u00fcr die Neugeborenen- und Kindersession gestaltet .Wir hoffen, dass es sowohl Euch &#8211; Fotografen als auch Eure Kunden entz\u00fcckt. Wir freuen uns, dass wir uns dank dieser Arbeit k\u00fcnstlerisch entwickeln k\u00f6nnen. Im Prozess der [&hellip;]<\/p>\n","protected":false},"author":332,"featured_media":0,"parent":0,"menu_order":0,"comment_status":"closed","ping_status":"closed","template":"template-fullwidth.php","meta":[],"yoast_head":"<!-- This site is optimized with the Yoast SEO plugin v16.0.2 - https:\/\/yoast.com\/wordpress\/plugins\/seo\/ -->\n<title>\u00dcber uns<\/title>\n<meta name=\"description\" content=\"Lerne mehr \u00fcber uns\" \/>\n<link rel=\"canonical\" href=\"https:\/\/www.plumprops.com\/de\/uber-uns\/\" \/>\n<meta property=\"og:locale\" content=\"de_DE\" \/>\n<meta property=\"og:type\" content=\"article\" \/>\n<meta property=\"og:title\" content=\"\u00dcber uns\" \/>\n<meta property=\"og:description\" content=\"Lerne mehr \u00fcber uns\" \/>\n<meta property=\"og:url\" content=\"https:\/\/www.plumprops.com\/de\/uber-uns\/\" \/>\n<meta property=\"og:site_name\" content=\"Newborn Photography Props\" \/>\n<meta property=\"article:modified_time\" content=\"2020-10-13T11:01:49+00:00\" \/>\n<meta property=\"og:image\" content=\"https:\/\/www.plumprops.com\/img\/cms\/about-session.jpg\" \/>\n<meta name=\"twitter:card\" content=\"summary_large_image\" \/>\n<meta name=\"twitter:label1\" content=\"Gesch\u00e4tzte Lesezeit\">\n\t<meta name=\"twitter:data1\" content=\"2\u00a0Minuten\">\n<script type=\"application\/ld+json\" class=\"yoast-schema-graph\">{\"@context\":\"https:\/\/schema.org\",\"@graph\":[{\"@type\":\"WebSite\",\"@id\":\"https:\/\/www.plumprops.com\/#website\",\"url\":\"https:\/\/www.plumprops.com\/\",\"name\":\"Newborn Photography Props\",\"description\":\"\",\"potentialAction\":[{\"@type\":\"SearchAction\",\"target\":\"https:\/\/www.plumprops.com\/?s={search_term_string}\",\"query-input\":\"required name=search_term_string\"}],\"inLanguage\":\"de\"},{\"@type\":\"ImageObject\",\"@id\":\"https:\/\/www.plumprops.com\/de\/uber-uns\/#primaryimage\",\"inLanguage\":\"de\",\"url\":\"https:\/\/www.plumprops.com\/img\/cms\/about-session.jpg\"},{\"@type\":\"WebPage\",\"@id\":\"https:\/\/www.plumprops.com\/de\/uber-uns\/#webpage\",\"url\":\"https:\/\/www.plumprops.com\/de\/uber-uns\/\",\"name\":\"\\u00dcber uns\",\"isPartOf\":{\"@id\":\"https:\/\/www.plumprops.com\/#website\"},\"primaryImageOfPage\":{\"@id\":\"https:\/\/www.plumprops.com\/de\/uber-uns\/#primaryimage\"},\"datePublished\":\"2020-06-01T19:39:08+00:00\",\"dateModified\":\"2020-10-13T11:01:49+00:00\",\"description\":\"Lerne mehr \\u00fcber uns\",\"breadcrumb\":{\"@id\":\"https:\/\/www.plumprops.com\/de\/uber-uns\/#breadcrumb\"},\"inLanguage\":\"de\",\"potentialAction\":[{\"@type\":\"ReadAction\",\"target\":[\"https:\/\/www.plumprops.com\/de\/uber-uns\/\"]}]},{\"@type\":\"BreadcrumbList\",\"@id\":\"https:\/\/www.plumprops.com\/de\/uber-uns\/#breadcrumb\",\"itemListElement\":[{\"@type\":\"ListItem\",\"position\":1,\"item\":{\"@type\":\"WebPage\",\"@id\":\"https:\/\/www.plumprops.com\/de\/\",\"url\":\"https:\/\/www.plumprops.com\/de\/\",\"name\":\"Home\"}},{\"@type\":\"ListItem\",\"position\":2,\"item\":{\"@type\":\"WebPage\",\"@id\":\"https:\/\/www.plumprops.com\/de\/uber-uns\/\",\"url\":\"https:\/\/www.plumprops.com\/de\/uber-uns\/\",\"name\":\"\\u00dcber uns\"}}]}]}<\/script>\n<!-- \/ Yoast SEO plugin. -->","_links":{"self":[{"href":"https:\/\/www.plumprops.com\/de\/wp-json\/wp\/v2\/pages\/10517"}],"collection":[{"href":"https:\/\/www.plumprops.com\/de\/wp-json\/wp\/v2\/pages"}],"about":[{"href":"https:\/\/www.plumprops.com\/de\/wp-json\/wp\/v2\/types\/page"}],"author":[{"embeddable":true,"href":"https:\/\/www.plumprops.com\/de\/wp-json\/wp\/v2\/users\/332"}],"replies":[{"embeddable":true,"href":"https:\/\/www.plumprops.com\/de\/wp-json\/wp\/v2\/comments?post=10517"}],"version-history":[{"count":0,"href":"https:\/\/www.plumprops.com\/de\/wp-json\/wp\/v2\/pages\/10517\/revisions"}],"wp:attachment":[{"href":"https:\/\/www.plumprops.com\/de\/wp-json\/wp\/v2\/media?parent=10517"}],"curies":[{"name":"wp","href":"https:\/\/api.w.org\/{rel}","templated":true}]}}