{"id":10210,"date":"2020-02-24T12:51:55","date_gmt":"2020-02-24T12:51:55","guid":{"rendered":"https:\/\/www.plumprops.com\/?product=kleiner-stuhl-jede-farbe"},"modified":"2024-06-12T18:17:18","modified_gmt":"2024-06-12T18:17:18","slug":"kleiner-stuhl-jede-farbe","status":"publish","type":"product","link":"https:\/\/www.plumprops.com\/de\/stuhle-und-tische\/kleiner-stuhl-jede-farbe\/","title":{"rendered":"Kleiner Stuhl &#8211; jede Farbe"},"content":{"rendered":"","protected":false},"excerpt":{"rendered":"<p>Holzstuhl, 100% handgefertigt. Lack leicht zerkratzt. Perfekt f\u00fcr sitzende Kleinkinder, auch f\u00fcr Dreij\u00e4hrige.Sitzh\u00f6he: 17 cm, 50 cm hoch und 30 cm x 30 cm<\/p>\n","protected":false},"featured_media":10205,"comment_status":"open","ping_status":"closed","template":"","meta":[],"yoast_head":"<!-- This site is optimized with the Yoast SEO plugin v16.0.2 - https:\/\/yoast.com\/wordpress\/plugins\/seo\/ -->\n<title>Kleiner Stuhl - jede Farbe - Newborn Photography Props<\/title>\n<link rel=\"canonical\" href=\"https:\/\/www.plumprops.com\/de\/stuhle-und-tische\/kleiner-stuhl-jede-farbe\/\" \/>\n<meta property=\"og:locale\" content=\"de_DE\" \/>\n<meta property=\"og:type\" content=\"article\" \/>\n<meta property=\"og:title\" content=\"Kleiner Stuhl - jede Farbe - Newborn Photography Props\" \/>\n<meta property=\"og:description\" content=\"Holzstuhl, 100% handgefertigt. Lack leicht zerkratzt. Perfekt f\u00fcr sitzende Kleinkinder, auch f\u00fcr Dreij\u00e4hrige.Sitzh\u00f6he: 17 cm, 50 cm hoch und 30 cm x 30 cm\" \/>\n<meta property=\"og:url\" content=\"https:\/\/www.plumprops.com\/de\/stuhle-und-tische\/kleiner-stuhl-jede-farbe\/\" \/>\n<meta property=\"og:site_name\" content=\"Newborn Photography Props\" \/>\n<meta property=\"article:modified_time\" content=\"2024-06-12T18:17:18+00:00\" \/>\n<meta property=\"og:image\" content=\"https:\/\/www.plumprops.com\/wp-content\/uploads\/2020\/06\/3556.jpg\" \/>\n\t<meta property=\"og:image:width\" content=\"1400\" \/>\n\t<meta property=\"og:image:height\" content=\"927\" \/>\n<meta name=\"twitter:card\" content=\"summary_large_image\" \/>\n<script type=\"application\/ld+json\" class=\"yoast-schema-graph\">{\"@context\":\"https:\/\/schema.org\",\"@graph\":[{\"@type\":\"WebSite\",\"@id\":\"https:\/\/www.plumprops.com\/#website\",\"url\":\"https:\/\/www.plumprops.com\/\",\"name\":\"Newborn Photography Props\",\"description\":\"\",\"potentialAction\":[{\"@type\":\"SearchAction\",\"target\":\"https:\/\/www.plumprops.com\/?s={search_term_string}\",\"query-input\":\"required name=search_term_string\"}],\"inLanguage\":\"de\"},{\"@type\":\"ImageObject\",\"@id\":\"https:\/\/www.plumprops.com\/de\/stuhle-und-tische\/kleiner-stuhl-jede-farbe\/#primaryimage\",\"inLanguage\":\"de\",\"url\":\"https:\/\/www.plumprops.com\/wp-content\/uploads\/2020\/06\/3556.jpg\",\"width\":1400,\"height\":927},{\"@type\":\"WebPage\",\"@id\":\"https:\/\/www.plumprops.com\/de\/stuhle-und-tische\/kleiner-stuhl-jede-farbe\/#webpage\",\"url\":\"https:\/\/www.plumprops.com\/de\/stuhle-und-tische\/kleiner-stuhl-jede-farbe\/\",\"name\":\"Kleiner Stuhl - jede Farbe - Newborn Photography Props\",\"isPartOf\":{\"@id\":\"https:\/\/www.plumprops.com\/#website\"},\"primaryImageOfPage\":{\"@id\":\"https:\/\/www.plumprops.com\/de\/stuhle-und-tische\/kleiner-stuhl-jede-farbe\/#primaryimage\"},\"datePublished\":\"2020-02-24T12:51:55+00:00\",\"dateModified\":\"2024-06-12T18:17:18+00:00\",\"breadcrumb\":{\"@id\":\"https:\/\/www.plumprops.com\/de\/stuhle-und-tische\/kleiner-stuhl-jede-farbe\/#breadcrumb\"},\"inLanguage\":\"de\",\"potentialAction\":[{\"@type\":\"ReadAction\",\"target\":[\"https:\/\/www.plumprops.com\/de\/stuhle-und-tische\/kleiner-stuhl-jede-farbe\/\"]}]},{\"@type\":\"BreadcrumbList\",\"@id\":\"https:\/\/www.plumprops.com\/de\/stuhle-und-tische\/kleiner-stuhl-jede-farbe\/#breadcrumb\",\"itemListElement\":[{\"@type\":\"ListItem\",\"position\":1,\"item\":{\"@type\":\"WebPage\",\"@id\":\"https:\/\/www.plumprops.com\/de\/\",\"url\":\"https:\/\/www.plumprops.com\/de\/\",\"name\":\"Home\"}},{\"@type\":\"ListItem\",\"position\":2,\"item\":{\"@type\":\"WebPage\",\"@id\":\"https:\/\/www.plumprops.com\/de\/onlineshop\/\",\"url\":\"https:\/\/www.plumprops.com\/de\/onlineshop\/\",\"name\":\"Onlineshop\"}},{\"@type\":\"ListItem\",\"position\":3,\"item\":{\"@type\":\"WebPage\",\"@id\":\"https:\/\/www.plumprops.com\/de\/stuhle-und-tische\/kleiner-stuhl-jede-farbe\/\",\"url\":\"https:\/\/www.plumprops.com\/de\/stuhle-und-tische\/kleiner-stuhl-jede-farbe\/\",\"name\":\"Kleiner Stuhl &#8211; jede Farbe\"}}]}]}<\/script>\n<!-- \/ Yoast SEO plugin. -->","_links":{"self":[{"href":"https:\/\/www.plumprops.com\/de\/wp-json\/wp\/v2\/product\/10210"}],"collection":[{"href":"https:\/\/www.plumprops.com\/de\/wp-json\/wp\/v2\/product"}],"about":[{"href":"https:\/\/www.plumprops.com\/de\/wp-json\/wp\/v2\/types\/product"}],"replies":[{"embeddable":true,"href":"https:\/\/www.plumprops.com\/de\/wp-json\/wp\/v2\/comments?post=10210"}],"version-history":[{"count":0,"href":"https:\/\/www.plumprops.com\/de\/wp-json\/wp\/v2\/product\/10210\/revisions"}],"wp:featuredmedia":[{"embeddable":true,"href":"https:\/\/www.plumprops.com\/de\/wp-json\/wp\/v2\/media\/10205"}],"wp:attachment":[{"href":"https:\/\/www.plumprops.com\/de\/wp-json\/wp\/v2\/media?parent=10210"}],"curies":[{"name":"wp","href":"https:\/\/api.w.org\/{rel}","templated":true}]}}