{"id":10247,"date":"2020-02-24T13:14:10","date_gmt":"2020-02-24T13:14:10","guid":{"rendered":"https:\/\/www.plumprops.com\/?product=bank-fur-kleinkinder-salbei"},"modified":"2025-06-05T22:13:32","modified_gmt":"2025-06-05T22:13:32","slug":"bank-fur-kleinkinder-2","status":"publish","type":"product","link":"https:\/\/www.plumprops.com\/de\/banke-und-sofas\/bank-fur-kleinkinder\/","title":{"rendered":"Bank f\u00fcr Kleinkinder"},"content":{"rendered":"","protected":false},"excerpt":{"rendered":"<p><span class=\"tlid-translation translation\" lang=\"de\"><span title=\"\">Holzbank.<\/span> <span title=\"\">100% handgemacht.<\/span> <span title=\"\">Sanft zerkratzt.<\/span> <span title=\"\">Perfekt f\u00fcr Babys zwischen 1 &#8211; 3 Jahren.<\/span><br \/><span class=\"\" title=\"\">Sitzh\u00f6he: 18 cm (7 in) H\u00f6he 50 cm (20 in), Breite 50 cm (20 in) x 30 cm (12 in)<\/span><\/span><\/p>\n","protected":false},"featured_media":6696,"comment_status":"open","ping_status":"closed","template":"","meta":[],"yoast_head":"<!-- This site is optimized with the Yoast SEO plugin v16.0.2 - https:\/\/yoast.com\/wordpress\/plugins\/seo\/ -->\n<title>Bank f\u00fcr Kleinkinder - Newborn Photography Props<\/title>\n<link rel=\"canonical\" href=\"https:\/\/www.plumprops.com\/de\/banke-und-sofas\/bank-fur-kleinkinder\/\" \/>\n<meta property=\"og:locale\" content=\"de_DE\" \/>\n<meta property=\"og:type\" content=\"article\" \/>\n<meta property=\"og:title\" content=\"Bank f\u00fcr Kleinkinder - Newborn Photography Props\" \/>\n<meta property=\"og:description\" content=\"Holzbank. 100% handgemacht. Sanft zerkratzt. Perfekt f\u00fcr Babys zwischen 1 - 3 Jahren.Sitzh\u00f6he: 18 cm (7 in) H\u00f6he 50 cm (20 in), Breite 50 cm (20 in) x 30 cm (12 in)\" \/>\n<meta property=\"og:url\" content=\"https:\/\/www.plumprops.com\/de\/banke-und-sofas\/bank-fur-kleinkinder\/\" \/>\n<meta property=\"og:site_name\" content=\"Newborn Photography Props\" \/>\n<meta property=\"article:modified_time\" content=\"2025-06-05T22:13:32+00:00\" \/>\n<meta property=\"og:image\" content=\"https:\/\/www.plumprops.com\/wp-content\/uploads\/2020\/02\/products-3586-1.jpg\" \/>\n\t<meta property=\"og:image:width\" content=\"1343\" \/>\n\t<meta property=\"og:image:height\" content=\"889\" \/>\n<meta name=\"twitter:card\" content=\"summary_large_image\" \/>\n<script type=\"application\/ld+json\" class=\"yoast-schema-graph\">{\"@context\":\"https:\/\/schema.org\",\"@graph\":[{\"@type\":\"WebSite\",\"@id\":\"https:\/\/www.plumprops.com\/#website\",\"url\":\"https:\/\/www.plumprops.com\/\",\"name\":\"Newborn Photography Props\",\"description\":\"\",\"potentialAction\":[{\"@type\":\"SearchAction\",\"target\":\"https:\/\/www.plumprops.com\/?s={search_term_string}\",\"query-input\":\"required name=search_term_string\"}],\"inLanguage\":\"de\"},{\"@type\":\"ImageObject\",\"@id\":\"https:\/\/www.plumprops.com\/de\/banke-und-sofas\/bank-fur-kleinkinder\/#primaryimage\",\"inLanguage\":\"de\",\"url\":\"https:\/\/www.plumprops.com\/wp-content\/uploads\/2020\/02\/products-3586-1.jpg\",\"width\":1343,\"height\":889},{\"@type\":\"WebPage\",\"@id\":\"https:\/\/www.plumprops.com\/de\/banke-und-sofas\/bank-fur-kleinkinder\/#webpage\",\"url\":\"https:\/\/www.plumprops.com\/de\/banke-und-sofas\/bank-fur-kleinkinder\/\",\"name\":\"Bank f\\u00fcr Kleinkinder - Newborn Photography Props\",\"isPartOf\":{\"@id\":\"https:\/\/www.plumprops.com\/#website\"},\"primaryImageOfPage\":{\"@id\":\"https:\/\/www.plumprops.com\/de\/banke-und-sofas\/bank-fur-kleinkinder\/#primaryimage\"},\"datePublished\":\"2020-02-24T13:14:10+00:00\",\"dateModified\":\"2025-06-05T22:13:32+00:00\",\"breadcrumb\":{\"@id\":\"https:\/\/www.plumprops.com\/de\/banke-und-sofas\/bank-fur-kleinkinder\/#breadcrumb\"},\"inLanguage\":\"de\",\"potentialAction\":[{\"@type\":\"ReadAction\",\"target\":[\"https:\/\/www.plumprops.com\/de\/banke-und-sofas\/bank-fur-kleinkinder\/\"]}]},{\"@type\":\"BreadcrumbList\",\"@id\":\"https:\/\/www.plumprops.com\/de\/banke-und-sofas\/bank-fur-kleinkinder\/#breadcrumb\",\"itemListElement\":[{\"@type\":\"ListItem\",\"position\":1,\"item\":{\"@type\":\"WebPage\",\"@id\":\"https:\/\/www.plumprops.com\/de\/\",\"url\":\"https:\/\/www.plumprops.com\/de\/\",\"name\":\"Home\"}},{\"@type\":\"ListItem\",\"position\":2,\"item\":{\"@type\":\"WebPage\",\"@id\":\"https:\/\/www.plumprops.com\/de\/onlineshop\/\",\"url\":\"https:\/\/www.plumprops.com\/de\/onlineshop\/\",\"name\":\"Onlineshop\"}},{\"@type\":\"ListItem\",\"position\":3,\"item\":{\"@type\":\"WebPage\",\"@id\":\"https:\/\/www.plumprops.com\/de\/banke-und-sofas\/bank-fur-kleinkinder\/\",\"url\":\"https:\/\/www.plumprops.com\/de\/banke-und-sofas\/bank-fur-kleinkinder\/\",\"name\":\"Bank f\\u00fcr Kleinkinder\"}}]}]}<\/script>\n<!-- \/ Yoast SEO plugin. -->","_links":{"self":[{"href":"https:\/\/www.plumprops.com\/de\/wp-json\/wp\/v2\/product\/10247"}],"collection":[{"href":"https:\/\/www.plumprops.com\/de\/wp-json\/wp\/v2\/product"}],"about":[{"href":"https:\/\/www.plumprops.com\/de\/wp-json\/wp\/v2\/types\/product"}],"replies":[{"embeddable":true,"href":"https:\/\/www.plumprops.com\/de\/wp-json\/wp\/v2\/comments?post=10247"}],"version-history":[{"count":0,"href":"https:\/\/www.plumprops.com\/de\/wp-json\/wp\/v2\/product\/10247\/revisions"}],"wp:featuredmedia":[{"embeddable":true,"href":"https:\/\/www.plumprops.com\/de\/wp-json\/wp\/v2\/media\/6696"}],"wp:attachment":[{"href":"https:\/\/www.plumprops.com\/de\/wp-json\/wp\/v2\/media?parent=10247"}],"curies":[{"name":"wp","href":"https:\/\/api.w.org\/{rel}","templated":true}]}}