{"id":14818,"date":"2020-08-22T19:10:21","date_gmt":"2020-08-22T19:10:21","guid":{"rendered":"https:\/\/www.plumprops.com\/unkategorisiert\/boho-sofa\/"},"modified":"2025-05-29T11:29:40","modified_gmt":"2025-05-29T11:29:40","slug":"minibank-mit-einem-monstera-motiv","status":"publish","type":"product","link":"https:\/\/www.plumprops.com\/de\/banke-und-sofas\/minibank-mit-einem-monstera-motiv\/","title":{"rendered":"Minibank mit einem Monstera motiv"},"content":{"rendered":"","protected":false},"excerpt":{"rendered":"<div class=\"text-wrap tlid-copy-target\">\n<div class=\"result-shield-container tlid-copy-target\" tabindex=\"0\"><span class=\"tlid-translation translation\" lang=\"en\"><span title=\"\"><span class=\"tlid-translation translation\" lang=\"de\">Eine Minibank mit einem Monstera-Blatt-Motiv auf der R\u00fcckenlehne. Aus Holz und Baumwolle. <span class=\"\" title=\"\">Abmessungen 54 x 28 cm, H\u00f6he der R\u00fcckenlehne 43 cm, H\u00f6he des Sitzes 15 cm<\/span><\/span><\/span><\/span><\/div>\n<\/div>\n<div class=\"tlid-result-transliteration-container result-transliteration-container transliteration-container\">\n<div class=\"tlid-transliteration-content transliteration-content full\">\u00a0<\/div>\n<\/div>\n","protected":false},"featured_media":19960,"comment_status":"open","ping_status":"closed","template":"","meta":[],"yoast_head":"<!-- This site is optimized with the Yoast SEO plugin v16.0.2 - https:\/\/yoast.com\/wordpress\/plugins\/seo\/ -->\n<title>Minibank mit einem Monstera motiv - Newborn Photography Props<\/title>\n<link rel=\"canonical\" href=\"https:\/\/www.plumprops.com\/de\/banke-und-sofas\/minibank-mit-einem-monstera-motiv\/\" \/>\n<meta property=\"og:locale\" content=\"de_DE\" \/>\n<meta property=\"og:type\" content=\"article\" \/>\n<meta property=\"og:title\" content=\"Minibank mit einem Monstera motiv - Newborn Photography Props\" \/>\n<meta property=\"og:description\" content=\"Eine Minibank mit einem Monstera-Blatt-Motiv auf der R\u00fcckenlehne. Aus Holz und Baumwolle. Abmessungen 54 x 28 cm, H\u00f6he der R\u00fcckenlehne 43 cm, H\u00f6he des Sitzes 15 cm   \u00a0\" \/>\n<meta property=\"og:url\" content=\"https:\/\/www.plumprops.com\/de\/banke-und-sofas\/minibank-mit-einem-monstera-motiv\/\" \/>\n<meta property=\"og:site_name\" content=\"Newborn Photography Props\" \/>\n<meta property=\"article:modified_time\" content=\"2025-05-29T11:29:40+00:00\" \/>\n<meta property=\"og:image\" content=\"https:\/\/www.plumprops.com\/wp-content\/uploads\/2020\/08\/DSC_5582.jpg\" \/>\n\t<meta property=\"og:image:width\" content=\"1400\" \/>\n\t<meta property=\"og:image:height\" content=\"935\" \/>\n<meta name=\"twitter:card\" content=\"summary_large_image\" \/>\n<script type=\"application\/ld+json\" class=\"yoast-schema-graph\">{\"@context\":\"https:\/\/schema.org\",\"@graph\":[{\"@type\":\"WebSite\",\"@id\":\"https:\/\/www.plumprops.com\/#website\",\"url\":\"https:\/\/www.plumprops.com\/\",\"name\":\"Newborn Photography Props\",\"description\":\"\",\"potentialAction\":[{\"@type\":\"SearchAction\",\"target\":\"https:\/\/www.plumprops.com\/?s={search_term_string}\",\"query-input\":\"required name=search_term_string\"}],\"inLanguage\":\"de\"},{\"@type\":\"ImageObject\",\"@id\":\"https:\/\/www.plumprops.com\/de\/banke-und-sofas\/minibank-mit-einem-monstera-motiv\/#primaryimage\",\"inLanguage\":\"de\",\"url\":\"https:\/\/www.plumprops.com\/wp-content\/uploads\/2021\/01\/laweczka-do-sesji-dzieciecych-.jpg\",\"width\":1408,\"height\":938},{\"@type\":\"WebPage\",\"@id\":\"https:\/\/www.plumprops.com\/de\/banke-und-sofas\/minibank-mit-einem-monstera-motiv\/#webpage\",\"url\":\"https:\/\/www.plumprops.com\/de\/banke-und-sofas\/minibank-mit-einem-monstera-motiv\/\",\"name\":\"Minibank mit einem Monstera motiv - Newborn Photography Props\",\"isPartOf\":{\"@id\":\"https:\/\/www.plumprops.com\/#website\"},\"primaryImageOfPage\":{\"@id\":\"https:\/\/www.plumprops.com\/de\/banke-und-sofas\/minibank-mit-einem-monstera-motiv\/#primaryimage\"},\"datePublished\":\"2020-08-22T19:10:21+00:00\",\"dateModified\":\"2025-05-29T11:29:40+00:00\",\"breadcrumb\":{\"@id\":\"https:\/\/www.plumprops.com\/de\/banke-und-sofas\/minibank-mit-einem-monstera-motiv\/#breadcrumb\"},\"inLanguage\":\"de\",\"potentialAction\":[{\"@type\":\"ReadAction\",\"target\":[\"https:\/\/www.plumprops.com\/de\/banke-und-sofas\/minibank-mit-einem-monstera-motiv\/\"]}]},{\"@type\":\"BreadcrumbList\",\"@id\":\"https:\/\/www.plumprops.com\/de\/banke-und-sofas\/minibank-mit-einem-monstera-motiv\/#breadcrumb\",\"itemListElement\":[{\"@type\":\"ListItem\",\"position\":1,\"item\":{\"@type\":\"WebPage\",\"@id\":\"https:\/\/www.plumprops.com\/de\/\",\"url\":\"https:\/\/www.plumprops.com\/de\/\",\"name\":\"Home\"}},{\"@type\":\"ListItem\",\"position\":2,\"item\":{\"@type\":\"WebPage\",\"@id\":\"https:\/\/www.plumprops.com\/de\/onlineshop\/\",\"url\":\"https:\/\/www.plumprops.com\/de\/onlineshop\/\",\"name\":\"Onlineshop\"}},{\"@type\":\"ListItem\",\"position\":3,\"item\":{\"@type\":\"WebPage\",\"@id\":\"https:\/\/www.plumprops.com\/de\/banke-und-sofas\/minibank-mit-einem-monstera-motiv\/\",\"url\":\"https:\/\/www.plumprops.com\/de\/banke-und-sofas\/minibank-mit-einem-monstera-motiv\/\",\"name\":\"Minibank mit einem Monstera motiv\"}}]}]}<\/script>\n<!-- \/ Yoast SEO plugin. -->","_links":{"self":[{"href":"https:\/\/www.plumprops.com\/de\/wp-json\/wp\/v2\/product\/14818"}],"collection":[{"href":"https:\/\/www.plumprops.com\/de\/wp-json\/wp\/v2\/product"}],"about":[{"href":"https:\/\/www.plumprops.com\/de\/wp-json\/wp\/v2\/types\/product"}],"replies":[{"embeddable":true,"href":"https:\/\/www.plumprops.com\/de\/wp-json\/wp\/v2\/comments?post=14818"}],"version-history":[{"count":0,"href":"https:\/\/www.plumprops.com\/de\/wp-json\/wp\/v2\/product\/14818\/revisions"}],"wp:featuredmedia":[{"embeddable":true,"href":"https:\/\/www.plumprops.com\/de\/wp-json\/wp\/v2\/media\/19960"}],"wp:attachment":[{"href":"https:\/\/www.plumprops.com\/de\/wp-json\/wp\/v2\/media?parent=14818"}],"curies":[{"name":"wp","href":"https:\/\/api.w.org\/{rel}","templated":true}]}}