{"id":14834,"date":"2020-08-22T19:30:43","date_gmt":"2020-08-22T19:30:43","guid":{"rendered":"https:\/\/www.plumprops.com\/unkategorisiert\/unique_bench\/"},"modified":"2025-05-29T16:10:33","modified_gmt":"2025-05-29T16:10:33","slug":"einzigartige-bank","status":"publish","type":"product","link":"https:\/\/www.plumprops.com\/de\/banke-und-sofas\/einzigartige-bank\/","title":{"rendered":"Einzigartige Bank"},"content":{"rendered":"","protected":false},"excerpt":{"rendered":"<div class=\"text-wrap tlid-copy-target\">\n<div class=\"result-shield-container tlid-copy-target\" tabindex=\"0\"><span class=\"tlid-translation translation\" lang=\"de\"><br \/><span class=\"\" title=\"\">Eine Minibank mit originaler R\u00fcckenlehne.<\/span><\/p>\n<p><span title=\"\">Limitierte Auflage, beschr\u00e4nkte Auflage!<\/span><\/p>\n<p><span title=\"\">Ma\u00dfe<\/span><br \/><span title=\"\">54 x 28 cm<\/span><br \/><span title=\"\">R\u00fcckenlehnenh\u00f6he 43 cm<\/span><br \/><span title=\"\">Sitzh\u00f6he 15 cm<\/span><\/span><\/div>\n<\/div>\n<div class=\"tlid-result-transliteration-container result-transliteration-container transliteration-container\">\n<div class=\"tlid-transliteration-content transliteration-content full\">\u00a0<\/div>\n<\/div>\n","protected":false},"featured_media":12529,"comment_status":"open","ping_status":"closed","template":"","meta":[],"yoast_head":"<!-- This site is optimized with the Yoast SEO plugin v16.0.2 - https:\/\/yoast.com\/wordpress\/plugins\/seo\/ -->\n<title>Einzigartige Bank - Newborn Photography Props<\/title>\n<link rel=\"canonical\" href=\"https:\/\/www.plumprops.com\/de\/banke-und-sofas\/einzigartige-bank\/\" \/>\n<meta property=\"og:locale\" content=\"de_DE\" \/>\n<meta property=\"og:type\" content=\"article\" \/>\n<meta property=\"og:title\" content=\"Einzigartige Bank - Newborn Photography Props\" \/>\n<meta property=\"og:description\" content=\"Eine Minibank mit originaler R\u00fcckenlehne.Limitierte Auflage, beschr\u00e4nkte Auflage!Ma\u00dfe54 x 28 cmR\u00fcckenlehnenh\u00f6he 43 cmSitzh\u00f6he 15 cm   \u00a0\" \/>\n<meta property=\"og:url\" content=\"https:\/\/www.plumprops.com\/de\/banke-und-sofas\/einzigartige-bank\/\" \/>\n<meta property=\"og:site_name\" content=\"Newborn Photography Props\" \/>\n<meta property=\"article:modified_time\" content=\"2025-05-29T16:10:33+00:00\" \/>\n<meta property=\"og:image\" content=\"https:\/\/www.plumprops.com\/wp-content\/uploads\/2020\/08\/mint-bench.jpg\" \/>\n\t<meta property=\"og:image:width\" content=\"1351\" \/>\n\t<meta property=\"og:image:height\" content=\"903\" \/>\n<meta name=\"twitter:card\" content=\"summary_large_image\" \/>\n<script type=\"application\/ld+json\" class=\"yoast-schema-graph\">{\"@context\":\"https:\/\/schema.org\",\"@graph\":[{\"@type\":\"WebSite\",\"@id\":\"https:\/\/www.plumprops.com\/#website\",\"url\":\"https:\/\/www.plumprops.com\/\",\"name\":\"Newborn Photography Props\",\"description\":\"\",\"potentialAction\":[{\"@type\":\"SearchAction\",\"target\":\"https:\/\/www.plumprops.com\/?s={search_term_string}\",\"query-input\":\"required name=search_term_string\"}],\"inLanguage\":\"de\"},{\"@type\":\"ImageObject\",\"@id\":\"https:\/\/www.plumprops.com\/de\/banke-und-sofas\/einzigartige-bank\/#primaryimage\",\"inLanguage\":\"de\",\"url\":\"https:\/\/www.plumprops.com\/wp-content\/uploads\/2020\/08\/mint-bench.jpg\",\"width\":1351,\"height\":903},{\"@type\":\"WebPage\",\"@id\":\"https:\/\/www.plumprops.com\/de\/banke-und-sofas\/einzigartige-bank\/#webpage\",\"url\":\"https:\/\/www.plumprops.com\/de\/banke-und-sofas\/einzigartige-bank\/\",\"name\":\"Einzigartige Bank - Newborn Photography Props\",\"isPartOf\":{\"@id\":\"https:\/\/www.plumprops.com\/#website\"},\"primaryImageOfPage\":{\"@id\":\"https:\/\/www.plumprops.com\/de\/banke-und-sofas\/einzigartige-bank\/#primaryimage\"},\"datePublished\":\"2020-08-22T19:30:43+00:00\",\"dateModified\":\"2025-05-29T16:10:33+00:00\",\"breadcrumb\":{\"@id\":\"https:\/\/www.plumprops.com\/de\/banke-und-sofas\/einzigartige-bank\/#breadcrumb\"},\"inLanguage\":\"de\",\"potentialAction\":[{\"@type\":\"ReadAction\",\"target\":[\"https:\/\/www.plumprops.com\/de\/banke-und-sofas\/einzigartige-bank\/\"]}]},{\"@type\":\"BreadcrumbList\",\"@id\":\"https:\/\/www.plumprops.com\/de\/banke-und-sofas\/einzigartige-bank\/#breadcrumb\",\"itemListElement\":[{\"@type\":\"ListItem\",\"position\":1,\"item\":{\"@type\":\"WebPage\",\"@id\":\"https:\/\/www.plumprops.com\/de\/\",\"url\":\"https:\/\/www.plumprops.com\/de\/\",\"name\":\"Home\"}},{\"@type\":\"ListItem\",\"position\":2,\"item\":{\"@type\":\"WebPage\",\"@id\":\"https:\/\/www.plumprops.com\/de\/onlineshop\/\",\"url\":\"https:\/\/www.plumprops.com\/de\/onlineshop\/\",\"name\":\"Onlineshop\"}},{\"@type\":\"ListItem\",\"position\":3,\"item\":{\"@type\":\"WebPage\",\"@id\":\"https:\/\/www.plumprops.com\/de\/banke-und-sofas\/einzigartige-bank\/\",\"url\":\"https:\/\/www.plumprops.com\/de\/banke-und-sofas\/einzigartige-bank\/\",\"name\":\"Einzigartige Bank\"}}]}]}<\/script>\n<!-- \/ Yoast SEO plugin. -->","_links":{"self":[{"href":"https:\/\/www.plumprops.com\/de\/wp-json\/wp\/v2\/product\/14834"}],"collection":[{"href":"https:\/\/www.plumprops.com\/de\/wp-json\/wp\/v2\/product"}],"about":[{"href":"https:\/\/www.plumprops.com\/de\/wp-json\/wp\/v2\/types\/product"}],"replies":[{"embeddable":true,"href":"https:\/\/www.plumprops.com\/de\/wp-json\/wp\/v2\/comments?post=14834"}],"version-history":[{"count":0,"href":"https:\/\/www.plumprops.com\/de\/wp-json\/wp\/v2\/product\/14834\/revisions"}],"wp:featuredmedia":[{"embeddable":true,"href":"https:\/\/www.plumprops.com\/de\/wp-json\/wp\/v2\/media\/12529"}],"wp:attachment":[{"href":"https:\/\/www.plumprops.com\/de\/wp-json\/wp\/v2\/media?parent=14834"}],"curies":[{"name":"wp","href":"https:\/\/api.w.org\/{rel}","templated":true}]}}