{"id":16428,"date":"2020-09-29T18:27:49","date_gmt":"2020-09-29T18:27:49","guid":{"rendered":"https:\/\/www.plumprops.com\/?post_type=product&#038;p=16428"},"modified":"2022-09-01T06:40:03","modified_gmt":"2022-09-01T06:40:03","slug":"kleiner-eimer-holzgriff","status":"publish","type":"product","link":"https:\/\/www.plumprops.com\/de\/eimer\/kleiner-eimer-holzgriff\/","title":{"rendered":"Kleiner Eimer &#8211; Holzgriff"},"content":{"rendered":"","protected":false},"excerpt":{"rendered":"<p><span class=\"tlid-translation translation\" lang=\"de\"><span class=\"\" title=\"\">Sch\u00f6ner Metalleimer mit Holzgriff, stilisiert wie alt.<\/span> <span class=\"\" title=\"\">Der Eimer ist ein grundlegendes Accessoire in jedem Fotostudio f\u00fcr Neugeborene. Unserer Meinung nach hat er die perfekte Gr\u00f6\u00dfe f\u00fcr ein Neugeborenes \ud83d\ude42 Auch innen bemalt.<\/span><\/p>\n<p><span class=\"\" title=\"\">In verschiedenen Farben erh\u00e4ltlich.<\/span><\/span><\/p>\n<p>27 cm (12 in) Durchmesser<\/p>\n<p>23 cm (12 in) H\u00f6he<\/p>\n","protected":false},"featured_media":16595,"comment_status":"open","ping_status":"closed","template":"","meta":[],"yoast_head":"<!-- This site is optimized with the Yoast SEO plugin v16.0.2 - https:\/\/yoast.com\/wordpress\/plugins\/seo\/ -->\n<title>Kleiner Eimer - Holzgriff - Newborn Photography Props<\/title>\n<link rel=\"canonical\" href=\"https:\/\/www.plumprops.com\/de\/eimer\/kleiner-eimer-holzgriff\/\" \/>\n<meta property=\"og:locale\" content=\"de_DE\" \/>\n<meta property=\"og:type\" content=\"article\" \/>\n<meta property=\"og:title\" content=\"Kleiner Eimer - Holzgriff - Newborn Photography Props\" \/>\n<meta property=\"og:description\" content=\"Sch\u00f6ner Metalleimer mit Holzgriff, stilisiert wie alt. Der Eimer ist ein grundlegendes Accessoire in jedem Fotostudio f\u00fcr Neugeborene. Unserer Meinung nach hat er die perfekte Gr\u00f6\u00dfe f\u00fcr ein Neugeborenes :) Auch innen bemalt.In verschiedenen Farben erh\u00e4ltlich. 27 cm (12 in) Durchmesser 23 cm (12 in) H\u00f6he\" \/>\n<meta property=\"og:url\" content=\"https:\/\/www.plumprops.com\/de\/eimer\/kleiner-eimer-holzgriff\/\" \/>\n<meta property=\"og:site_name\" content=\"Newborn Photography Props\" \/>\n<meta property=\"article:modified_time\" content=\"2022-09-01T06:40:03+00:00\" \/>\n<meta property=\"og:image\" content=\"https:\/\/www.plumprops.com\/wp-content\/uploads\/2020\/09\/DSC_0377.jpg\" \/>\n\t<meta property=\"og:image:width\" content=\"1400\" \/>\n\t<meta property=\"og:image:height\" content=\"935\" \/>\n<meta name=\"twitter:card\" content=\"summary_large_image\" \/>\n<script type=\"application\/ld+json\" class=\"yoast-schema-graph\">{\"@context\":\"https:\/\/schema.org\",\"@graph\":[{\"@type\":\"WebSite\",\"@id\":\"https:\/\/www.plumprops.com\/#website\",\"url\":\"https:\/\/www.plumprops.com\/\",\"name\":\"Newborn Photography Props\",\"description\":\"\",\"potentialAction\":[{\"@type\":\"SearchAction\",\"target\":\"https:\/\/www.plumprops.com\/?s={search_term_string}\",\"query-input\":\"required name=search_term_string\"}],\"inLanguage\":\"de\"},{\"@type\":\"ImageObject\",\"@id\":\"https:\/\/www.plumprops.com\/de\/eimer\/kleiner-eimer-holzgriff\/#primaryimage\",\"inLanguage\":\"de\",\"url\":\"https:\/\/www.plumprops.com\/wp-content\/uploads\/2020\/09\/DSC_0377.jpg\",\"width\":1400,\"height\":935},{\"@type\":\"WebPage\",\"@id\":\"https:\/\/www.plumprops.com\/de\/eimer\/kleiner-eimer-holzgriff\/#webpage\",\"url\":\"https:\/\/www.plumprops.com\/de\/eimer\/kleiner-eimer-holzgriff\/\",\"name\":\"Kleiner Eimer - Holzgriff - Newborn Photography Props\",\"isPartOf\":{\"@id\":\"https:\/\/www.plumprops.com\/#website\"},\"primaryImageOfPage\":{\"@id\":\"https:\/\/www.plumprops.com\/de\/eimer\/kleiner-eimer-holzgriff\/#primaryimage\"},\"datePublished\":\"2020-09-29T18:27:49+00:00\",\"dateModified\":\"2022-09-01T06:40:03+00:00\",\"breadcrumb\":{\"@id\":\"https:\/\/www.plumprops.com\/de\/eimer\/kleiner-eimer-holzgriff\/#breadcrumb\"},\"inLanguage\":\"de\",\"potentialAction\":[{\"@type\":\"ReadAction\",\"target\":[\"https:\/\/www.plumprops.com\/de\/eimer\/kleiner-eimer-holzgriff\/\"]}]},{\"@type\":\"BreadcrumbList\",\"@id\":\"https:\/\/www.plumprops.com\/de\/eimer\/kleiner-eimer-holzgriff\/#breadcrumb\",\"itemListElement\":[{\"@type\":\"ListItem\",\"position\":1,\"item\":{\"@type\":\"WebPage\",\"@id\":\"https:\/\/www.plumprops.com\/de\/\",\"url\":\"https:\/\/www.plumprops.com\/de\/\",\"name\":\"Home\"}},{\"@type\":\"ListItem\",\"position\":2,\"item\":{\"@type\":\"WebPage\",\"@id\":\"https:\/\/www.plumprops.com\/de\/onlineshop\/\",\"url\":\"https:\/\/www.plumprops.com\/de\/onlineshop\/\",\"name\":\"Onlineshop\"}},{\"@type\":\"ListItem\",\"position\":3,\"item\":{\"@type\":\"WebPage\",\"@id\":\"https:\/\/www.plumprops.com\/de\/eimer\/kleiner-eimer-holzgriff\/\",\"url\":\"https:\/\/www.plumprops.com\/de\/eimer\/kleiner-eimer-holzgriff\/\",\"name\":\"Kleiner Eimer &#8211; Holzgriff\"}}]}]}<\/script>\n<!-- \/ Yoast SEO plugin. -->","_links":{"self":[{"href":"https:\/\/www.plumprops.com\/de\/wp-json\/wp\/v2\/product\/16428"}],"collection":[{"href":"https:\/\/www.plumprops.com\/de\/wp-json\/wp\/v2\/product"}],"about":[{"href":"https:\/\/www.plumprops.com\/de\/wp-json\/wp\/v2\/types\/product"}],"replies":[{"embeddable":true,"href":"https:\/\/www.plumprops.com\/de\/wp-json\/wp\/v2\/comments?post=16428"}],"version-history":[{"count":0,"href":"https:\/\/www.plumprops.com\/de\/wp-json\/wp\/v2\/product\/16428\/revisions"}],"wp:featuredmedia":[{"embeddable":true,"href":"https:\/\/www.plumprops.com\/de\/wp-json\/wp\/v2\/media\/16595"}],"wp:attachment":[{"href":"https:\/\/www.plumprops.com\/de\/wp-json\/wp\/v2\/media?parent=16428"}],"curies":[{"name":"wp","href":"https:\/\/api.w.org\/{rel}","templated":true}]}}