{"id":16934,"date":"2020-10-12T14:23:45","date_gmt":"2020-10-12T14:23:45","guid":{"rendered":"https:\/\/www.plumprops.com\/unkategorisiert\/antike-holzbretter\/"},"modified":"2020-10-29T18:14:18","modified_gmt":"2020-10-29T18:14:18","slug":"antike-holzbretter","status":"publish","type":"product","link":"https:\/\/www.plumprops.com\/de\/holzerner-hintergrund\/antike-holzbretter\/","title":{"rendered":"Antike Holzbretter"},"content":{"rendered":"<p><span class=\"tlid-translation translation\" lang=\"de\"><span class=\"\" title=\"\">Ideal zum Fotografieren von Neugeborenen und Kleinkindern.<\/p>\n<p>Die Bretter werden lose versendet.<\/p>\n<p>Um sie an der Wand zu befestigen, verwenden Sie am besten eine Gardinenstange. Eine rutschfeste Matte unter Teppichen eignet sich gut f\u00fcr den Boden vor dem Fahren.<\/p>\n<p>Da die Bretter wie alte gestaltet sind, kann das Produkt geringf\u00fcgig vom Bild abweichen. Der Farbunterschied kann sich aus den einzelnen Monitoreinstellungen ergeben.<\/p>\n<p>Aufgrund der Abmessungen und des Gewichts wird dieses Produkt in mehreren Paketen verschickt, so dass jeder damit umgehen kann.<\/p>\n<p>Das Produkt wird ohne Kinderbett \/ Box und Puppe verkauft<\/p>\n<p>Es ist auch m\u00f6glich, in einer anderen Farbe zu bestellen.<\/span><\/span><\/p>\n","protected":false},"excerpt":{"rendered":"<p><span class=\"tlid-translation translation\" lang=\"de\"><span class=\"\" title=\"\"><span title=\"\">Sch\u00f6ner h\u00f6lzerner Hintergrund f\u00fcr die Sitzung.<\/span> <span title=\"\">Die Bretter sind geb\u00fcrstet, um ihnen das Aussehen von altem Holz zu verleihen.<\/span> <span title=\"\">Mit \u00d6l gesichert.<\/span><br \/>Gr\u00f6\u00dfe: 168 cm x 160 cm &#8211; perfekt f\u00fcr Boden oder Wand. Ein Brett ist ca. 20 cm breit.<br \/>Wenn Sie ein Set (Wand + Boden) kaufen m\u00f6chten, bestellen Sie 2 St\u00fcck.<\/span><\/span><\/p>\n","protected":false},"featured_media":17830,"comment_status":"open","ping_status":"closed","template":"","meta":[],"yoast_head":"<!-- This site is optimized with the Yoast SEO plugin v16.0.2 - https:\/\/yoast.com\/wordpress\/plugins\/seo\/ -->\n<title>Antike Holzbretter - Newborn Photography Props<\/title>\n<link rel=\"canonical\" href=\"https:\/\/www.plumprops.com\/de\/holzerner-hintergrund\/antike-holzbretter\/\" \/>\n<meta property=\"og:locale\" content=\"de_DE\" \/>\n<meta property=\"og:type\" content=\"article\" \/>\n<meta property=\"og:title\" content=\"Antike Holzbretter - Newborn Photography Props\" \/>\n<meta property=\"og:description\" content=\"Sch\u00f6ner h\u00f6lzerner Hintergrund f\u00fcr die Sitzung. Die Bretter sind geb\u00fcrstet, um ihnen das Aussehen von altem Holz zu verleihen. Mit \u00d6l gesichert.Gr\u00f6\u00dfe: 168 cm x 160 cm - perfekt f\u00fcr Boden oder Wand. Ein Brett ist ca. 20 cm breit.Wenn Sie ein Set (Wand + Boden) kaufen m\u00f6chten, bestellen Sie 2 St\u00fcck.\" \/>\n<meta property=\"og:url\" content=\"https:\/\/www.plumprops.com\/de\/holzerner-hintergrund\/antike-holzbretter\/\" \/>\n<meta property=\"og:site_name\" content=\"Newborn Photography Props\" \/>\n<meta property=\"article:modified_time\" content=\"2020-10-29T18:14:18+00:00\" \/>\n<meta property=\"og:image\" content=\"https:\/\/www.plumprops.com\/wp-content\/uploads\/2020\/10\/DSC_6868_mini.jpg\" \/>\n\t<meta property=\"og:image:width\" content=\"1400\" \/>\n\t<meta property=\"og:image:height\" content=\"935\" \/>\n<meta name=\"twitter:card\" content=\"summary_large_image\" \/>\n<meta name=\"twitter:label1\" content=\"Gesch\u00e4tzte Lesezeit\">\n\t<meta name=\"twitter:data1\" content=\"1\u00a0Minute\">\n<script type=\"application\/ld+json\" class=\"yoast-schema-graph\">{\"@context\":\"https:\/\/schema.org\",\"@graph\":[{\"@type\":\"WebSite\",\"@id\":\"https:\/\/www.plumprops.com\/#website\",\"url\":\"https:\/\/www.plumprops.com\/\",\"name\":\"Newborn Photography Props\",\"description\":\"\",\"potentialAction\":[{\"@type\":\"SearchAction\",\"target\":\"https:\/\/www.plumprops.com\/?s={search_term_string}\",\"query-input\":\"required name=search_term_string\"}],\"inLanguage\":\"de\"},{\"@type\":\"ImageObject\",\"@id\":\"https:\/\/www.plumprops.com\/de\/holzerner-hintergrund\/antike-holzbretter\/#primaryimage\",\"inLanguage\":\"de\",\"url\":\"https:\/\/www.plumprops.com\/wp-content\/uploads\/2020\/10\/DSC_6868_mini.jpg\",\"width\":1400,\"height\":935},{\"@type\":\"WebPage\",\"@id\":\"https:\/\/www.plumprops.com\/de\/holzerner-hintergrund\/antike-holzbretter\/#webpage\",\"url\":\"https:\/\/www.plumprops.com\/de\/holzerner-hintergrund\/antike-holzbretter\/\",\"name\":\"Antike Holzbretter - Newborn Photography Props\",\"isPartOf\":{\"@id\":\"https:\/\/www.plumprops.com\/#website\"},\"primaryImageOfPage\":{\"@id\":\"https:\/\/www.plumprops.com\/de\/holzerner-hintergrund\/antike-holzbretter\/#primaryimage\"},\"datePublished\":\"2020-10-12T14:23:45+00:00\",\"dateModified\":\"2020-10-29T18:14:18+00:00\",\"breadcrumb\":{\"@id\":\"https:\/\/www.plumprops.com\/de\/holzerner-hintergrund\/antike-holzbretter\/#breadcrumb\"},\"inLanguage\":\"de\",\"potentialAction\":[{\"@type\":\"ReadAction\",\"target\":[\"https:\/\/www.plumprops.com\/de\/holzerner-hintergrund\/antike-holzbretter\/\"]}]},{\"@type\":\"BreadcrumbList\",\"@id\":\"https:\/\/www.plumprops.com\/de\/holzerner-hintergrund\/antike-holzbretter\/#breadcrumb\",\"itemListElement\":[{\"@type\":\"ListItem\",\"position\":1,\"item\":{\"@type\":\"WebPage\",\"@id\":\"https:\/\/www.plumprops.com\/de\/\",\"url\":\"https:\/\/www.plumprops.com\/de\/\",\"name\":\"Home\"}},{\"@type\":\"ListItem\",\"position\":2,\"item\":{\"@type\":\"WebPage\",\"@id\":\"https:\/\/www.plumprops.com\/de\/onlineshop\/\",\"url\":\"https:\/\/www.plumprops.com\/de\/onlineshop\/\",\"name\":\"Onlineshop\"}},{\"@type\":\"ListItem\",\"position\":3,\"item\":{\"@type\":\"WebPage\",\"@id\":\"https:\/\/www.plumprops.com\/de\/holzerner-hintergrund\/antike-holzbretter\/\",\"url\":\"https:\/\/www.plumprops.com\/de\/holzerner-hintergrund\/antike-holzbretter\/\",\"name\":\"Antike Holzbretter\"}}]}]}<\/script>\n<!-- \/ Yoast SEO plugin. -->","_links":{"self":[{"href":"https:\/\/www.plumprops.com\/de\/wp-json\/wp\/v2\/product\/16934"}],"collection":[{"href":"https:\/\/www.plumprops.com\/de\/wp-json\/wp\/v2\/product"}],"about":[{"href":"https:\/\/www.plumprops.com\/de\/wp-json\/wp\/v2\/types\/product"}],"replies":[{"embeddable":true,"href":"https:\/\/www.plumprops.com\/de\/wp-json\/wp\/v2\/comments?post=16934"}],"version-history":[{"count":0,"href":"https:\/\/www.plumprops.com\/de\/wp-json\/wp\/v2\/product\/16934\/revisions"}],"wp:featuredmedia":[{"embeddable":true,"href":"https:\/\/www.plumprops.com\/de\/wp-json\/wp\/v2\/media\/17830"}],"wp:attachment":[{"href":"https:\/\/www.plumprops.com\/de\/wp-json\/wp\/v2\/media?parent=16934"}],"curies":[{"name":"wp","href":"https:\/\/api.w.org\/{rel}","templated":true}]}}