{"id":16946,"date":"2020-10-12T14:35:26","date_gmt":"2020-10-12T14:35:26","guid":{"rendered":"https:\/\/www.plumprops.com\/unkategorisiert\/creme-antiker-holzerner-hintergrund-2\/"},"modified":"2025-05-30T01:58:12","modified_gmt":"2025-05-30T01:58:12","slug":"creme-antiker-holzerner-hintergrund-2","status":"publish","type":"product","link":"https:\/\/www.plumprops.com\/de\/holzerner-hintergrund\/creme-antiker-holzerner-hintergrund\/","title":{"rendered":"Creme antiker h\u00f6lzerner Hintergrund"},"content":{"rendered":"<p><span class=\"tlid-translation translation\" lang=\"de\"><span class=\"\" title=\"\">Ideal zum Fotografieren von Neugeborenen und Kleinkindern.<\/span><\/p>\n<p><span class=\"\" title=\"\">Die Bretter werden lose versendet.<\/span> <span class=\"\" title=\"\">Um eine Wand zu erstellen, befestigen Sie die Bretter am besten mit einer Gardinenstange.<\/span> <span class=\"\" title=\"\">\u00dcbrigens kann es zum Aufh\u00e4ngen von Kulissen verwendet werden \ud83d\ude42 Sie k\u00f6nnen eine rutschfeste Matte unter Teppiche unter den Boden legen.<\/span><\/p>\n<p><span class=\"\" title=\"\">Da die Bretter antik gestaltet sind, kann das Produkt geringf\u00fcgig vom Bild abweichen (andere Abriebe).<\/span> <span class=\"\" title=\"\">Der Farbunterschied kann sich aus den einzelnen Monitoreinstellungen ergeben.<\/span><\/p>\n<p><span class=\"\" title=\"\">Aufgrund der Abmessungen und des Gewichts wird dieses Produkt in mehreren Paketen verschickt, so dass jeder damit umgehen kann.<\/span><\/p>\n<p><span title=\"\">Das Produkt wird ohne Box und Puppe verkauft<\/span><\/p>\n<p><span title=\"\">Es ist auch m\u00f6glich, in einer anderen Farbe zu bestellen.<\/span><\/span><\/p>\n","protected":false},"excerpt":{"rendered":"<p><span class=\"tlid-translation translation\" lang=\"de\"><span title=\"\">Tolle Boards f\u00fcr Fotografen.<\/span> <span title=\"\">Echtes Holz, leicht verzweifelt.<\/span> <span title=\"\">Vanillefarbe.<\/span><\/p>\n<p><span title=\"\">Gr\u00f6\u00dfe: 168 cm x 160 cm, ein Brett 20 cm<\/span><\/p>\n<p><span class=\"\" title=\"\">Wenn Sie ein Wand- und Bodenset bestellen m\u00f6chten, bestellen Sie 2 St\u00fcck.<\/span><\/span><\/p>\n","protected":false},"featured_media":17847,"comment_status":"open","ping_status":"closed","template":"","meta":[],"yoast_head":"<!-- This site is optimized with the Yoast SEO plugin v16.0.2 - https:\/\/yoast.com\/wordpress\/plugins\/seo\/ -->\n<title>Creme antiker h\u00f6lzerner Hintergrund - Newborn Photography Props<\/title>\n<link rel=\"canonical\" href=\"https:\/\/www.plumprops.com\/de\/holzerner-hintergrund\/creme-antiker-holzerner-hintergrund\/\" \/>\n<meta property=\"og:locale\" content=\"de_DE\" \/>\n<meta property=\"og:type\" content=\"article\" \/>\n<meta property=\"og:title\" content=\"Creme antiker h\u00f6lzerner Hintergrund - Newborn Photography Props\" \/>\n<meta property=\"og:description\" content=\"Tolle Boards f\u00fcr Fotografen. Echtes Holz, leicht verzweifelt. Vanillefarbe.Gr\u00f6\u00dfe: 168 cm x 160 cm, ein Brett 20 cmWenn Sie ein Wand- und Bodenset bestellen m\u00f6chten, bestellen Sie 2 St\u00fcck.\" \/>\n<meta property=\"og:url\" content=\"https:\/\/www.plumprops.com\/de\/holzerner-hintergrund\/creme-antiker-holzerner-hintergrund\/\" \/>\n<meta property=\"og:site_name\" content=\"Newborn Photography Props\" \/>\n<meta property=\"article:modified_time\" content=\"2025-05-30T01:58:12+00:00\" \/>\n<meta property=\"og:image\" content=\"https:\/\/www.plumprops.com\/wp-content\/uploads\/2020\/10\/DSC_6878_mini.jpg\" \/>\n\t<meta property=\"og:image:width\" content=\"1400\" \/>\n\t<meta property=\"og:image:height\" content=\"935\" \/>\n<meta name=\"twitter:card\" content=\"summary_large_image\" \/>\n<meta name=\"twitter:label1\" content=\"Gesch\u00e4tzte Lesezeit\">\n\t<meta name=\"twitter:data1\" content=\"1\u00a0Minute\">\n<script type=\"application\/ld+json\" class=\"yoast-schema-graph\">{\"@context\":\"https:\/\/schema.org\",\"@graph\":[{\"@type\":\"WebSite\",\"@id\":\"https:\/\/www.plumprops.com\/#website\",\"url\":\"https:\/\/www.plumprops.com\/\",\"name\":\"Newborn Photography Props\",\"description\":\"\",\"potentialAction\":[{\"@type\":\"SearchAction\",\"target\":\"https:\/\/www.plumprops.com\/?s={search_term_string}\",\"query-input\":\"required name=search_term_string\"}],\"inLanguage\":\"de\"},{\"@type\":\"ImageObject\",\"@id\":\"https:\/\/www.plumprops.com\/de\/holzerner-hintergrund\/creme-antiker-holzerner-hintergrund\/#primaryimage\",\"inLanguage\":\"de\",\"url\":\"https:\/\/www.plumprops.com\/wp-content\/uploads\/2020\/10\/DSC_6878_mini.jpg\",\"width\":1400,\"height\":935},{\"@type\":\"WebPage\",\"@id\":\"https:\/\/www.plumprops.com\/de\/holzerner-hintergrund\/creme-antiker-holzerner-hintergrund\/#webpage\",\"url\":\"https:\/\/www.plumprops.com\/de\/holzerner-hintergrund\/creme-antiker-holzerner-hintergrund\/\",\"name\":\"Creme antiker h\\u00f6lzerner Hintergrund - Newborn Photography Props\",\"isPartOf\":{\"@id\":\"https:\/\/www.plumprops.com\/#website\"},\"primaryImageOfPage\":{\"@id\":\"https:\/\/www.plumprops.com\/de\/holzerner-hintergrund\/creme-antiker-holzerner-hintergrund\/#primaryimage\"},\"datePublished\":\"2020-10-12T14:35:26+00:00\",\"dateModified\":\"2025-05-30T01:58:12+00:00\",\"breadcrumb\":{\"@id\":\"https:\/\/www.plumprops.com\/de\/holzerner-hintergrund\/creme-antiker-holzerner-hintergrund\/#breadcrumb\"},\"inLanguage\":\"de\",\"potentialAction\":[{\"@type\":\"ReadAction\",\"target\":[\"https:\/\/www.plumprops.com\/de\/holzerner-hintergrund\/creme-antiker-holzerner-hintergrund\/\"]}]},{\"@type\":\"BreadcrumbList\",\"@id\":\"https:\/\/www.plumprops.com\/de\/holzerner-hintergrund\/creme-antiker-holzerner-hintergrund\/#breadcrumb\",\"itemListElement\":[{\"@type\":\"ListItem\",\"position\":1,\"item\":{\"@type\":\"WebPage\",\"@id\":\"https:\/\/www.plumprops.com\/de\/\",\"url\":\"https:\/\/www.plumprops.com\/de\/\",\"name\":\"Home\"}},{\"@type\":\"ListItem\",\"position\":2,\"item\":{\"@type\":\"WebPage\",\"@id\":\"https:\/\/www.plumprops.com\/de\/onlineshop\/\",\"url\":\"https:\/\/www.plumprops.com\/de\/onlineshop\/\",\"name\":\"Onlineshop\"}},{\"@type\":\"ListItem\",\"position\":3,\"item\":{\"@type\":\"WebPage\",\"@id\":\"https:\/\/www.plumprops.com\/de\/holzerner-hintergrund\/creme-antiker-holzerner-hintergrund\/\",\"url\":\"https:\/\/www.plumprops.com\/de\/holzerner-hintergrund\/creme-antiker-holzerner-hintergrund\/\",\"name\":\"Creme antiker h\\u00f6lzerner Hintergrund\"}}]}]}<\/script>\n<!-- \/ Yoast SEO plugin. -->","_links":{"self":[{"href":"https:\/\/www.plumprops.com\/de\/wp-json\/wp\/v2\/product\/16946"}],"collection":[{"href":"https:\/\/www.plumprops.com\/de\/wp-json\/wp\/v2\/product"}],"about":[{"href":"https:\/\/www.plumprops.com\/de\/wp-json\/wp\/v2\/types\/product"}],"replies":[{"embeddable":true,"href":"https:\/\/www.plumprops.com\/de\/wp-json\/wp\/v2\/comments?post=16946"}],"version-history":[{"count":0,"href":"https:\/\/www.plumprops.com\/de\/wp-json\/wp\/v2\/product\/16946\/revisions"}],"wp:featuredmedia":[{"embeddable":true,"href":"https:\/\/www.plumprops.com\/de\/wp-json\/wp\/v2\/media\/17847"}],"wp:attachment":[{"href":"https:\/\/www.plumprops.com\/de\/wp-json\/wp\/v2\/media?parent=16946"}],"curies":[{"name":"wp","href":"https:\/\/api.w.org\/{rel}","templated":true}]}}