{"id":18720,"date":"2020-11-24T18:56:21","date_gmt":"2020-11-24T18:56:21","guid":{"rendered":"https:\/\/www.plumprops.com\/?post_type=product&#038;p=18720"},"modified":"2025-09-19T07:27:58","modified_gmt":"2025-09-19T07:27:58","slug":"kissen-mit-goldenen-punkten","status":"publish","type":"product","link":"https:\/\/www.plumprops.com\/de\/schichten\/kissen-mit-goldenen-punkten\/","title":{"rendered":"Kissen mit Goldenen Punkten"},"content":{"rendered":"","protected":false},"excerpt":{"rendered":"<p>Ein wundersch\u00f6nes, gut gef\u00fclltes Kissen aus weicher Baumwolle mit Goldenen Punkten. Rohe Kanten verleihen ihm ein Rustikales Aussehen<br \/>\nGr\u00f6\u00dfe 25 x 17 cm (10 x 6,5 Zoll) &#8211; perfekt f\u00fcr unsere Betten, aber Sie passen auch gut, wenn Sie gerne eine Rassel positionieren \ud83d\ude42<\/p>\n","protected":false},"featured_media":18745,"comment_status":"open","ping_status":"closed","template":"","meta":[],"yoast_head":"<!-- This site is optimized with the Yoast SEO plugin v16.0.2 - https:\/\/yoast.com\/wordpress\/plugins\/seo\/ -->\n<title>Kissen mit Goldenen Punkten - Newborn Photography Props<\/title>\n<link rel=\"canonical\" href=\"https:\/\/www.plumprops.com\/de\/schichten\/kissen-mit-goldenen-punkten\/\" \/>\n<meta property=\"og:locale\" content=\"de_DE\" \/>\n<meta property=\"og:type\" content=\"article\" \/>\n<meta property=\"og:title\" content=\"Kissen mit Goldenen Punkten - Newborn Photography Props\" \/>\n<meta property=\"og:description\" content=\"Ein wundersch\u00f6nes, gut gef\u00fclltes Kissen aus weicher Baumwolle mit Goldenen Punkten. Rohe Kanten verleihen ihm ein Rustikales Aussehen Gr\u00f6\u00dfe 25 x 17 cm (10 x 6,5 Zoll) - perfekt f\u00fcr unsere Betten, aber Sie passen auch gut, wenn Sie gerne eine Rassel positionieren :)\" \/>\n<meta property=\"og:url\" content=\"https:\/\/www.plumprops.com\/de\/schichten\/kissen-mit-goldenen-punkten\/\" \/>\n<meta property=\"og:site_name\" content=\"Newborn Photography Props\" \/>\n<meta property=\"article:modified_time\" content=\"2025-09-19T07:27:58+00:00\" \/>\n<meta property=\"og:image\" content=\"https:\/\/www.plumprops.com\/wp-content\/uploads\/2020\/11\/DSC_5264-1.jpg\" \/>\n\t<meta property=\"og:image:width\" content=\"1400\" \/>\n\t<meta property=\"og:image:height\" content=\"935\" \/>\n<meta name=\"twitter:card\" content=\"summary_large_image\" \/>\n<script type=\"application\/ld+json\" class=\"yoast-schema-graph\">{\"@context\":\"https:\/\/schema.org\",\"@graph\":[{\"@type\":\"WebSite\",\"@id\":\"https:\/\/www.plumprops.com\/#website\",\"url\":\"https:\/\/www.plumprops.com\/\",\"name\":\"Newborn Photography Props\",\"description\":\"\",\"potentialAction\":[{\"@type\":\"SearchAction\",\"target\":\"https:\/\/www.plumprops.com\/?s={search_term_string}\",\"query-input\":\"required name=search_term_string\"}],\"inLanguage\":\"de\"},{\"@type\":\"ImageObject\",\"@id\":\"https:\/\/www.plumprops.com\/de\/schichten\/kissen-mit-goldenen-punkten\/#primaryimage\",\"inLanguage\":\"de\",\"url\":\"https:\/\/www.plumprops.com\/wp-content\/uploads\/2020\/11\/DSC_5264-1.jpg\",\"width\":1400,\"height\":935},{\"@type\":\"WebPage\",\"@id\":\"https:\/\/www.plumprops.com\/de\/schichten\/kissen-mit-goldenen-punkten\/#webpage\",\"url\":\"https:\/\/www.plumprops.com\/de\/schichten\/kissen-mit-goldenen-punkten\/\",\"name\":\"Kissen mit Goldenen Punkten - Newborn Photography Props\",\"isPartOf\":{\"@id\":\"https:\/\/www.plumprops.com\/#website\"},\"primaryImageOfPage\":{\"@id\":\"https:\/\/www.plumprops.com\/de\/schichten\/kissen-mit-goldenen-punkten\/#primaryimage\"},\"datePublished\":\"2020-11-24T18:56:21+00:00\",\"dateModified\":\"2025-09-19T07:27:58+00:00\",\"breadcrumb\":{\"@id\":\"https:\/\/www.plumprops.com\/de\/schichten\/kissen-mit-goldenen-punkten\/#breadcrumb\"},\"inLanguage\":\"de\",\"potentialAction\":[{\"@type\":\"ReadAction\",\"target\":[\"https:\/\/www.plumprops.com\/de\/schichten\/kissen-mit-goldenen-punkten\/\"]}]},{\"@type\":\"BreadcrumbList\",\"@id\":\"https:\/\/www.plumprops.com\/de\/schichten\/kissen-mit-goldenen-punkten\/#breadcrumb\",\"itemListElement\":[{\"@type\":\"ListItem\",\"position\":1,\"item\":{\"@type\":\"WebPage\",\"@id\":\"https:\/\/www.plumprops.com\/de\/\",\"url\":\"https:\/\/www.plumprops.com\/de\/\",\"name\":\"Home\"}},{\"@type\":\"ListItem\",\"position\":2,\"item\":{\"@type\":\"WebPage\",\"@id\":\"https:\/\/www.plumprops.com\/de\/onlineshop\/\",\"url\":\"https:\/\/www.plumprops.com\/de\/onlineshop\/\",\"name\":\"Onlineshop\"}},{\"@type\":\"ListItem\",\"position\":3,\"item\":{\"@type\":\"WebPage\",\"@id\":\"https:\/\/www.plumprops.com\/de\/schichten\/kissen-mit-goldenen-punkten\/\",\"url\":\"https:\/\/www.plumprops.com\/de\/schichten\/kissen-mit-goldenen-punkten\/\",\"name\":\"Kissen mit Goldenen Punkten\"}}]}]}<\/script>\n<!-- \/ Yoast SEO plugin. -->","_links":{"self":[{"href":"https:\/\/www.plumprops.com\/de\/wp-json\/wp\/v2\/product\/18720"}],"collection":[{"href":"https:\/\/www.plumprops.com\/de\/wp-json\/wp\/v2\/product"}],"about":[{"href":"https:\/\/www.plumprops.com\/de\/wp-json\/wp\/v2\/types\/product"}],"replies":[{"embeddable":true,"href":"https:\/\/www.plumprops.com\/de\/wp-json\/wp\/v2\/comments?post=18720"}],"version-history":[{"count":2,"href":"https:\/\/www.plumprops.com\/de\/wp-json\/wp\/v2\/product\/18720\/revisions"}],"predecessor-version":[{"id":19507,"href":"https:\/\/www.plumprops.com\/de\/wp-json\/wp\/v2\/product\/18720\/revisions\/19507"}],"wp:featuredmedia":[{"embeddable":true,"href":"https:\/\/www.plumprops.com\/de\/wp-json\/wp\/v2\/media\/18745"}],"wp:attachment":[{"href":"https:\/\/www.plumprops.com\/de\/wp-json\/wp\/v2\/media?parent=18720"}],"curies":[{"name":"wp","href":"https:\/\/api.w.org\/{rel}","templated":true}]}}