{"id":19205,"date":"2020-12-14T19:56:39","date_gmt":"2020-12-14T19:56:39","guid":{"rendered":"https:\/\/www.plumprops.com\/?post_type=product&#038;p=19205"},"modified":"2020-12-16T12:04:03","modified_gmt":"2020-12-16T12:04:03","slug":"kleidung-mit-raffung","status":"publish","type":"product","link":"https:\/\/www.plumprops.com\/de\/kleider\/kleidung-mit-raffung\/","title":{"rendered":"Kleidung mit Raffung"},"content":{"rendered":"<p>Wenn Sie m\u00f6chten, dass Ihre Kleidung so lange wie m\u00f6glich wie neu aussieht, waschen Sie Sie von hand in kaltem Wasser (30\u00b0C). Der gold dot-Stoff muss nicht geb\u00fcgelt werden, aber wenn Sie m\u00fcssen, B\u00fcgeln Sie nur bei niedriger Temperatur auf der linken Seite . Pass auf! Eisen kann goldene Punkte zerst\u00f6ren.<\/p>\n<p>95% Baumwolle, 5% Elasthan<\/p>\n","protected":false},"excerpt":{"rendered":"<p>S\u00fc\u00dfe rampers mit R\u00fcschen am pop und vorne unter dem Hals. Aus diesem Grund sieht die Kleidung sowohl in der bum up-Position als auch in der r\u00fcckenposition gut aus.<\/p>\n<p>Gr\u00f6\u00dfe: Neugeborenen<\/p>\n","protected":false},"featured_media":19228,"comment_status":"open","ping_status":"closed","template":"","meta":[],"yoast_head":"<!-- This site is optimized with the Yoast SEO plugin v16.0.2 - https:\/\/yoast.com\/wordpress\/plugins\/seo\/ -->\n<title>Kleidung mit Raffung - Newborn Photography Props<\/title>\n<link rel=\"canonical\" href=\"https:\/\/www.plumprops.com\/de\/kleider\/kleidung-mit-raffung\/\" \/>\n<meta property=\"og:locale\" content=\"de_DE\" \/>\n<meta property=\"og:type\" content=\"article\" \/>\n<meta property=\"og:title\" content=\"Kleidung mit Raffung - Newborn Photography Props\" \/>\n<meta property=\"og:description\" content=\"S\u00fc\u00dfe rampers mit R\u00fcschen am pop und vorne unter dem Hals. Aus diesem Grund sieht die Kleidung sowohl in der bum up-Position als auch in der r\u00fcckenposition gut aus.  Gr\u00f6\u00dfe: Neugeborenen\" \/>\n<meta property=\"og:url\" content=\"https:\/\/www.plumprops.com\/de\/kleider\/kleidung-mit-raffung\/\" \/>\n<meta property=\"og:site_name\" content=\"Newborn Photography Props\" \/>\n<meta property=\"article:modified_time\" content=\"2020-12-16T12:04:03+00:00\" \/>\n<meta property=\"og:image\" content=\"https:\/\/www.plumprops.com\/wp-content\/uploads\/2020\/12\/dsc_7392.jpg\" \/>\n\t<meta property=\"og:image:width\" content=\"1400\" \/>\n\t<meta property=\"og:image:height\" content=\"935\" \/>\n<meta name=\"twitter:card\" content=\"summary_large_image\" \/>\n<script type=\"application\/ld+json\" class=\"yoast-schema-graph\">{\"@context\":\"https:\/\/schema.org\",\"@graph\":[{\"@type\":\"WebSite\",\"@id\":\"https:\/\/www.plumprops.com\/#website\",\"url\":\"https:\/\/www.plumprops.com\/\",\"name\":\"Newborn Photography Props\",\"description\":\"\",\"potentialAction\":[{\"@type\":\"SearchAction\",\"target\":\"https:\/\/www.plumprops.com\/?s={search_term_string}\",\"query-input\":\"required name=search_term_string\"}],\"inLanguage\":\"de\"},{\"@type\":\"ImageObject\",\"@id\":\"https:\/\/www.plumprops.com\/de\/kleider\/kleidung-mit-raffung\/#primaryimage\",\"inLanguage\":\"de\",\"url\":\"https:\/\/www.plumprops.com\/wp-content\/uploads\/2020\/12\/dsc_7392.jpg\",\"width\":1400,\"height\":935},{\"@type\":\"WebPage\",\"@id\":\"https:\/\/www.plumprops.com\/de\/kleider\/kleidung-mit-raffung\/#webpage\",\"url\":\"https:\/\/www.plumprops.com\/de\/kleider\/kleidung-mit-raffung\/\",\"name\":\"Kleidung mit Raffung - Newborn Photography Props\",\"isPartOf\":{\"@id\":\"https:\/\/www.plumprops.com\/#website\"},\"primaryImageOfPage\":{\"@id\":\"https:\/\/www.plumprops.com\/de\/kleider\/kleidung-mit-raffung\/#primaryimage\"},\"datePublished\":\"2020-12-14T19:56:39+00:00\",\"dateModified\":\"2020-12-16T12:04:03+00:00\",\"breadcrumb\":{\"@id\":\"https:\/\/www.plumprops.com\/de\/kleider\/kleidung-mit-raffung\/#breadcrumb\"},\"inLanguage\":\"de\",\"potentialAction\":[{\"@type\":\"ReadAction\",\"target\":[\"https:\/\/www.plumprops.com\/de\/kleider\/kleidung-mit-raffung\/\"]}]},{\"@type\":\"BreadcrumbList\",\"@id\":\"https:\/\/www.plumprops.com\/de\/kleider\/kleidung-mit-raffung\/#breadcrumb\",\"itemListElement\":[{\"@type\":\"ListItem\",\"position\":1,\"item\":{\"@type\":\"WebPage\",\"@id\":\"https:\/\/www.plumprops.com\/de\/\",\"url\":\"https:\/\/www.plumprops.com\/de\/\",\"name\":\"Home\"}},{\"@type\":\"ListItem\",\"position\":2,\"item\":{\"@type\":\"WebPage\",\"@id\":\"https:\/\/www.plumprops.com\/de\/onlineshop\/\",\"url\":\"https:\/\/www.plumprops.com\/de\/onlineshop\/\",\"name\":\"Onlineshop\"}},{\"@type\":\"ListItem\",\"position\":3,\"item\":{\"@type\":\"WebPage\",\"@id\":\"https:\/\/www.plumprops.com\/de\/kleider\/kleidung-mit-raffung\/\",\"url\":\"https:\/\/www.plumprops.com\/de\/kleider\/kleidung-mit-raffung\/\",\"name\":\"Kleidung mit Raffung\"}}]}]}<\/script>\n<!-- \/ Yoast SEO plugin. -->","_links":{"self":[{"href":"https:\/\/www.plumprops.com\/de\/wp-json\/wp\/v2\/product\/19205"}],"collection":[{"href":"https:\/\/www.plumprops.com\/de\/wp-json\/wp\/v2\/product"}],"about":[{"href":"https:\/\/www.plumprops.com\/de\/wp-json\/wp\/v2\/types\/product"}],"replies":[{"embeddable":true,"href":"https:\/\/www.plumprops.com\/de\/wp-json\/wp\/v2\/comments?post=19205"}],"version-history":[{"count":2,"href":"https:\/\/www.plumprops.com\/de\/wp-json\/wp\/v2\/product\/19205\/revisions"}],"predecessor-version":[{"id":19275,"href":"https:\/\/www.plumprops.com\/de\/wp-json\/wp\/v2\/product\/19205\/revisions\/19275"}],"wp:featuredmedia":[{"embeddable":true,"href":"https:\/\/www.plumprops.com\/de\/wp-json\/wp\/v2\/media\/19228"}],"wp:attachment":[{"href":"https:\/\/www.plumprops.com\/de\/wp-json\/wp\/v2\/media?parent=19205"}],"curies":[{"name":"wp","href":"https:\/\/api.w.org\/{rel}","templated":true}]}}