{"id":19349,"date":"2020-12-15T10:37:04","date_gmt":"2020-12-15T10:37:04","guid":{"rendered":"https:\/\/www.plumprops.com\/?post_type=product&#038;p=19349"},"modified":"2020-12-25T20:48:42","modified_gmt":"2020-12-25T20:48:42","slug":"body-mit-ruschen","status":"publish","type":"product","link":"https:\/\/www.plumprops.com\/de\/kleider\/body-mit-ruschen\/","title":{"rendered":"Body mit R\u00fcschen"},"content":{"rendered":"<p>Wenn Sie m\u00f6chten, dass Ihre Kleidung so lange wie m\u00f6glich neu aussieht, waschen Sie Sie in kaltem Wasser (30\u00b0C). Der Stoff mit den Goldenen Punkten erfordert kein B\u00fcgeln, aber B\u00fcgeln Sie bei Bedarf nur bei niedriger Temperatur auf der linken Seite . Sei vorsichtig! Eisen kann die Goldenen Punkte zerst\u00f6ren.<\/p>\n<p>95% Baumwolle, 5% Elasthan<\/p>\n","protected":false},"excerpt":{"rendered":"<p>Bezaubernder Body mit R\u00fcschen. Vorne ein Frosch, hinten ein bezaubernder Ausschnitt auf der R\u00fcckseite, R\u00fcschen und Bogen. Aus diesem Grund sieht die Kleidung sowohl in der Position auf dem R\u00fccken als auch auf dem Bauch gut aus.<\/p>\n","protected":false},"featured_media":19277,"comment_status":"open","ping_status":"closed","template":"","meta":[],"yoast_head":"<!-- This site is optimized with the Yoast SEO plugin v16.0.2 - https:\/\/yoast.com\/wordpress\/plugins\/seo\/ -->\n<title>Body mit R\u00fcschen - Newborn Photography Props<\/title>\n<link rel=\"canonical\" href=\"https:\/\/www.plumprops.com\/de\/kleider\/body-mit-ruschen\/\" \/>\n<meta property=\"og:locale\" content=\"de_DE\" \/>\n<meta property=\"og:type\" content=\"article\" \/>\n<meta property=\"og:title\" content=\"Body mit R\u00fcschen - Newborn Photography Props\" \/>\n<meta property=\"og:description\" content=\"Bezaubernder Body mit R\u00fcschen. Vorne ein Frosch, hinten ein bezaubernder Ausschnitt auf der R\u00fcckseite, R\u00fcschen und Bogen. Aus diesem Grund sieht die Kleidung sowohl in der Position auf dem R\u00fccken als auch auf dem Bauch gut aus.\" \/>\n<meta property=\"og:url\" content=\"https:\/\/www.plumprops.com\/de\/kleider\/body-mit-ruschen\/\" \/>\n<meta property=\"og:site_name\" content=\"Newborn Photography Props\" \/>\n<meta property=\"article:modified_time\" content=\"2020-12-25T20:48:42+00:00\" \/>\n<meta property=\"og:image\" content=\"https:\/\/www.plumprops.com\/wp-content\/uploads\/2020\/12\/dsc_7431.jpg\" \/>\n\t<meta property=\"og:image:width\" content=\"1400\" \/>\n\t<meta property=\"og:image:height\" content=\"935\" \/>\n<meta name=\"twitter:card\" content=\"summary_large_image\" \/>\n<script type=\"application\/ld+json\" class=\"yoast-schema-graph\">{\"@context\":\"https:\/\/schema.org\",\"@graph\":[{\"@type\":\"WebSite\",\"@id\":\"https:\/\/www.plumprops.com\/#website\",\"url\":\"https:\/\/www.plumprops.com\/\",\"name\":\"Newborn Photography Props\",\"description\":\"\",\"potentialAction\":[{\"@type\":\"SearchAction\",\"target\":\"https:\/\/www.plumprops.com\/?s={search_term_string}\",\"query-input\":\"required name=search_term_string\"}],\"inLanguage\":\"de\"},{\"@type\":\"ImageObject\",\"@id\":\"https:\/\/www.plumprops.com\/de\/kleider\/body-mit-ruschen\/#primaryimage\",\"inLanguage\":\"de\",\"url\":\"https:\/\/www.plumprops.com\/wp-content\/uploads\/2020\/12\/dsc_7431.jpg\",\"width\":1400,\"height\":935},{\"@type\":\"WebPage\",\"@id\":\"https:\/\/www.plumprops.com\/de\/kleider\/body-mit-ruschen\/#webpage\",\"url\":\"https:\/\/www.plumprops.com\/de\/kleider\/body-mit-ruschen\/\",\"name\":\"Body mit R\\u00fcschen - Newborn Photography Props\",\"isPartOf\":{\"@id\":\"https:\/\/www.plumprops.com\/#website\"},\"primaryImageOfPage\":{\"@id\":\"https:\/\/www.plumprops.com\/de\/kleider\/body-mit-ruschen\/#primaryimage\"},\"datePublished\":\"2020-12-15T10:37:04+00:00\",\"dateModified\":\"2020-12-25T20:48:42+00:00\",\"breadcrumb\":{\"@id\":\"https:\/\/www.plumprops.com\/de\/kleider\/body-mit-ruschen\/#breadcrumb\"},\"inLanguage\":\"de\",\"potentialAction\":[{\"@type\":\"ReadAction\",\"target\":[\"https:\/\/www.plumprops.com\/de\/kleider\/body-mit-ruschen\/\"]}]},{\"@type\":\"BreadcrumbList\",\"@id\":\"https:\/\/www.plumprops.com\/de\/kleider\/body-mit-ruschen\/#breadcrumb\",\"itemListElement\":[{\"@type\":\"ListItem\",\"position\":1,\"item\":{\"@type\":\"WebPage\",\"@id\":\"https:\/\/www.plumprops.com\/de\/\",\"url\":\"https:\/\/www.plumprops.com\/de\/\",\"name\":\"Home\"}},{\"@type\":\"ListItem\",\"position\":2,\"item\":{\"@type\":\"WebPage\",\"@id\":\"https:\/\/www.plumprops.com\/de\/onlineshop\/\",\"url\":\"https:\/\/www.plumprops.com\/de\/onlineshop\/\",\"name\":\"Onlineshop\"}},{\"@type\":\"ListItem\",\"position\":3,\"item\":{\"@type\":\"WebPage\",\"@id\":\"https:\/\/www.plumprops.com\/de\/kleider\/body-mit-ruschen\/\",\"url\":\"https:\/\/www.plumprops.com\/de\/kleider\/body-mit-ruschen\/\",\"name\":\"Body mit R\\u00fcschen\"}}]}]}<\/script>\n<!-- \/ Yoast SEO plugin. -->","_links":{"self":[{"href":"https:\/\/www.plumprops.com\/de\/wp-json\/wp\/v2\/product\/19349"}],"collection":[{"href":"https:\/\/www.plumprops.com\/de\/wp-json\/wp\/v2\/product"}],"about":[{"href":"https:\/\/www.plumprops.com\/de\/wp-json\/wp\/v2\/types\/product"}],"replies":[{"embeddable":true,"href":"https:\/\/www.plumprops.com\/de\/wp-json\/wp\/v2\/comments?post=19349"}],"version-history":[{"count":1,"href":"https:\/\/www.plumprops.com\/de\/wp-json\/wp\/v2\/product\/19349\/revisions"}],"predecessor-version":[{"id":19383,"href":"https:\/\/www.plumprops.com\/de\/wp-json\/wp\/v2\/product\/19349\/revisions\/19383"}],"wp:featuredmedia":[{"embeddable":true,"href":"https:\/\/www.plumprops.com\/de\/wp-json\/wp\/v2\/media\/19277"}],"wp:attachment":[{"href":"https:\/\/www.plumprops.com\/de\/wp-json\/wp\/v2\/media?parent=19349"}],"curies":[{"name":"wp","href":"https:\/\/api.w.org\/{rel}","templated":true}]}}