{"id":19662,"date":"2020-12-16T09:53:14","date_gmt":"2020-12-16T09:53:14","guid":{"rendered":"https:\/\/www.plumprops.com\/?post_type=product&#038;p=19662"},"modified":"2020-12-16T12:06:16","modified_gmt":"2020-12-16T12:06:16","slug":"winter-bogen","status":"publish","type":"product","link":"https:\/\/www.plumprops.com\/de\/haarband\/winter-bogen\/","title":{"rendered":"Winter Bogen"},"content":{"rendered":"","protected":false},"excerpt":{"rendered":"<p>Samtschleife. Perfekt f\u00fcr alle winterkinder, besonders f\u00fcr den festlichen Stil. Der Verband ist von hinten gebunden, so dass er f\u00fcr ein neugeborenes und ein \u00e4lteres Kind (1 Jahr) geeignet sein kann)<\/p>\n","protected":false},"featured_media":19649,"comment_status":"open","ping_status":"closed","template":"","meta":[],"yoast_head":"<!-- This site is optimized with the Yoast SEO plugin v16.0.2 - https:\/\/yoast.com\/wordpress\/plugins\/seo\/ -->\n<title>Winter Bogen - Newborn Photography Props<\/title>\n<link rel=\"canonical\" href=\"https:\/\/www.plumprops.com\/de\/haarband\/winter-bogen\/\" \/>\n<meta property=\"og:locale\" content=\"de_DE\" \/>\n<meta property=\"og:type\" content=\"article\" \/>\n<meta property=\"og:title\" content=\"Winter Bogen - Newborn Photography Props\" \/>\n<meta property=\"og:description\" content=\"Samtschleife. Perfekt f\u00fcr alle winterkinder, besonders f\u00fcr den festlichen Stil. Der Verband ist von hinten gebunden, so dass er f\u00fcr ein neugeborenes und ein \u00e4lteres Kind (1 Jahr) geeignet sein kann)\" \/>\n<meta property=\"og:url\" content=\"https:\/\/www.plumprops.com\/de\/haarband\/winter-bogen\/\" \/>\n<meta property=\"og:site_name\" content=\"Newborn Photography Props\" \/>\n<meta property=\"article:modified_time\" content=\"2020-12-16T12:06:16+00:00\" \/>\n<meta property=\"og:image\" content=\"https:\/\/www.plumprops.com\/wp-content\/uploads\/2020\/12\/dsc_7454.jpg\" \/>\n\t<meta property=\"og:image:width\" content=\"1400\" \/>\n\t<meta property=\"og:image:height\" content=\"935\" \/>\n<meta name=\"twitter:card\" content=\"summary_large_image\" \/>\n<script type=\"application\/ld+json\" class=\"yoast-schema-graph\">{\"@context\":\"https:\/\/schema.org\",\"@graph\":[{\"@type\":\"WebSite\",\"@id\":\"https:\/\/www.plumprops.com\/#website\",\"url\":\"https:\/\/www.plumprops.com\/\",\"name\":\"Newborn Photography Props\",\"description\":\"\",\"potentialAction\":[{\"@type\":\"SearchAction\",\"target\":\"https:\/\/www.plumprops.com\/?s={search_term_string}\",\"query-input\":\"required name=search_term_string\"}],\"inLanguage\":\"de\"},{\"@type\":\"ImageObject\",\"@id\":\"https:\/\/www.plumprops.com\/de\/haarband\/winter-bogen\/#primaryimage\",\"inLanguage\":\"de\",\"url\":\"https:\/\/www.plumprops.com\/wp-content\/uploads\/2020\/12\/dsc_7454.jpg\",\"width\":1400,\"height\":935},{\"@type\":\"WebPage\",\"@id\":\"https:\/\/www.plumprops.com\/de\/haarband\/winter-bogen\/#webpage\",\"url\":\"https:\/\/www.plumprops.com\/de\/haarband\/winter-bogen\/\",\"name\":\"Winter Bogen - Newborn Photography Props\",\"isPartOf\":{\"@id\":\"https:\/\/www.plumprops.com\/#website\"},\"primaryImageOfPage\":{\"@id\":\"https:\/\/www.plumprops.com\/de\/haarband\/winter-bogen\/#primaryimage\"},\"datePublished\":\"2020-12-16T09:53:14+00:00\",\"dateModified\":\"2020-12-16T12:06:16+00:00\",\"breadcrumb\":{\"@id\":\"https:\/\/www.plumprops.com\/de\/haarband\/winter-bogen\/#breadcrumb\"},\"inLanguage\":\"de\",\"potentialAction\":[{\"@type\":\"ReadAction\",\"target\":[\"https:\/\/www.plumprops.com\/de\/haarband\/winter-bogen\/\"]}]},{\"@type\":\"BreadcrumbList\",\"@id\":\"https:\/\/www.plumprops.com\/de\/haarband\/winter-bogen\/#breadcrumb\",\"itemListElement\":[{\"@type\":\"ListItem\",\"position\":1,\"item\":{\"@type\":\"WebPage\",\"@id\":\"https:\/\/www.plumprops.com\/de\/\",\"url\":\"https:\/\/www.plumprops.com\/de\/\",\"name\":\"Home\"}},{\"@type\":\"ListItem\",\"position\":2,\"item\":{\"@type\":\"WebPage\",\"@id\":\"https:\/\/www.plumprops.com\/de\/onlineshop\/\",\"url\":\"https:\/\/www.plumprops.com\/de\/onlineshop\/\",\"name\":\"Onlineshop\"}},{\"@type\":\"ListItem\",\"position\":3,\"item\":{\"@type\":\"WebPage\",\"@id\":\"https:\/\/www.plumprops.com\/de\/haarband\/winter-bogen\/\",\"url\":\"https:\/\/www.plumprops.com\/de\/haarband\/winter-bogen\/\",\"name\":\"Winter Bogen\"}}]}]}<\/script>\n<!-- \/ Yoast SEO plugin. -->","_links":{"self":[{"href":"https:\/\/www.plumprops.com\/de\/wp-json\/wp\/v2\/product\/19662"}],"collection":[{"href":"https:\/\/www.plumprops.com\/de\/wp-json\/wp\/v2\/product"}],"about":[{"href":"https:\/\/www.plumprops.com\/de\/wp-json\/wp\/v2\/types\/product"}],"replies":[{"embeddable":true,"href":"https:\/\/www.plumprops.com\/de\/wp-json\/wp\/v2\/comments?post=19662"}],"version-history":[{"count":1,"href":"https:\/\/www.plumprops.com\/de\/wp-json\/wp\/v2\/product\/19662\/revisions"}],"predecessor-version":[{"id":19669,"href":"https:\/\/www.plumprops.com\/de\/wp-json\/wp\/v2\/product\/19662\/revisions\/19669"}],"wp:featuredmedia":[{"embeddable":true,"href":"https:\/\/www.plumprops.com\/de\/wp-json\/wp\/v2\/media\/19649"}],"wp:attachment":[{"href":"https:\/\/www.plumprops.com\/de\/wp-json\/wp\/v2\/media?parent=19662"}],"curies":[{"name":"wp","href":"https:\/\/api.w.org\/{rel}","templated":true}]}}