{"id":19760,"date":"2020-12-16T11:24:43","date_gmt":"2020-12-16T11:24:43","guid":{"rendered":"https:\/\/www.plumprops.com\/?post_type=product&#038;p=19760"},"modified":"2020-12-16T12:06:45","modified_gmt":"2020-12-16T12:06:45","slug":"bonnet-mit-goldenen-punkten","status":"publish","type":"product","link":"https:\/\/www.plumprops.com\/de\/mutzchen\/bonnet-mit-goldenen-punkten\/","title":{"rendered":"Bonnet mit Goldenen Punkten"},"content":{"rendered":"<p>Der Deckel besteht aus unelastischem Stoff.<\/p>\n<p>Wenn Sie m\u00f6chten, dass Ihre Kleidung so lange wie m\u00f6glich neu aussieht, sollte Sie von Hand in kaltem Wasser (30\u00b0C) gewaschen werden. Der Stoff mit den Goldenen Punkten erfordert kein B\u00fcgeln, aber B\u00fcgeln Sie bei Bedarf nur bei niedriger Temperatur auf der linken Seite . Sei vorsichtig! Eisen kann die Goldenen Punkte zerst\u00f6ren.<\/p>\n<p>100% Baumwolle<\/p>\n","protected":false},"excerpt":{"rendered":"<p>Einzigartige haube mit R\u00fcschen, aus Baumwolle mit Goldenen Punkten. Es hat eine Einstellung, so dass es besser f\u00fcr jeden Kopf geeignet ist.<\/p>\n<p>Gr\u00f6\u00dfe: Neugeborene<\/p>\n","protected":false},"featured_media":19736,"comment_status":"open","ping_status":"closed","template":"","meta":[],"yoast_head":"<!-- This site is optimized with the Yoast SEO plugin v16.0.2 - https:\/\/yoast.com\/wordpress\/plugins\/seo\/ -->\n<title>Bonnet mit Goldenen Punkten - Newborn Photography Props<\/title>\n<link rel=\"canonical\" href=\"https:\/\/www.plumprops.com\/de\/mutzchen\/bonnet-mit-goldenen-punkten\/\" \/>\n<meta property=\"og:locale\" content=\"de_DE\" \/>\n<meta property=\"og:type\" content=\"article\" \/>\n<meta property=\"og:title\" content=\"Bonnet mit Goldenen Punkten - Newborn Photography Props\" \/>\n<meta property=\"og:description\" content=\"Einzigartige haube mit R\u00fcschen, aus Baumwolle mit Goldenen Punkten. Es hat eine Einstellung, so dass es besser f\u00fcr jeden Kopf geeignet ist.  Gr\u00f6\u00dfe: Neugeborene\" \/>\n<meta property=\"og:url\" content=\"https:\/\/www.plumprops.com\/de\/mutzchen\/bonnet-mit-goldenen-punkten\/\" \/>\n<meta property=\"og:site_name\" content=\"Newborn Photography Props\" \/>\n<meta property=\"article:modified_time\" content=\"2020-12-16T12:06:45+00:00\" \/>\n<meta property=\"og:image\" content=\"https:\/\/www.plumprops.com\/wp-content\/uploads\/2020\/12\/bonnet-curry.jpg\" \/>\n\t<meta property=\"og:image:width\" content=\"2048\" \/>\n\t<meta property=\"og:image:height\" content=\"1367\" \/>\n<meta name=\"twitter:card\" content=\"summary_large_image\" \/>\n<script type=\"application\/ld+json\" class=\"yoast-schema-graph\">{\"@context\":\"https:\/\/schema.org\",\"@graph\":[{\"@type\":\"WebSite\",\"@id\":\"https:\/\/www.plumprops.com\/#website\",\"url\":\"https:\/\/www.plumprops.com\/\",\"name\":\"Newborn Photography Props\",\"description\":\"\",\"potentialAction\":[{\"@type\":\"SearchAction\",\"target\":\"https:\/\/www.plumprops.com\/?s={search_term_string}\",\"query-input\":\"required name=search_term_string\"}],\"inLanguage\":\"de\"},{\"@type\":\"ImageObject\",\"@id\":\"https:\/\/www.plumprops.com\/de\/mutzchen\/bonnet-mit-goldenen-punkten\/#primaryimage\",\"inLanguage\":\"de\",\"url\":\"https:\/\/www.plumprops.com\/wp-content\/uploads\/2020\/12\/bonnet-curry.jpg\",\"width\":2048,\"height\":1367},{\"@type\":\"WebPage\",\"@id\":\"https:\/\/www.plumprops.com\/de\/mutzchen\/bonnet-mit-goldenen-punkten\/#webpage\",\"url\":\"https:\/\/www.plumprops.com\/de\/mutzchen\/bonnet-mit-goldenen-punkten\/\",\"name\":\"Bonnet mit Goldenen Punkten - Newborn Photography Props\",\"isPartOf\":{\"@id\":\"https:\/\/www.plumprops.com\/#website\"},\"primaryImageOfPage\":{\"@id\":\"https:\/\/www.plumprops.com\/de\/mutzchen\/bonnet-mit-goldenen-punkten\/#primaryimage\"},\"datePublished\":\"2020-12-16T11:24:43+00:00\",\"dateModified\":\"2020-12-16T12:06:45+00:00\",\"breadcrumb\":{\"@id\":\"https:\/\/www.plumprops.com\/de\/mutzchen\/bonnet-mit-goldenen-punkten\/#breadcrumb\"},\"inLanguage\":\"de\",\"potentialAction\":[{\"@type\":\"ReadAction\",\"target\":[\"https:\/\/www.plumprops.com\/de\/mutzchen\/bonnet-mit-goldenen-punkten\/\"]}]},{\"@type\":\"BreadcrumbList\",\"@id\":\"https:\/\/www.plumprops.com\/de\/mutzchen\/bonnet-mit-goldenen-punkten\/#breadcrumb\",\"itemListElement\":[{\"@type\":\"ListItem\",\"position\":1,\"item\":{\"@type\":\"WebPage\",\"@id\":\"https:\/\/www.plumprops.com\/de\/\",\"url\":\"https:\/\/www.plumprops.com\/de\/\",\"name\":\"Home\"}},{\"@type\":\"ListItem\",\"position\":2,\"item\":{\"@type\":\"WebPage\",\"@id\":\"https:\/\/www.plumprops.com\/de\/onlineshop\/\",\"url\":\"https:\/\/www.plumprops.com\/de\/onlineshop\/\",\"name\":\"Onlineshop\"}},{\"@type\":\"ListItem\",\"position\":3,\"item\":{\"@type\":\"WebPage\",\"@id\":\"https:\/\/www.plumprops.com\/de\/mutzchen\/bonnet-mit-goldenen-punkten\/\",\"url\":\"https:\/\/www.plumprops.com\/de\/mutzchen\/bonnet-mit-goldenen-punkten\/\",\"name\":\"Bonnet mit Goldenen Punkten\"}}]}]}<\/script>\n<!-- \/ Yoast SEO plugin. -->","_links":{"self":[{"href":"https:\/\/www.plumprops.com\/de\/wp-json\/wp\/v2\/product\/19760"}],"collection":[{"href":"https:\/\/www.plumprops.com\/de\/wp-json\/wp\/v2\/product"}],"about":[{"href":"https:\/\/www.plumprops.com\/de\/wp-json\/wp\/v2\/types\/product"}],"replies":[{"embeddable":true,"href":"https:\/\/www.plumprops.com\/de\/wp-json\/wp\/v2\/comments?post=19760"}],"version-history":[{"count":1,"href":"https:\/\/www.plumprops.com\/de\/wp-json\/wp\/v2\/product\/19760\/revisions"}],"predecessor-version":[{"id":19769,"href":"https:\/\/www.plumprops.com\/de\/wp-json\/wp\/v2\/product\/19760\/revisions\/19769"}],"wp:featuredmedia":[{"embeddable":true,"href":"https:\/\/www.plumprops.com\/de\/wp-json\/wp\/v2\/media\/19736"}],"wp:attachment":[{"href":"https:\/\/www.plumprops.com\/de\/wp-json\/wp\/v2\/media?parent=19760"}],"curies":[{"name":"wp","href":"https:\/\/api.w.org\/{rel}","templated":true}]}}