{"id":20773,"date":"2021-06-29T09:04:03","date_gmt":"2021-06-29T09:04:03","guid":{"rendered":"https:\/\/www.plumprops.com\/?post_type=product&#038;p=20773"},"modified":"2021-06-29T09:15:49","modified_gmt":"2021-06-29T09:15:49","slug":"schale-aus-naturholz","status":"publish","type":"product","link":"https:\/\/www.plumprops.com\/de\/schone-holzschale-dunkles-holz-copy\/","title":{"rendered":"Schale aus Naturholz"},"content":{"rendered":"<div id=\"description\" class=\"tab-pane fade in active\">\n<div class=\"product-description\">\n<p>&nbsp;<\/p>\n<p>&nbsp;<\/p>\n<\/div>\n<\/div>\n","protected":false},"excerpt":{"rendered":"<p>Metallsch\u00fcssel im Vintage-Stil. Ideal f\u00fcr Neugeborenen- und Kleinkind-Sitzungen. Sie k\u00f6nnen sie f\u00fcr Sitzungen im Stil von &#8222;Milch- oder Fruchtbad&#8220; verwenden \ud83d\ude42 (6&#8243;) H\u00f6he<\/p>\n","protected":false},"featured_media":20785,"comment_status":"open","ping_status":"closed","template":"","meta":[],"yoast_head":"<!-- This site is optimized with the Yoast SEO plugin v16.0.2 - https:\/\/yoast.com\/wordpress\/plugins\/seo\/ -->\n<title>Cream bowl<\/title>\n<meta name=\"description\" content=\"Cream bowl for photo session. Perfect accessories for newborn photographers, will be great also for sitters session.\" \/>\n<link rel=\"canonical\" href=\"https:\/\/www.plumprops.com\/de\/schone-holzschale-dunkles-holz-copy\/\" \/>\n<meta property=\"og:locale\" content=\"de_DE\" \/>\n<meta property=\"og:type\" content=\"article\" \/>\n<meta property=\"og:title\" content=\"Cream bowl\" \/>\n<meta property=\"og:description\" content=\"Cream bowl for photo session. Perfect accessories for newborn photographers, will be great also for sitters session.\" \/>\n<meta property=\"og:url\" content=\"https:\/\/www.plumprops.com\/de\/schone-holzschale-dunkles-holz-copy\/\" \/>\n<meta property=\"og:site_name\" content=\"Newborn Photography Props\" \/>\n<meta property=\"article:modified_time\" content=\"2021-06-29T09:15:49+00:00\" \/>\n<meta property=\"og:image\" content=\"https:\/\/www.plumprops.com\/wp-content\/uploads\/2021\/06\/dsc_2389.jpg\" \/>\n\t<meta property=\"og:image:width\" content=\"1800\" \/>\n\t<meta property=\"og:image:height\" content=\"1202\" \/>\n<meta name=\"twitter:card\" content=\"summary_large_image\" \/>\n<script type=\"application\/ld+json\" class=\"yoast-schema-graph\">{\"@context\":\"https:\/\/schema.org\",\"@graph\":[{\"@type\":\"WebSite\",\"@id\":\"https:\/\/www.plumprops.com\/#website\",\"url\":\"https:\/\/www.plumprops.com\/\",\"name\":\"Newborn Photography Props\",\"description\":\"\",\"potentialAction\":[{\"@type\":\"SearchAction\",\"target\":\"https:\/\/www.plumprops.com\/?s={search_term_string}\",\"query-input\":\"required name=search_term_string\"}],\"inLanguage\":\"de\"},{\"@type\":\"ImageObject\",\"@id\":\"https:\/\/www.plumprops.com\/de\/schone-holzschale-dunkles-holz-copy\/#primaryimage\",\"inLanguage\":\"de\",\"url\":\"https:\/\/www.plumprops.com\/wp-content\/uploads\/2021\/06\/dsc_2389.jpg\",\"width\":1800,\"height\":1202},{\"@type\":\"WebPage\",\"@id\":\"https:\/\/www.plumprops.com\/de\/schone-holzschale-dunkles-holz-copy\/#webpage\",\"url\":\"https:\/\/www.plumprops.com\/de\/schone-holzschale-dunkles-holz-copy\/\",\"name\":\"Cream bowl\",\"isPartOf\":{\"@id\":\"https:\/\/www.plumprops.com\/#website\"},\"primaryImageOfPage\":{\"@id\":\"https:\/\/www.plumprops.com\/de\/schone-holzschale-dunkles-holz-copy\/#primaryimage\"},\"datePublished\":\"2021-06-29T09:04:03+00:00\",\"dateModified\":\"2021-06-29T09:15:49+00:00\",\"description\":\"Cream bowl for photo session. Perfect accessories for newborn photographers, will be great also for sitters session.\",\"breadcrumb\":{\"@id\":\"https:\/\/www.plumprops.com\/de\/schone-holzschale-dunkles-holz-copy\/#breadcrumb\"},\"inLanguage\":\"de\",\"potentialAction\":[{\"@type\":\"ReadAction\",\"target\":[\"https:\/\/www.plumprops.com\/de\/schone-holzschale-dunkles-holz-copy\/\"]}]},{\"@type\":\"BreadcrumbList\",\"@id\":\"https:\/\/www.plumprops.com\/de\/schone-holzschale-dunkles-holz-copy\/#breadcrumb\",\"itemListElement\":[{\"@type\":\"ListItem\",\"position\":1,\"item\":{\"@type\":\"WebPage\",\"@id\":\"https:\/\/www.plumprops.com\/de\/\",\"url\":\"https:\/\/www.plumprops.com\/de\/\",\"name\":\"Home\"}},{\"@type\":\"ListItem\",\"position\":2,\"item\":{\"@type\":\"WebPage\",\"@id\":\"https:\/\/www.plumprops.com\/de\/onlineshop\/\",\"url\":\"https:\/\/www.plumprops.com\/de\/onlineshop\/\",\"name\":\"Onlineshop\"}},{\"@type\":\"ListItem\",\"position\":3,\"item\":{\"@type\":\"WebPage\",\"@id\":\"https:\/\/www.plumprops.com\/de\/schone-holzschale-dunkles-holz-copy\/\",\"url\":\"https:\/\/www.plumprops.com\/de\/schone-holzschale-dunkles-holz-copy\/\",\"name\":\"Schale aus Naturholz\"}}]}]}<\/script>\n<!-- \/ Yoast SEO plugin. -->","_links":{"self":[{"href":"https:\/\/www.plumprops.com\/de\/wp-json\/wp\/v2\/product\/20773"}],"collection":[{"href":"https:\/\/www.plumprops.com\/de\/wp-json\/wp\/v2\/product"}],"about":[{"href":"https:\/\/www.plumprops.com\/de\/wp-json\/wp\/v2\/types\/product"}],"replies":[{"embeddable":true,"href":"https:\/\/www.plumprops.com\/de\/wp-json\/wp\/v2\/comments?post=20773"}],"version-history":[{"count":1,"href":"https:\/\/www.plumprops.com\/de\/wp-json\/wp\/v2\/product\/20773\/revisions"}],"predecessor-version":[{"id":20788,"href":"https:\/\/www.plumprops.com\/de\/wp-json\/wp\/v2\/product\/20773\/revisions\/20788"}],"wp:featuredmedia":[{"embeddable":true,"href":"https:\/\/www.plumprops.com\/de\/wp-json\/wp\/v2\/media\/20785"}],"wp:attachment":[{"href":"https:\/\/www.plumprops.com\/de\/wp-json\/wp\/v2\/media?parent=20773"}],"curies":[{"name":"wp","href":"https:\/\/api.w.org\/{rel}","templated":true}]}}