{"id":21787,"date":"2022-10-28T19:28:28","date_gmt":"2022-10-28T19:28:28","guid":{"rendered":"https:\/\/www.plumprops.com\/?post_type=product&#038;p=21787"},"modified":"2025-06-05T09:30:54","modified_gmt":"2025-06-05T09:30:54","slug":"kleine-polsterbank","status":"publish","type":"product","link":"https:\/\/www.plumprops.com\/de\/holzbank-copy\/","title":{"rendered":"Kleine Polsterbank"},"content":{"rendered":"<p>Das handgemachte Holzb\u00e4nkchen. Dieses Requisit wurde mit dem Gedanke an Neugeborenen-Session projektiert, aber es pr\u00fcft sich auch w\u00e4hrend der Neugeborenen- Fotosession. Das B\u00e4nkchen, obwohl es nicht hoch ist , bietet auch Platz f\u00fcr den Zweij\u00e4hrigen an. Es wird sich sch\u00f6n nicht nur w\u00e4hrend der Studiosession pr\u00e4sentieren, man kann es im Freien nutzen. Widerstandsf\u00e4hig und sicher.<\/p>\n","protected":false},"excerpt":{"rendered":"<p>Handgefertigte B\u00e4nkchen. Perfekt f\u00fcr Babysitter.<br \/>\nAbmessungen: 30 cm x 50 cm x 34 cm &#8211; H\u00f6he (12 in x 19.5 in x 13.5 in H)<\/p>\n","protected":false},"featured_media":21858,"comment_status":"open","ping_status":"closed","template":"","meta":[],"yoast_head":"<!-- This site is optimized with the Yoast SEO plugin v16.0.2 - https:\/\/yoast.com\/wordpress\/plugins\/seo\/ -->\n<title>Kleine Polsterbank - Newborn Photography Props<\/title>\n<link rel=\"canonical\" href=\"https:\/\/www.plumprops.com\/de\/holzbank-copy\/\" \/>\n<meta property=\"og:locale\" content=\"de_DE\" \/>\n<meta property=\"og:type\" content=\"article\" \/>\n<meta property=\"og:title\" content=\"Kleine Polsterbank - Newborn Photography Props\" \/>\n<meta property=\"og:description\" content=\"Handgefertigte B\u00e4nkchen. Perfekt f\u00fcr Babysitter. Abmessungen: 30 cm x 50 cm x 34 cm - H\u00f6he (12 in x 19.5 in x 13.5 in H)\" \/>\n<meta property=\"og:url\" content=\"https:\/\/www.plumprops.com\/de\/holzbank-copy\/\" \/>\n<meta property=\"og:site_name\" content=\"Newborn Photography Props\" \/>\n<meta property=\"article:modified_time\" content=\"2025-06-05T09:30:54+00:00\" \/>\n<meta property=\"og:image\" content=\"https:\/\/www.plumprops.com\/wp-content\/uploads\/2022\/10\/dsc_9046.jpg\" \/>\n\t<meta property=\"og:image:width\" content=\"1831\" \/>\n\t<meta property=\"og:image:height\" content=\"1222\" \/>\n<meta name=\"twitter:card\" content=\"summary_large_image\" \/>\n<script type=\"application\/ld+json\" class=\"yoast-schema-graph\">{\"@context\":\"https:\/\/schema.org\",\"@graph\":[{\"@type\":\"WebSite\",\"@id\":\"https:\/\/www.plumprops.com\/#website\",\"url\":\"https:\/\/www.plumprops.com\/\",\"name\":\"Newborn Photography Props\",\"description\":\"\",\"potentialAction\":[{\"@type\":\"SearchAction\",\"target\":\"https:\/\/www.plumprops.com\/?s={search_term_string}\",\"query-input\":\"required name=search_term_string\"}],\"inLanguage\":\"de\"},{\"@type\":\"ImageObject\",\"@id\":\"https:\/\/www.plumprops.com\/de\/holzbank-copy\/#primaryimage\",\"inLanguage\":\"de\",\"url\":\"https:\/\/www.plumprops.com\/wp-content\/uploads\/2022\/10\/dsc_9046.jpg\",\"width\":1831,\"height\":1222},{\"@type\":\"WebPage\",\"@id\":\"https:\/\/www.plumprops.com\/de\/holzbank-copy\/#webpage\",\"url\":\"https:\/\/www.plumprops.com\/de\/holzbank-copy\/\",\"name\":\"Kleine Polsterbank - Newborn Photography Props\",\"isPartOf\":{\"@id\":\"https:\/\/www.plumprops.com\/#website\"},\"primaryImageOfPage\":{\"@id\":\"https:\/\/www.plumprops.com\/de\/holzbank-copy\/#primaryimage\"},\"datePublished\":\"2022-10-28T19:28:28+00:00\",\"dateModified\":\"2025-06-05T09:30:54+00:00\",\"breadcrumb\":{\"@id\":\"https:\/\/www.plumprops.com\/de\/holzbank-copy\/#breadcrumb\"},\"inLanguage\":\"de\",\"potentialAction\":[{\"@type\":\"ReadAction\",\"target\":[\"https:\/\/www.plumprops.com\/de\/holzbank-copy\/\"]}]},{\"@type\":\"BreadcrumbList\",\"@id\":\"https:\/\/www.plumprops.com\/de\/holzbank-copy\/#breadcrumb\",\"itemListElement\":[{\"@type\":\"ListItem\",\"position\":1,\"item\":{\"@type\":\"WebPage\",\"@id\":\"https:\/\/www.plumprops.com\/de\/\",\"url\":\"https:\/\/www.plumprops.com\/de\/\",\"name\":\"Home\"}},{\"@type\":\"ListItem\",\"position\":2,\"item\":{\"@type\":\"WebPage\",\"@id\":\"https:\/\/www.plumprops.com\/de\/onlineshop\/\",\"url\":\"https:\/\/www.plumprops.com\/de\/onlineshop\/\",\"name\":\"Onlineshop\"}},{\"@type\":\"ListItem\",\"position\":3,\"item\":{\"@type\":\"WebPage\",\"@id\":\"https:\/\/www.plumprops.com\/de\/holzbank-copy\/\",\"url\":\"https:\/\/www.plumprops.com\/de\/holzbank-copy\/\",\"name\":\"Kleine Polsterbank\"}}]}]}<\/script>\n<!-- \/ Yoast SEO plugin. -->","_links":{"self":[{"href":"https:\/\/www.plumprops.com\/de\/wp-json\/wp\/v2\/product\/21787"}],"collection":[{"href":"https:\/\/www.plumprops.com\/de\/wp-json\/wp\/v2\/product"}],"about":[{"href":"https:\/\/www.plumprops.com\/de\/wp-json\/wp\/v2\/types\/product"}],"replies":[{"embeddable":true,"href":"https:\/\/www.plumprops.com\/de\/wp-json\/wp\/v2\/comments?post=21787"}],"version-history":[{"count":1,"href":"https:\/\/www.plumprops.com\/de\/wp-json\/wp\/v2\/product\/21787\/revisions"}],"predecessor-version":[{"id":21924,"href":"https:\/\/www.plumprops.com\/de\/wp-json\/wp\/v2\/product\/21787\/revisions\/21924"}],"wp:featuredmedia":[{"embeddable":true,"href":"https:\/\/www.plumprops.com\/de\/wp-json\/wp\/v2\/media\/21858"}],"wp:attachment":[{"href":"https:\/\/www.plumprops.com\/de\/wp-json\/wp\/v2\/media?parent=21787"}],"curies":[{"name":"wp","href":"https:\/\/api.w.org\/{rel}","templated":true}]}}