{"id":22500,"date":"2025-01-06T21:58:00","date_gmt":"2025-01-06T21:58:00","guid":{"rendered":"https:\/\/www.plumprops.com\/product\/retro-bank-fur-eine-fotosession\/"},"modified":"2025-05-31T21:17:15","modified_gmt":"2025-05-31T21:17:15","slug":"retro-bank-fur-eine-fotosession","status":"publish","type":"product","link":"https:\/\/www.plumprops.com\/de\/retro-bank-fuer-eine-fotosession\/","title":{"rendered":"Retro-Bank f\u00fcr eine Fotosession"},"content":{"rendered":"<p>Eine Bank im Retro-Stil f\u00fcr Kleinkindersitzungen. Aus Holz, mit Rattan-R\u00fcckenlehne.<\/p>\n<p>Ma\u00dfe 50 x 30 cm, R\u00fcckenlehnenh\u00f6he 26 cm, Sitzh\u00f6he 18 cm.<\/p>\n<p>Nat\u00fcrliche Farbe, mit Wachs gesch\u00fctzt.<\/p>\n<p>Der Preis beinhaltet nicht den Tisch. Der Tisch wird auf Bestellung per E-Mail oder Telefon angefertigt.<\/p>\n","protected":false},"excerpt":{"rendered":"<p><br data-mce-bogus=\"1\"><\/p>\n","protected":false},"featured_media":22494,"comment_status":"open","ping_status":"closed","template":"","meta":[],"yoast_head":"<!-- This site is optimized with the Yoast SEO plugin v16.0.2 - https:\/\/yoast.com\/wordpress\/plugins\/seo\/ -->\n<title>Retro-Bank f\u00fcr eine Fotosession - Newborn Photography Props<\/title>\n<link rel=\"canonical\" href=\"https:\/\/www.plumprops.com\/de\/retro-bank-fuer-eine-fotosession\/\" \/>\n<meta property=\"og:locale\" content=\"de_DE\" \/>\n<meta property=\"og:type\" content=\"article\" \/>\n<meta property=\"og:title\" content=\"Retro-Bank f\u00fcr eine Fotosession - Newborn Photography Props\" \/>\n<meta property=\"og:url\" content=\"https:\/\/www.plumprops.com\/de\/retro-bank-fuer-eine-fotosession\/\" \/>\n<meta property=\"og:site_name\" content=\"Newborn Photography Props\" \/>\n<meta property=\"article:modified_time\" content=\"2025-05-31T21:17:15+00:00\" \/>\n<meta property=\"og:image\" content=\"https:\/\/www.plumprops.com\/wp-content\/uploads\/2025\/01\/laweczka-do-sesji.jpg\" \/>\n\t<meta property=\"og:image:width\" content=\"1280\" \/>\n\t<meta property=\"og:image:height\" content=\"960\" \/>\n<meta name=\"twitter:card\" content=\"summary_large_image\" \/>\n<script type=\"application\/ld+json\" class=\"yoast-schema-graph\">{\"@context\":\"https:\/\/schema.org\",\"@graph\":[{\"@type\":\"WebSite\",\"@id\":\"https:\/\/www.plumprops.com\/#website\",\"url\":\"https:\/\/www.plumprops.com\/\",\"name\":\"Newborn Photography Props\",\"description\":\"\",\"potentialAction\":[{\"@type\":\"SearchAction\",\"target\":\"https:\/\/www.plumprops.com\/?s={search_term_string}\",\"query-input\":\"required name=search_term_string\"}],\"inLanguage\":\"de\"},{\"@type\":\"ImageObject\",\"@id\":\"https:\/\/www.plumprops.com\/de\/retro-bank-fuer-eine-fotosession\/#primaryimage\",\"inLanguage\":\"de\",\"url\":\"https:\/\/www.plumprops.com\/wp-content\/uploads\/2025\/01\/laweczka-do-sesji.jpg\",\"width\":1280,\"height\":960},{\"@type\":\"WebPage\",\"@id\":\"https:\/\/www.plumprops.com\/de\/retro-bank-fuer-eine-fotosession\/#webpage\",\"url\":\"https:\/\/www.plumprops.com\/de\/retro-bank-fuer-eine-fotosession\/\",\"name\":\"Retro-Bank f\\u00fcr eine Fotosession - Newborn Photography Props\",\"isPartOf\":{\"@id\":\"https:\/\/www.plumprops.com\/#website\"},\"primaryImageOfPage\":{\"@id\":\"https:\/\/www.plumprops.com\/de\/retro-bank-fuer-eine-fotosession\/#primaryimage\"},\"datePublished\":\"2025-01-06T21:58:00+00:00\",\"dateModified\":\"2025-05-31T21:17:15+00:00\",\"breadcrumb\":{\"@id\":\"https:\/\/www.plumprops.com\/de\/retro-bank-fuer-eine-fotosession\/#breadcrumb\"},\"inLanguage\":\"de\",\"potentialAction\":[{\"@type\":\"ReadAction\",\"target\":[\"https:\/\/www.plumprops.com\/de\/retro-bank-fuer-eine-fotosession\/\"]}]},{\"@type\":\"BreadcrumbList\",\"@id\":\"https:\/\/www.plumprops.com\/de\/retro-bank-fuer-eine-fotosession\/#breadcrumb\",\"itemListElement\":[{\"@type\":\"ListItem\",\"position\":1,\"item\":{\"@type\":\"WebPage\",\"@id\":\"https:\/\/www.plumprops.com\/de\/\",\"url\":\"https:\/\/www.plumprops.com\/de\/\",\"name\":\"Home\"}},{\"@type\":\"ListItem\",\"position\":2,\"item\":{\"@type\":\"WebPage\",\"@id\":\"https:\/\/www.plumprops.com\/de\/onlineshop\/\",\"url\":\"https:\/\/www.plumprops.com\/de\/onlineshop\/\",\"name\":\"Onlineshop\"}},{\"@type\":\"ListItem\",\"position\":3,\"item\":{\"@type\":\"WebPage\",\"@id\":\"https:\/\/www.plumprops.com\/de\/retro-bank-fuer-eine-fotosession\/\",\"url\":\"https:\/\/www.plumprops.com\/de\/retro-bank-fuer-eine-fotosession\/\",\"name\":\"Retro-Bank f\\u00fcr eine Fotosession\"}}]}]}<\/script>\n<!-- \/ Yoast SEO plugin. -->","_links":{"self":[{"href":"https:\/\/www.plumprops.com\/de\/wp-json\/wp\/v2\/product\/22500"}],"collection":[{"href":"https:\/\/www.plumprops.com\/de\/wp-json\/wp\/v2\/product"}],"about":[{"href":"https:\/\/www.plumprops.com\/de\/wp-json\/wp\/v2\/types\/product"}],"replies":[{"embeddable":true,"href":"https:\/\/www.plumprops.com\/de\/wp-json\/wp\/v2\/comments?post=22500"}],"version-history":[{"count":1,"href":"https:\/\/www.plumprops.com\/de\/wp-json\/wp\/v2\/product\/22500\/revisions"}],"predecessor-version":[{"id":22501,"href":"https:\/\/www.plumprops.com\/de\/wp-json\/wp\/v2\/product\/22500\/revisions\/22501"}],"wp:featuredmedia":[{"embeddable":true,"href":"https:\/\/www.plumprops.com\/de\/wp-json\/wp\/v2\/media\/22494"}],"wp:attachment":[{"href":"https:\/\/www.plumprops.com\/de\/wp-json\/wp\/v2\/media?parent=22500"}],"curies":[{"name":"wp","href":"https:\/\/api.w.org\/{rel}","templated":true}]}}