{"id":7011,"date":"2018-05-13T08:00:22","date_gmt":"2018-05-13T08:00:22","guid":{"rendered":"https:\/\/www.plumprops.com\/?product=das-geschnitzte-bettchen-fur-neugeborenen-grun"},"modified":"2020-10-27T13:54:17","modified_gmt":"2020-10-27T13:54:17","slug":"das-geschnitzte-bettchen-fur-neugeborenen","status":"publish","type":"product","link":"https:\/\/www.plumprops.com\/de\/holzerne-betten\/das-geschnitzte-bettchen\/","title":{"rendered":"Das geschnitzte Bettchen"},"content":{"rendered":"<p>Das ungew\u00f6hnliche Bettchen f\u00fcr die Neugeborenen &#8211; Fotosession, mit dem gefr\u00e4sten Kopfende und Front. In seine Projektierung und Ausf\u00fchrung haben wir viel Arbeit investiert und wohl dank dessen ist es eins Eurer Lieblingsmodells .<\/p>\n<p>Das Bettchen ist aus dem Massivholz ausgef\u00fchrt, es ist schwer und stabil. Sch\u00f6n pr\u00e4sentiert es sich auf den Fotos.<\/p>\n<p>Es ist in einigen Farben erh\u00e4ltlich.<\/p>\n<p>Es ist stilisiert , \u00e4lter gemacht.<\/p>\n","protected":false},"excerpt":{"rendered":"<p>Vintage geschnitzte Bettchen.<br \/>\nAbmessungen: 33 cm x 43 cm; 33 cm &#8211; H\u00f6he (13 in x 17 in; 13 in H)<\/p>\n","protected":false},"featured_media":6998,"comment_status":"open","ping_status":"closed","template":"","meta":[],"yoast_head":"<!-- This site is optimized with the Yoast SEO plugin v16.0.2 - https:\/\/yoast.com\/wordpress\/plugins\/seo\/ -->\n<title>Das geschnitzte Bettchen - Newborn Photography Props<\/title>\n<link rel=\"canonical\" href=\"https:\/\/www.plumprops.com\/de\/holzerne-betten\/das-geschnitzte-bettchen\/\" \/>\n<meta property=\"og:locale\" content=\"de_DE\" \/>\n<meta property=\"og:type\" content=\"article\" \/>\n<meta property=\"og:title\" content=\"Das geschnitzte Bettchen - Newborn Photography Props\" \/>\n<meta property=\"og:description\" content=\"Vintage geschnitzte Bettchen. Abmessungen: 33 cm x 43 cm; 33 cm - H\u00f6he (13 in x 17 in; 13 in H)\" \/>\n<meta property=\"og:url\" content=\"https:\/\/www.plumprops.com\/de\/holzerne-betten\/das-geschnitzte-bettchen\/\" \/>\n<meta property=\"og:site_name\" content=\"Newborn Photography Props\" \/>\n<meta property=\"article:modified_time\" content=\"2020-10-27T13:54:17+00:00\" \/>\n<meta property=\"og:image\" content=\"https:\/\/www.plumprops.com\/wp-content\/uploads\/2020\/06\/1253.jpg\" \/>\n\t<meta property=\"og:image:width\" content=\"1800\" \/>\n\t<meta property=\"og:image:height\" content=\"1202\" \/>\n<meta name=\"twitter:card\" content=\"summary_large_image\" \/>\n<script type=\"application\/ld+json\" class=\"yoast-schema-graph\">{\"@context\":\"https:\/\/schema.org\",\"@graph\":[{\"@type\":\"WebSite\",\"@id\":\"https:\/\/www.plumprops.com\/#website\",\"url\":\"https:\/\/www.plumprops.com\/\",\"name\":\"Newborn Photography Props\",\"description\":\"\",\"potentialAction\":[{\"@type\":\"SearchAction\",\"target\":\"https:\/\/www.plumprops.com\/?s={search_term_string}\",\"query-input\":\"required name=search_term_string\"}],\"inLanguage\":\"de\"},{\"@type\":\"ImageObject\",\"@id\":\"https:\/\/www.plumprops.com\/de\/holzerne-betten\/das-geschnitzte-bettchen\/#primaryimage\",\"inLanguage\":\"de\",\"url\":\"https:\/\/www.plumprops.com\/wp-content\/uploads\/2020\/06\/1253.jpg\",\"width\":1800,\"height\":1202},{\"@type\":\"WebPage\",\"@id\":\"https:\/\/www.plumprops.com\/de\/holzerne-betten\/das-geschnitzte-bettchen\/#webpage\",\"url\":\"https:\/\/www.plumprops.com\/de\/holzerne-betten\/das-geschnitzte-bettchen\/\",\"name\":\"Das geschnitzte Bettchen - Newborn Photography Props\",\"isPartOf\":{\"@id\":\"https:\/\/www.plumprops.com\/#website\"},\"primaryImageOfPage\":{\"@id\":\"https:\/\/www.plumprops.com\/de\/holzerne-betten\/das-geschnitzte-bettchen\/#primaryimage\"},\"datePublished\":\"2018-05-13T08:00:22+00:00\",\"dateModified\":\"2020-10-27T13:54:17+00:00\",\"breadcrumb\":{\"@id\":\"https:\/\/www.plumprops.com\/de\/holzerne-betten\/das-geschnitzte-bettchen\/#breadcrumb\"},\"inLanguage\":\"de\",\"potentialAction\":[{\"@type\":\"ReadAction\",\"target\":[\"https:\/\/www.plumprops.com\/de\/holzerne-betten\/das-geschnitzte-bettchen\/\"]}]},{\"@type\":\"BreadcrumbList\",\"@id\":\"https:\/\/www.plumprops.com\/de\/holzerne-betten\/das-geschnitzte-bettchen\/#breadcrumb\",\"itemListElement\":[{\"@type\":\"ListItem\",\"position\":1,\"item\":{\"@type\":\"WebPage\",\"@id\":\"https:\/\/www.plumprops.com\/de\/\",\"url\":\"https:\/\/www.plumprops.com\/de\/\",\"name\":\"Home\"}},{\"@type\":\"ListItem\",\"position\":2,\"item\":{\"@type\":\"WebPage\",\"@id\":\"https:\/\/www.plumprops.com\/de\/onlineshop\/\",\"url\":\"https:\/\/www.plumprops.com\/de\/onlineshop\/\",\"name\":\"Onlineshop\"}},{\"@type\":\"ListItem\",\"position\":3,\"item\":{\"@type\":\"WebPage\",\"@id\":\"https:\/\/www.plumprops.com\/de\/holzerne-betten\/das-geschnitzte-bettchen\/\",\"url\":\"https:\/\/www.plumprops.com\/de\/holzerne-betten\/das-geschnitzte-bettchen\/\",\"name\":\"Das geschnitzte Bettchen\"}}]}]}<\/script>\n<!-- \/ Yoast SEO plugin. -->","_links":{"self":[{"href":"https:\/\/www.plumprops.com\/de\/wp-json\/wp\/v2\/product\/7011"}],"collection":[{"href":"https:\/\/www.plumprops.com\/de\/wp-json\/wp\/v2\/product"}],"about":[{"href":"https:\/\/www.plumprops.com\/de\/wp-json\/wp\/v2\/types\/product"}],"replies":[{"embeddable":true,"href":"https:\/\/www.plumprops.com\/de\/wp-json\/wp\/v2\/comments?post=7011"}],"version-history":[{"count":0,"href":"https:\/\/www.plumprops.com\/de\/wp-json\/wp\/v2\/product\/7011\/revisions"}],"wp:featuredmedia":[{"embeddable":true,"href":"https:\/\/www.plumprops.com\/de\/wp-json\/wp\/v2\/media\/6998"}],"wp:attachment":[{"href":"https:\/\/www.plumprops.com\/de\/wp-json\/wp\/v2\/media?parent=7011"}],"curies":[{"name":"wp","href":"https:\/\/api.w.org\/{rel}","templated":true}]}}