{"id":7615,"date":"2018-05-19T12:41:16","date_gmt":"2018-05-19T12:41:16","guid":{"rendered":"https:\/\/www.plumprops.com\/?product=gelber-eimerchen"},"modified":"2025-05-29T14:42:04","modified_gmt":"2025-05-29T14:42:04","slug":"groser-eimer-jede-farbe","status":"publish","type":"product","link":"https:\/\/www.plumprops.com\/de\/eimer\/groser-eimer-jede-farbe\/","title":{"rendered":"Gro\u00dfer Eimer &#8211; jede Farbe"},"content":{"rendered":"","protected":false},"excerpt":{"rendered":"<p>Gelber Eimerchen der Weinleseart.<\/p>\n<p>Das wundervolle Eimerchen aus Metall im Stil Vintage. Das notwendige Requisit im Studio jedes Neugeborenen-Fotografen. Ideale Gr\u00f6\u00dfe f\u00fcr Knirpse. Es wird auch in der Mitte gemalt.<\/p>\n<p>Denke daran, wenn Du dieses Requisit nutzt, lass nie das Kind ohne Obhut.<\/p>\n<p>30 cm (12 in) Durchmesser<br \/>\n31 cm (12 in) H\u00f6he<\/p>\n","protected":false},"featured_media":7610,"comment_status":"open","ping_status":"closed","template":"","meta":[],"yoast_head":"<!-- This site is optimized with the Yoast SEO plugin v16.0.2 - https:\/\/yoast.com\/wordpress\/plugins\/seo\/ -->\n<title>Gro\u00dfer Eimer - jede Farbe - Newborn Photography Props<\/title>\n<link rel=\"canonical\" href=\"https:\/\/www.plumprops.com\/de\/eimer\/groser-eimer-jede-farbe\/\" \/>\n<meta property=\"og:locale\" content=\"de_DE\" \/>\n<meta property=\"og:type\" content=\"article\" \/>\n<meta property=\"og:title\" content=\"Gro\u00dfer Eimer - jede Farbe - Newborn Photography Props\" \/>\n<meta property=\"og:description\" content=\"Gelber Eimerchen der Weinleseart.  Das wundervolle Eimerchen aus Metall im Stil Vintage. Das notwendige Requisit im Studio jedes Neugeborenen-Fotografen. Ideale Gr\u00f6\u00dfe f\u00fcr Knirpse. Es wird auch in der Mitte gemalt.  Denke daran, wenn Du dieses Requisit nutzt, lass nie das Kind ohne Obhut.  30 cm (12 in) Durchmesser 31 cm (12 in) H\u00f6he\" \/>\n<meta property=\"og:url\" content=\"https:\/\/www.plumprops.com\/de\/eimer\/groser-eimer-jede-farbe\/\" \/>\n<meta property=\"og:site_name\" content=\"Newborn Photography Props\" \/>\n<meta property=\"article:modified_time\" content=\"2025-05-29T14:42:04+00:00\" \/>\n<meta property=\"og:image\" content=\"https:\/\/www.plumprops.com\/wp-content\/uploads\/2020\/06\/1202.jpg\" \/>\n\t<meta property=\"og:image:width\" content=\"2000\" \/>\n\t<meta property=\"og:image:height\" content=\"1335\" \/>\n<meta name=\"twitter:card\" content=\"summary_large_image\" \/>\n<script type=\"application\/ld+json\" class=\"yoast-schema-graph\">{\"@context\":\"https:\/\/schema.org\",\"@graph\":[{\"@type\":\"WebSite\",\"@id\":\"https:\/\/www.plumprops.com\/#website\",\"url\":\"https:\/\/www.plumprops.com\/\",\"name\":\"Newborn Photography Props\",\"description\":\"\",\"potentialAction\":[{\"@type\":\"SearchAction\",\"target\":\"https:\/\/www.plumprops.com\/?s={search_term_string}\",\"query-input\":\"required name=search_term_string\"}],\"inLanguage\":\"de\"},{\"@type\":\"ImageObject\",\"@id\":\"https:\/\/www.plumprops.com\/de\/eimer\/groser-eimer-jede-farbe\/#primaryimage\",\"inLanguage\":\"de\",\"url\":\"https:\/\/www.plumprops.com\/wp-content\/uploads\/2020\/06\/1202.jpg\",\"width\":2000,\"height\":1335},{\"@type\":\"WebPage\",\"@id\":\"https:\/\/www.plumprops.com\/de\/eimer\/groser-eimer-jede-farbe\/#webpage\",\"url\":\"https:\/\/www.plumprops.com\/de\/eimer\/groser-eimer-jede-farbe\/\",\"name\":\"Gro\\u00dfer Eimer - jede Farbe - Newborn Photography Props\",\"isPartOf\":{\"@id\":\"https:\/\/www.plumprops.com\/#website\"},\"primaryImageOfPage\":{\"@id\":\"https:\/\/www.plumprops.com\/de\/eimer\/groser-eimer-jede-farbe\/#primaryimage\"},\"datePublished\":\"2018-05-19T12:41:16+00:00\",\"dateModified\":\"2025-05-29T14:42:04+00:00\",\"breadcrumb\":{\"@id\":\"https:\/\/www.plumprops.com\/de\/eimer\/groser-eimer-jede-farbe\/#breadcrumb\"},\"inLanguage\":\"de\",\"potentialAction\":[{\"@type\":\"ReadAction\",\"target\":[\"https:\/\/www.plumprops.com\/de\/eimer\/groser-eimer-jede-farbe\/\"]}]},{\"@type\":\"BreadcrumbList\",\"@id\":\"https:\/\/www.plumprops.com\/de\/eimer\/groser-eimer-jede-farbe\/#breadcrumb\",\"itemListElement\":[{\"@type\":\"ListItem\",\"position\":1,\"item\":{\"@type\":\"WebPage\",\"@id\":\"https:\/\/www.plumprops.com\/de\/\",\"url\":\"https:\/\/www.plumprops.com\/de\/\",\"name\":\"Home\"}},{\"@type\":\"ListItem\",\"position\":2,\"item\":{\"@type\":\"WebPage\",\"@id\":\"https:\/\/www.plumprops.com\/de\/onlineshop\/\",\"url\":\"https:\/\/www.plumprops.com\/de\/onlineshop\/\",\"name\":\"Onlineshop\"}},{\"@type\":\"ListItem\",\"position\":3,\"item\":{\"@type\":\"WebPage\",\"@id\":\"https:\/\/www.plumprops.com\/de\/eimer\/groser-eimer-jede-farbe\/\",\"url\":\"https:\/\/www.plumprops.com\/de\/eimer\/groser-eimer-jede-farbe\/\",\"name\":\"Gro\\u00dfer Eimer &#8211; jede Farbe\"}}]}]}<\/script>\n<!-- \/ Yoast SEO plugin. -->","_links":{"self":[{"href":"https:\/\/www.plumprops.com\/de\/wp-json\/wp\/v2\/product\/7615"}],"collection":[{"href":"https:\/\/www.plumprops.com\/de\/wp-json\/wp\/v2\/product"}],"about":[{"href":"https:\/\/www.plumprops.com\/de\/wp-json\/wp\/v2\/types\/product"}],"replies":[{"embeddable":true,"href":"https:\/\/www.plumprops.com\/de\/wp-json\/wp\/v2\/comments?post=7615"}],"version-history":[{"count":0,"href":"https:\/\/www.plumprops.com\/de\/wp-json\/wp\/v2\/product\/7615\/revisions"}],"wp:featuredmedia":[{"embeddable":true,"href":"https:\/\/www.plumprops.com\/de\/wp-json\/wp\/v2\/media\/7610"}],"wp:attachment":[{"href":"https:\/\/www.plumprops.com\/de\/wp-json\/wp\/v2\/media?parent=7615"}],"curies":[{"name":"wp","href":"https:\/\/api.w.org\/{rel}","templated":true}]}}