{"id":7866,"date":"2018-07-03T11:28:49","date_gmt":"2018-07-03T11:28:49","guid":{"rendered":"https:\/\/www.plumprops.com\/?product=blau-eimerchen"},"modified":"2024-06-12T18:17:15","modified_gmt":"2024-06-12T18:17:15","slug":"kleiner-eimer-jede-farbe","status":"publish","type":"product","link":"https:\/\/www.plumprops.com\/de\/eimer\/kleiner-eimer-jede-farbe\/","title":{"rendered":"Kleiner Eimer &#8211; jede Farbe"},"content":{"rendered":"<p>Das wundervolle Eimerchen aus Metall im Stil Vintage. Das notwendige Requisit im Studio jedes Neugeborenen-Fotografen. Ideale Gr\u00f6\u00dfe f\u00fcr Knirpse. Es wird auch in der Mitte gemalt.<\/p>\n<p>Denke daran, wenn Du dieses Requisit nutzt, lass nie das Kind ohne Obhut.<\/p>\n","protected":false},"excerpt":{"rendered":"<p>Eimerchen der Weinleseart.<br \/>\n27 cm (12 in) Durchmesser<br \/>\n23 cm (12 in) H\u00f6he<\/p>\n","protected":false},"featured_media":11749,"comment_status":"open","ping_status":"closed","template":"","meta":[],"yoast_head":"<!-- This site is optimized with the Yoast SEO plugin v16.0.2 - https:\/\/yoast.com\/wordpress\/plugins\/seo\/ -->\n<title>Kleiner Eimer - jede Farbe - Newborn Photography Props<\/title>\n<link rel=\"canonical\" href=\"https:\/\/www.plumprops.com\/de\/eimer\/kleiner-eimer-jede-farbe\/\" \/>\n<meta property=\"og:locale\" content=\"de_DE\" \/>\n<meta property=\"og:type\" content=\"article\" \/>\n<meta property=\"og:title\" content=\"Kleiner Eimer - jede Farbe - Newborn Photography Props\" \/>\n<meta property=\"og:description\" content=\"Eimerchen der Weinleseart. 27 cm (12 in) Durchmesser 23 cm (12 in) H\u00f6he\" \/>\n<meta property=\"og:url\" content=\"https:\/\/www.plumprops.com\/de\/eimer\/kleiner-eimer-jede-farbe\/\" \/>\n<meta property=\"og:site_name\" content=\"Newborn Photography Props\" \/>\n<meta property=\"article:modified_time\" content=\"2024-06-12T18:17:15+00:00\" \/>\n<meta property=\"og:image\" content=\"https:\/\/www.plumprops.com\/wp-content\/uploads\/2018\/07\/102934667_1936926369766046_4715371657499734333_n.jpg\" \/>\n\t<meta property=\"og:image:width\" content=\"718\" \/>\n\t<meta property=\"og:image:height\" content=\"480\" \/>\n<meta name=\"twitter:card\" content=\"summary_large_image\" \/>\n<script type=\"application\/ld+json\" class=\"yoast-schema-graph\">{\"@context\":\"https:\/\/schema.org\",\"@graph\":[{\"@type\":\"WebSite\",\"@id\":\"https:\/\/www.plumprops.com\/#website\",\"url\":\"https:\/\/www.plumprops.com\/\",\"name\":\"Newborn Photography Props\",\"description\":\"\",\"potentialAction\":[{\"@type\":\"SearchAction\",\"target\":\"https:\/\/www.plumprops.com\/?s={search_term_string}\",\"query-input\":\"required name=search_term_string\"}],\"inLanguage\":\"de\"},{\"@type\":\"ImageObject\",\"@id\":\"https:\/\/www.plumprops.com\/de\/eimer\/kleiner-eimer-jede-farbe\/#primaryimage\",\"inLanguage\":\"de\",\"url\":\"https:\/\/www.plumprops.com\/wp-content\/uploads\/2018\/07\/102934667_1936926369766046_4715371657499734333_n.jpg\",\"width\":718,\"height\":480},{\"@type\":\"WebPage\",\"@id\":\"https:\/\/www.plumprops.com\/de\/eimer\/kleiner-eimer-jede-farbe\/#webpage\",\"url\":\"https:\/\/www.plumprops.com\/de\/eimer\/kleiner-eimer-jede-farbe\/\",\"name\":\"Kleiner Eimer - jede Farbe - Newborn Photography Props\",\"isPartOf\":{\"@id\":\"https:\/\/www.plumprops.com\/#website\"},\"primaryImageOfPage\":{\"@id\":\"https:\/\/www.plumprops.com\/de\/eimer\/kleiner-eimer-jede-farbe\/#primaryimage\"},\"datePublished\":\"2018-07-03T11:28:49+00:00\",\"dateModified\":\"2024-06-12T18:17:15+00:00\",\"breadcrumb\":{\"@id\":\"https:\/\/www.plumprops.com\/de\/eimer\/kleiner-eimer-jede-farbe\/#breadcrumb\"},\"inLanguage\":\"de\",\"potentialAction\":[{\"@type\":\"ReadAction\",\"target\":[\"https:\/\/www.plumprops.com\/de\/eimer\/kleiner-eimer-jede-farbe\/\"]}]},{\"@type\":\"BreadcrumbList\",\"@id\":\"https:\/\/www.plumprops.com\/de\/eimer\/kleiner-eimer-jede-farbe\/#breadcrumb\",\"itemListElement\":[{\"@type\":\"ListItem\",\"position\":1,\"item\":{\"@type\":\"WebPage\",\"@id\":\"https:\/\/www.plumprops.com\/de\/\",\"url\":\"https:\/\/www.plumprops.com\/de\/\",\"name\":\"Home\"}},{\"@type\":\"ListItem\",\"position\":2,\"item\":{\"@type\":\"WebPage\",\"@id\":\"https:\/\/www.plumprops.com\/de\/onlineshop\/\",\"url\":\"https:\/\/www.plumprops.com\/de\/onlineshop\/\",\"name\":\"Onlineshop\"}},{\"@type\":\"ListItem\",\"position\":3,\"item\":{\"@type\":\"WebPage\",\"@id\":\"https:\/\/www.plumprops.com\/de\/eimer\/kleiner-eimer-jede-farbe\/\",\"url\":\"https:\/\/www.plumprops.com\/de\/eimer\/kleiner-eimer-jede-farbe\/\",\"name\":\"Kleiner Eimer &#8211; jede Farbe\"}}]}]}<\/script>\n<!-- \/ Yoast SEO plugin. -->","_links":{"self":[{"href":"https:\/\/www.plumprops.com\/de\/wp-json\/wp\/v2\/product\/7866"}],"collection":[{"href":"https:\/\/www.plumprops.com\/de\/wp-json\/wp\/v2\/product"}],"about":[{"href":"https:\/\/www.plumprops.com\/de\/wp-json\/wp\/v2\/types\/product"}],"replies":[{"embeddable":true,"href":"https:\/\/www.plumprops.com\/de\/wp-json\/wp\/v2\/comments?post=7866"}],"version-history":[{"count":0,"href":"https:\/\/www.plumprops.com\/de\/wp-json\/wp\/v2\/product\/7866\/revisions"}],"wp:featuredmedia":[{"embeddable":true,"href":"https:\/\/www.plumprops.com\/de\/wp-json\/wp\/v2\/media\/11749"}],"wp:attachment":[{"href":"https:\/\/www.plumprops.com\/de\/wp-json\/wp\/v2\/media?parent=7866"}],"curies":[{"name":"wp","href":"https:\/\/api.w.org\/{rel}","templated":true}]}}