{"id":7993,"date":"2018-08-21T01:25:58","date_gmt":"2018-08-21T01:25:58","guid":{"rendered":"https:\/\/www.plumprops.com\/?product=mini-neugeborenes-bett"},"modified":"2020-10-27T14:02:41","modified_gmt":"2020-10-27T14:02:41","slug":"mini-neugeborenes-bett","status":"publish","type":"product","link":"https:\/\/www.plumprops.com\/de\/holzerne-betten\/mini-neugeborenes-bett\/","title":{"rendered":"Mini Neugeborenes Bett"},"content":{"rendered":"","protected":false},"excerpt":{"rendered":"<p>Das sch\u00f6ne, aber einfache Bettchen wird mit dem Gedanke an Neugeborenen- Fotosession projektiert. Seine nicht komplizierte Form verursacht, dass es sich in jedem Studio pr\u00fcft, sowohl w\u00e4hrend der anspruchslose Fotosession als auch bei Liebhaber der Gadgets. Es reicht nur seine Form zu \u00e4ndern, indem man verschiedene Schichten hinzuf\u00fcgt.<\/p>\n<p>Es wird handgemacht, in der Ganzheit aus Holz.<\/p>\n<p>Das Bettchen wird als Requisit f\u00fcr die Fotosession verkauft. Es dient nicht zum Schlafen.<\/p>\n<p>Size: 40 x 32 cm<\/p>\n","protected":false},"featured_media":12713,"comment_status":"open","ping_status":"closed","template":"","meta":[],"yoast_head":"<!-- This site is optimized with the Yoast SEO plugin v16.0.2 - https:\/\/yoast.com\/wordpress\/plugins\/seo\/ -->\n<title>Mini Neugeborenes Bett - Newborn Photography Props<\/title>\n<link rel=\"canonical\" href=\"https:\/\/www.plumprops.com\/de\/holzerne-betten\/mini-neugeborenes-bett\/\" \/>\n<meta property=\"og:locale\" content=\"de_DE\" \/>\n<meta property=\"og:type\" content=\"article\" \/>\n<meta property=\"og:title\" content=\"Mini Neugeborenes Bett - Newborn Photography Props\" \/>\n<meta property=\"og:description\" content=\"Das sch\u00f6ne, aber einfache Bettchen wird mit dem Gedanke an Neugeborenen- Fotosession projektiert. Seine nicht komplizierte Form verursacht, dass es sich in jedem Studio pr\u00fcft, sowohl w\u00e4hrend der anspruchslose Fotosession als auch bei Liebhaber der Gadgets. Es reicht nur seine Form zu \u00e4ndern, indem man verschiedene Schichten hinzuf\u00fcgt.  Es wird handgemacht, in der Ganzheit aus Holz.  Das Bettchen wird als Requisit f\u00fcr die Fotosession verkauft. Es dient nicht zum Schlafen.  Size: 40 x 32 cm\" \/>\n<meta property=\"og:url\" content=\"https:\/\/www.plumprops.com\/de\/holzerne-betten\/mini-neugeborenes-bett\/\" \/>\n<meta property=\"og:site_name\" content=\"Newborn Photography Props\" \/>\n<meta property=\"article:modified_time\" content=\"2020-10-27T14:02:41+00:00\" \/>\n<meta property=\"og:image\" content=\"https:\/\/www.plumprops.com\/wp-content\/uploads\/2018\/08\/plumprops0532.jpg\" \/>\n\t<meta property=\"og:image:width\" content=\"1800\" \/>\n\t<meta property=\"og:image:height\" content=\"1192\" \/>\n<meta name=\"twitter:card\" content=\"summary_large_image\" \/>\n<script type=\"application\/ld+json\" class=\"yoast-schema-graph\">{\"@context\":\"https:\/\/schema.org\",\"@graph\":[{\"@type\":\"WebSite\",\"@id\":\"https:\/\/www.plumprops.com\/#website\",\"url\":\"https:\/\/www.plumprops.com\/\",\"name\":\"Newborn Photography Props\",\"description\":\"\",\"potentialAction\":[{\"@type\":\"SearchAction\",\"target\":\"https:\/\/www.plumprops.com\/?s={search_term_string}\",\"query-input\":\"required name=search_term_string\"}],\"inLanguage\":\"de\"},{\"@type\":\"ImageObject\",\"@id\":\"https:\/\/www.plumprops.com\/de\/holzerne-betten\/mini-neugeborenes-bett\/#primaryimage\",\"inLanguage\":\"de\",\"url\":\"https:\/\/www.plumprops.com\/wp-content\/uploads\/2018\/08\/plumprops0532.jpg\",\"width\":1800,\"height\":1192},{\"@type\":\"WebPage\",\"@id\":\"https:\/\/www.plumprops.com\/de\/holzerne-betten\/mini-neugeborenes-bett\/#webpage\",\"url\":\"https:\/\/www.plumprops.com\/de\/holzerne-betten\/mini-neugeborenes-bett\/\",\"name\":\"Mini Neugeborenes Bett - Newborn Photography Props\",\"isPartOf\":{\"@id\":\"https:\/\/www.plumprops.com\/#website\"},\"primaryImageOfPage\":{\"@id\":\"https:\/\/www.plumprops.com\/de\/holzerne-betten\/mini-neugeborenes-bett\/#primaryimage\"},\"datePublished\":\"2018-08-21T01:25:58+00:00\",\"dateModified\":\"2020-10-27T14:02:41+00:00\",\"breadcrumb\":{\"@id\":\"https:\/\/www.plumprops.com\/de\/holzerne-betten\/mini-neugeborenes-bett\/#breadcrumb\"},\"inLanguage\":\"de\",\"potentialAction\":[{\"@type\":\"ReadAction\",\"target\":[\"https:\/\/www.plumprops.com\/de\/holzerne-betten\/mini-neugeborenes-bett\/\"]}]},{\"@type\":\"BreadcrumbList\",\"@id\":\"https:\/\/www.plumprops.com\/de\/holzerne-betten\/mini-neugeborenes-bett\/#breadcrumb\",\"itemListElement\":[{\"@type\":\"ListItem\",\"position\":1,\"item\":{\"@type\":\"WebPage\",\"@id\":\"https:\/\/www.plumprops.com\/de\/\",\"url\":\"https:\/\/www.plumprops.com\/de\/\",\"name\":\"Home\"}},{\"@type\":\"ListItem\",\"position\":2,\"item\":{\"@type\":\"WebPage\",\"@id\":\"https:\/\/www.plumprops.com\/de\/onlineshop\/\",\"url\":\"https:\/\/www.plumprops.com\/de\/onlineshop\/\",\"name\":\"Onlineshop\"}},{\"@type\":\"ListItem\",\"position\":3,\"item\":{\"@type\":\"WebPage\",\"@id\":\"https:\/\/www.plumprops.com\/de\/holzerne-betten\/mini-neugeborenes-bett\/\",\"url\":\"https:\/\/www.plumprops.com\/de\/holzerne-betten\/mini-neugeborenes-bett\/\",\"name\":\"Mini Neugeborenes Bett\"}}]}]}<\/script>\n<!-- \/ Yoast SEO plugin. -->","_links":{"self":[{"href":"https:\/\/www.plumprops.com\/de\/wp-json\/wp\/v2\/product\/7993"}],"collection":[{"href":"https:\/\/www.plumprops.com\/de\/wp-json\/wp\/v2\/product"}],"about":[{"href":"https:\/\/www.plumprops.com\/de\/wp-json\/wp\/v2\/types\/product"}],"replies":[{"embeddable":true,"href":"https:\/\/www.plumprops.com\/de\/wp-json\/wp\/v2\/comments?post=7993"}],"version-history":[{"count":0,"href":"https:\/\/www.plumprops.com\/de\/wp-json\/wp\/v2\/product\/7993\/revisions"}],"wp:featuredmedia":[{"embeddable":true,"href":"https:\/\/www.plumprops.com\/de\/wp-json\/wp\/v2\/media\/12713"}],"wp:attachment":[{"href":"https:\/\/www.plumprops.com\/de\/wp-json\/wp\/v2\/media?parent=7993"}],"curies":[{"name":"wp","href":"https:\/\/api.w.org\/{rel}","templated":true}]}}