{"id":8099,"date":"2018-10-01T23:28:17","date_gmt":"2018-10-01T23:28:17","guid":{"rendered":"https:\/\/www.plumprops.com\/?product=hellgrau-hintergrund-stoff"},"modified":"2021-09-05T13:57:57","modified_gmt":"2021-09-05T13:57:57","slug":"hellgrau-stoff","status":"publish","type":"product","link":"https:\/\/www.plumprops.com\/de\/sitzsack-stoffe\/hellgrau-stoff\/","title":{"rendered":"Hellgrau Stoff"},"content":{"rendered":"","protected":false},"excerpt":{"rendered":"<p>Ein wunderbarer Stoff, ideal\u00a0 f\u00fcr Neugeborenenfotografen. . Weich, zart und angenehm f\u00fcr die Haut des Kindes.Unsere professionellen Stoffe sehen wundersch\u00f6n aus, gl\u00e4nzen nicht, sind flexibel und knittern nicht!<\/p>\n<p>Farbe: hellgrau<\/p>\n<p>Gr\u00f6\u00dfe: 140 cm x 150-170 cm ohne Dehnung (55 &#8222;x 59-67&#8220;)<\/p>\n","protected":false},"featured_media":8094,"comment_status":"open","ping_status":"closed","template":"","meta":[],"yoast_head":"<!-- This site is optimized with the Yoast SEO plugin v16.0.2 - https:\/\/yoast.com\/wordpress\/plugins\/seo\/ -->\n<title>Hellgrau Stoff - Newborn Photography Props<\/title>\n<link rel=\"canonical\" href=\"https:\/\/www.plumprops.com\/de\/sitzsack-stoffe\/hellgrau-stoff\/\" \/>\n<meta property=\"og:locale\" content=\"de_DE\" \/>\n<meta property=\"og:type\" content=\"article\" \/>\n<meta property=\"og:title\" content=\"Hellgrau Stoff - Newborn Photography Props\" \/>\n<meta property=\"og:description\" content=\"Ein wunderbarer Stoff, ideal\u00a0 f\u00fcr Neugeborenenfotografen. . Weich, zart und angenehm f\u00fcr die Haut des Kindes.Unsere professionellen Stoffe sehen wundersch\u00f6n aus, gl\u00e4nzen nicht, sind flexibel und knittern nicht!  Farbe: hellgrau  Gr\u00f6\u00dfe: 140 cm x 150-170 cm ohne Dehnung (55 &quot;x 59-67&quot;)\" \/>\n<meta property=\"og:url\" content=\"https:\/\/www.plumprops.com\/de\/sitzsack-stoffe\/hellgrau-stoff\/\" \/>\n<meta property=\"og:site_name\" content=\"Newborn Photography Props\" \/>\n<meta property=\"article:modified_time\" content=\"2021-09-05T13:57:57+00:00\" \/>\n<meta property=\"og:image\" content=\"https:\/\/www.plumprops.com\/wp-content\/uploads\/2020\/06\/1437.jpg\" \/>\n\t<meta property=\"og:image:width\" content=\"1800\" \/>\n\t<meta property=\"og:image:height\" content=\"1192\" \/>\n<meta name=\"twitter:card\" content=\"summary_large_image\" \/>\n<script type=\"application\/ld+json\" class=\"yoast-schema-graph\">{\"@context\":\"https:\/\/schema.org\",\"@graph\":[{\"@type\":\"WebSite\",\"@id\":\"https:\/\/www.plumprops.com\/#website\",\"url\":\"https:\/\/www.plumprops.com\/\",\"name\":\"Newborn Photography Props\",\"description\":\"\",\"potentialAction\":[{\"@type\":\"SearchAction\",\"target\":\"https:\/\/www.plumprops.com\/?s={search_term_string}\",\"query-input\":\"required name=search_term_string\"}],\"inLanguage\":\"de\"},{\"@type\":\"ImageObject\",\"@id\":\"https:\/\/www.plumprops.com\/de\/sitzsack-stoffe\/hellgrau-stoff\/#primaryimage\",\"inLanguage\":\"de\",\"url\":\"https:\/\/www.plumprops.com\/wp-content\/uploads\/2020\/06\/1437.jpg\",\"width\":1800,\"height\":1192},{\"@type\":\"WebPage\",\"@id\":\"https:\/\/www.plumprops.com\/de\/sitzsack-stoffe\/hellgrau-stoff\/#webpage\",\"url\":\"https:\/\/www.plumprops.com\/de\/sitzsack-stoffe\/hellgrau-stoff\/\",\"name\":\"Hellgrau Stoff - Newborn Photography Props\",\"isPartOf\":{\"@id\":\"https:\/\/www.plumprops.com\/#website\"},\"primaryImageOfPage\":{\"@id\":\"https:\/\/www.plumprops.com\/de\/sitzsack-stoffe\/hellgrau-stoff\/#primaryimage\"},\"datePublished\":\"2018-10-01T23:28:17+00:00\",\"dateModified\":\"2021-09-05T13:57:57+00:00\",\"breadcrumb\":{\"@id\":\"https:\/\/www.plumprops.com\/de\/sitzsack-stoffe\/hellgrau-stoff\/#breadcrumb\"},\"inLanguage\":\"de\",\"potentialAction\":[{\"@type\":\"ReadAction\",\"target\":[\"https:\/\/www.plumprops.com\/de\/sitzsack-stoffe\/hellgrau-stoff\/\"]}]},{\"@type\":\"BreadcrumbList\",\"@id\":\"https:\/\/www.plumprops.com\/de\/sitzsack-stoffe\/hellgrau-stoff\/#breadcrumb\",\"itemListElement\":[{\"@type\":\"ListItem\",\"position\":1,\"item\":{\"@type\":\"WebPage\",\"@id\":\"https:\/\/www.plumprops.com\/de\/\",\"url\":\"https:\/\/www.plumprops.com\/de\/\",\"name\":\"Home\"}},{\"@type\":\"ListItem\",\"position\":2,\"item\":{\"@type\":\"WebPage\",\"@id\":\"https:\/\/www.plumprops.com\/de\/onlineshop\/\",\"url\":\"https:\/\/www.plumprops.com\/de\/onlineshop\/\",\"name\":\"Onlineshop\"}},{\"@type\":\"ListItem\",\"position\":3,\"item\":{\"@type\":\"WebPage\",\"@id\":\"https:\/\/www.plumprops.com\/de\/sitzsack-stoffe\/hellgrau-stoff\/\",\"url\":\"https:\/\/www.plumprops.com\/de\/sitzsack-stoffe\/hellgrau-stoff\/\",\"name\":\"Hellgrau Stoff\"}}]}]}<\/script>\n<!-- \/ Yoast SEO plugin. -->","_links":{"self":[{"href":"https:\/\/www.plumprops.com\/de\/wp-json\/wp\/v2\/product\/8099"}],"collection":[{"href":"https:\/\/www.plumprops.com\/de\/wp-json\/wp\/v2\/product"}],"about":[{"href":"https:\/\/www.plumprops.com\/de\/wp-json\/wp\/v2\/types\/product"}],"replies":[{"embeddable":true,"href":"https:\/\/www.plumprops.com\/de\/wp-json\/wp\/v2\/comments?post=8099"}],"version-history":[{"count":0,"href":"https:\/\/www.plumprops.com\/de\/wp-json\/wp\/v2\/product\/8099\/revisions"}],"wp:featuredmedia":[{"embeddable":true,"href":"https:\/\/www.plumprops.com\/de\/wp-json\/wp\/v2\/media\/8094"}],"wp:attachment":[{"href":"https:\/\/www.plumprops.com\/de\/wp-json\/wp\/v2\/media?parent=8099"}],"curies":[{"name":"wp","href":"https:\/\/api.w.org\/{rel}","templated":true}]}}