{"id":8487,"date":"2018-11-06T22:14:48","date_gmt":"2018-11-06T22:14:48","guid":{"rendered":"https:\/\/www.plumprops.com\/?product=wollwolke-creme"},"modified":"2025-05-30T03:02:35","modified_gmt":"2025-05-30T03:02:35","slug":"wollwolke","status":"publish","type":"product","link":"https:\/\/www.plumprops.com\/de\/schichten\/wollwolke\/","title":{"rendered":"Wollwolke"},"content":{"rendered":"<p><span id=\"result_box\" xml:lang=\"de\" lang=\"de\"><span>Wolle wird nicht gefilzt, so dass sie nicht f\u00fcr immer vollst\u00e4ndig haften bleibt. Sie neigt dazu, sich zu trennen, aber sie hat auch ein gro\u00dfes k\u00fcnstlerisches Potenzial. Sie k\u00f6nnen sie zerlegen und auf viele verschiedene Arten anordnen.<\/span><br \/><span>Sie k\u00f6nnen es sanft dehnen, als Ganzes behalten, in mehrere Teile teilen, L\u00f6cher bohren. Was Sie damit tun, h\u00e4ngt von Ihrer Vorstellung ab.<\/span><\/p>\n<p><span>MATERIAL: 100% Wolle<\/span><br \/><span>GR\u00d6SSE: Es kann einige Unterschiede in L\u00e4nge und Dicke geben, beispielsweise 50 cm x 60 cm (20 x 24 Zoll), 40 x 80 cm (16 x 30 Zoll), aber es werden immer etwa 125 g (4,4 Unzen) vorhanden sein &#8211; genug<\/span> <span>eine Menge f\u00fcr die meisten Stilisierungen.<\/span><\/span><\/p>\n","protected":false},"excerpt":{"rendered":"<p>Wollwolke, ideal f\u00fcr Neugeborenenfotografen. Ideal als Schicht, Decke, Korbf\u00fcller und Sch\u00fcsseln.<\/p>\n","protected":false},"featured_media":8484,"comment_status":"open","ping_status":"closed","template":"","meta":[],"yoast_head":"<!-- This site is optimized with the Yoast SEO plugin v16.0.2 - https:\/\/yoast.com\/wordpress\/plugins\/seo\/ -->\n<title>Wollwolke - Newborn Photography Props<\/title>\n<link rel=\"canonical\" href=\"https:\/\/www.plumprops.com\/de\/schichten\/wollwolke\/\" \/>\n<meta property=\"og:locale\" content=\"de_DE\" \/>\n<meta property=\"og:type\" content=\"article\" \/>\n<meta property=\"og:title\" content=\"Wollwolke - Newborn Photography Props\" \/>\n<meta property=\"og:description\" content=\"Wollwolke, ideal f\u00fcr Neugeborenenfotografen. Ideal als Schicht, Decke, Korbf\u00fcller und Sch\u00fcsseln.\" \/>\n<meta property=\"og:url\" content=\"https:\/\/www.plumprops.com\/de\/schichten\/wollwolke\/\" \/>\n<meta property=\"og:site_name\" content=\"Newborn Photography Props\" \/>\n<meta property=\"article:modified_time\" content=\"2025-05-30T03:02:35+00:00\" \/>\n<meta property=\"og:image\" content=\"https:\/\/www.plumprops.com\/wp-content\/uploads\/2020\/06\/1772.jpg\" \/>\n\t<meta property=\"og:image:width\" content=\"1800\" \/>\n\t<meta property=\"og:image:height\" content=\"1192\" \/>\n<meta name=\"twitter:card\" content=\"summary_large_image\" \/>\n<meta name=\"twitter:label1\" content=\"Gesch\u00e4tzte Lesezeit\">\n\t<meta name=\"twitter:data1\" content=\"1\u00a0Minute\">\n<script type=\"application\/ld+json\" class=\"yoast-schema-graph\">{\"@context\":\"https:\/\/schema.org\",\"@graph\":[{\"@type\":\"WebSite\",\"@id\":\"https:\/\/www.plumprops.com\/#website\",\"url\":\"https:\/\/www.plumprops.com\/\",\"name\":\"Newborn Photography Props\",\"description\":\"\",\"potentialAction\":[{\"@type\":\"SearchAction\",\"target\":\"https:\/\/www.plumprops.com\/?s={search_term_string}\",\"query-input\":\"required name=search_term_string\"}],\"inLanguage\":\"de\"},{\"@type\":\"ImageObject\",\"@id\":\"https:\/\/www.plumprops.com\/de\/schichten\/wollwolke\/#primaryimage\",\"inLanguage\":\"de\",\"url\":\"https:\/\/www.plumprops.com\/wp-content\/uploads\/2020\/06\/1772.jpg\",\"width\":1800,\"height\":1192},{\"@type\":\"WebPage\",\"@id\":\"https:\/\/www.plumprops.com\/de\/schichten\/wollwolke\/#webpage\",\"url\":\"https:\/\/www.plumprops.com\/de\/schichten\/wollwolke\/\",\"name\":\"Wollwolke - Newborn Photography Props\",\"isPartOf\":{\"@id\":\"https:\/\/www.plumprops.com\/#website\"},\"primaryImageOfPage\":{\"@id\":\"https:\/\/www.plumprops.com\/de\/schichten\/wollwolke\/#primaryimage\"},\"datePublished\":\"2018-11-06T22:14:48+00:00\",\"dateModified\":\"2025-05-30T03:02:35+00:00\",\"breadcrumb\":{\"@id\":\"https:\/\/www.plumprops.com\/de\/schichten\/wollwolke\/#breadcrumb\"},\"inLanguage\":\"de\",\"potentialAction\":[{\"@type\":\"ReadAction\",\"target\":[\"https:\/\/www.plumprops.com\/de\/schichten\/wollwolke\/\"]}]},{\"@type\":\"BreadcrumbList\",\"@id\":\"https:\/\/www.plumprops.com\/de\/schichten\/wollwolke\/#breadcrumb\",\"itemListElement\":[{\"@type\":\"ListItem\",\"position\":1,\"item\":{\"@type\":\"WebPage\",\"@id\":\"https:\/\/www.plumprops.com\/de\/\",\"url\":\"https:\/\/www.plumprops.com\/de\/\",\"name\":\"Home\"}},{\"@type\":\"ListItem\",\"position\":2,\"item\":{\"@type\":\"WebPage\",\"@id\":\"https:\/\/www.plumprops.com\/de\/onlineshop\/\",\"url\":\"https:\/\/www.plumprops.com\/de\/onlineshop\/\",\"name\":\"Onlineshop\"}},{\"@type\":\"ListItem\",\"position\":3,\"item\":{\"@type\":\"WebPage\",\"@id\":\"https:\/\/www.plumprops.com\/de\/schichten\/wollwolke\/\",\"url\":\"https:\/\/www.plumprops.com\/de\/schichten\/wollwolke\/\",\"name\":\"Wollwolke\"}}]}]}<\/script>\n<!-- \/ Yoast SEO plugin. -->","_links":{"self":[{"href":"https:\/\/www.plumprops.com\/de\/wp-json\/wp\/v2\/product\/8487"}],"collection":[{"href":"https:\/\/www.plumprops.com\/de\/wp-json\/wp\/v2\/product"}],"about":[{"href":"https:\/\/www.plumprops.com\/de\/wp-json\/wp\/v2\/types\/product"}],"replies":[{"embeddable":true,"href":"https:\/\/www.plumprops.com\/de\/wp-json\/wp\/v2\/comments?post=8487"}],"version-history":[{"count":0,"href":"https:\/\/www.plumprops.com\/de\/wp-json\/wp\/v2\/product\/8487\/revisions"}],"wp:featuredmedia":[{"embeddable":true,"href":"https:\/\/www.plumprops.com\/de\/wp-json\/wp\/v2\/media\/8484"}],"wp:attachment":[{"href":"https:\/\/www.plumprops.com\/de\/wp-json\/wp\/v2\/media?parent=8487"}],"curies":[{"name":"wp","href":"https:\/\/api.w.org\/{rel}","templated":true}]}}