{"id":8625,"date":"2018-11-14T17:12:38","date_gmt":"2018-11-14T17:12:38","guid":{"rendered":"https:\/\/www.plumprops.com\/?product=grosse-box-verblasst-grun"},"modified":"2020-12-20T20:34:25","modified_gmt":"2020-12-20T20:34:25","slug":"rechteckige-holzkiste","status":"publish","type":"product","link":"https:\/\/www.plumprops.com\/de\/holzerne-kasten\/rechteckige-holzkiste\/","title":{"rendered":"Rechteckige Holzkiste"},"content":{"rendered":"<p>Im Kasten findet Platz nicht nur der Neugeborene, aber auch das sitzende Baby.<\/p>\n<p>Nat\u00fcrliche Farben erlauben mehr Freiheit bei der Wahl der sonstigen Elemente der Szenografie.<\/p>\n<p>Bemerkung: Unsere K\u00e4sten sind aus den geb\u00fcrsteten Bretter ausgef\u00fchrt, die in \u00e4lter gemachte Bretter stilisiert sind. Man soll den direkten Kontakt des Knirps mit dem Produkt vermeiden.<\/p>\n","protected":false},"excerpt":{"rendered":"<p>Abmessungen:<\/p>\n<p><span class=\"tlid-translation translation\" lang=\"de\"><span class=\"\" title=\"\">Gro\u00df<\/span><\/span>: 34 cm x 45 cm x 14 cm(H)<\/p>\n<p><span class=\"tlid-translation translation\" lang=\"de\"><span class=\"\" title=\"\">Klein<\/span><\/span>: 31 cm x 42 cm x 10 cm H (12.2 in x 16.5 in x 3.9 in H)<\/p>\n<p>&nbsp;<\/p>\n","protected":false},"featured_media":14013,"comment_status":"open","ping_status":"closed","template":"","meta":[],"yoast_head":"<!-- This site is optimized with the Yoast SEO plugin v16.0.2 - https:\/\/yoast.com\/wordpress\/plugins\/seo\/ -->\n<title>Rechteckige Holzkiste - Newborn Photography Props<\/title>\n<link rel=\"canonical\" href=\"https:\/\/www.plumprops.com\/de\/holzerne-kasten\/rechteckige-holzkiste\/\" \/>\n<meta property=\"og:locale\" content=\"de_DE\" \/>\n<meta property=\"og:type\" content=\"article\" \/>\n<meta property=\"og:title\" content=\"Rechteckige Holzkiste - Newborn Photography Props\" \/>\n<meta property=\"og:description\" content=\"Abmessungen:  Gro\u00df: 34 cm x 45 cm x 14 cm(H)  Klein: 31 cm x 42 cm x 10 cm H (12.2 in x 16.5 in x 3.9 in H)  &nbsp;\" \/>\n<meta property=\"og:url\" content=\"https:\/\/www.plumprops.com\/de\/holzerne-kasten\/rechteckige-holzkiste\/\" \/>\n<meta property=\"og:site_name\" content=\"Newborn Photography Props\" \/>\n<meta property=\"article:modified_time\" content=\"2020-12-20T20:34:25+00:00\" \/>\n<meta property=\"og:image\" content=\"https:\/\/www.plumprops.com\/wp-content\/uploads\/2020\/06\/2987.jpg\" \/>\n\t<meta property=\"og:image:width\" content=\"1400\" \/>\n\t<meta property=\"og:image:height\" content=\"927\" \/>\n<meta name=\"twitter:card\" content=\"summary_large_image\" \/>\n<script type=\"application\/ld+json\" class=\"yoast-schema-graph\">{\"@context\":\"https:\/\/schema.org\",\"@graph\":[{\"@type\":\"WebSite\",\"@id\":\"https:\/\/www.plumprops.com\/#website\",\"url\":\"https:\/\/www.plumprops.com\/\",\"name\":\"Newborn Photography Props\",\"description\":\"\",\"potentialAction\":[{\"@type\":\"SearchAction\",\"target\":\"https:\/\/www.plumprops.com\/?s={search_term_string}\",\"query-input\":\"required name=search_term_string\"}],\"inLanguage\":\"de\"},{\"@type\":\"ImageObject\",\"@id\":\"https:\/\/www.plumprops.com\/de\/holzerne-kasten\/rechteckige-holzkiste\/#primaryimage\",\"inLanguage\":\"de\",\"url\":\"https:\/\/www.plumprops.com\/wp-content\/uploads\/2018\/11\/BIG-WOODEN-BOX-29_plumprops.jpg\",\"width\":1400,\"height\":927},{\"@type\":\"WebPage\",\"@id\":\"https:\/\/www.plumprops.com\/de\/holzerne-kasten\/rechteckige-holzkiste\/#webpage\",\"url\":\"https:\/\/www.plumprops.com\/de\/holzerne-kasten\/rechteckige-holzkiste\/\",\"name\":\"Rechteckige Holzkiste - Newborn Photography Props\",\"isPartOf\":{\"@id\":\"https:\/\/www.plumprops.com\/#website\"},\"primaryImageOfPage\":{\"@id\":\"https:\/\/www.plumprops.com\/de\/holzerne-kasten\/rechteckige-holzkiste\/#primaryimage\"},\"datePublished\":\"2018-11-14T17:12:38+00:00\",\"dateModified\":\"2020-12-20T20:34:25+00:00\",\"breadcrumb\":{\"@id\":\"https:\/\/www.plumprops.com\/de\/holzerne-kasten\/rechteckige-holzkiste\/#breadcrumb\"},\"inLanguage\":\"de\",\"potentialAction\":[{\"@type\":\"ReadAction\",\"target\":[\"https:\/\/www.plumprops.com\/de\/holzerne-kasten\/rechteckige-holzkiste\/\"]}]},{\"@type\":\"BreadcrumbList\",\"@id\":\"https:\/\/www.plumprops.com\/de\/holzerne-kasten\/rechteckige-holzkiste\/#breadcrumb\",\"itemListElement\":[{\"@type\":\"ListItem\",\"position\":1,\"item\":{\"@type\":\"WebPage\",\"@id\":\"https:\/\/www.plumprops.com\/de\/\",\"url\":\"https:\/\/www.plumprops.com\/de\/\",\"name\":\"Home\"}},{\"@type\":\"ListItem\",\"position\":2,\"item\":{\"@type\":\"WebPage\",\"@id\":\"https:\/\/www.plumprops.com\/de\/onlineshop\/\",\"url\":\"https:\/\/www.plumprops.com\/de\/onlineshop\/\",\"name\":\"Onlineshop\"}},{\"@type\":\"ListItem\",\"position\":3,\"item\":{\"@type\":\"WebPage\",\"@id\":\"https:\/\/www.plumprops.com\/de\/holzerne-kasten\/rechteckige-holzkiste\/\",\"url\":\"https:\/\/www.plumprops.com\/de\/holzerne-kasten\/rechteckige-holzkiste\/\",\"name\":\"Rechteckige Holzkiste\"}}]}]}<\/script>\n<!-- \/ Yoast SEO plugin. -->","_links":{"self":[{"href":"https:\/\/www.plumprops.com\/de\/wp-json\/wp\/v2\/product\/8625"}],"collection":[{"href":"https:\/\/www.plumprops.com\/de\/wp-json\/wp\/v2\/product"}],"about":[{"href":"https:\/\/www.plumprops.com\/de\/wp-json\/wp\/v2\/types\/product"}],"replies":[{"embeddable":true,"href":"https:\/\/www.plumprops.com\/de\/wp-json\/wp\/v2\/comments?post=8625"}],"version-history":[{"count":0,"href":"https:\/\/www.plumprops.com\/de\/wp-json\/wp\/v2\/product\/8625\/revisions"}],"wp:featuredmedia":[{"embeddable":true,"href":"https:\/\/www.plumprops.com\/de\/wp-json\/wp\/v2\/media\/14013"}],"wp:attachment":[{"href":"https:\/\/www.plumprops.com\/de\/wp-json\/wp\/v2\/media?parent=8625"}],"curies":[{"name":"wp","href":"https:\/\/api.w.org\/{rel}","templated":true}]}}