{"id":8896,"date":"2020-10-29T09:45:40","date_gmt":"2020-10-29T09:45:40","guid":{"rendered":"https:\/\/www.plumprops.com\/?product=drei-bogen-lila"},"modified":"2025-05-29T20:27:44","modified_gmt":"2025-05-29T20:27:44","slug":"drei-bogen","status":"publish","type":"product","link":"https:\/\/www.plumprops.com\/de\/haarband\/drei-bogen\/","title":{"rendered":"Drei B\u00f6gen"},"content":{"rendered":"<p><span class=\"tlid-translation translation\" lang=\"de\"><span title=\"\">Sch\u00f6nes Stirnband mit drei Schleifen.<\/span><\/span><\/p>\n<p><span class=\"\" title=\"\">Dieses Stirnband ist f\u00fcr ein Neugeborenes als Foto-Requisite gedacht und sollte nur unter vollst\u00e4ndiger Aufsicht von Erwachsenen verwendet werden, da es kleine Teile enth\u00e4lt.<\/span><\/p>\n<p><span class=\"\" title=\"\">100% handgemacht<\/span><\/p>\n","protected":false},"excerpt":{"rendered":"<p>Stirnband im rustikalen Stil &#8211; drei B\u00f6gen an einer d\u00fcnnen, rohen Schnur.Gr\u00f6\u00dfe: nb<\/p>\n","protected":false},"featured_media":8892,"comment_status":"open","ping_status":"closed","template":"","meta":[],"yoast_head":"<!-- This site is optimized with the Yoast SEO plugin v16.0.2 - https:\/\/yoast.com\/wordpress\/plugins\/seo\/ -->\n<title>Drei B\u00f6gen - Newborn Photography Props<\/title>\n<link rel=\"canonical\" href=\"https:\/\/www.plumprops.com\/de\/haarband\/drei-bogen\/\" \/>\n<meta property=\"og:locale\" content=\"de_DE\" \/>\n<meta property=\"og:type\" content=\"article\" \/>\n<meta property=\"og:title\" content=\"Drei B\u00f6gen - Newborn Photography Props\" \/>\n<meta property=\"og:description\" content=\"Stirnband im rustikalen Stil - drei B\u00f6gen an einer d\u00fcnnen, rohen Schnur.Gr\u00f6\u00dfe: nb\" \/>\n<meta property=\"og:url\" content=\"https:\/\/www.plumprops.com\/de\/haarband\/drei-bogen\/\" \/>\n<meta property=\"og:site_name\" content=\"Newborn Photography Props\" \/>\n<meta property=\"article:modified_time\" content=\"2025-05-29T20:27:44+00:00\" \/>\n<meta property=\"og:image\" content=\"https:\/\/www.plumprops.com\/wp-content\/uploads\/2020\/06\/2179.jpg\" \/>\n\t<meta property=\"og:image:width\" content=\"1800\" \/>\n\t<meta property=\"og:image:height\" content=\"1192\" \/>\n<meta name=\"twitter:card\" content=\"summary_large_image\" \/>\n<script type=\"application\/ld+json\" class=\"yoast-schema-graph\">{\"@context\":\"https:\/\/schema.org\",\"@graph\":[{\"@type\":\"WebSite\",\"@id\":\"https:\/\/www.plumprops.com\/#website\",\"url\":\"https:\/\/www.plumprops.com\/\",\"name\":\"Newborn Photography Props\",\"description\":\"\",\"potentialAction\":[{\"@type\":\"SearchAction\",\"target\":\"https:\/\/www.plumprops.com\/?s={search_term_string}\",\"query-input\":\"required name=search_term_string\"}],\"inLanguage\":\"de\"},{\"@type\":\"ImageObject\",\"@id\":\"https:\/\/www.plumprops.com\/de\/haarband\/drei-bogen\/#primaryimage\",\"inLanguage\":\"de\",\"url\":\"https:\/\/www.plumprops.com\/wp-content\/uploads\/2020\/06\/2179.jpg\",\"width\":1800,\"height\":1192},{\"@type\":\"WebPage\",\"@id\":\"https:\/\/www.plumprops.com\/de\/haarband\/drei-bogen\/#webpage\",\"url\":\"https:\/\/www.plumprops.com\/de\/haarband\/drei-bogen\/\",\"name\":\"Drei B\\u00f6gen - Newborn Photography Props\",\"isPartOf\":{\"@id\":\"https:\/\/www.plumprops.com\/#website\"},\"primaryImageOfPage\":{\"@id\":\"https:\/\/www.plumprops.com\/de\/haarband\/drei-bogen\/#primaryimage\"},\"datePublished\":\"2020-10-29T09:45:40+00:00\",\"dateModified\":\"2025-05-29T20:27:44+00:00\",\"breadcrumb\":{\"@id\":\"https:\/\/www.plumprops.com\/de\/haarband\/drei-bogen\/#breadcrumb\"},\"inLanguage\":\"de\",\"potentialAction\":[{\"@type\":\"ReadAction\",\"target\":[\"https:\/\/www.plumprops.com\/de\/haarband\/drei-bogen\/\"]}]},{\"@type\":\"BreadcrumbList\",\"@id\":\"https:\/\/www.plumprops.com\/de\/haarband\/drei-bogen\/#breadcrumb\",\"itemListElement\":[{\"@type\":\"ListItem\",\"position\":1,\"item\":{\"@type\":\"WebPage\",\"@id\":\"https:\/\/www.plumprops.com\/de\/\",\"url\":\"https:\/\/www.plumprops.com\/de\/\",\"name\":\"Home\"}},{\"@type\":\"ListItem\",\"position\":2,\"item\":{\"@type\":\"WebPage\",\"@id\":\"https:\/\/www.plumprops.com\/de\/onlineshop\/\",\"url\":\"https:\/\/www.plumprops.com\/de\/onlineshop\/\",\"name\":\"Onlineshop\"}},{\"@type\":\"ListItem\",\"position\":3,\"item\":{\"@type\":\"WebPage\",\"@id\":\"https:\/\/www.plumprops.com\/de\/haarband\/drei-bogen\/\",\"url\":\"https:\/\/www.plumprops.com\/de\/haarband\/drei-bogen\/\",\"name\":\"Drei B\\u00f6gen\"}}]}]}<\/script>\n<!-- \/ Yoast SEO plugin. -->","_links":{"self":[{"href":"https:\/\/www.plumprops.com\/de\/wp-json\/wp\/v2\/product\/8896"}],"collection":[{"href":"https:\/\/www.plumprops.com\/de\/wp-json\/wp\/v2\/product"}],"about":[{"href":"https:\/\/www.plumprops.com\/de\/wp-json\/wp\/v2\/types\/product"}],"replies":[{"embeddable":true,"href":"https:\/\/www.plumprops.com\/de\/wp-json\/wp\/v2\/comments?post=8896"}],"version-history":[{"count":0,"href":"https:\/\/www.plumprops.com\/de\/wp-json\/wp\/v2\/product\/8896\/revisions"}],"wp:featuredmedia":[{"embeddable":true,"href":"https:\/\/www.plumprops.com\/de\/wp-json\/wp\/v2\/media\/8892"}],"wp:attachment":[{"href":"https:\/\/www.plumprops.com\/de\/wp-json\/wp\/v2\/media?parent=8896"}],"curies":[{"name":"wp","href":"https:\/\/api.w.org\/{rel}","templated":true}]}}