{"id":9308,"date":"2019-06-13T09:32:24","date_gmt":"2019-06-13T09:32:24","guid":{"rendered":"https:\/\/www.plumprops.com\/?product=jeansblau-wrap-mit-mutzchen"},"modified":"2025-05-29T15:48:00","modified_gmt":"2025-05-29T15:48:00","slug":"alpaca-wrap-mit-mutzchen","status":"publish","type":"product","link":"https:\/\/www.plumprops.com\/de\/einwicklungen\/alpaca-wrap-mit-mutzchen\/","title":{"rendered":"Alpaca Wrap mit M\u00fctzchen"},"content":{"rendered":"<p><span id=\"result_box\" lang=\"de\" xml:lang=\"de\">Handw\u00e4sche bei max. 30 \u00b0 C. Wickeln Sie ein Handtuch ein, um \u00fcbersch\u00fcssiges Wasser auszupressen, und legen Sie es zum Trocknen flach auf. Wringen Sie nicht aus.<\/span><\/p>\n","protected":false},"excerpt":{"rendered":"<p>Wollene Wrap mit M\u00fctzchen\u00a0 Wrapper ist dehnbar, ideal zum Wickeln von Neugeborenen. Es kann auch als Polsterung \/ Schicht.\u00a0<\/p>\n<p>Sein Rand rollt sich zu einer Rolle zusammen.<\/p>\n<p>Die Gr\u00f6\u00dfe betr\u00e4gt ca. 40 x 150 (+\/- 10) cm ungedehnt.<\/p>\n<p>35% peruanische Hochlandwolle und 65% perfektes Alpaka <\/p>\n","protected":false},"featured_media":14604,"comment_status":"open","ping_status":"closed","template":"","meta":[],"yoast_head":"<!-- This site is optimized with the Yoast SEO plugin v16.0.2 - https:\/\/yoast.com\/wordpress\/plugins\/seo\/ -->\n<title>Alpaca Wrap mit M\u00fctzchen - Newborn Photography Props<\/title>\n<link rel=\"canonical\" href=\"https:\/\/www.plumprops.com\/de\/einwicklungen\/alpaca-wrap-mit-mutzchen\/\" \/>\n<meta property=\"og:locale\" content=\"de_DE\" \/>\n<meta property=\"og:type\" content=\"article\" \/>\n<meta property=\"og:title\" content=\"Alpaca Wrap mit M\u00fctzchen - Newborn Photography Props\" \/>\n<meta property=\"og:description\" content=\"Wollene Wrap mit M\u00fctzchen\u00a0 Wrapper ist dehnbar, ideal zum Wickeln von Neugeborenen. Es kann auch als Polsterung \/ Schicht.\u00a0 Sein Rand rollt sich zu einer Rolle zusammen. Die Gr\u00f6\u00dfe betr\u00e4gt ca. 40 x 150 (+\/- 10) cm ungedehnt. 35% peruanische Hochlandwolle und 65% perfektes Alpaka\" \/>\n<meta property=\"og:url\" content=\"https:\/\/www.plumprops.com\/de\/einwicklungen\/alpaca-wrap-mit-mutzchen\/\" \/>\n<meta property=\"og:site_name\" content=\"Newborn Photography Props\" \/>\n<meta property=\"article:modified_time\" content=\"2025-05-29T15:48:00+00:00\" \/>\n<meta property=\"og:image\" content=\"https:\/\/www.plumprops.com\/wp-content\/uploads\/2020\/09\/DSC_0188.jpg\" \/>\n\t<meta property=\"og:image:width\" content=\"1400\" \/>\n\t<meta property=\"og:image:height\" content=\"927\" \/>\n<meta name=\"twitter:card\" content=\"summary_large_image\" \/>\n<script type=\"application\/ld+json\" class=\"yoast-schema-graph\">{\"@context\":\"https:\/\/schema.org\",\"@graph\":[{\"@type\":\"WebSite\",\"@id\":\"https:\/\/www.plumprops.com\/#website\",\"url\":\"https:\/\/www.plumprops.com\/\",\"name\":\"Newborn Photography Props\",\"description\":\"\",\"potentialAction\":[{\"@type\":\"SearchAction\",\"target\":\"https:\/\/www.plumprops.com\/?s={search_term_string}\",\"query-input\":\"required name=search_term_string\"}],\"inLanguage\":\"de\"},{\"@type\":\"ImageObject\",\"@id\":\"https:\/\/www.plumprops.com\/de\/einwicklungen\/alpaca-wrap-mit-mutzchen\/#primaryimage\",\"inLanguage\":\"de\",\"url\":\"https:\/\/www.plumprops.com\/wp-content\/uploads\/2020\/09\/DSC_0188.jpg\",\"width\":1400,\"height\":927},{\"@type\":\"WebPage\",\"@id\":\"https:\/\/www.plumprops.com\/de\/einwicklungen\/alpaca-wrap-mit-mutzchen\/#webpage\",\"url\":\"https:\/\/www.plumprops.com\/de\/einwicklungen\/alpaca-wrap-mit-mutzchen\/\",\"name\":\"Alpaca Wrap mit M\\u00fctzchen - Newborn Photography Props\",\"isPartOf\":{\"@id\":\"https:\/\/www.plumprops.com\/#website\"},\"primaryImageOfPage\":{\"@id\":\"https:\/\/www.plumprops.com\/de\/einwicklungen\/alpaca-wrap-mit-mutzchen\/#primaryimage\"},\"datePublished\":\"2019-06-13T09:32:24+00:00\",\"dateModified\":\"2025-05-29T15:48:00+00:00\",\"breadcrumb\":{\"@id\":\"https:\/\/www.plumprops.com\/de\/einwicklungen\/alpaca-wrap-mit-mutzchen\/#breadcrumb\"},\"inLanguage\":\"de\",\"potentialAction\":[{\"@type\":\"ReadAction\",\"target\":[\"https:\/\/www.plumprops.com\/de\/einwicklungen\/alpaca-wrap-mit-mutzchen\/\"]}]},{\"@type\":\"BreadcrumbList\",\"@id\":\"https:\/\/www.plumprops.com\/de\/einwicklungen\/alpaca-wrap-mit-mutzchen\/#breadcrumb\",\"itemListElement\":[{\"@type\":\"ListItem\",\"position\":1,\"item\":{\"@type\":\"WebPage\",\"@id\":\"https:\/\/www.plumprops.com\/de\/\",\"url\":\"https:\/\/www.plumprops.com\/de\/\",\"name\":\"Home\"}},{\"@type\":\"ListItem\",\"position\":2,\"item\":{\"@type\":\"WebPage\",\"@id\":\"https:\/\/www.plumprops.com\/de\/onlineshop\/\",\"url\":\"https:\/\/www.plumprops.com\/de\/onlineshop\/\",\"name\":\"Onlineshop\"}},{\"@type\":\"ListItem\",\"position\":3,\"item\":{\"@type\":\"WebPage\",\"@id\":\"https:\/\/www.plumprops.com\/de\/einwicklungen\/alpaca-wrap-mit-mutzchen\/\",\"url\":\"https:\/\/www.plumprops.com\/de\/einwicklungen\/alpaca-wrap-mit-mutzchen\/\",\"name\":\"Alpaca Wrap mit M\\u00fctzchen\"}}]}]}<\/script>\n<!-- \/ Yoast SEO plugin. -->","_links":{"self":[{"href":"https:\/\/www.plumprops.com\/de\/wp-json\/wp\/v2\/product\/9308"}],"collection":[{"href":"https:\/\/www.plumprops.com\/de\/wp-json\/wp\/v2\/product"}],"about":[{"href":"https:\/\/www.plumprops.com\/de\/wp-json\/wp\/v2\/types\/product"}],"replies":[{"embeddable":true,"href":"https:\/\/www.plumprops.com\/de\/wp-json\/wp\/v2\/comments?post=9308"}],"version-history":[{"count":0,"href":"https:\/\/www.plumprops.com\/de\/wp-json\/wp\/v2\/product\/9308\/revisions"}],"wp:featuredmedia":[{"embeddable":true,"href":"https:\/\/www.plumprops.com\/de\/wp-json\/wp\/v2\/media\/14604"}],"wp:attachment":[{"href":"https:\/\/www.plumprops.com\/de\/wp-json\/wp\/v2\/media?parent=9308"}],"curies":[{"name":"wp","href":"https:\/\/api.w.org\/{rel}","templated":true}]}}