{"id":9737,"date":"2020-02-03T14:26:55","date_gmt":"2020-02-03T14:26:55","guid":{"rendered":"https:\/\/www.plumprops.com\/?product=stuhl-fur-babyfotos-lavendel"},"modified":"2025-08-23T16:37:27","modified_gmt":"2025-08-23T16:37:27","slug":"stuhl-fur-babyfotos","status":"publish","type":"product","link":"https:\/\/www.plumprops.com\/de\/stuhle-und-tische\/stuhl-fur-babyfotos\/","title":{"rendered":"Stuhl f\u00fcr Babyfotos"},"content":{"rendered":"","protected":false},"excerpt":{"rendered":"<p>Holzstuhl mit sch\u00f6ner geschnitzter Dekoration. 100% handgemacht. Leicht zerkratzte Farbe. Perfekt f\u00fcr Betreuer.Sitzh\u00f6he: 17 cmH\u00f6he 50 cm (20 Zoll), Breite 30 cm (12 Zoll) x 26 cm (10 Zoll)<\/p>\n","protected":false},"featured_media":9731,"comment_status":"open","ping_status":"closed","template":"","meta":[],"yoast_head":"<!-- This site is optimized with the Yoast SEO plugin v16.0.2 - https:\/\/yoast.com\/wordpress\/plugins\/seo\/ -->\n<title>Stuhl f\u00fcr Babyfotos - Newborn Photography Props<\/title>\n<link rel=\"canonical\" href=\"https:\/\/www.plumprops.com\/de\/stuhle-und-tische\/stuhl-fur-babyfotos\/\" \/>\n<meta property=\"og:locale\" content=\"de_DE\" \/>\n<meta property=\"og:type\" content=\"article\" \/>\n<meta property=\"og:title\" content=\"Stuhl f\u00fcr Babyfotos - Newborn Photography Props\" \/>\n<meta property=\"og:description\" content=\"Holzstuhl mit sch\u00f6ner geschnitzter Dekoration. 100% handgemacht. Leicht zerkratzte Farbe. Perfekt f\u00fcr Betreuer.Sitzh\u00f6he: 17 cmH\u00f6he 50 cm (20 Zoll), Breite 30 cm (12 Zoll) x 26 cm (10 Zoll)\" \/>\n<meta property=\"og:url\" content=\"https:\/\/www.plumprops.com\/de\/stuhle-und-tische\/stuhl-fur-babyfotos\/\" \/>\n<meta property=\"og:site_name\" content=\"Newborn Photography Props\" \/>\n<meta property=\"article:modified_time\" content=\"2025-08-23T16:37:27+00:00\" \/>\n<meta property=\"og:image\" content=\"https:\/\/www.plumprops.com\/wp-content\/uploads\/2020\/06\/3152.jpg\" \/>\n\t<meta property=\"og:image:width\" content=\"1400\" \/>\n\t<meta property=\"og:image:height\" content=\"935\" \/>\n<meta name=\"twitter:card\" content=\"summary_large_image\" \/>\n<script type=\"application\/ld+json\" class=\"yoast-schema-graph\">{\"@context\":\"https:\/\/schema.org\",\"@graph\":[{\"@type\":\"WebSite\",\"@id\":\"https:\/\/www.plumprops.com\/#website\",\"url\":\"https:\/\/www.plumprops.com\/\",\"name\":\"Newborn Photography Props\",\"description\":\"\",\"potentialAction\":[{\"@type\":\"SearchAction\",\"target\":\"https:\/\/www.plumprops.com\/?s={search_term_string}\",\"query-input\":\"required name=search_term_string\"}],\"inLanguage\":\"de\"},{\"@type\":\"ImageObject\",\"@id\":\"https:\/\/www.plumprops.com\/de\/stuhle-und-tische\/stuhl-fur-babyfotos\/#primaryimage\",\"inLanguage\":\"de\",\"url\":\"https:\/\/www.plumprops.com\/wp-content\/uploads\/2020\/06\/3152.jpg\",\"width\":1400,\"height\":935},{\"@type\":\"WebPage\",\"@id\":\"https:\/\/www.plumprops.com\/de\/stuhle-und-tische\/stuhl-fur-babyfotos\/#webpage\",\"url\":\"https:\/\/www.plumprops.com\/de\/stuhle-und-tische\/stuhl-fur-babyfotos\/\",\"name\":\"Stuhl f\\u00fcr Babyfotos - Newborn Photography Props\",\"isPartOf\":{\"@id\":\"https:\/\/www.plumprops.com\/#website\"},\"primaryImageOfPage\":{\"@id\":\"https:\/\/www.plumprops.com\/de\/stuhle-und-tische\/stuhl-fur-babyfotos\/#primaryimage\"},\"datePublished\":\"2020-02-03T14:26:55+00:00\",\"dateModified\":\"2025-08-23T16:37:27+00:00\",\"breadcrumb\":{\"@id\":\"https:\/\/www.plumprops.com\/de\/stuhle-und-tische\/stuhl-fur-babyfotos\/#breadcrumb\"},\"inLanguage\":\"de\",\"potentialAction\":[{\"@type\":\"ReadAction\",\"target\":[\"https:\/\/www.plumprops.com\/de\/stuhle-und-tische\/stuhl-fur-babyfotos\/\"]}]},{\"@type\":\"BreadcrumbList\",\"@id\":\"https:\/\/www.plumprops.com\/de\/stuhle-und-tische\/stuhl-fur-babyfotos\/#breadcrumb\",\"itemListElement\":[{\"@type\":\"ListItem\",\"position\":1,\"item\":{\"@type\":\"WebPage\",\"@id\":\"https:\/\/www.plumprops.com\/de\/\",\"url\":\"https:\/\/www.plumprops.com\/de\/\",\"name\":\"Home\"}},{\"@type\":\"ListItem\",\"position\":2,\"item\":{\"@type\":\"WebPage\",\"@id\":\"https:\/\/www.plumprops.com\/de\/onlineshop\/\",\"url\":\"https:\/\/www.plumprops.com\/de\/onlineshop\/\",\"name\":\"Onlineshop\"}},{\"@type\":\"ListItem\",\"position\":3,\"item\":{\"@type\":\"WebPage\",\"@id\":\"https:\/\/www.plumprops.com\/de\/stuhle-und-tische\/stuhl-fur-babyfotos\/\",\"url\":\"https:\/\/www.plumprops.com\/de\/stuhle-und-tische\/stuhl-fur-babyfotos\/\",\"name\":\"Stuhl f\\u00fcr Babyfotos\"}}]}]}<\/script>\n<!-- \/ Yoast SEO plugin. -->","_links":{"self":[{"href":"https:\/\/www.plumprops.com\/de\/wp-json\/wp\/v2\/product\/9737"}],"collection":[{"href":"https:\/\/www.plumprops.com\/de\/wp-json\/wp\/v2\/product"}],"about":[{"href":"https:\/\/www.plumprops.com\/de\/wp-json\/wp\/v2\/types\/product"}],"replies":[{"embeddable":true,"href":"https:\/\/www.plumprops.com\/de\/wp-json\/wp\/v2\/comments?post=9737"}],"version-history":[{"count":0,"href":"https:\/\/www.plumprops.com\/de\/wp-json\/wp\/v2\/product\/9737\/revisions"}],"wp:featuredmedia":[{"embeddable":true,"href":"https:\/\/www.plumprops.com\/de\/wp-json\/wp\/v2\/media\/9731"}],"wp:attachment":[{"href":"https:\/\/www.plumprops.com\/de\/wp-json\/wp\/v2\/media?parent=9737"}],"curies":[{"name":"wp","href":"https:\/\/api.w.org\/{rel}","templated":true}]}}