{"id":9845,"date":"2020-02-19T15:50:01","date_gmt":"2020-02-19T15:50:01","guid":{"rendered":"https:\/\/www.plumprops.com\/?product=pom-pom-mutzchen-blau"},"modified":"2020-10-27T14:06:31","modified_gmt":"2020-10-27T14:06:31","slug":"pom-pom-mutzchen","status":"publish","type":"product","link":"https:\/\/www.plumprops.com\/de\/mutzchen\/pom-pom-mutzchen\/","title":{"rendered":"Pom pom M\u00fctzchen"},"content":{"rendered":"<p>Gr\u00f6\u00dfe: f\u00fcr Neugeborenen<\/p>\n<p><img src=\"https:\/\/www.garnstudio.com\/img\/shademap\/Melody\/wash.jpg\" alt=\"Braun M\u00fctzchen mit \u00d6hrchen f\u00fcr Neugeborenen\" width=\"268\" height=\"35\" \/><\/p>\n<p>Handwaschen, mit kleiner Menge vom Sp\u00fclmittel, max. 30 \u00b0 C, im warmen Wasser. Flach trocknen.<\/p>\n<p>&nbsp;<\/p>\n","protected":false},"excerpt":{"rendered":"<p>Neugeborene M\u00fctzchen mit Bommel aus superfeinem Alpaka und Merinowolle im Mohair-Look.<\/p>\n","protected":false},"featured_media":13433,"comment_status":"open","ping_status":"closed","template":"","meta":[],"yoast_head":"<!-- This site is optimized with the Yoast SEO plugin v16.0.2 - https:\/\/yoast.com\/wordpress\/plugins\/seo\/ -->\n<title>Pom pom M\u00fctzchen - Newborn Photography Props<\/title>\n<link rel=\"canonical\" href=\"https:\/\/www.plumprops.com\/de\/mutzchen\/pom-pom-mutzchen\/\" \/>\n<meta property=\"og:locale\" content=\"de_DE\" \/>\n<meta property=\"og:type\" content=\"article\" \/>\n<meta property=\"og:title\" content=\"Pom pom M\u00fctzchen - Newborn Photography Props\" \/>\n<meta property=\"og:description\" content=\"Neugeborene M\u00fctzchen mit Bommel aus superfeinem Alpaka und Merinowolle im Mohair-Look.\" \/>\n<meta property=\"og:url\" content=\"https:\/\/www.plumprops.com\/de\/mutzchen\/pom-pom-mutzchen\/\" \/>\n<meta property=\"og:site_name\" content=\"Newborn Photography Props\" \/>\n<meta property=\"article:modified_time\" content=\"2020-10-27T14:06:31+00:00\" \/>\n<meta property=\"og:image\" content=\"https:\/\/www.plumprops.com\/wp-content\/uploads\/2020\/02\/POM-POM-HATS-59_1.jpg\" \/>\n\t<meta property=\"og:image:width\" content=\"1400\" \/>\n\t<meta property=\"og:image:height\" content=\"927\" \/>\n<meta name=\"twitter:card\" content=\"summary_large_image\" \/>\n<script type=\"application\/ld+json\" class=\"yoast-schema-graph\">{\"@context\":\"https:\/\/schema.org\",\"@graph\":[{\"@type\":\"WebSite\",\"@id\":\"https:\/\/www.plumprops.com\/#website\",\"url\":\"https:\/\/www.plumprops.com\/\",\"name\":\"Newborn Photography Props\",\"description\":\"\",\"potentialAction\":[{\"@type\":\"SearchAction\",\"target\":\"https:\/\/www.plumprops.com\/?s={search_term_string}\",\"query-input\":\"required name=search_term_string\"}],\"inLanguage\":\"de\"},{\"@type\":\"ImageObject\",\"@id\":\"https:\/\/www.plumprops.com\/de\/mutzchen\/pom-pom-mutzchen\/#primaryimage\",\"inLanguage\":\"de\",\"url\":\"https:\/\/www.plumprops.com\/wp-content\/uploads\/2020\/02\/POM-POM-HATS-59_1.jpg\",\"width\":1400,\"height\":927},{\"@type\":\"WebPage\",\"@id\":\"https:\/\/www.plumprops.com\/de\/mutzchen\/pom-pom-mutzchen\/#webpage\",\"url\":\"https:\/\/www.plumprops.com\/de\/mutzchen\/pom-pom-mutzchen\/\",\"name\":\"Pom pom M\\u00fctzchen - Newborn Photography Props\",\"isPartOf\":{\"@id\":\"https:\/\/www.plumprops.com\/#website\"},\"primaryImageOfPage\":{\"@id\":\"https:\/\/www.plumprops.com\/de\/mutzchen\/pom-pom-mutzchen\/#primaryimage\"},\"datePublished\":\"2020-02-19T15:50:01+00:00\",\"dateModified\":\"2020-10-27T14:06:31+00:00\",\"breadcrumb\":{\"@id\":\"https:\/\/www.plumprops.com\/de\/mutzchen\/pom-pom-mutzchen\/#breadcrumb\"},\"inLanguage\":\"de\",\"potentialAction\":[{\"@type\":\"ReadAction\",\"target\":[\"https:\/\/www.plumprops.com\/de\/mutzchen\/pom-pom-mutzchen\/\"]}]},{\"@type\":\"BreadcrumbList\",\"@id\":\"https:\/\/www.plumprops.com\/de\/mutzchen\/pom-pom-mutzchen\/#breadcrumb\",\"itemListElement\":[{\"@type\":\"ListItem\",\"position\":1,\"item\":{\"@type\":\"WebPage\",\"@id\":\"https:\/\/www.plumprops.com\/de\/\",\"url\":\"https:\/\/www.plumprops.com\/de\/\",\"name\":\"Home\"}},{\"@type\":\"ListItem\",\"position\":2,\"item\":{\"@type\":\"WebPage\",\"@id\":\"https:\/\/www.plumprops.com\/de\/onlineshop\/\",\"url\":\"https:\/\/www.plumprops.com\/de\/onlineshop\/\",\"name\":\"Onlineshop\"}},{\"@type\":\"ListItem\",\"position\":3,\"item\":{\"@type\":\"WebPage\",\"@id\":\"https:\/\/www.plumprops.com\/de\/mutzchen\/pom-pom-mutzchen\/\",\"url\":\"https:\/\/www.plumprops.com\/de\/mutzchen\/pom-pom-mutzchen\/\",\"name\":\"Pom pom M\\u00fctzchen\"}}]}]}<\/script>\n<!-- \/ Yoast SEO plugin. -->","_links":{"self":[{"href":"https:\/\/www.plumprops.com\/de\/wp-json\/wp\/v2\/product\/9845"}],"collection":[{"href":"https:\/\/www.plumprops.com\/de\/wp-json\/wp\/v2\/product"}],"about":[{"href":"https:\/\/www.plumprops.com\/de\/wp-json\/wp\/v2\/types\/product"}],"replies":[{"embeddable":true,"href":"https:\/\/www.plumprops.com\/de\/wp-json\/wp\/v2\/comments?post=9845"}],"version-history":[{"count":0,"href":"https:\/\/www.plumprops.com\/de\/wp-json\/wp\/v2\/product\/9845\/revisions"}],"wp:featuredmedia":[{"embeddable":true,"href":"https:\/\/www.plumprops.com\/de\/wp-json\/wp\/v2\/media\/13433"}],"wp:attachment":[{"href":"https:\/\/www.plumprops.com\/de\/wp-json\/wp\/v2\/media?parent=9845"}],"curies":[{"name":"wp","href":"https:\/\/api.w.org\/{rel}","templated":true}]}}