{"id":9874,"date":"2020-02-19T17:52:20","date_gmt":"2020-02-19T17:52:20","guid":{"rendered":"https:\/\/www.plumprops.com\/?product=rostbraun-mutzchen"},"modified":"2020-10-27T14:09:54","modified_gmt":"2020-10-27T14:09:54","slug":"flauschige-mutzchen","status":"publish","type":"product","link":"https:\/\/www.plumprops.com\/de\/mutzchen\/flauschige-mutzchen\/","title":{"rendered":"Flauschige M\u00fctzchen"},"content":{"rendered":"<p>Gr\u00f6\u00dfe: f\u00fcr Neugeborenen<\/p>\n<p><img src=\"https:\/\/www.garnstudio.com\/img\/shademap\/Melody\/wash.jpg\" alt=\"Rosa M\u00fctzchen f\u00fcr Neugeborenen\" width=\"268\" height=\"35\" \/><\/p>\n<p>Handwaschen, mit kleiner Menge vom Sp\u00fclmittel, max. 30 \u00b0 C, im warmen Wasser. Flach trocknen.<\/p>\n<p>&nbsp;<\/p>\n","protected":false},"excerpt":{"rendered":"<p>Flauschige Babym\u00fctzchen, das aus Wolle von hoher Qualit\u00e4t vom Typ Moh\u00e4r ausgef\u00fchrt wird. Es f\u00fchlt sich ungew\u00f6hnlich\u00a0 nett und ist nicht kratzend. Ausgezeichnet f\u00fcr die zarte S\u00e4uglingshaut. Must have in jedem Neugeborenen &#8211;\u00a0 Fotostudio.<\/p>\n","protected":false},"featured_media":9869,"comment_status":"open","ping_status":"closed","template":"","meta":[],"yoast_head":"<!-- This site is optimized with the Yoast SEO plugin v16.0.2 - https:\/\/yoast.com\/wordpress\/plugins\/seo\/ -->\n<title>Flauschige M\u00fctzchen - Newborn Photography Props<\/title>\n<link rel=\"canonical\" href=\"https:\/\/www.plumprops.com\/de\/mutzchen\/flauschige-mutzchen\/\" \/>\n<meta property=\"og:locale\" content=\"de_DE\" \/>\n<meta property=\"og:type\" content=\"article\" \/>\n<meta property=\"og:title\" content=\"Flauschige M\u00fctzchen - Newborn Photography Props\" \/>\n<meta property=\"og:description\" content=\"Flauschige Babym\u00fctzchen, das aus Wolle von hoher Qualit\u00e4t vom Typ Moh\u00e4r ausgef\u00fchrt wird. Es f\u00fchlt sich ungew\u00f6hnlich\u00a0 nett und ist nicht kratzend. Ausgezeichnet f\u00fcr die zarte S\u00e4uglingshaut. Must have in jedem Neugeborenen -\u00a0 Fotostudio.\" \/>\n<meta property=\"og:url\" content=\"https:\/\/www.plumprops.com\/de\/mutzchen\/flauschige-mutzchen\/\" \/>\n<meta property=\"og:site_name\" content=\"Newborn Photography Props\" \/>\n<meta property=\"article:modified_time\" content=\"2020-10-27T14:09:54+00:00\" \/>\n<meta property=\"og:image\" content=\"https:\/\/www.plumprops.com\/wp-content\/uploads\/2020\/06\/3264.jpg\" \/>\n\t<meta property=\"og:image:width\" content=\"1400\" \/>\n\t<meta property=\"og:image:height\" content=\"927\" \/>\n<meta name=\"twitter:card\" content=\"summary_large_image\" \/>\n<script type=\"application\/ld+json\" class=\"yoast-schema-graph\">{\"@context\":\"https:\/\/schema.org\",\"@graph\":[{\"@type\":\"WebSite\",\"@id\":\"https:\/\/www.plumprops.com\/#website\",\"url\":\"https:\/\/www.plumprops.com\/\",\"name\":\"Newborn Photography Props\",\"description\":\"\",\"potentialAction\":[{\"@type\":\"SearchAction\",\"target\":\"https:\/\/www.plumprops.com\/?s={search_term_string}\",\"query-input\":\"required name=search_term_string\"}],\"inLanguage\":\"de\"},{\"@type\":\"ImageObject\",\"@id\":\"https:\/\/www.plumprops.com\/de\/mutzchen\/flauschige-mutzchen\/#primaryimage\",\"inLanguage\":\"de\",\"url\":\"https:\/\/www.plumprops.com\/wp-content\/uploads\/2020\/06\/3264.jpg\",\"width\":1400,\"height\":927},{\"@type\":\"WebPage\",\"@id\":\"https:\/\/www.plumprops.com\/de\/mutzchen\/flauschige-mutzchen\/#webpage\",\"url\":\"https:\/\/www.plumprops.com\/de\/mutzchen\/flauschige-mutzchen\/\",\"name\":\"Flauschige M\\u00fctzchen - Newborn Photography Props\",\"isPartOf\":{\"@id\":\"https:\/\/www.plumprops.com\/#website\"},\"primaryImageOfPage\":{\"@id\":\"https:\/\/www.plumprops.com\/de\/mutzchen\/flauschige-mutzchen\/#primaryimage\"},\"datePublished\":\"2020-02-19T17:52:20+00:00\",\"dateModified\":\"2020-10-27T14:09:54+00:00\",\"breadcrumb\":{\"@id\":\"https:\/\/www.plumprops.com\/de\/mutzchen\/flauschige-mutzchen\/#breadcrumb\"},\"inLanguage\":\"de\",\"potentialAction\":[{\"@type\":\"ReadAction\",\"target\":[\"https:\/\/www.plumprops.com\/de\/mutzchen\/flauschige-mutzchen\/\"]}]},{\"@type\":\"BreadcrumbList\",\"@id\":\"https:\/\/www.plumprops.com\/de\/mutzchen\/flauschige-mutzchen\/#breadcrumb\",\"itemListElement\":[{\"@type\":\"ListItem\",\"position\":1,\"item\":{\"@type\":\"WebPage\",\"@id\":\"https:\/\/www.plumprops.com\/de\/\",\"url\":\"https:\/\/www.plumprops.com\/de\/\",\"name\":\"Home\"}},{\"@type\":\"ListItem\",\"position\":2,\"item\":{\"@type\":\"WebPage\",\"@id\":\"https:\/\/www.plumprops.com\/de\/onlineshop\/\",\"url\":\"https:\/\/www.plumprops.com\/de\/onlineshop\/\",\"name\":\"Onlineshop\"}},{\"@type\":\"ListItem\",\"position\":3,\"item\":{\"@type\":\"WebPage\",\"@id\":\"https:\/\/www.plumprops.com\/de\/mutzchen\/flauschige-mutzchen\/\",\"url\":\"https:\/\/www.plumprops.com\/de\/mutzchen\/flauschige-mutzchen\/\",\"name\":\"Flauschige M\\u00fctzchen\"}}]}]}<\/script>\n<!-- \/ Yoast SEO plugin. -->","_links":{"self":[{"href":"https:\/\/www.plumprops.com\/de\/wp-json\/wp\/v2\/product\/9874"}],"collection":[{"href":"https:\/\/www.plumprops.com\/de\/wp-json\/wp\/v2\/product"}],"about":[{"href":"https:\/\/www.plumprops.com\/de\/wp-json\/wp\/v2\/types\/product"}],"replies":[{"embeddable":true,"href":"https:\/\/www.plumprops.com\/de\/wp-json\/wp\/v2\/comments?post=9874"}],"version-history":[{"count":0,"href":"https:\/\/www.plumprops.com\/de\/wp-json\/wp\/v2\/product\/9874\/revisions"}],"wp:featuredmedia":[{"embeddable":true,"href":"https:\/\/www.plumprops.com\/de\/wp-json\/wp\/v2\/media\/9869"}],"wp:attachment":[{"href":"https:\/\/www.plumprops.com\/de\/wp-json\/wp\/v2\/media?parent=9874"}],"curies":[{"name":"wp","href":"https:\/\/api.w.org\/{rel}","templated":true}]}}