{"id":10501,"date":"2020-06-01T19:38:47","date_gmt":"2020-06-01T19:38:47","guid":{"rendered":"https:\/\/www.plumprops.com?p=10501"},"modified":"2024-01-02T13:30:22","modified_gmt":"2024-01-02T13:30:22","slug":"dostawa-i-platnosc","status":"publish","type":"page","link":"https:\/\/www.plumprops.com\/pl\/dostawa-i-platnosc\/","title":{"rendered":"Dostawa i p\u0142atno\u015b\u0107"},"content":{"rendered":"<h2>Sposoby dostawy<\/h2>\n<p>Nasze produkty wysy\u0142amy kurierem DPD. Czas dostawy przez\u00a0 przewo\u017anika to 1-2 dni robocze.<\/p>\n<p>Mo\u017cesz tak\u017ce skontaktowa\u0107 si\u0119 z nami, je\u015bli chcesz odebra\u0107 swoje produkty osobi\u015bcie.<\/p>\n<h2>Koszt dostawy<\/h2>\n<p>Po dodaniu produkt\u00f3w do koszyka system automatycznie wylicza i dodaje do kwoty zam\u00f3wienia koszt wysy\u0142ki kurierem. W kolejnych krokach mo\u017cesz zmieni\u0107 spos\u00f3b dostawy. System automatycznie wy\u015bwietli Ci mo\u017cliwo\u015bci i koszt wysy\u0142ki dla wybranych produktu. Zazwyczaj koszt wysy\u0142ki kurierem jednego zam\u00f3wienia wynosi 20-30 z\u0142. Mo\u017ce on si\u0119 zmieni\u0107 je\u015bli Twoje zam\u00f3wienie zawiera przedmioty o du\u017cych gabarytach jak pod\u0142oga i t\u0142o. Tak\u017ce zam\u00f3wienie, kt\u00f3re musimy spakowa\u0107 w wi\u0119cej ni\u017c jedn\u0105 paczk\u0119, mo\u017ce skutkowa\u0107 dro\u017csz\u0105 wysy\u0142k\u0105. Koszt wysy\u0142ki jednego zestawu t\u0142o + pod\u0142oga wynosi oko\u0142o 90 z\u0142.<\/p>\n<h2>Termin realizacji<\/h2>\n<p>Cz\u0119\u015b\u0107 naszych produkt\u00f3w dost\u0119pna jest od r\u0119ki.<\/p>\n<p>W takim przypadku, zam\u00f3wienia realizujemy do 48 godzin. Je\u015bli z jaki\u015b przyczyn nie b\u0119dziemy mogli dotrzyma\u0107 tego terminu, powiadomimy Ci\u0119 o tym niezw\u0142ocznie. Zawsze mo\u017cna tak\u017ce zapyta\u0107 nas, czy nie ma szans na przyspieszenie realizacji i wysy\u0142k\u0119 w dniu zam\u00f3wienia.<\/p>\n<p>Je\u015bli jakiego\u015b produktu nie mamy na stanie, tak\u017ce mo\u017cliwe jest jego zam\u00f3wienie, jednak czas oczekiwanie na realizacj\u0119 zam\u00f3wienia b\u0119dzie d\u0142u\u017cszy &#8211; od 5 do 15 dni roboczych w zale\u017cno\u015bci od produktu. Informacje o czasie oczekiwania na wysy\u0142k\u0119 danego produktu znajdziesz przy ka\u017cdym z nich.<\/p>\n<h2>Metody p\u0142atno\u015bci:<\/h2>\n<p>W naszym sklepie mo\u017cliwe s\u0105 nast\u0119puj\u0105ce metody p\u0142atno\u015bci:<\/p>\n<ul>\n<li>Przelew &#8211; standardowy przelew na konto w banku.<br \/>\nDane do przelewu zostan\u0105 przys\u0142ane mailowo. Ta opcja mo\u017ce op\u00f3\u017ani\u0107 wysy\u0142k\u0119, je\u015bli nie posiadasz konta w Santander Bank (chyba, \u017ce dokonasz wp\u0142aty z opcj\u0105 przelewu ekspresowego). Towar wysy\u0142amy dopiero w momencie zaksi\u0119gowania wp\u0142aty na koncie. Nie honorujemy wysy\u0142ek za okazaniem potwierdzenia przelewu.<\/li>\n<\/ul>\n<ul>\n<li>P\u0142atno\u015b\u0107 przy odbiorze &#8211; p\u0142acisz got\u00f3wk\u0105 przy odbiorze towaru (kurierowi lub nam bezpo\u015brednio, je\u017celi odbierasz towar osobi\u015bcie). Koszt wysy\u0142ki za pobraniem jest wi\u0119kszy, ni\u017c koszt wysy\u0142ki po przedp\u0142acie.<\/li>\n<\/ul>\n<ul>\n<li>PayPal<\/li>\n<\/ul>\n<p>&nbsp;<\/p>\n<p>.<\/p>\n","protected":false},"excerpt":{"rendered":"<p>Sposoby dostawy Nasze produkty wysy\u0142amy kurierem DPD. Czas dostawy przez\u00a0 przewo\u017anika to 1-2 dni robocze. Mo\u017cesz tak\u017ce skontaktowa\u0107 si\u0119 z nami, je\u015bli chcesz odebra\u0107 swoje produkty osobi\u015bcie. Koszt dostawy Po dodaniu produkt\u00f3w do koszyka system automatycznie wylicza i dodaje do kwoty zam\u00f3wienia koszt wysy\u0142ki kurierem. W kolejnych krokach mo\u017cesz zmieni\u0107 spos\u00f3b dostawy. System automatycznie wy\u015bwietli [&hellip;]<\/p>\n","protected":false},"author":332,"featured_media":0,"parent":0,"menu_order":0,"comment_status":"closed","ping_status":"closed","template":"template-fullwidth.php","meta":[],"yoast_head":"<!-- This site is optimized with the Yoast SEO plugin v16.0.2 - https:\/\/yoast.com\/wordpress\/plugins\/seo\/ -->\n<title>Dostawa i p\u0142atno\u015b\u0107<\/title>\n<meta name=\"description\" content=\"Dostawa i p\u0142atno\u015b\u0107\" \/>\n<link rel=\"canonical\" href=\"https:\/\/www.plumprops.com\/pl\/dostawa-i-platnosc\/\" \/>\n<meta property=\"og:locale\" content=\"pl_PL\" \/>\n<meta property=\"og:type\" content=\"article\" \/>\n<meta property=\"og:title\" content=\"Dostawa i p\u0142atno\u015b\u0107\" \/>\n<meta property=\"og:description\" content=\"Dostawa i p\u0142atno\u015b\u0107\" \/>\n<meta property=\"og:url\" content=\"https:\/\/www.plumprops.com\/pl\/dostawa-i-platnosc\/\" \/>\n<meta property=\"og:site_name\" content=\"Newborn Photography Props\" \/>\n<meta property=\"article:modified_time\" content=\"2024-01-02T13:30:22+00:00\" \/>\n<meta name=\"twitter:card\" content=\"summary_large_image\" \/>\n<meta name=\"twitter:label1\" content=\"Szacowany czas czytania\">\n\t<meta name=\"twitter:data1\" content=\"2 minuty\">\n<script type=\"application\/ld+json\" class=\"yoast-schema-graph\">{\"@context\":\"https:\/\/schema.org\",\"@graph\":[{\"@type\":\"WebSite\",\"@id\":\"https:\/\/www.plumprops.com\/#website\",\"url\":\"https:\/\/www.plumprops.com\/\",\"name\":\"Newborn Photography Props\",\"description\":\"\",\"potentialAction\":[{\"@type\":\"SearchAction\",\"target\":\"https:\/\/www.plumprops.com\/?s={search_term_string}\",\"query-input\":\"required name=search_term_string\"}],\"inLanguage\":\"pl-PL\"},{\"@type\":\"WebPage\",\"@id\":\"https:\/\/www.plumprops.com\/pl\/dostawa-i-platnosc\/#webpage\",\"url\":\"https:\/\/www.plumprops.com\/pl\/dostawa-i-platnosc\/\",\"name\":\"Dostawa i p\\u0142atno\\u015b\\u0107\",\"isPartOf\":{\"@id\":\"https:\/\/www.plumprops.com\/#website\"},\"datePublished\":\"2020-06-01T19:38:47+00:00\",\"dateModified\":\"2024-01-02T13:30:22+00:00\",\"description\":\"Dostawa i p\\u0142atno\\u015b\\u0107\",\"breadcrumb\":{\"@id\":\"https:\/\/www.plumprops.com\/pl\/dostawa-i-platnosc\/#breadcrumb\"},\"inLanguage\":\"pl-PL\",\"potentialAction\":[{\"@type\":\"ReadAction\",\"target\":[\"https:\/\/www.plumprops.com\/pl\/dostawa-i-platnosc\/\"]}]},{\"@type\":\"BreadcrumbList\",\"@id\":\"https:\/\/www.plumprops.com\/pl\/dostawa-i-platnosc\/#breadcrumb\",\"itemListElement\":[{\"@type\":\"ListItem\",\"position\":1,\"item\":{\"@type\":\"WebPage\",\"@id\":\"https:\/\/www.plumprops.com\/pl\/\",\"url\":\"https:\/\/www.plumprops.com\/pl\/\",\"name\":\"Home\"}},{\"@type\":\"ListItem\",\"position\":2,\"item\":{\"@type\":\"WebPage\",\"@id\":\"https:\/\/www.plumprops.com\/pl\/dostawa-i-platnosc\/\",\"url\":\"https:\/\/www.plumprops.com\/pl\/dostawa-i-platnosc\/\",\"name\":\"Dostawa i p\\u0142atno\\u015b\\u0107\"}}]}]}<\/script>\n<!-- \/ Yoast SEO plugin. -->","_links":{"self":[{"href":"https:\/\/www.plumprops.com\/pl\/wp-json\/wp\/v2\/pages\/10501"}],"collection":[{"href":"https:\/\/www.plumprops.com\/pl\/wp-json\/wp\/v2\/pages"}],"about":[{"href":"https:\/\/www.plumprops.com\/pl\/wp-json\/wp\/v2\/types\/page"}],"author":[{"embeddable":true,"href":"https:\/\/www.plumprops.com\/pl\/wp-json\/wp\/v2\/users\/332"}],"replies":[{"embeddable":true,"href":"https:\/\/www.plumprops.com\/pl\/wp-json\/wp\/v2\/comments?post=10501"}],"version-history":[{"count":4,"href":"https:\/\/www.plumprops.com\/pl\/wp-json\/wp\/v2\/pages\/10501\/revisions"}],"predecessor-version":[{"id":22263,"href":"https:\/\/www.plumprops.com\/pl\/wp-json\/wp\/v2\/pages\/10501\/revisions\/22263"}],"wp:attachment":[{"href":"https:\/\/www.plumprops.com\/pl\/wp-json\/wp\/v2\/media?parent=10501"}],"curies":[{"name":"wp","href":"https:\/\/api.w.org\/{rel}","templated":true}]}}