{"id":22544,"date":"2025-04-14T09:04:52","date_gmt":"2025-04-14T09:04:52","guid":{"rendered":"https:\/\/www.plumprops.com\/?page_id=22544"},"modified":"2025-04-14T09:16:19","modified_gmt":"2025-04-14T09:16:19","slug":"stolarnia","status":"publish","type":"page","link":"https:\/\/www.plumprops.com\/pl\/stolarnia\/","title":{"rendered":"Stolarnia"},"content":{"rendered":"\t\t<div data-elementor-type=\"wp-page\" data-elementor-id=\"22544\" class=\"elementor elementor-22544\" data-elementor-settings=\"[]\">\n\t\t\t\t\t\t<div class=\"elementor-inner\">\n\t\t\t\t\t\t\t<div class=\"elementor-section-wrap\">\n\t\t\t\t\t\t\t<section class=\"elementor-section elementor-top-section elementor-element elementor-element-a5007ef elementor-section-boxed elementor-section-height-default elementor-section-height-default\" data-id=\"a5007ef\" data-element_type=\"section\">\n\t\t\t\t\t\t<div class=\"elementor-container elementor-column-gap-default\">\n\t\t\t\t\t\t\t<div class=\"elementor-row\">\n\t\t\t\t\t<div class=\"elementor-column elementor-col-100 elementor-top-column elementor-element elementor-element-d01bde2\" data-id=\"d01bde2\" data-element_type=\"column\">\n\t\t\t<div class=\"elementor-column-wrap elementor-element-populated\">\n\t\t\t\t\t\t\t<div class=\"elementor-widget-wrap\">\n\t\t\t\t\t\t<div class=\"elementor-element elementor-element-0067e0e elementor-widget elementor-widget-heading\" data-id=\"0067e0e\" data-element_type=\"widget\" data-widget_type=\"heading.default\">\n\t\t\t\t<div class=\"elementor-widget-container\">\n\t\t\t<h2 class=\"elementor-heading-title elementor-size-default\"><h2 data-elementor-setting-key=\"title\" data-pen-placeholder=\"Pisz tutaj...\" style=\"letter-spacing: normal;\">Akcesoria do sesji i meble na zam\u00f3wienie<span style=\"letter-spacing: 0px;\"><\/span><\/h2><\/h2>\t\t<\/div>\n\t\t\t\t<\/div>\n\t\t\t\t\t\t<\/div>\n\t\t\t\t\t<\/div>\n\t\t<\/div>\n\t\t\t\t\t\t\t\t<\/div>\n\t\t\t\t\t<\/div>\n\t\t<\/section>\n\t\t\t\t<section class=\"elementor-section elementor-top-section elementor-element elementor-element-266e01e elementor-section-boxed elementor-section-height-default elementor-section-height-default\" data-id=\"266e01e\" data-element_type=\"section\">\n\t\t\t\t\t\t<div class=\"elementor-container elementor-column-gap-default\">\n\t\t\t\t\t\t\t<div class=\"elementor-row\">\n\t\t\t\t\t<div class=\"elementor-column elementor-col-100 elementor-top-column elementor-element elementor-element-834f1d4\" data-id=\"834f1d4\" data-element_type=\"column\">\n\t\t\t<div class=\"elementor-column-wrap elementor-element-populated\">\n\t\t\t\t\t\t\t<div class=\"elementor-widget-wrap\">\n\t\t\t\t\t\t<div class=\"elementor-element elementor-element-8cb8905 elementor-widget elementor-widget-image-gallery\" data-id=\"8cb8905\" data-element_type=\"widget\" data-widget_type=\"image-gallery.default\">\n\t\t\t\t<div class=\"elementor-widget-container\">\n\t\t\t\t\t<div class=\"elementor-image-gallery\">\n\t\t\t<div id='gallery-1' class='gallery galleryid-22544 gallery-columns-3 gallery-size-full'><figure class='gallery-item'>\n\t\t\t<div class='gallery-icon '>\n\t\t\t\t<a data-elementor-open-lightbox=\"yes\" data-elementor-lightbox-slideshow=\"8cb8905\" data-elementor-lightbox-title=\"image\" href='https:\/\/www.plumprops.com\/wp-content\/uploads\/2025\/04\/image.webp'><img src=\"https:\/\/www.plumprops.com\/wp-content\/uploads\/2025\/04\/image.webp\" class=\"attachment-full size-full wp-post-image\" alt=\"\" aria-describedby=\"gallery-1-22525\" \/><\/a>\n\t\t\t<\/div>\n\t\t\t\t<figcaption class='wp-caption-text gallery-caption' id='gallery-1-22525'>\n\t\t\t\tStolik kawowy loft na zam\u00f3wienie\n\t\t\t\t<\/figcaption><\/figure><figure class='gallery-item'>\n\t\t\t<div class='gallery-icon '>\n\t\t\t\t<a data-elementor-open-lightbox=\"yes\" data-elementor-lightbox-slideshow=\"8cb8905\" data-elementor-lightbox-title=\"image (2)\" href='https:\/\/www.plumprops.com\/wp-content\/uploads\/2025\/04\/image-2.webp'><img src=\"https:\/\/www.plumprops.com\/wp-content\/uploads\/2025\/04\/image-2.webp\" class=\"attachment-full size-full wp-post-image\" alt=\"\" aria-describedby=\"gallery-1-22522\" \/><\/a>\n\t\t\t<\/div>\n\t\t\t\t<figcaption class='wp-caption-text gallery-caption' id='gallery-1-22522'>\n\t\t\t\tSt\u00f3\u0142 do jadalni na zam\u00f3wienie\n\t\t\t\t<\/figcaption><\/figure><figure class='gallery-item'>\n\t\t\t<div class='gallery-icon '>\n\t\t\t\t<a data-elementor-open-lightbox=\"yes\" data-elementor-lightbox-slideshow=\"8cb8905\" data-elementor-lightbox-title=\"image (1)\" href='https:\/\/www.plumprops.com\/wp-content\/uploads\/2025\/04\/image-1.webp'><img src=\"https:\/\/www.plumprops.com\/wp-content\/uploads\/2025\/04\/image-1.webp\" class=\"attachment-full size-full wp-post-image\" alt=\"\" aria-describedby=\"gallery-1-22519\" \/><\/a>\n\t\t\t<\/div>\n\t\t\t\t<figcaption class='wp-caption-text gallery-caption' id='gallery-1-22519'>\n\t\t\t\tStolik kawowy na zam\u00f3wienie\n\t\t\t\t<\/figcaption><\/figure>\n\t\t<\/div>\n\t\t<\/div>\n\t\t\t\t<\/div>\n\t\t\t\t<\/div>\n\t\t\t\t\t\t<\/div>\n\t\t\t\t\t<\/div>\n\t\t<\/div>\n\t\t\t\t\t\t\t\t<\/div>\n\t\t\t\t\t<\/div>\n\t\t<\/section>\n\t\t\t\t<section class=\"elementor-section elementor-top-section elementor-element elementor-element-33dcbe3 elementor-section-boxed elementor-section-height-default elementor-section-height-default\" data-id=\"33dcbe3\" data-element_type=\"section\">\n\t\t\t\t\t\t<div class=\"elementor-container elementor-column-gap-default\">\n\t\t\t\t\t\t\t<div class=\"elementor-row\">\n\t\t\t\t\t<div class=\"elementor-column elementor-col-100 elementor-top-column elementor-element elementor-element-cb11cab\" data-id=\"cb11cab\" data-element_type=\"column\">\n\t\t\t<div class=\"elementor-column-wrap elementor-element-populated\">\n\t\t\t\t\t\t\t<div class=\"elementor-widget-wrap\">\n\t\t\t\t\t\t<div class=\"elementor-element elementor-element-41ba9b7 elementor-widget elementor-widget-image\" data-id=\"41ba9b7\" data-element_type=\"widget\" data-widget_type=\"image.default\">\n\t\t\t\t<div class=\"elementor-widget-container\">\n\t\t\t\t\t<div class=\"elementor-image\">\n\t\t\t\t\t\t\t<figure class=\"wp-caption\">\n\t\t\t\t\t\t\t\t\t\t<img width=\"1024\" height=\"684\" src=\"https:\/\/www.plumprops.com\/wp-content\/uploads\/2023\/07\/dsc_2282-1024x684.jpg\" class=\"attachment-large size-large wp-post-image\" alt=\"\" srcset=\"https:\/\/www.plumprops.com\/wp-content\/uploads\/2023\/07\/dsc_2282-1024x684.jpg 1024w, https:\/\/www.plumprops.com\/wp-content\/uploads\/2023\/07\/dsc_2282-500x334.jpg 500w, https:\/\/www.plumprops.com\/wp-content\/uploads\/2023\/07\/dsc_2282-150x100.jpg 150w, https:\/\/www.plumprops.com\/wp-content\/uploads\/2023\/07\/dsc_2282-768x513.jpg 768w, https:\/\/www.plumprops.com\/wp-content\/uploads\/2023\/07\/dsc_2282-1536x1026.jpg 1536w, https:\/\/www.plumprops.com\/wp-content\/uploads\/2023\/07\/dsc_2282-800x534.jpg 800w, https:\/\/www.plumprops.com\/wp-content\/uploads\/2023\/07\/dsc_2282.jpg 1800w\" sizes=\"(max-width: 1024px) 100vw, 1024px\" \/>\t\t\t\t\t\t\t\t\t\t\t<figcaption class=\"widget-image-caption wp-caption-text\">Rekwizyt do sesji na zam\u00f3wienie<\/figcaption>\n\t\t\t\t\t\t\t\t\t\t<\/figure>\n\t\t\t\t\t<\/div>\n\t\t\t\t<\/div>\n\t\t\t\t<\/div>\n\t\t\t\t\t\t<\/div>\n\t\t\t\t\t<\/div>\n\t\t<\/div>\n\t\t\t\t\t\t\t\t<\/div>\n\t\t\t\t\t<\/div>\n\t\t<\/section>\n\t\t\t\t<section class=\"elementor-section elementor-top-section elementor-element elementor-element-016dbb2 elementor-section-boxed elementor-section-height-default elementor-section-height-default\" data-id=\"016dbb2\" data-element_type=\"section\">\n\t\t\t\t\t\t<div class=\"elementor-container elementor-column-gap-default\">\n\t\t\t\t\t\t\t<div class=\"elementor-row\">\n\t\t\t\t\t<div class=\"elementor-column elementor-col-100 elementor-top-column elementor-element elementor-element-945ea2b\" data-id=\"945ea2b\" data-element_type=\"column\">\n\t\t\t<div class=\"elementor-column-wrap elementor-element-populated\">\n\t\t\t\t\t\t\t<div class=\"elementor-widget-wrap\">\n\t\t\t\t\t\t<div class=\"elementor-element elementor-element-cb60c6b elementor-widget elementor-widget-text-editor\" data-id=\"cb60c6b\" data-element_type=\"widget\" data-widget_type=\"text-editor.default\">\n\t\t\t\t<div class=\"elementor-widget-container\">\n\t\t\t\t\t<div class=\"elementor-text-editor elementor-clearfix\"><p><span style=\"color: #222222; font-family: Arial, Helvetica, sans-serif; font-size: small;\">Zapraszam do mojej stolarni, gdzie powstaj\u0105 rzeczy tworzone z pasj\u0105 i dostosowane do Twoich indywidualnych potrzeb. Bez wzgl\u0119du na to, czy jeste\u015b osob\u0105 prywatn\u0105, czy reprezentujesz firm\u0119 \u2013 podejmuj\u0119 si\u0119 r\u00f3\u017cnych wyzwa\u0144.<\/span><\/p><\/div>\n\t\t\t\t<\/div>\n\t\t\t\t<\/div>\n\t\t\t\t<section class=\"elementor-section elementor-inner-section elementor-element elementor-element-5bfdda0 elementor-section-boxed elementor-section-height-default elementor-section-height-default\" data-id=\"5bfdda0\" data-element_type=\"section\">\n\t\t\t\t\t\t<div class=\"elementor-container elementor-column-gap-default\">\n\t\t\t\t\t\t\t<div class=\"elementor-row\">\n\t\t\t\t\t<div class=\"elementor-column elementor-col-50 elementor-inner-column elementor-element elementor-element-f62590c\" data-id=\"f62590c\" data-element_type=\"column\">\n\t\t\t<div class=\"elementor-column-wrap elementor-element-populated\">\n\t\t\t\t\t\t\t<div class=\"elementor-widget-wrap\">\n\t\t\t\t\t\t<div class=\"elementor-element elementor-element-cb77e14 elementor-widget elementor-widget-text-editor\" data-id=\"cb77e14\" data-element_type=\"widget\" data-widget_type=\"text-editor.default\">\n\t\t\t\t<div class=\"elementor-widget-container\">\n\t\t\t\t\t<div class=\"elementor-text-editor elementor-clearfix\"><p><span style=\"color: #222222; font-family: Arial, Helvetica, sans-serif; font-size: small;\">Rekwizyty drewniane do sesji noworodkowych i dzieci\u0119cych wykonane wed\u0142ug waszego pomys\u0142u na zam\u00f3wienie.<br \/><\/span><span style=\"letter-spacing: 0px; color: #222222; font-family: Arial, Helvetica, sans-serif; font-size: small;\">&#8211; akcesoria do sesji przedszkolnych<br \/><\/span><span style=\"letter-spacing: 0px; color: #222222; font-family: Arial, Helvetica, sans-serif; font-size: small;\">&#8211; elementy na scenki \u015bwi\u0105teczne<br \/>\u00a0 (bo\u017conarodzeniowe i wielkanocne)<br \/><\/span><span style=\"letter-spacing: 0px; color: #222222; font-family: Arial, Helvetica, sans-serif; font-size: small;\">&#8211; rekwizyty na sesje noworodkowe i dzieci\u0119ce<\/span><\/p><\/div>\n\t\t\t\t<\/div>\n\t\t\t\t<\/div>\n\t\t\t\t\t\t<\/div>\n\t\t\t\t\t<\/div>\n\t\t<\/div>\n\t\t\t\t<div class=\"elementor-column elementor-col-50 elementor-inner-column elementor-element elementor-element-c4753ed\" data-id=\"c4753ed\" data-element_type=\"column\">\n\t\t\t<div class=\"elementor-column-wrap elementor-element-populated\">\n\t\t\t\t\t\t\t<div class=\"elementor-widget-wrap\">\n\t\t\t\t\t\t<div class=\"elementor-element elementor-element-00c61c8 elementor-widget elementor-widget-text-editor\" data-id=\"00c61c8\" data-element_type=\"widget\" data-widget_type=\"text-editor.default\">\n\t\t\t\t<div class=\"elementor-widget-container\">\n\t\t\t\t\t<div class=\"elementor-text-editor elementor-clearfix\"><p><span style=\"color: #222222; font-family: Arial, Helvetica, sans-serif; font-size: small;\">Meble do domu z naturalnego drewna takie jak:<br \/>&#8211; sto\u0142y do jadalni<br \/>&#8211; stoliki kawowe<br \/>&#8211; szafki RTV<br \/>&#8211; stoliki nocne<br \/>&#8211; \u0142\u00f3\u017cka<br \/><\/span><span style=\"letter-spacing: 0px; color: #222222; font-family: Arial, Helvetica, sans-serif; font-size: small;\">Wykonane na wymiar, dopasowane do Twoich potrzeb, wed\u0142ug indywidualnego projekt.\u00a0<\/span><\/p><\/div>\n\t\t\t\t<\/div>\n\t\t\t\t<\/div>\n\t\t\t\t\t\t<\/div>\n\t\t\t\t\t<\/div>\n\t\t<\/div>\n\t\t\t\t\t\t\t\t<\/div>\n\t\t\t\t\t<\/div>\n\t\t<\/section>\n\t\t\t\t<div class=\"elementor-element elementor-element-8af8d82 elementor-widget elementor-widget-text-editor\" data-id=\"8af8d82\" data-element_type=\"widget\" data-widget_type=\"text-editor.default\">\n\t\t\t\t<div class=\"elementor-widget-container\">\n\t\t\t\t\t<div class=\"elementor-text-editor elementor-clearfix\"><p style=\"color: #222222; font-family: Arial, Helvetica, sans-serif; font-size: small;\">Od drobnych akcesori\u00f3w fotograficznych, po solidne meble w stylu loftowym czy nowoczesnym \u2013 jestem otwarty na wszelkie inspiracje.<\/p><p style=\"color: #222222; font-family: Arial, Helvetica, sans-serif; font-size: small;\">Wierz\u0119, \u017ce drewniane dodatki dodaj\u0105 charakteru ka\u017cdemu wn\u0119trzu, a r\u0119cznie wykonane elementy nadaj\u0105 mu niepowtarzalnego klimatu. Stawiam na wysok\u0105 jako\u015b\u0107 materia\u0142\u00f3w i solidne rzemios\u0142o, dzi\u0119ki czemu moje realizacje s\u0142u\u017c\u0105 przez lata. Lubi\u0119 s\u0142ucha\u0107 pomys\u0142\u00f3w swoich klient\u00f3w i przekuwa\u0107 je w wyj\u0105tkowe projekty, kt\u00f3re idealnie wpasuj\u0105 si\u0119 w ich wizj\u0119.<\/p><p style=\"color: #222222; font-family: Arial, Helvetica, sans-serif; font-size: small;\">Je\u015bli masz w g\u0142owie konkretny pomys\u0142 lub dopiero szukasz inspiracji \u2013 ch\u0119tnie pomog\u0119 w przygotowaniu projektu, wyborze odpowiedniego drewna i wyko\u0144czenia. Realizuj\u0119 zam\u00f3wienia \u201cod A do Z\u201d, dbaj\u0105c o ka\u017cdy detal. Zale\u017cy mi na swobodnej atmosferze wsp\u00f3\u0142pracy, dlatego stawiam na otwarty dialog i kreatywne rozwi\u0105zania.<\/p><p style=\"color: #222222; font-family: Arial, Helvetica, sans-serif; font-size: small;\">Skontaktuj si\u0119 ze mn\u0105, je\u015bli szukasz spersonalizowanego elementu do sesji fotograficznych, potrzebujesz nowego sto\u0142u do jadalni czy innego nietuzinkowego mebla. Jestem tutaj, aby urzeczywistnia\u0107 Twoje wizje i tworzy\u0107 drewniane przedmioty pe\u0142ne charakteru. Zapraszam do kontaktu telefonicznie lub mailowo.<\/p><\/div>\n\t\t\t\t<\/div>\n\t\t\t\t<\/div>\n\t\t\t\t<section class=\"elementor-section elementor-inner-section elementor-element elementor-element-29595d5 elementor-section-boxed elementor-section-height-default elementor-section-height-default\" data-id=\"29595d5\" data-element_type=\"section\">\n\t\t\t\t\t\t<div class=\"elementor-container elementor-column-gap-default\">\n\t\t\t\t\t\t\t<div class=\"elementor-row\">\n\t\t\t\t\t<div class=\"elementor-column elementor-col-50 elementor-inner-column elementor-element elementor-element-91bb8bf\" data-id=\"91bb8bf\" data-element_type=\"column\">\n\t\t\t<div class=\"elementor-column-wrap elementor-element-populated\">\n\t\t\t\t\t\t\t<div class=\"elementor-widget-wrap\">\n\t\t\t\t\t\t<div class=\"elementor-element elementor-element-3c6d30a elementor-widget elementor-widget-text-editor\" data-id=\"3c6d30a\" data-element_type=\"widget\" data-widget_type=\"text-editor.default\">\n\t\t\t\t<div class=\"elementor-widget-container\">\n\t\t\t\t\t<div class=\"elementor-text-editor elementor-clearfix\"><p>tel. 607 455 515<\/p><\/div>\n\t\t\t\t<\/div>\n\t\t\t\t<\/div>\n\t\t\t\t\t\t<\/div>\n\t\t\t\t\t<\/div>\n\t\t<\/div>\n\t\t\t\t<div class=\"elementor-column elementor-col-50 elementor-inner-column elementor-element elementor-element-fd6a168\" data-id=\"fd6a168\" data-element_type=\"column\">\n\t\t\t<div class=\"elementor-column-wrap elementor-element-populated\">\n\t\t\t\t\t\t\t<div class=\"elementor-widget-wrap\">\n\t\t\t\t\t\t<div class=\"elementor-element elementor-element-bda1cef elementor-widget elementor-widget-text-editor\" data-id=\"bda1cef\" data-element_type=\"widget\" data-widget_type=\"text-editor.default\">\n\t\t\t\t<div class=\"elementor-widget-container\">\n\t\t\t\t\t<div class=\"elementor-text-editor elementor-clearfix\"><p>wzmarlak@gmail.com<\/p><div>\u00a0<\/div><\/div>\n\t\t\t\t<\/div>\n\t\t\t\t<\/div>\n\t\t\t\t\t\t<\/div>\n\t\t\t\t\t<\/div>\n\t\t<\/div>\n\t\t\t\t\t\t\t\t<\/div>\n\t\t\t\t\t<\/div>\n\t\t<\/section>\n\t\t\t\t\t\t<\/div>\n\t\t\t\t\t<\/div>\n\t\t<\/div>\n\t\t\t\t\t\t\t\t<\/div>\n\t\t\t\t\t<\/div>\n\t\t<\/section>\n\t\t\t\t<section class=\"elementor-section elementor-top-section elementor-element elementor-element-3bcd25e elementor-section-boxed elementor-section-height-default elementor-section-height-default\" data-id=\"3bcd25e\" data-element_type=\"section\">\n\t\t\t\t\t\t<div class=\"elementor-container elementor-column-gap-default\">\n\t\t\t\t\t\t\t<div class=\"elementor-row\">\n\t\t\t\t\t<div class=\"elementor-column elementor-col-100 elementor-top-column elementor-element elementor-element-403102f\" data-id=\"403102f\" data-element_type=\"column\">\n\t\t\t<div class=\"elementor-column-wrap elementor-element-populated\">\n\t\t\t\t\t\t\t<div class=\"elementor-widget-wrap\">\n\t\t\t\t\t\t<div class=\"elementor-element elementor-element-cc5b1f6 elementor-widget elementor-widget-image\" data-id=\"cc5b1f6\" data-element_type=\"widget\" data-widget_type=\"image.default\">\n\t\t\t\t<div class=\"elementor-widget-container\">\n\t\t\t\t\t<div class=\"elementor-image\">\n\t\t\t\t\t\t\t<figure class=\"wp-caption\">\n\t\t\t\t\t\t\t\t\t\t<img width=\"1024\" height=\"768\" src=\"https:\/\/www.plumprops.com\/wp-content\/uploads\/2025\/04\/1744618962080-1024x768.jpg\" class=\"attachment-large size-large wp-post-image\" alt=\"\" srcset=\"https:\/\/www.plumprops.com\/wp-content\/uploads\/2025\/04\/1744618962080-1024x768.jpg 1024w, https:\/\/www.plumprops.com\/wp-content\/uploads\/2025\/04\/1744618962080-500x375.jpg 500w, https:\/\/www.plumprops.com\/wp-content\/uploads\/2025\/04\/1744618962080-150x113.jpg 150w, https:\/\/www.plumprops.com\/wp-content\/uploads\/2025\/04\/1744618962080-768x576.jpg 768w, https:\/\/www.plumprops.com\/wp-content\/uploads\/2025\/04\/1744618962080-1536x1152.jpg 1536w, https:\/\/www.plumprops.com\/wp-content\/uploads\/2025\/04\/1744618962080-2048x1536.jpg 2048w, https:\/\/www.plumprops.com\/wp-content\/uploads\/2025\/04\/1744618962080-800x600.jpg 800w\" sizes=\"(max-width: 1024px) 100vw, 1024px\" \/>\t\t\t\t\t\t\t\t\t\t\t<figcaption class=\"widget-image-caption wp-caption-text\">Mebelek do sesji na zam\u00f3wienie<\/figcaption>\n\t\t\t\t\t\t\t\t\t\t<\/figure>\n\t\t\t\t\t<\/div>\n\t\t\t\t<\/div>\n\t\t\t\t<\/div>\n\t\t\t\t\t\t<\/div>\n\t\t\t\t\t<\/div>\n\t\t<\/div>\n\t\t\t\t\t\t\t\t<\/div>\n\t\t\t\t\t<\/div>\n\t\t<\/section>\n\t\t\t\t\t\t<\/div>\n\t\t\t\t\t\t<\/div>\n\t\t\t\t\t<\/div>\n\t\t","protected":false},"excerpt":{"rendered":"<p>Akcesoria do sesji i meble na zam\u00f3wienie Stolik kawowy loft na zam\u00f3wienie St\u00f3\u0142 do jadalni na zam\u00f3wienie Stolik kawowy na zam\u00f3wienie Rekwizyt do sesji na zam\u00f3wienie Zapraszam do mojej stolarni, gdzie powstaj\u0105 rzeczy tworzone z pasj\u0105 i dostosowane do Twoich indywidualnych potrzeb. Bez wzgl\u0119du na to, czy jeste\u015b osob\u0105 prywatn\u0105, czy reprezentujesz firm\u0119 \u2013 podejmuj\u0119 [&hellip;]<\/p>\n","protected":false},"author":390,"featured_media":0,"parent":0,"menu_order":0,"comment_status":"closed","ping_status":"closed","template":"","meta":[],"yoast_head":"<!-- This site is optimized with the Yoast SEO plugin v16.0.2 - https:\/\/yoast.com\/wordpress\/plugins\/seo\/ -->\n<title>Stolarnia - Newborn Photography Props<\/title>\n<link rel=\"canonical\" href=\"https:\/\/www.plumprops.com\/pl\/stolarnia\/\" \/>\n<meta property=\"og:locale\" content=\"pl_PL\" \/>\n<meta property=\"og:type\" content=\"article\" \/>\n<meta property=\"og:title\" content=\"Stolarnia - Newborn Photography Props\" \/>\n<meta property=\"og:description\" content=\"Akcesoria do sesji i meble na zam\u00f3wienie Stolik kawowy loft na zam\u00f3wienie St\u00f3\u0142 do jadalni na zam\u00f3wienie Stolik kawowy na zam\u00f3wienie Rekwizyt do sesji na zam\u00f3wienie Zapraszam do mojej stolarni, gdzie powstaj\u0105 rzeczy tworzone z pasj\u0105 i dostosowane do Twoich indywidualnych potrzeb. Bez wzgl\u0119du na to, czy jeste\u015b osob\u0105 prywatn\u0105, czy reprezentujesz firm\u0119 \u2013 podejmuj\u0119 [&hellip;]\" \/>\n<meta property=\"og:url\" content=\"https:\/\/www.plumprops.com\/pl\/stolarnia\/\" \/>\n<meta property=\"og:site_name\" content=\"Newborn Photography Props\" \/>\n<meta property=\"article:modified_time\" content=\"2025-04-14T09:16:19+00:00\" \/>\n<meta property=\"og:image\" content=\"https:\/\/www.plumprops.com\/wp-content\/uploads\/2025\/04\/image.webp\" \/>\n<meta name=\"twitter:card\" content=\"summary_large_image\" \/>\n<meta name=\"twitter:label1\" content=\"Szacowany czas czytania\">\n\t<meta name=\"twitter:data1\" content=\"2 minuty\">\n<script type=\"application\/ld+json\" class=\"yoast-schema-graph\">{\"@context\":\"https:\/\/schema.org\",\"@graph\":[{\"@type\":\"WebSite\",\"@id\":\"https:\/\/www.plumprops.com\/#website\",\"url\":\"https:\/\/www.plumprops.com\/\",\"name\":\"Newborn Photography Props\",\"description\":\"\",\"potentialAction\":[{\"@type\":\"SearchAction\",\"target\":\"https:\/\/www.plumprops.com\/?s={search_term_string}\",\"query-input\":\"required name=search_term_string\"}],\"inLanguage\":\"pl-PL\"},{\"@type\":\"ImageObject\",\"@id\":\"https:\/\/www.plumprops.com\/pl\/stolarnia\/#primaryimage\",\"inLanguage\":\"pl-PL\",\"url\":\"https:\/\/www.plumprops.com\/wp-content\/uploads\/2025\/04\/image.webp\",\"caption\":\"Stolik kawowy loft na zam\\u00f3wienie\"},{\"@type\":\"WebPage\",\"@id\":\"https:\/\/www.plumprops.com\/pl\/stolarnia\/#webpage\",\"url\":\"https:\/\/www.plumprops.com\/pl\/stolarnia\/\",\"name\":\"Stolarnia - Newborn Photography Props\",\"isPartOf\":{\"@id\":\"https:\/\/www.plumprops.com\/#website\"},\"primaryImageOfPage\":{\"@id\":\"https:\/\/www.plumprops.com\/pl\/stolarnia\/#primaryimage\"},\"datePublished\":\"2025-04-14T09:04:52+00:00\",\"dateModified\":\"2025-04-14T09:16:19+00:00\",\"breadcrumb\":{\"@id\":\"https:\/\/www.plumprops.com\/pl\/stolarnia\/#breadcrumb\"},\"inLanguage\":\"pl-PL\",\"potentialAction\":[{\"@type\":\"ReadAction\",\"target\":[\"https:\/\/www.plumprops.com\/pl\/stolarnia\/\"]}]},{\"@type\":\"BreadcrumbList\",\"@id\":\"https:\/\/www.plumprops.com\/pl\/stolarnia\/#breadcrumb\",\"itemListElement\":[{\"@type\":\"ListItem\",\"position\":1,\"item\":{\"@type\":\"WebPage\",\"@id\":\"https:\/\/www.plumprops.com\/pl\/\",\"url\":\"https:\/\/www.plumprops.com\/pl\/\",\"name\":\"Home\"}},{\"@type\":\"ListItem\",\"position\":2,\"item\":{\"@type\":\"WebPage\",\"@id\":\"https:\/\/www.plumprops.com\/pl\/stolarnia\/\",\"url\":\"https:\/\/www.plumprops.com\/pl\/stolarnia\/\",\"name\":\"Stolarnia\"}}]}]}<\/script>\n<!-- \/ Yoast SEO plugin. -->","_links":{"self":[{"href":"https:\/\/www.plumprops.com\/pl\/wp-json\/wp\/v2\/pages\/22544"}],"collection":[{"href":"https:\/\/www.plumprops.com\/pl\/wp-json\/wp\/v2\/pages"}],"about":[{"href":"https:\/\/www.plumprops.com\/pl\/wp-json\/wp\/v2\/types\/page"}],"author":[{"embeddable":true,"href":"https:\/\/www.plumprops.com\/pl\/wp-json\/wp\/v2\/users\/390"}],"replies":[{"embeddable":true,"href":"https:\/\/www.plumprops.com\/pl\/wp-json\/wp\/v2\/comments?post=22544"}],"version-history":[{"count":5,"href":"https:\/\/www.plumprops.com\/pl\/wp-json\/wp\/v2\/pages\/22544\/revisions"}],"predecessor-version":[{"id":22551,"href":"https:\/\/www.plumprops.com\/pl\/wp-json\/wp\/v2\/pages\/22544\/revisions\/22551"}],"wp:attachment":[{"href":"https:\/\/www.plumprops.com\/pl\/wp-json\/wp\/v2\/media?parent=22544"}],"curies":[{"name":"wp","href":"https:\/\/api.w.org\/{rel}","templated":true}]}}