{"id":10109,"date":"2020-02-20T15:59:22","date_gmt":"2020-02-20T15:59:22","guid":{"rendered":"https:\/\/www.plumprops.com\/?product=bawe%c5%82niana-owijka-pochmurne-niebo"},"modified":"2024-06-28T23:34:24","modified_gmt":"2024-06-28T23:34:24","slug":"bawelniana-owijka","status":"publish","type":"product","link":"https:\/\/www.plumprops.com\/pl\/owijki\/bawelniana-owijka\/","title":{"rendered":"Bawe\u0142niana owijka"},"content":{"rendered":"","protected":false},"excerpt":{"rendered":"<p>Owijka lub warstwa dla fotograf\u00f3w noworodkowych.<\/p>\n<p>Wymiary: ok. 27 cali x 71 cali (oko\u0142o 70 x 180 cm)<\/p>\n<p>Nieelastyczna<\/p>\n<p>Uwaga: kraw\u0119dzie s\u0105 nieobszyte, ale nie strz\u0119pi\u0105 si\u0119<\/p>\n<p>100% bawe\u0142na<\/p>\n","protected":false},"featured_media":14090,"comment_status":"open","ping_status":"closed","template":"","meta":[],"yoast_head":"<!-- This site is optimized with the Yoast SEO plugin v16.0.2 - https:\/\/yoast.com\/wordpress\/plugins\/seo\/ -->\n<title>Bawe\u0142niana owijka - Newborn Photography Props<\/title>\n<link rel=\"canonical\" href=\"https:\/\/www.plumprops.com\/pl\/owijki\/bawelniana-owijka\/\" \/>\n<meta property=\"og:locale\" content=\"pl_PL\" \/>\n<meta property=\"og:type\" content=\"article\" \/>\n<meta property=\"og:title\" content=\"Bawe\u0142niana owijka - Newborn Photography Props\" \/>\n<meta property=\"og:description\" content=\"Owijka lub warstwa dla fotograf\u00f3w noworodkowych.  Wymiary: ok. 27 cali x 71 cali (oko\u0142o 70 x 180 cm)  Nieelastyczna  Uwaga: kraw\u0119dzie s\u0105 nieobszyte, ale nie strz\u0119pi\u0105 si\u0119  100% bawe\u0142na\" \/>\n<meta property=\"og:url\" content=\"https:\/\/www.plumprops.com\/pl\/owijki\/bawelniana-owijka\/\" \/>\n<meta property=\"og:site_name\" content=\"Newborn Photography Props\" \/>\n<meta property=\"article:modified_time\" content=\"2024-06-28T23:34:24+00:00\" \/>\n<meta property=\"og:image\" content=\"https:\/\/www.plumprops.com\/wp-content\/uploads\/2020\/06\/3489.jpg\" \/>\n\t<meta property=\"og:image:width\" content=\"1400\" \/>\n\t<meta property=\"og:image:height\" content=\"927\" \/>\n<meta name=\"twitter:card\" content=\"summary_large_image\" \/>\n<script type=\"application\/ld+json\" class=\"yoast-schema-graph\">{\"@context\":\"https:\/\/schema.org\",\"@graph\":[{\"@type\":\"WebSite\",\"@id\":\"https:\/\/www.plumprops.com\/#website\",\"url\":\"https:\/\/www.plumprops.com\/\",\"name\":\"Newborn Photography Props\",\"description\":\"\",\"potentialAction\":[{\"@type\":\"SearchAction\",\"target\":\"https:\/\/www.plumprops.com\/?s={search_term_string}\",\"query-input\":\"required name=search_term_string\"}],\"inLanguage\":\"pl-PL\"},{\"@type\":\"ImageObject\",\"@id\":\"https:\/\/www.plumprops.com\/pl\/owijki\/bawelniana-owijka\/#primaryimage\",\"inLanguage\":\"pl-PL\",\"url\":\"https:\/\/www.plumprops.com\/wp-content\/uploads\/2020\/06\/3489.jpg\",\"width\":1400,\"height\":927},{\"@type\":\"WebPage\",\"@id\":\"https:\/\/www.plumprops.com\/pl\/owijki\/bawelniana-owijka\/#webpage\",\"url\":\"https:\/\/www.plumprops.com\/pl\/owijki\/bawelniana-owijka\/\",\"name\":\"Bawe\\u0142niana owijka - Newborn Photography Props\",\"isPartOf\":{\"@id\":\"https:\/\/www.plumprops.com\/#website\"},\"primaryImageOfPage\":{\"@id\":\"https:\/\/www.plumprops.com\/pl\/owijki\/bawelniana-owijka\/#primaryimage\"},\"datePublished\":\"2020-02-20T15:59:22+00:00\",\"dateModified\":\"2024-06-28T23:34:24+00:00\",\"breadcrumb\":{\"@id\":\"https:\/\/www.plumprops.com\/pl\/owijki\/bawelniana-owijka\/#breadcrumb\"},\"inLanguage\":\"pl-PL\",\"potentialAction\":[{\"@type\":\"ReadAction\",\"target\":[\"https:\/\/www.plumprops.com\/pl\/owijki\/bawelniana-owijka\/\"]}]},{\"@type\":\"BreadcrumbList\",\"@id\":\"https:\/\/www.plumprops.com\/pl\/owijki\/bawelniana-owijka\/#breadcrumb\",\"itemListElement\":[{\"@type\":\"ListItem\",\"position\":1,\"item\":{\"@type\":\"WebPage\",\"@id\":\"https:\/\/www.plumprops.com\/pl\/\",\"url\":\"https:\/\/www.plumprops.com\/pl\/\",\"name\":\"Home\"}},{\"@type\":\"ListItem\",\"position\":2,\"item\":{\"@type\":\"WebPage\",\"@id\":\"https:\/\/www.plumprops.com\/pl\/sklep\/\",\"url\":\"https:\/\/www.plumprops.com\/pl\/sklep\/\",\"name\":\"Sklep\"}},{\"@type\":\"ListItem\",\"position\":3,\"item\":{\"@type\":\"WebPage\",\"@id\":\"https:\/\/www.plumprops.com\/pl\/owijki\/bawelniana-owijka\/\",\"url\":\"https:\/\/www.plumprops.com\/pl\/owijki\/bawelniana-owijka\/\",\"name\":\"Bawe\\u0142niana owijka\"}}]}]}<\/script>\n<!-- \/ Yoast SEO plugin. -->","_links":{"self":[{"href":"https:\/\/www.plumprops.com\/pl\/wp-json\/wp\/v2\/product\/10109"}],"collection":[{"href":"https:\/\/www.plumprops.com\/pl\/wp-json\/wp\/v2\/product"}],"about":[{"href":"https:\/\/www.plumprops.com\/pl\/wp-json\/wp\/v2\/types\/product"}],"replies":[{"embeddable":true,"href":"https:\/\/www.plumprops.com\/pl\/wp-json\/wp\/v2\/comments?post=10109"}],"version-history":[{"count":0,"href":"https:\/\/www.plumprops.com\/pl\/wp-json\/wp\/v2\/product\/10109\/revisions"}],"wp:featuredmedia":[{"embeddable":true,"href":"https:\/\/www.plumprops.com\/pl\/wp-json\/wp\/v2\/media\/14090"}],"wp:attachment":[{"href":"https:\/\/www.plumprops.com\/pl\/wp-json\/wp\/v2\/media?parent=10109"}],"curies":[{"name":"wp","href":"https:\/\/api.w.org\/{rel}","templated":true}]}}