{"id":10177,"date":"2020-02-21T07:28:44","date_gmt":"2020-02-21T07:28:44","guid":{"rendered":"https:\/\/www.plumprops.com\/?product=owijka-z-pere%c5%82kami-fio%c5%82kowy-roz"},"modified":"2026-03-14T19:39:52","modified_gmt":"2026-03-14T19:39:52","slug":"owijka-z-perelkami","status":"publish","type":"product","link":"https:\/\/www.plumprops.com\/pl\/owijki\/owijka-z-perelkami\/","title":{"rendered":"Owijka z pere\u0142kami"},"content":{"rendered":"<p>&nbsp;<\/p>\n<p>&nbsp;<\/p>\n<p>&nbsp;<\/p>\n<p>&nbsp;<\/p>\n<p>&nbsp;<\/p>\n","protected":false},"excerpt":{"rendered":"<p>Owijka z ma\u0142ymi pere\u0142kami, doskonale sprawdza si\u0119 tak\u017ce jako warstwa do wiaderek, koszy czy \u0142\u00f3\u017ceczek.<\/p>\n<p>Wymiary: 94 x 194cm<\/p>\n<p>Nieelastyczna<\/p>\n<p>Uwaga: kraw\u0119dzie s\u0105 nieobszyte, ale nie strz\u0119pi\u0105 si\u0119<\/p>\n<p>100% bawe\u0142na<\/p>\n","protected":false},"featured_media":14469,"comment_status":"open","ping_status":"closed","template":"","meta":[],"yoast_head":"<!-- This site is optimized with the Yoast SEO plugin v16.0.2 - https:\/\/yoast.com\/wordpress\/plugins\/seo\/ -->\n<title>Owijka z pere\u0142kami - Newborn Photography Props<\/title>\n<link rel=\"canonical\" href=\"https:\/\/www.plumprops.com\/pl\/owijki\/owijka-z-perelkami\/\" \/>\n<meta property=\"og:locale\" content=\"pl_PL\" \/>\n<meta property=\"og:type\" content=\"article\" \/>\n<meta property=\"og:title\" content=\"Owijka z pere\u0142kami - Newborn Photography Props\" \/>\n<meta property=\"og:description\" content=\"Owijka z ma\u0142ymi pere\u0142kami, doskonale sprawdza si\u0119 tak\u017ce jako warstwa do wiaderek, koszy czy \u0142\u00f3\u017ceczek.  Wymiary: 94 x 194cm  Nieelastyczna  Uwaga: kraw\u0119dzie s\u0105 nieobszyte, ale nie strz\u0119pi\u0105 si\u0119  100% bawe\u0142na\" \/>\n<meta property=\"og:url\" content=\"https:\/\/www.plumprops.com\/pl\/owijki\/owijka-z-perelkami\/\" \/>\n<meta property=\"og:site_name\" content=\"Newborn Photography Props\" \/>\n<meta property=\"article:modified_time\" content=\"2026-03-14T19:39:52+00:00\" \/>\n<meta property=\"og:image\" content=\"https:\/\/www.plumprops.com\/wp-content\/uploads\/2020\/02\/PEARL-WRAP-17.jpg\" \/>\n\t<meta property=\"og:image:width\" content=\"1400\" \/>\n\t<meta property=\"og:image:height\" content=\"927\" \/>\n<meta name=\"twitter:card\" content=\"summary_large_image\" \/>\n<script type=\"application\/ld+json\" class=\"yoast-schema-graph\">{\"@context\":\"https:\/\/schema.org\",\"@graph\":[{\"@type\":\"WebSite\",\"@id\":\"https:\/\/www.plumprops.com\/#website\",\"url\":\"https:\/\/www.plumprops.com\/\",\"name\":\"Newborn Photography Props\",\"description\":\"\",\"potentialAction\":[{\"@type\":\"SearchAction\",\"target\":\"https:\/\/www.plumprops.com\/?s={search_term_string}\",\"query-input\":\"required name=search_term_string\"}],\"inLanguage\":\"pl-PL\"},{\"@type\":\"ImageObject\",\"@id\":\"https:\/\/www.plumprops.com\/pl\/owijki\/owijka-z-perelkami\/#primaryimage\",\"inLanguage\":\"pl-PL\",\"url\":\"https:\/\/www.plumprops.com\/wp-content\/uploads\/2020\/02\/PEARL-WRAP-17.jpg\",\"width\":1400,\"height\":927},{\"@type\":\"WebPage\",\"@id\":\"https:\/\/www.plumprops.com\/pl\/owijki\/owijka-z-perelkami\/#webpage\",\"url\":\"https:\/\/www.plumprops.com\/pl\/owijki\/owijka-z-perelkami\/\",\"name\":\"Owijka z pere\\u0142kami - Newborn Photography Props\",\"isPartOf\":{\"@id\":\"https:\/\/www.plumprops.com\/#website\"},\"primaryImageOfPage\":{\"@id\":\"https:\/\/www.plumprops.com\/pl\/owijki\/owijka-z-perelkami\/#primaryimage\"},\"datePublished\":\"2020-02-21T07:28:44+00:00\",\"dateModified\":\"2026-03-14T19:39:52+00:00\",\"breadcrumb\":{\"@id\":\"https:\/\/www.plumprops.com\/pl\/owijki\/owijka-z-perelkami\/#breadcrumb\"},\"inLanguage\":\"pl-PL\",\"potentialAction\":[{\"@type\":\"ReadAction\",\"target\":[\"https:\/\/www.plumprops.com\/pl\/owijki\/owijka-z-perelkami\/\"]}]},{\"@type\":\"BreadcrumbList\",\"@id\":\"https:\/\/www.plumprops.com\/pl\/owijki\/owijka-z-perelkami\/#breadcrumb\",\"itemListElement\":[{\"@type\":\"ListItem\",\"position\":1,\"item\":{\"@type\":\"WebPage\",\"@id\":\"https:\/\/www.plumprops.com\/pl\/\",\"url\":\"https:\/\/www.plumprops.com\/pl\/\",\"name\":\"Home\"}},{\"@type\":\"ListItem\",\"position\":2,\"item\":{\"@type\":\"WebPage\",\"@id\":\"https:\/\/www.plumprops.com\/pl\/sklep\/\",\"url\":\"https:\/\/www.plumprops.com\/pl\/sklep\/\",\"name\":\"Sklep\"}},{\"@type\":\"ListItem\",\"position\":3,\"item\":{\"@type\":\"WebPage\",\"@id\":\"https:\/\/www.plumprops.com\/pl\/owijki\/owijka-z-perelkami\/\",\"url\":\"https:\/\/www.plumprops.com\/pl\/owijki\/owijka-z-perelkami\/\",\"name\":\"Owijka z pere\\u0142kami\"}}]}]}<\/script>\n<!-- \/ Yoast SEO plugin. -->","_links":{"self":[{"href":"https:\/\/www.plumprops.com\/pl\/wp-json\/wp\/v2\/product\/10177"}],"collection":[{"href":"https:\/\/www.plumprops.com\/pl\/wp-json\/wp\/v2\/product"}],"about":[{"href":"https:\/\/www.plumprops.com\/pl\/wp-json\/wp\/v2\/types\/product"}],"replies":[{"embeddable":true,"href":"https:\/\/www.plumprops.com\/pl\/wp-json\/wp\/v2\/comments?post=10177"}],"version-history":[{"count":0,"href":"https:\/\/www.plumprops.com\/pl\/wp-json\/wp\/v2\/product\/10177\/revisions"}],"wp:featuredmedia":[{"embeddable":true,"href":"https:\/\/www.plumprops.com\/pl\/wp-json\/wp\/v2\/media\/14469"}],"wp:attachment":[{"href":"https:\/\/www.plumprops.com\/pl\/wp-json\/wp\/v2\/media?parent=10177"}],"curies":[{"name":"wp","href":"https:\/\/api.w.org\/{rel}","templated":true}]}}