{"id":10214,"date":"2020-02-24T12:51:55","date_gmt":"2020-02-24T12:51:55","guid":{"rendered":"https:\/\/www.plumprops.com\/?product=ma%c5%82e-krzese%c5%82ko-dowolny-kolor"},"modified":"2023-03-17T08:38:58","modified_gmt":"2023-03-17T08:38:58","slug":"male-krzeselko-dowolny-kolor","status":"publish","type":"product","link":"https:\/\/www.plumprops.com\/pl\/krzesla-i-stoliczki\/male-krzeselko-dowolny-kolor\/","title":{"rendered":"Ma\u0142e krzese\u0142ko &#8211; dowolny kolor"},"content":{"rendered":"","protected":false},"excerpt":{"rendered":"<p>Drewniane krzese\u0142ko, 100% r\u0119cznie wykonane. Delikatnie porysowana farba. Idealny dla siedz\u0105cych maluch\u00f3w, nawet dla trzylatk\u00f3w.wysoko\u015b\u0107 siedziska: 17 cm (7 cali)wysoko\u015b\u0107 50 cm (20 cali), szeroko\u015b\u0107 30 cm (12 cali) x 30 cm (12 cali).<\/p>\n<p>Mo\u017ce zosta\u0107 wykorzystane tak\u017ce w fotografii noworodkowej.<\/p>\n","protected":false},"featured_media":14863,"comment_status":"open","ping_status":"closed","template":"","meta":[],"yoast_head":"<!-- This site is optimized with the Yoast SEO plugin v16.0.2 - https:\/\/yoast.com\/wordpress\/plugins\/seo\/ -->\n<title>Ma\u0142e krzese\u0142ko - dowolny kolor - Newborn Photography Props<\/title>\n<link rel=\"canonical\" href=\"https:\/\/www.plumprops.com\/pl\/krzesla-i-stoliczki\/male-krzeselko-dowolny-kolor\/\" \/>\n<meta property=\"og:locale\" content=\"pl_PL\" \/>\n<meta property=\"og:type\" content=\"article\" \/>\n<meta property=\"og:title\" content=\"Ma\u0142e krzese\u0142ko - dowolny kolor - Newborn Photography Props\" \/>\n<meta property=\"og:description\" content=\"Drewniane krzese\u0142ko, 100% r\u0119cznie wykonane. Delikatnie porysowana farba. Idealny dla siedz\u0105cych maluch\u00f3w, nawet dla trzylatk\u00f3w.wysoko\u015b\u0107 siedziska: 17 cm (7 cali)wysoko\u015b\u0107 50 cm (20 cali), szeroko\u015b\u0107 30 cm (12 cali) x 30 cm (12 cali). Mo\u017ce zosta\u0107 wykorzystane tak\u017ce w fotografii noworodkowej.\" \/>\n<meta property=\"og:url\" content=\"https:\/\/www.plumprops.com\/pl\/krzesla-i-stoliczki\/male-krzeselko-dowolny-kolor\/\" \/>\n<meta property=\"og:site_name\" content=\"Newborn Photography Props\" \/>\n<meta property=\"article:modified_time\" content=\"2023-03-17T08:38:58+00:00\" \/>\n<meta property=\"og:image\" content=\"https:\/\/www.plumprops.com\/wp-content\/uploads\/2020\/06\/3556.jpg\" \/>\n\t<meta property=\"og:image:width\" content=\"1400\" \/>\n\t<meta property=\"og:image:height\" content=\"927\" \/>\n<meta name=\"twitter:card\" content=\"summary_large_image\" \/>\n<script type=\"application\/ld+json\" class=\"yoast-schema-graph\">{\"@context\":\"https:\/\/schema.org\",\"@graph\":[{\"@type\":\"WebSite\",\"@id\":\"https:\/\/www.plumprops.com\/#website\",\"url\":\"https:\/\/www.plumprops.com\/\",\"name\":\"Newborn Photography Props\",\"description\":\"\",\"potentialAction\":[{\"@type\":\"SearchAction\",\"target\":\"https:\/\/www.plumprops.com\/?s={search_term_string}\",\"query-input\":\"required name=search_term_string\"}],\"inLanguage\":\"pl-PL\"},{\"@type\":\"ImageObject\",\"@id\":\"https:\/\/www.plumprops.com\/pl\/krzesla-i-stoliczki\/male-krzeselko-dowolny-kolor\/#primaryimage\",\"inLanguage\":\"pl-PL\",\"url\":\"https:\/\/www.plumprops.com\/wp-content\/uploads\/2020\/06\/3556.jpg\",\"width\":1400,\"height\":927},{\"@type\":\"WebPage\",\"@id\":\"https:\/\/www.plumprops.com\/pl\/krzesla-i-stoliczki\/male-krzeselko-dowolny-kolor\/#webpage\",\"url\":\"https:\/\/www.plumprops.com\/pl\/krzesla-i-stoliczki\/male-krzeselko-dowolny-kolor\/\",\"name\":\"Ma\\u0142e krzese\\u0142ko - dowolny kolor - Newborn Photography Props\",\"isPartOf\":{\"@id\":\"https:\/\/www.plumprops.com\/#website\"},\"primaryImageOfPage\":{\"@id\":\"https:\/\/www.plumprops.com\/pl\/krzesla-i-stoliczki\/male-krzeselko-dowolny-kolor\/#primaryimage\"},\"datePublished\":\"2020-02-24T12:51:55+00:00\",\"dateModified\":\"2023-03-17T08:38:58+00:00\",\"breadcrumb\":{\"@id\":\"https:\/\/www.plumprops.com\/pl\/krzesla-i-stoliczki\/male-krzeselko-dowolny-kolor\/#breadcrumb\"},\"inLanguage\":\"pl-PL\",\"potentialAction\":[{\"@type\":\"ReadAction\",\"target\":[\"https:\/\/www.plumprops.com\/pl\/krzesla-i-stoliczki\/male-krzeselko-dowolny-kolor\/\"]}]},{\"@type\":\"BreadcrumbList\",\"@id\":\"https:\/\/www.plumprops.com\/pl\/krzesla-i-stoliczki\/male-krzeselko-dowolny-kolor\/#breadcrumb\",\"itemListElement\":[{\"@type\":\"ListItem\",\"position\":1,\"item\":{\"@type\":\"WebPage\",\"@id\":\"https:\/\/www.plumprops.com\/pl\/\",\"url\":\"https:\/\/www.plumprops.com\/pl\/\",\"name\":\"Home\"}},{\"@type\":\"ListItem\",\"position\":2,\"item\":{\"@type\":\"WebPage\",\"@id\":\"https:\/\/www.plumprops.com\/pl\/sklep\/\",\"url\":\"https:\/\/www.plumprops.com\/pl\/sklep\/\",\"name\":\"Sklep\"}},{\"@type\":\"ListItem\",\"position\":3,\"item\":{\"@type\":\"WebPage\",\"@id\":\"https:\/\/www.plumprops.com\/pl\/krzesla-i-stoliczki\/male-krzeselko-dowolny-kolor\/\",\"url\":\"https:\/\/www.plumprops.com\/pl\/krzesla-i-stoliczki\/male-krzeselko-dowolny-kolor\/\",\"name\":\"Ma\\u0142e krzese\\u0142ko &#8211; dowolny kolor\"}}]}]}<\/script>\n<!-- \/ Yoast SEO plugin. -->","_links":{"self":[{"href":"https:\/\/www.plumprops.com\/pl\/wp-json\/wp\/v2\/product\/10214"}],"collection":[{"href":"https:\/\/www.plumprops.com\/pl\/wp-json\/wp\/v2\/product"}],"about":[{"href":"https:\/\/www.plumprops.com\/pl\/wp-json\/wp\/v2\/types\/product"}],"replies":[{"embeddable":true,"href":"https:\/\/www.plumprops.com\/pl\/wp-json\/wp\/v2\/comments?post=10214"}],"version-history":[{"count":0,"href":"https:\/\/www.plumprops.com\/pl\/wp-json\/wp\/v2\/product\/10214\/revisions"}],"wp:featuredmedia":[{"embeddable":true,"href":"https:\/\/www.plumprops.com\/pl\/wp-json\/wp\/v2\/media\/14863"}],"wp:attachment":[{"href":"https:\/\/www.plumprops.com\/pl\/wp-json\/wp\/v2\/media?parent=10214"}],"curies":[{"name":"wp","href":"https:\/\/api.w.org\/{rel}","templated":true}]}}