{"id":10249,"date":"2020-02-24T13:14:10","date_gmt":"2020-02-24T13:14:10","guid":{"rendered":"https:\/\/www.plumprops.com\/?product=%c5%82aweczka-do-sesji-zgaszona-zielen"},"modified":"2025-05-30T04:13:48","modified_gmt":"2025-05-30T04:13:48","slug":"laweczka-do-sesji-dowolny-kolor","status":"publish","type":"product","link":"https:\/\/www.plumprops.com\/pl\/laweczki-i-sofy\/laweczka-do-sesji-dowolny-kolor\/","title":{"rendered":"\u0141aweczka do sesji &#8211; dowolny kolor"},"content":{"rendered":"","protected":false},"excerpt":{"rendered":"<p>Drewniana \u0142awka. Delikatnie podrapana. Idealna dla dzieci w wieku 1-3 lat.<\/p>\n<p>Wysoko\u015b\u0107 siedziska: 18 cm (7 cali)wysoko\u015b\u0107 50 cm (20 cali), szeroko\u015b\u0107 50 cm (20 cali) x 30 cm (12 cali) 100% hand made<\/p>\n","protected":false},"featured_media":6699,"comment_status":"open","ping_status":"closed","template":"","meta":[],"yoast_head":"<!-- This site is optimized with the Yoast SEO plugin v16.0.2 - https:\/\/yoast.com\/wordpress\/plugins\/seo\/ -->\n<title>\u0141aweczka do sesji - dowolny kolor - Newborn Photography Props<\/title>\n<link rel=\"canonical\" href=\"https:\/\/www.plumprops.com\/pl\/laweczki-i-sofy\/laweczka-do-sesji-dowolny-kolor\/\" \/>\n<meta property=\"og:locale\" content=\"pl_PL\" \/>\n<meta property=\"og:type\" content=\"article\" \/>\n<meta property=\"og:title\" content=\"\u0141aweczka do sesji - dowolny kolor - Newborn Photography Props\" \/>\n<meta property=\"og:description\" content=\"Drewniana \u0142awka. Delikatnie podrapana. Idealna dla dzieci w wieku 1-3 lat. Wysoko\u015b\u0107 siedziska: 18 cm (7 cali)wysoko\u015b\u0107 50 cm (20 cali), szeroko\u015b\u0107 50 cm (20 cali) x 30 cm (12 cali) 100% hand made\" \/>\n<meta property=\"og:url\" content=\"https:\/\/www.plumprops.com\/pl\/laweczki-i-sofy\/laweczka-do-sesji-dowolny-kolor\/\" \/>\n<meta property=\"og:site_name\" content=\"Newborn Photography Props\" \/>\n<meta property=\"article:modified_time\" content=\"2025-05-30T04:13:48+00:00\" \/>\n<meta property=\"og:image\" content=\"https:\/\/www.plumprops.com\/wp-content\/uploads\/2020\/02\/products-3586-2.jpg\" \/>\n\t<meta property=\"og:image:width\" content=\"1343\" \/>\n\t<meta property=\"og:image:height\" content=\"889\" \/>\n<meta name=\"twitter:card\" content=\"summary_large_image\" \/>\n<script type=\"application\/ld+json\" class=\"yoast-schema-graph\">{\"@context\":\"https:\/\/schema.org\",\"@graph\":[{\"@type\":\"WebSite\",\"@id\":\"https:\/\/www.plumprops.com\/#website\",\"url\":\"https:\/\/www.plumprops.com\/\",\"name\":\"Newborn Photography Props\",\"description\":\"\",\"potentialAction\":[{\"@type\":\"SearchAction\",\"target\":\"https:\/\/www.plumprops.com\/?s={search_term_string}\",\"query-input\":\"required name=search_term_string\"}],\"inLanguage\":\"pl-PL\"},{\"@type\":\"ImageObject\",\"@id\":\"https:\/\/www.plumprops.com\/pl\/laweczki-i-sofy\/laweczka-do-sesji-dowolny-kolor\/#primaryimage\",\"inLanguage\":\"pl-PL\",\"url\":\"https:\/\/www.plumprops.com\/wp-content\/uploads\/2020\/02\/products-3586-2.jpg\",\"width\":1343,\"height\":889},{\"@type\":\"WebPage\",\"@id\":\"https:\/\/www.plumprops.com\/pl\/laweczki-i-sofy\/laweczka-do-sesji-dowolny-kolor\/#webpage\",\"url\":\"https:\/\/www.plumprops.com\/pl\/laweczki-i-sofy\/laweczka-do-sesji-dowolny-kolor\/\",\"name\":\"\\u0141aweczka do sesji - dowolny kolor - Newborn Photography Props\",\"isPartOf\":{\"@id\":\"https:\/\/www.plumprops.com\/#website\"},\"primaryImageOfPage\":{\"@id\":\"https:\/\/www.plumprops.com\/pl\/laweczki-i-sofy\/laweczka-do-sesji-dowolny-kolor\/#primaryimage\"},\"datePublished\":\"2020-02-24T13:14:10+00:00\",\"dateModified\":\"2025-05-30T04:13:48+00:00\",\"breadcrumb\":{\"@id\":\"https:\/\/www.plumprops.com\/pl\/laweczki-i-sofy\/laweczka-do-sesji-dowolny-kolor\/#breadcrumb\"},\"inLanguage\":\"pl-PL\",\"potentialAction\":[{\"@type\":\"ReadAction\",\"target\":[\"https:\/\/www.plumprops.com\/pl\/laweczki-i-sofy\/laweczka-do-sesji-dowolny-kolor\/\"]}]},{\"@type\":\"BreadcrumbList\",\"@id\":\"https:\/\/www.plumprops.com\/pl\/laweczki-i-sofy\/laweczka-do-sesji-dowolny-kolor\/#breadcrumb\",\"itemListElement\":[{\"@type\":\"ListItem\",\"position\":1,\"item\":{\"@type\":\"WebPage\",\"@id\":\"https:\/\/www.plumprops.com\/pl\/\",\"url\":\"https:\/\/www.plumprops.com\/pl\/\",\"name\":\"Home\"}},{\"@type\":\"ListItem\",\"position\":2,\"item\":{\"@type\":\"WebPage\",\"@id\":\"https:\/\/www.plumprops.com\/pl\/sklep\/\",\"url\":\"https:\/\/www.plumprops.com\/pl\/sklep\/\",\"name\":\"Sklep\"}},{\"@type\":\"ListItem\",\"position\":3,\"item\":{\"@type\":\"WebPage\",\"@id\":\"https:\/\/www.plumprops.com\/pl\/laweczki-i-sofy\/laweczka-do-sesji-dowolny-kolor\/\",\"url\":\"https:\/\/www.plumprops.com\/pl\/laweczki-i-sofy\/laweczka-do-sesji-dowolny-kolor\/\",\"name\":\"\\u0141aweczka do sesji &#8211; dowolny kolor\"}}]}]}<\/script>\n<!-- \/ Yoast SEO plugin. -->","_links":{"self":[{"href":"https:\/\/www.plumprops.com\/pl\/wp-json\/wp\/v2\/product\/10249"}],"collection":[{"href":"https:\/\/www.plumprops.com\/pl\/wp-json\/wp\/v2\/product"}],"about":[{"href":"https:\/\/www.plumprops.com\/pl\/wp-json\/wp\/v2\/types\/product"}],"replies":[{"embeddable":true,"href":"https:\/\/www.plumprops.com\/pl\/wp-json\/wp\/v2\/comments?post=10249"}],"version-history":[{"count":0,"href":"https:\/\/www.plumprops.com\/pl\/wp-json\/wp\/v2\/product\/10249\/revisions"}],"wp:featuredmedia":[{"embeddable":true,"href":"https:\/\/www.plumprops.com\/pl\/wp-json\/wp\/v2\/media\/6699"}],"wp:attachment":[{"href":"https:\/\/www.plumprops.com\/pl\/wp-json\/wp\/v2\/media?parent=10249"}],"curies":[{"name":"wp","href":"https:\/\/api.w.org\/{rel}","templated":true}]}}