{"id":14843,"date":"2020-08-22T19:46:07","date_gmt":"2020-08-22T19:46:07","guid":{"rendered":"https:\/\/www.plumprops.com\/bez-kategorii\/upholstered-chair\/"},"modified":"2025-06-03T20:43:00","modified_gmt":"2025-06-03T20:43:00","slug":"krzeselko-tapicerowane","status":"publish","type":"product","link":"https:\/\/www.plumprops.com\/pl\/krzesla-i-stoliczki\/krzeselko-tapicerowane\/","title":{"rendered":"Krzese\u0142ko tapicerowane"},"content":{"rendered":"","protected":false},"excerpt":{"rendered":"<p>Krzes\u0142o tapicerowane &#8211; uwaga, g\u0142askanie uzale\u017cnia;)<\/p>\n<p>Ma\u0142e krzese\u0142ko, zaprojektowane z my\u015bl\u0105 o sesjach dzieci w wieku 1-2 lata.<\/p>\n<p>Wymiary 30 x 30 cm, wysoko\u015b\u0107 siedziska 19 cm<\/p>\n<p>Wysoko\u015b\u0107 oparcia 50 cm<\/p>\n<p><span class=\"\" title=\"\">\u00a0<\/span><\/p>\n","protected":false},"featured_media":12557,"comment_status":"open","ping_status":"closed","template":"","meta":[],"yoast_head":"<!-- This site is optimized with the Yoast SEO plugin v16.0.2 - https:\/\/yoast.com\/wordpress\/plugins\/seo\/ -->\n<title>Krzese\u0142ko tapicerowane - Newborn Photography Props<\/title>\n<link rel=\"canonical\" href=\"https:\/\/www.plumprops.com\/pl\/krzesla-i-stoliczki\/krzeselko-tapicerowane\/\" \/>\n<meta property=\"og:locale\" content=\"pl_PL\" \/>\n<meta property=\"og:type\" content=\"article\" \/>\n<meta property=\"og:title\" content=\"Krzese\u0142ko tapicerowane - Newborn Photography Props\" \/>\n<meta property=\"og:description\" content=\"Krzes\u0142o tapicerowane - uwaga, g\u0142askanie uzale\u017cnia;) Ma\u0142e krzese\u0142ko, zaprojektowane z my\u015bl\u0105 o sesjach dzieci w wieku 1-2 lata. Wymiary 30 x 30 cm, wysoko\u015b\u0107 siedziska 19 cm Wysoko\u015b\u0107 oparcia 50 cm \u00a0\" \/>\n<meta property=\"og:url\" content=\"https:\/\/www.plumprops.com\/pl\/krzesla-i-stoliczki\/krzeselko-tapicerowane\/\" \/>\n<meta property=\"og:site_name\" content=\"Newborn Photography Props\" \/>\n<meta property=\"article:modified_time\" content=\"2025-06-03T20:43:00+00:00\" \/>\n<meta property=\"og:image\" content=\"https:\/\/www.plumprops.com\/wp-content\/uploads\/2020\/08\/DSC_5536.jpg\" \/>\n\t<meta property=\"og:image:width\" content=\"1295\" \/>\n\t<meta property=\"og:image:height\" content=\"865\" \/>\n<meta name=\"twitter:card\" content=\"summary_large_image\" \/>\n<script type=\"application\/ld+json\" class=\"yoast-schema-graph\">{\"@context\":\"https:\/\/schema.org\",\"@graph\":[{\"@type\":\"WebSite\",\"@id\":\"https:\/\/www.plumprops.com\/#website\",\"url\":\"https:\/\/www.plumprops.com\/\",\"name\":\"Newborn Photography Props\",\"description\":\"\",\"potentialAction\":[{\"@type\":\"SearchAction\",\"target\":\"https:\/\/www.plumprops.com\/?s={search_term_string}\",\"query-input\":\"required name=search_term_string\"}],\"inLanguage\":\"pl-PL\"},{\"@type\":\"ImageObject\",\"@id\":\"https:\/\/www.plumprops.com\/pl\/krzesla-i-stoliczki\/krzeselko-tapicerowane\/#primaryimage\",\"inLanguage\":\"pl-PL\",\"url\":\"https:\/\/www.plumprops.com\/wp-content\/uploads\/2020\/08\/DSC_5536.jpg\",\"width\":1295,\"height\":865},{\"@type\":\"WebPage\",\"@id\":\"https:\/\/www.plumprops.com\/pl\/krzesla-i-stoliczki\/krzeselko-tapicerowane\/#webpage\",\"url\":\"https:\/\/www.plumprops.com\/pl\/krzesla-i-stoliczki\/krzeselko-tapicerowane\/\",\"name\":\"Krzese\\u0142ko tapicerowane - Newborn Photography Props\",\"isPartOf\":{\"@id\":\"https:\/\/www.plumprops.com\/#website\"},\"primaryImageOfPage\":{\"@id\":\"https:\/\/www.plumprops.com\/pl\/krzesla-i-stoliczki\/krzeselko-tapicerowane\/#primaryimage\"},\"datePublished\":\"2020-08-22T19:46:07+00:00\",\"dateModified\":\"2025-06-03T20:43:00+00:00\",\"breadcrumb\":{\"@id\":\"https:\/\/www.plumprops.com\/pl\/krzesla-i-stoliczki\/krzeselko-tapicerowane\/#breadcrumb\"},\"inLanguage\":\"pl-PL\",\"potentialAction\":[{\"@type\":\"ReadAction\",\"target\":[\"https:\/\/www.plumprops.com\/pl\/krzesla-i-stoliczki\/krzeselko-tapicerowane\/\"]}]},{\"@type\":\"BreadcrumbList\",\"@id\":\"https:\/\/www.plumprops.com\/pl\/krzesla-i-stoliczki\/krzeselko-tapicerowane\/#breadcrumb\",\"itemListElement\":[{\"@type\":\"ListItem\",\"position\":1,\"item\":{\"@type\":\"WebPage\",\"@id\":\"https:\/\/www.plumprops.com\/pl\/\",\"url\":\"https:\/\/www.plumprops.com\/pl\/\",\"name\":\"Home\"}},{\"@type\":\"ListItem\",\"position\":2,\"item\":{\"@type\":\"WebPage\",\"@id\":\"https:\/\/www.plumprops.com\/pl\/sklep\/\",\"url\":\"https:\/\/www.plumprops.com\/pl\/sklep\/\",\"name\":\"Sklep\"}},{\"@type\":\"ListItem\",\"position\":3,\"item\":{\"@type\":\"WebPage\",\"@id\":\"https:\/\/www.plumprops.com\/pl\/krzesla-i-stoliczki\/krzeselko-tapicerowane\/\",\"url\":\"https:\/\/www.plumprops.com\/pl\/krzesla-i-stoliczki\/krzeselko-tapicerowane\/\",\"name\":\"Krzese\\u0142ko tapicerowane\"}}]}]}<\/script>\n<!-- \/ Yoast SEO plugin. -->","_links":{"self":[{"href":"https:\/\/www.plumprops.com\/pl\/wp-json\/wp\/v2\/product\/14843"}],"collection":[{"href":"https:\/\/www.plumprops.com\/pl\/wp-json\/wp\/v2\/product"}],"about":[{"href":"https:\/\/www.plumprops.com\/pl\/wp-json\/wp\/v2\/types\/product"}],"replies":[{"embeddable":true,"href":"https:\/\/www.plumprops.com\/pl\/wp-json\/wp\/v2\/comments?post=14843"}],"version-history":[{"count":1,"href":"https:\/\/www.plumprops.com\/pl\/wp-json\/wp\/v2\/product\/14843\/revisions"}],"predecessor-version":[{"id":22225,"href":"https:\/\/www.plumprops.com\/pl\/wp-json\/wp\/v2\/product\/14843\/revisions\/22225"}],"wp:featuredmedia":[{"embeddable":true,"href":"https:\/\/www.plumprops.com\/pl\/wp-json\/wp\/v2\/media\/12557"}],"wp:attachment":[{"href":"https:\/\/www.plumprops.com\/pl\/wp-json\/wp\/v2\/media?parent=14843"}],"curies":[{"name":"wp","href":"https:\/\/api.w.org\/{rel}","templated":true}]}}