{"id":16913,"date":"2020-10-12T14:10:26","date_gmt":"2020-10-12T14:10:26","guid":{"rendered":"https:\/\/www.plumprops.com\/?post_type=product&#038;p=16913"},"modified":"2022-10-06T15:05:35","modified_gmt":"2022-10-06T15:05:35","slug":"dwustronne-drewniane-deski","status":"publish","type":"product","link":"https:\/\/www.plumprops.com\/pl\/tla-drewniane\/dwustronne-drewniane-deski\/","title":{"rendered":"Dwustronne drewniane deski"},"content":{"rendered":"<p>Wymiar idealny do fotografowania noworodk\u00f3w i ma\u0142ych dzieci.<\/p>\n<p>Szeroko\u015b\u0107 jednej deski to 20 cm. Deski wysy\u0142ane s\u0105 luzem.<\/p>\n<p>Jako zabezpieczenie przed przewr\u00f3ceniem sugerujemy u\u017cy\u0107 karnisza i maty antypo\u015blizgowej pod dywany.<\/p>\n<p>Poniewa\u017c deski s\u0105 stylizowane na podniszczone, produkt mo\u017ce nieznacznie odbiega\u0107 od tego ze zdj\u0119cia (inne przetarcia). R\u00f3\u017cnica kolorystyczna mo\u017ce wynika\u0107 z indywidualnych ustawie\u0144 monitora.<\/p>\n<p>Z uwagi na gabaryty i ci\u0119\u017car, produkt ten wysy\u0142amy w 4 paczkach, dzi\u0119ki temu ka\u017cdy powinien poradzi\u0107 sobie z przenoszeniem.<\/p>\n<p>Produkt sprzedawany bez \u0142\u00f3\u017ceczka.<\/p>\n<p>Mo\u017cliwo\u015b\u0107 zam\u00f3wienia tak\u017ce w innym kolorze.<\/p>\n<p>&nbsp;<\/p>\n","protected":false},"excerpt":{"rendered":"<p>Dwustronne t\u0142o drewniane do zdj\u0119\u0107 &#8211; mo\u017cna wykorzysta\u0107 je zar\u00f3wno jako pod\u0142og\u0119, jak i \u015bcian\u0119.<br \/>\nPrawdziwe drewno, stylizowane na postarzane.<br \/>\nRozmiar: 168 cm x 160 cm.<br \/>\nJedna strona to drewno szczotkowane, druga strona kremowa.<br \/>\nJe\u015bli potrzebujesz kompletu (\u015bciana i pod\u0142oga) zakup 2 sztuki.<br \/>\nTylko na zam\u00f3wienie. Mo\u017cliwa wysy\u0142ka pr\u00f3bnika kolor\u00f3w przed zakupem. \ud83d\ude42<br \/>\nNajlepiej skontaktuj si\u0119 z nami (facebook lub e-mail), je\u015bli chcesz kupi\u0107 ten produkt.<\/p>\n","protected":false},"featured_media":14913,"comment_status":"open","ping_status":"closed","template":"","meta":[],"yoast_head":"<!-- This site is optimized with the Yoast SEO plugin v16.0.2 - https:\/\/yoast.com\/wordpress\/plugins\/seo\/ -->\n<title>Dwustronne drewniane deski - Newborn Photography Props<\/title>\n<link rel=\"canonical\" href=\"https:\/\/www.plumprops.com\/pl\/tla-drewniane\/dwustronne-drewniane-deski\/\" \/>\n<meta property=\"og:locale\" content=\"pl_PL\" \/>\n<meta property=\"og:type\" content=\"article\" \/>\n<meta property=\"og:title\" content=\"Dwustronne drewniane deski - Newborn Photography Props\" \/>\n<meta property=\"og:description\" content=\"Dwustronne t\u0142o drewniane do zdj\u0119\u0107 - mo\u017cna wykorzysta\u0107 je zar\u00f3wno jako pod\u0142og\u0119, jak i \u015bcian\u0119. Prawdziwe drewno, stylizowane na postarzane. Rozmiar: 168 cm x 160 cm. Jedna strona to drewno szczotkowane, druga strona kremowa. Je\u015bli potrzebujesz kompletu (\u015bciana i pod\u0142oga) zakup 2 sztuki. Tylko na zam\u00f3wienie. Mo\u017cliwa wysy\u0142ka pr\u00f3bnika kolor\u00f3w przed zakupem. :) Najlepiej skontaktuj si\u0119 z nami (facebook lub e-mail), je\u015bli chcesz kupi\u0107 ten produkt.\" \/>\n<meta property=\"og:url\" content=\"https:\/\/www.plumprops.com\/pl\/tla-drewniane\/dwustronne-drewniane-deski\/\" \/>\n<meta property=\"og:site_name\" content=\"Newborn Photography Props\" \/>\n<meta property=\"article:modified_time\" content=\"2022-10-06T15:05:35+00:00\" \/>\n<meta property=\"og:image\" content=\"https:\/\/www.plumprops.com\/wp-content\/uploads\/2020\/06\/3609.jpg\" \/>\n\t<meta property=\"og:image:width\" content=\"1500\" \/>\n\t<meta property=\"og:image:height\" content=\"1001\" \/>\n<meta name=\"twitter:card\" content=\"summary_large_image\" \/>\n<meta name=\"twitter:label1\" content=\"Szacowany czas czytania\">\n\t<meta name=\"twitter:data1\" content=\"1 minuta\">\n<script type=\"application\/ld+json\" class=\"yoast-schema-graph\">{\"@context\":\"https:\/\/schema.org\",\"@graph\":[{\"@type\":\"WebSite\",\"@id\":\"https:\/\/www.plumprops.com\/#website\",\"url\":\"https:\/\/www.plumprops.com\/\",\"name\":\"Newborn Photography Props\",\"description\":\"\",\"potentialAction\":[{\"@type\":\"SearchAction\",\"target\":\"https:\/\/www.plumprops.com\/?s={search_term_string}\",\"query-input\":\"required name=search_term_string\"}],\"inLanguage\":\"pl-PL\"},{\"@type\":\"ImageObject\",\"@id\":\"https:\/\/www.plumprops.com\/pl\/tla-drewniane\/dwustronne-drewniane-deski\/#primaryimage\",\"inLanguage\":\"pl-PL\",\"url\":\"https:\/\/www.plumprops.com\/wp-content\/uploads\/2020\/06\/3609.jpg\",\"width\":1500,\"height\":1001,\"caption\":\"dwustronne drewniane t\\u0142o fotograficzne\"},{\"@type\":\"WebPage\",\"@id\":\"https:\/\/www.plumprops.com\/pl\/tla-drewniane\/dwustronne-drewniane-deski\/#webpage\",\"url\":\"https:\/\/www.plumprops.com\/pl\/tla-drewniane\/dwustronne-drewniane-deski\/\",\"name\":\"Dwustronne drewniane deski - Newborn Photography Props\",\"isPartOf\":{\"@id\":\"https:\/\/www.plumprops.com\/#website\"},\"primaryImageOfPage\":{\"@id\":\"https:\/\/www.plumprops.com\/pl\/tla-drewniane\/dwustronne-drewniane-deski\/#primaryimage\"},\"datePublished\":\"2020-10-12T14:10:26+00:00\",\"dateModified\":\"2022-10-06T15:05:35+00:00\",\"breadcrumb\":{\"@id\":\"https:\/\/www.plumprops.com\/pl\/tla-drewniane\/dwustronne-drewniane-deski\/#breadcrumb\"},\"inLanguage\":\"pl-PL\",\"potentialAction\":[{\"@type\":\"ReadAction\",\"target\":[\"https:\/\/www.plumprops.com\/pl\/tla-drewniane\/dwustronne-drewniane-deski\/\"]}]},{\"@type\":\"BreadcrumbList\",\"@id\":\"https:\/\/www.plumprops.com\/pl\/tla-drewniane\/dwustronne-drewniane-deski\/#breadcrumb\",\"itemListElement\":[{\"@type\":\"ListItem\",\"position\":1,\"item\":{\"@type\":\"WebPage\",\"@id\":\"https:\/\/www.plumprops.com\/pl\/\",\"url\":\"https:\/\/www.plumprops.com\/pl\/\",\"name\":\"Home\"}},{\"@type\":\"ListItem\",\"position\":2,\"item\":{\"@type\":\"WebPage\",\"@id\":\"https:\/\/www.plumprops.com\/pl\/sklep\/\",\"url\":\"https:\/\/www.plumprops.com\/pl\/sklep\/\",\"name\":\"Sklep\"}},{\"@type\":\"ListItem\",\"position\":3,\"item\":{\"@type\":\"WebPage\",\"@id\":\"https:\/\/www.plumprops.com\/pl\/tla-drewniane\/dwustronne-drewniane-deski\/\",\"url\":\"https:\/\/www.plumprops.com\/pl\/tla-drewniane\/dwustronne-drewniane-deski\/\",\"name\":\"Dwustronne drewniane deski\"}}]}]}<\/script>\n<!-- \/ Yoast SEO plugin. -->","_links":{"self":[{"href":"https:\/\/www.plumprops.com\/pl\/wp-json\/wp\/v2\/product\/16913"}],"collection":[{"href":"https:\/\/www.plumprops.com\/pl\/wp-json\/wp\/v2\/product"}],"about":[{"href":"https:\/\/www.plumprops.com\/pl\/wp-json\/wp\/v2\/types\/product"}],"replies":[{"embeddable":true,"href":"https:\/\/www.plumprops.com\/pl\/wp-json\/wp\/v2\/comments?post=16913"}],"version-history":[{"count":1,"href":"https:\/\/www.plumprops.com\/pl\/wp-json\/wp\/v2\/product\/16913\/revisions"}],"predecessor-version":[{"id":21689,"href":"https:\/\/www.plumprops.com\/pl\/wp-json\/wp\/v2\/product\/16913\/revisions\/21689"}],"wp:featuredmedia":[{"embeddable":true,"href":"https:\/\/www.plumprops.com\/pl\/wp-json\/wp\/v2\/media\/14913"}],"wp:attachment":[{"href":"https:\/\/www.plumprops.com\/pl\/wp-json\/wp\/v2\/media?parent=16913"}],"curies":[{"name":"wp","href":"https:\/\/api.w.org\/{rel}","templated":true}]}}