{"id":16930,"date":"2020-10-12T14:23:45","date_gmt":"2020-10-12T14:23:45","guid":{"rendered":"https:\/\/www.plumprops.com\/?post_type=product&#038;p=16930"},"modified":"2022-03-30T18:32:14","modified_gmt":"2022-03-30T18:32:14","slug":"drewniane-postarzane-deski","status":"publish","type":"product","link":"https:\/\/www.plumprops.com\/pl\/tla-drewniane\/drewniane-postarzane-deski\/","title":{"rendered":"Drewniane postarzane deski"},"content":{"rendered":"<p>Wymiar idealny do fotografowania noworodk\u00f3w i ma\u0142ych dzieci.<\/p>\n<p>Deski wysy\u0142ane s\u0105 luzem.<\/p>\n<p>Aby zabezpieczy\u0107 je przy \u015bcianie najlepiej u\u017cy\u0107 karnisza. Na pod\u0142og\u0119, przed rozje\u017cd\u017caniem dobrze sprawdza si\u0119 mata antypo\u015blizgowa pod dywany.<\/p>\n<p>Poniewa\u017c deski s\u0105 stylizowane na stare, produkt mo\u017ce nieznacznie r\u00f3\u017cni\u0107 si\u0119 od tego ze zdj\u0119cia. R\u00f3\u017cnica kolorystyczna mo\u017ce wynika\u0107 z indywidualnych ustawie\u0144 monitora.<\/p>\n<p>Z uwagi na gabaryty i ci\u0119\u017car, produkt ten wysy\u0142amy w kilku paczkach, dzi\u0119ki temu ka\u017cdy powinien poradzi\u0107 sobie z przenoszeniem.<\/p>\n<p>Produkt sprzedawany bez \u0142\u00f3\u017ceczka\/skrzynki i lalki<\/p>\n<p>Mo\u017cliwo\u015b\u0107 zam\u00f3wienia tak\u017ce w innym kolorze.<\/p>\n","protected":false},"excerpt":{"rendered":"<p>Pi\u0119kne drewniane t\u0142o do sesji. Deski s\u0105 szczotkowane, aby nada\u0107 im wygl\u0105d starego drewna. Zabezpieczone olejem.<br \/>\nRozmiar: 168 cm x 160 cm &#8211; idealny na pod\u0142og\u0119 lub \u015bcian\u0119. Jedna deska ma szeroko\u015b\u0107 ok. 20 cm.<br \/>\nJe\u015bli chcesz kupi\u0107 komplet (\u015bciana + pod\u0142oga) zam\u00f3w 2 szt.<br \/>\nMo\u017cesz skontaktowa\u0107 si\u0119 z nami (facebook lub e-mail), je\u015bli chcesz kupi\u0107 ten produkt &#8211; istnieje mo\u017cliwo\u015b\u0107 wys\u0142ania pr\u00f3bek kolor\u00f3w (polecamy skorzystanie z tej opcji) \ud83d\ude42<\/p>\n","protected":false},"featured_media":17828,"comment_status":"open","ping_status":"closed","template":"","meta":[],"yoast_head":"<!-- This site is optimized with the Yoast SEO plugin v16.0.2 - https:\/\/yoast.com\/wordpress\/plugins\/seo\/ -->\n<title>Drewniane postarzane deski - Newborn Photography Props<\/title>\n<link rel=\"canonical\" href=\"https:\/\/www.plumprops.com\/pl\/tla-drewniane\/drewniane-postarzane-deski\/\" \/>\n<meta property=\"og:locale\" content=\"pl_PL\" \/>\n<meta property=\"og:type\" content=\"article\" \/>\n<meta property=\"og:title\" content=\"Drewniane postarzane deski - Newborn Photography Props\" \/>\n<meta property=\"og:description\" content=\"Pi\u0119kne drewniane t\u0142o do sesji. Deski s\u0105 szczotkowane, aby nada\u0107 im wygl\u0105d starego drewna. Zabezpieczone olejem. Rozmiar: 168 cm x 160 cm - idealny na pod\u0142og\u0119 lub \u015bcian\u0119. Jedna deska ma szeroko\u015b\u0107 ok. 20 cm. Je\u015bli chcesz kupi\u0107 komplet (\u015bciana + pod\u0142oga) zam\u00f3w 2 szt. Mo\u017cesz skontaktowa\u0107 si\u0119 z nami (facebook lub e-mail), je\u015bli chcesz kupi\u0107 ten produkt - istnieje mo\u017cliwo\u015b\u0107 wys\u0142ania pr\u00f3bek kolor\u00f3w (polecamy skorzystanie z tej opcji) :)\" \/>\n<meta property=\"og:url\" content=\"https:\/\/www.plumprops.com\/pl\/tla-drewniane\/drewniane-postarzane-deski\/\" \/>\n<meta property=\"og:site_name\" content=\"Newborn Photography Props\" \/>\n<meta property=\"article:modified_time\" content=\"2022-03-30T18:32:14+00:00\" \/>\n<meta property=\"og:image\" content=\"https:\/\/www.plumprops.com\/wp-content\/uploads\/2020\/10\/DSC_6868_mini.jpg\" \/>\n\t<meta property=\"og:image:width\" content=\"1400\" \/>\n\t<meta property=\"og:image:height\" content=\"935\" \/>\n<meta name=\"twitter:card\" content=\"summary_large_image\" \/>\n<meta name=\"twitter:label1\" content=\"Szacowany czas czytania\">\n\t<meta name=\"twitter:data1\" content=\"1 minuta\">\n<script type=\"application\/ld+json\" class=\"yoast-schema-graph\">{\"@context\":\"https:\/\/schema.org\",\"@graph\":[{\"@type\":\"WebSite\",\"@id\":\"https:\/\/www.plumprops.com\/#website\",\"url\":\"https:\/\/www.plumprops.com\/\",\"name\":\"Newborn Photography Props\",\"description\":\"\",\"potentialAction\":[{\"@type\":\"SearchAction\",\"target\":\"https:\/\/www.plumprops.com\/?s={search_term_string}\",\"query-input\":\"required name=search_term_string\"}],\"inLanguage\":\"pl-PL\"},{\"@type\":\"ImageObject\",\"@id\":\"https:\/\/www.plumprops.com\/pl\/tla-drewniane\/drewniane-postarzane-deski\/#primaryimage\",\"inLanguage\":\"pl-PL\",\"url\":\"https:\/\/www.plumprops.com\/wp-content\/uploads\/2020\/10\/DSC_6868_mini.jpg\",\"width\":1400,\"height\":935},{\"@type\":\"WebPage\",\"@id\":\"https:\/\/www.plumprops.com\/pl\/tla-drewniane\/drewniane-postarzane-deski\/#webpage\",\"url\":\"https:\/\/www.plumprops.com\/pl\/tla-drewniane\/drewniane-postarzane-deski\/\",\"name\":\"Drewniane postarzane deski - Newborn Photography Props\",\"isPartOf\":{\"@id\":\"https:\/\/www.plumprops.com\/#website\"},\"primaryImageOfPage\":{\"@id\":\"https:\/\/www.plumprops.com\/pl\/tla-drewniane\/drewniane-postarzane-deski\/#primaryimage\"},\"datePublished\":\"2020-10-12T14:23:45+00:00\",\"dateModified\":\"2022-03-30T18:32:14+00:00\",\"breadcrumb\":{\"@id\":\"https:\/\/www.plumprops.com\/pl\/tla-drewniane\/drewniane-postarzane-deski\/#breadcrumb\"},\"inLanguage\":\"pl-PL\",\"potentialAction\":[{\"@type\":\"ReadAction\",\"target\":[\"https:\/\/www.plumprops.com\/pl\/tla-drewniane\/drewniane-postarzane-deski\/\"]}]},{\"@type\":\"BreadcrumbList\",\"@id\":\"https:\/\/www.plumprops.com\/pl\/tla-drewniane\/drewniane-postarzane-deski\/#breadcrumb\",\"itemListElement\":[{\"@type\":\"ListItem\",\"position\":1,\"item\":{\"@type\":\"WebPage\",\"@id\":\"https:\/\/www.plumprops.com\/pl\/\",\"url\":\"https:\/\/www.plumprops.com\/pl\/\",\"name\":\"Home\"}},{\"@type\":\"ListItem\",\"position\":2,\"item\":{\"@type\":\"WebPage\",\"@id\":\"https:\/\/www.plumprops.com\/pl\/sklep\/\",\"url\":\"https:\/\/www.plumprops.com\/pl\/sklep\/\",\"name\":\"Sklep\"}},{\"@type\":\"ListItem\",\"position\":3,\"item\":{\"@type\":\"WebPage\",\"@id\":\"https:\/\/www.plumprops.com\/pl\/tla-drewniane\/drewniane-postarzane-deski\/\",\"url\":\"https:\/\/www.plumprops.com\/pl\/tla-drewniane\/drewniane-postarzane-deski\/\",\"name\":\"Drewniane postarzane deski\"}}]}]}<\/script>\n<!-- \/ Yoast SEO plugin. -->","_links":{"self":[{"href":"https:\/\/www.plumprops.com\/pl\/wp-json\/wp\/v2\/product\/16930"}],"collection":[{"href":"https:\/\/www.plumprops.com\/pl\/wp-json\/wp\/v2\/product"}],"about":[{"href":"https:\/\/www.plumprops.com\/pl\/wp-json\/wp\/v2\/types\/product"}],"replies":[{"embeddable":true,"href":"https:\/\/www.plumprops.com\/pl\/wp-json\/wp\/v2\/comments?post=16930"}],"version-history":[{"count":1,"href":"https:\/\/www.plumprops.com\/pl\/wp-json\/wp\/v2\/product\/16930\/revisions"}],"predecessor-version":[{"id":21691,"href":"https:\/\/www.plumprops.com\/pl\/wp-json\/wp\/v2\/product\/16930\/revisions\/21691"}],"wp:featuredmedia":[{"embeddable":true,"href":"https:\/\/www.plumprops.com\/pl\/wp-json\/wp\/v2\/media\/17828"}],"wp:attachment":[{"href":"https:\/\/www.plumprops.com\/pl\/wp-json\/wp\/v2\/media?parent=16930"}],"curies":[{"name":"wp","href":"https:\/\/api.w.org\/{rel}","templated":true}]}}