{"id":17034,"date":"2020-10-12T17:05:07","date_gmt":"2020-10-12T17:05:07","guid":{"rendered":"https:\/\/www.plumprops.com\/?post_type=product&#038;p=17034"},"modified":"2025-07-10T23:39:22","modified_gmt":"2025-07-10T23:39:22","slug":"owalne-lozeczko","status":"publish","type":"product","link":"https:\/\/www.plumprops.com\/pl\/lozeczka-drewniane\/owalne-lozeczko\/","title":{"rendered":"Owalne \u0142\u00f3\u017ceczko"},"content":{"rendered":"","protected":false},"excerpt":{"rendered":"<p>Owalne, drewniane \u0142\u00f3\u017cko ze szczebelkami, stylizowane na stare.<\/p>\n<p>Rozmiar: 40 x 28 cm; wys. 19 cm prz\u00f3d (wysoko\u015b\u0107 wewn\u0119trzna 14 cm)<\/p>\n<p>&nbsp;<\/p>\n","protected":false},"featured_media":18941,"comment_status":"open","ping_status":"closed","template":"","meta":[],"yoast_head":"<!-- This site is optimized with the Yoast SEO plugin v16.0.2 - https:\/\/yoast.com\/wordpress\/plugins\/seo\/ -->\n<title>Mi\u0119towe proste mini \u0142\u00f3\u017ceczko do sesji noworodkowych<\/title>\n<meta name=\"description\" content=\"Mi\u0119towe, drewniane \u0142\u00f3\u017ceczko stylizowane na stare. Idealne do noworodkowej sesji fotograficznej. Wykonane r\u0119cznie.\" \/>\n<link rel=\"canonical\" href=\"https:\/\/www.plumprops.com\/pl\/lozeczka-drewniane\/owalne-lozeczko\/\" \/>\n<meta property=\"og:locale\" content=\"pl_PL\" \/>\n<meta property=\"og:type\" content=\"article\" \/>\n<meta property=\"og:title\" content=\"Mi\u0119towe proste mini \u0142\u00f3\u017ceczko do sesji noworodkowych\" \/>\n<meta property=\"og:description\" content=\"Mi\u0119towe, drewniane \u0142\u00f3\u017ceczko stylizowane na stare. Idealne do noworodkowej sesji fotograficznej. Wykonane r\u0119cznie.\" \/>\n<meta property=\"og:url\" content=\"https:\/\/www.plumprops.com\/pl\/lozeczka-drewniane\/owalne-lozeczko\/\" \/>\n<meta property=\"og:site_name\" content=\"Newborn Photography Props\" \/>\n<meta property=\"article:modified_time\" content=\"2025-07-10T23:39:22+00:00\" \/>\n<meta property=\"og:image\" content=\"https:\/\/www.plumprops.com\/wp-content\/uploads\/2020\/10\/DSC_1041-1.jpg\" \/>\n\t<meta property=\"og:image:width\" content=\"1400\" \/>\n\t<meta property=\"og:image:height\" content=\"927\" \/>\n<meta name=\"twitter:card\" content=\"summary_large_image\" \/>\n<script type=\"application\/ld+json\" class=\"yoast-schema-graph\">{\"@context\":\"https:\/\/schema.org\",\"@graph\":[{\"@type\":\"WebSite\",\"@id\":\"https:\/\/www.plumprops.com\/#website\",\"url\":\"https:\/\/www.plumprops.com\/\",\"name\":\"Newborn Photography Props\",\"description\":\"\",\"potentialAction\":[{\"@type\":\"SearchAction\",\"target\":\"https:\/\/www.plumprops.com\/?s={search_term_string}\",\"query-input\":\"required name=search_term_string\"}],\"inLanguage\":\"pl-PL\"},{\"@type\":\"ImageObject\",\"@id\":\"https:\/\/www.plumprops.com\/pl\/lozeczka-drewniane\/owalne-lozeczko\/#primaryimage\",\"inLanguage\":\"pl-PL\",\"url\":\"https:\/\/www.plumprops.com\/wp-content\/uploads\/2020\/10\/124006820_759569004911636_1946569597263867037_n.png\",\"width\":720,\"height\":480},{\"@type\":\"WebPage\",\"@id\":\"https:\/\/www.plumprops.com\/pl\/lozeczka-drewniane\/owalne-lozeczko\/#webpage\",\"url\":\"https:\/\/www.plumprops.com\/pl\/lozeczka-drewniane\/owalne-lozeczko\/\",\"name\":\"Mi\\u0119towe proste mini \\u0142\\u00f3\\u017ceczko do sesji noworodkowych\",\"isPartOf\":{\"@id\":\"https:\/\/www.plumprops.com\/#website\"},\"primaryImageOfPage\":{\"@id\":\"https:\/\/www.plumprops.com\/pl\/lozeczka-drewniane\/owalne-lozeczko\/#primaryimage\"},\"datePublished\":\"2020-10-12T17:05:07+00:00\",\"dateModified\":\"2025-07-10T23:39:22+00:00\",\"description\":\"Mi\\u0119towe, drewniane \\u0142\\u00f3\\u017ceczko stylizowane na stare. Idealne do noworodkowej sesji fotograficznej. Wykonane r\\u0119cznie.\",\"breadcrumb\":{\"@id\":\"https:\/\/www.plumprops.com\/pl\/lozeczka-drewniane\/owalne-lozeczko\/#breadcrumb\"},\"inLanguage\":\"pl-PL\",\"potentialAction\":[{\"@type\":\"ReadAction\",\"target\":[\"https:\/\/www.plumprops.com\/pl\/lozeczka-drewniane\/owalne-lozeczko\/\"]}]},{\"@type\":\"BreadcrumbList\",\"@id\":\"https:\/\/www.plumprops.com\/pl\/lozeczka-drewniane\/owalne-lozeczko\/#breadcrumb\",\"itemListElement\":[{\"@type\":\"ListItem\",\"position\":1,\"item\":{\"@type\":\"WebPage\",\"@id\":\"https:\/\/www.plumprops.com\/pl\/\",\"url\":\"https:\/\/www.plumprops.com\/pl\/\",\"name\":\"Home\"}},{\"@type\":\"ListItem\",\"position\":2,\"item\":{\"@type\":\"WebPage\",\"@id\":\"https:\/\/www.plumprops.com\/pl\/sklep\/\",\"url\":\"https:\/\/www.plumprops.com\/pl\/sklep\/\",\"name\":\"Sklep\"}},{\"@type\":\"ListItem\",\"position\":3,\"item\":{\"@type\":\"WebPage\",\"@id\":\"https:\/\/www.plumprops.com\/pl\/lozeczka-drewniane\/owalne-lozeczko\/\",\"url\":\"https:\/\/www.plumprops.com\/pl\/lozeczka-drewniane\/owalne-lozeczko\/\",\"name\":\"Owalne \\u0142\\u00f3\\u017ceczko\"}}]}]}<\/script>\n<!-- \/ Yoast SEO plugin. -->","_links":{"self":[{"href":"https:\/\/www.plumprops.com\/pl\/wp-json\/wp\/v2\/product\/17034"}],"collection":[{"href":"https:\/\/www.plumprops.com\/pl\/wp-json\/wp\/v2\/product"}],"about":[{"href":"https:\/\/www.plumprops.com\/pl\/wp-json\/wp\/v2\/types\/product"}],"replies":[{"embeddable":true,"href":"https:\/\/www.plumprops.com\/pl\/wp-json\/wp\/v2\/comments?post=17034"}],"version-history":[{"count":0,"href":"https:\/\/www.plumprops.com\/pl\/wp-json\/wp\/v2\/product\/17034\/revisions"}],"wp:featuredmedia":[{"embeddable":true,"href":"https:\/\/www.plumprops.com\/pl\/wp-json\/wp\/v2\/media\/18941"}],"wp:attachment":[{"href":"https:\/\/www.plumprops.com\/pl\/wp-json\/wp\/v2\/media?parent=17034"}],"curies":[{"name":"wp","href":"https:\/\/api.w.org\/{rel}","templated":true}]}}