{"id":18817,"date":"2020-11-24T20:46:50","date_gmt":"2020-11-24T20:46:50","guid":{"rendered":"https:\/\/www.plumprops.com\/?post_type=product&#038;p=18817"},"modified":"2024-10-23T01:43:40","modified_gmt":"2024-10-23T01:43:40","slug":"kolderka-w-zlote-kropki","status":"publish","type":"product","link":"https:\/\/www.plumprops.com\/pl\/warstwy\/kolderka-w-zlote-kropki\/","title":{"rendered":"Ko\u0142derka w z\u0142ote kropki"},"content":{"rendered":"","protected":false},"excerpt":{"rendered":"<p>Urocza mini ko\u0142dra, wykonana z mi\u0119kkiej bawe\u0142ny w z\u0142ote kropki. Surowe kraw\u0119dzie i nier\u00f3wne szwy nadaj\u0105 jej rustykalny wygl\u0105d.<br \/>\nRozmiar 46 x 32 cm. Mo\u017cesz u\u017cy\u0107 go jako warstwy pod dzieckiem w naszym \u0142\u00f3\u017cku, na beanbag&#8217;u lub nawet w wiadrze czy koszu. Cokolwiek ci powie Twoja wyobra\u017ania. Mo\u017cesz te\u017c przykry\u0107 ni\u0105 dziecko. \ud83d\ude09<\/p>\n","protected":false},"featured_media":18844,"comment_status":"open","ping_status":"closed","template":"","meta":[],"yoast_head":"<!-- This site is optimized with the Yoast SEO plugin v16.0.2 - https:\/\/yoast.com\/wordpress\/plugins\/seo\/ -->\n<title>Ko\u0142derka w z\u0142ote kropki - Newborn Photography Props<\/title>\n<link rel=\"canonical\" href=\"https:\/\/www.plumprops.com\/pl\/warstwy\/kolderka-w-zlote-kropki\/\" \/>\n<meta property=\"og:locale\" content=\"pl_PL\" \/>\n<meta property=\"og:type\" content=\"article\" \/>\n<meta property=\"og:title\" content=\"Ko\u0142derka w z\u0142ote kropki - Newborn Photography Props\" \/>\n<meta property=\"og:description\" content=\"Urocza mini ko\u0142dra, wykonana z mi\u0119kkiej bawe\u0142ny w z\u0142ote kropki. Surowe kraw\u0119dzie i nier\u00f3wne szwy nadaj\u0105 jej rustykalny wygl\u0105d. Rozmiar 46 x 32 cm. Mo\u017cesz u\u017cy\u0107 go jako warstwy pod dzieckiem w naszym \u0142\u00f3\u017cku, na beanbag&#039;u lub nawet w wiadrze czy koszu. Cokolwiek ci powie Twoja wyobra\u017ania. Mo\u017cesz te\u017c przykry\u0107 ni\u0105 dziecko. ;)\" \/>\n<meta property=\"og:url\" content=\"https:\/\/www.plumprops.com\/pl\/warstwy\/kolderka-w-zlote-kropki\/\" \/>\n<meta property=\"og:site_name\" content=\"Newborn Photography Props\" \/>\n<meta property=\"article:modified_time\" content=\"2024-10-23T01:43:40+00:00\" \/>\n<meta property=\"og:image\" content=\"https:\/\/www.plumprops.com\/wp-content\/uploads\/2020\/11\/DSC_5282.jpg\" \/>\n\t<meta property=\"og:image:width\" content=\"1400\" \/>\n\t<meta property=\"og:image:height\" content=\"935\" \/>\n<meta name=\"twitter:card\" content=\"summary_large_image\" \/>\n<script type=\"application\/ld+json\" class=\"yoast-schema-graph\">{\"@context\":\"https:\/\/schema.org\",\"@graph\":[{\"@type\":\"WebSite\",\"@id\":\"https:\/\/www.plumprops.com\/#website\",\"url\":\"https:\/\/www.plumprops.com\/\",\"name\":\"Newborn Photography Props\",\"description\":\"\",\"potentialAction\":[{\"@type\":\"SearchAction\",\"target\":\"https:\/\/www.plumprops.com\/?s={search_term_string}\",\"query-input\":\"required name=search_term_string\"}],\"inLanguage\":\"pl-PL\"},{\"@type\":\"ImageObject\",\"@id\":\"https:\/\/www.plumprops.com\/pl\/warstwy\/kolderka-w-zlote-kropki\/#primaryimage\",\"inLanguage\":\"pl-PL\",\"url\":\"https:\/\/www.plumprops.com\/wp-content\/uploads\/2020\/11\/DSC_5282.jpg\",\"width\":1400,\"height\":935},{\"@type\":\"WebPage\",\"@id\":\"https:\/\/www.plumprops.com\/pl\/warstwy\/kolderka-w-zlote-kropki\/#webpage\",\"url\":\"https:\/\/www.plumprops.com\/pl\/warstwy\/kolderka-w-zlote-kropki\/\",\"name\":\"Ko\\u0142derka w z\\u0142ote kropki - Newborn Photography Props\",\"isPartOf\":{\"@id\":\"https:\/\/www.plumprops.com\/#website\"},\"primaryImageOfPage\":{\"@id\":\"https:\/\/www.plumprops.com\/pl\/warstwy\/kolderka-w-zlote-kropki\/#primaryimage\"},\"datePublished\":\"2020-11-24T20:46:50+00:00\",\"dateModified\":\"2024-10-23T01:43:40+00:00\",\"breadcrumb\":{\"@id\":\"https:\/\/www.plumprops.com\/pl\/warstwy\/kolderka-w-zlote-kropki\/#breadcrumb\"},\"inLanguage\":\"pl-PL\",\"potentialAction\":[{\"@type\":\"ReadAction\",\"target\":[\"https:\/\/www.plumprops.com\/pl\/warstwy\/kolderka-w-zlote-kropki\/\"]}]},{\"@type\":\"BreadcrumbList\",\"@id\":\"https:\/\/www.plumprops.com\/pl\/warstwy\/kolderka-w-zlote-kropki\/#breadcrumb\",\"itemListElement\":[{\"@type\":\"ListItem\",\"position\":1,\"item\":{\"@type\":\"WebPage\",\"@id\":\"https:\/\/www.plumprops.com\/pl\/\",\"url\":\"https:\/\/www.plumprops.com\/pl\/\",\"name\":\"Home\"}},{\"@type\":\"ListItem\",\"position\":2,\"item\":{\"@type\":\"WebPage\",\"@id\":\"https:\/\/www.plumprops.com\/pl\/sklep\/\",\"url\":\"https:\/\/www.plumprops.com\/pl\/sklep\/\",\"name\":\"Sklep\"}},{\"@type\":\"ListItem\",\"position\":3,\"item\":{\"@type\":\"WebPage\",\"@id\":\"https:\/\/www.plumprops.com\/pl\/warstwy\/kolderka-w-zlote-kropki\/\",\"url\":\"https:\/\/www.plumprops.com\/pl\/warstwy\/kolderka-w-zlote-kropki\/\",\"name\":\"Ko\\u0142derka w z\\u0142ote kropki\"}}]}]}<\/script>\n<!-- \/ Yoast SEO plugin. -->","_links":{"self":[{"href":"https:\/\/www.plumprops.com\/pl\/wp-json\/wp\/v2\/product\/18817"}],"collection":[{"href":"https:\/\/www.plumprops.com\/pl\/wp-json\/wp\/v2\/product"}],"about":[{"href":"https:\/\/www.plumprops.com\/pl\/wp-json\/wp\/v2\/types\/product"}],"replies":[{"embeddable":true,"href":"https:\/\/www.plumprops.com\/pl\/wp-json\/wp\/v2\/comments?post=18817"}],"version-history":[{"count":1,"href":"https:\/\/www.plumprops.com\/pl\/wp-json\/wp\/v2\/product\/18817\/revisions"}],"predecessor-version":[{"id":18858,"href":"https:\/\/www.plumprops.com\/pl\/wp-json\/wp\/v2\/product\/18817\/revisions\/18858"}],"wp:featuredmedia":[{"embeddable":true,"href":"https:\/\/www.plumprops.com\/pl\/wp-json\/wp\/v2\/media\/18844"}],"wp:attachment":[{"href":"https:\/\/www.plumprops.com\/pl\/wp-json\/wp\/v2\/media?parent=18817"}],"curies":[{"name":"wp","href":"https:\/\/api.w.org\/{rel}","templated":true}]}}