{"id":18964,"date":"2020-12-07T17:25:38","date_gmt":"2020-12-07T17:25:38","guid":{"rendered":"https:\/\/www.plumprops.com\/?post_type=product&#038;p=18964"},"modified":"2023-07-23T17:15:00","modified_gmt":"2023-07-23T17:15:00","slug":"noworodkowe-ubranko-do-sesji","status":"publish","type":"product","link":"https:\/\/www.plumprops.com\/pl\/ubranka\/noworodkowe-ubranko-do-sesji\/","title":{"rendered":"Noworodkowe ubranko do sesji"},"content":{"rendered":"<p>Koszulka wykonana jest z nie rozci\u0105gliwej tkaniny. Spodnie s\u0105 z dodatkiem elastanu\u00a0 \ud83d\ude42<\/p>\n<p>Je\u015bli chcesz, aby twoje ubrania wygl\u0105da\u0142y jak nowe tak d\u0142ugo, jak to mo\u017cliwe, pierz r\u0119cznie w ch\u0142odnej wodzie (30\u00b0C). Tkanina w z\u0142ote kropki nie wymaga prasowania, ale je\u015bli musisz, prasuj tylko w niskiej temperaturze po lewej stronie ubranka. Uwa\u017caj! \u017belazko mo\u017ce zniszczy\u0107 z\u0142ote kropki.<\/p>\n","protected":false},"excerpt":{"rendered":"<p>Pi\u0119kne 2-cz\u0119\u015bciowe ubranko do fotografii noworodkowej.<\/p>\n<p>Zestaw sk\u0142ada si\u0119 z:<\/p>\n<p>bluzki w z\u0142ote kropki, kt\u00f3ra zapinana jest z ty\u0142u na ma\u0142e drewniane guziki<br \/>\nspodenki dresowe, wi\u0105zane w pasie<\/p>\n<p>rozmiar: noworodek<\/p>\n","protected":false},"featured_media":18970,"comment_status":"open","ping_status":"closed","template":"","meta":[],"yoast_head":"<!-- This site is optimized with the Yoast SEO plugin v16.0.2 - https:\/\/yoast.com\/wordpress\/plugins\/seo\/ -->\n<title>Noworodkowe ubranko do sesji - Newborn Photography Props<\/title>\n<link rel=\"canonical\" href=\"https:\/\/www.plumprops.com\/pl\/ubranka\/noworodkowe-ubranko-do-sesji\/\" \/>\n<meta property=\"og:locale\" content=\"pl_PL\" \/>\n<meta property=\"og:type\" content=\"article\" \/>\n<meta property=\"og:title\" content=\"Noworodkowe ubranko do sesji - Newborn Photography Props\" \/>\n<meta property=\"og:description\" content=\"Pi\u0119kne 2-cz\u0119\u015bciowe ubranko do fotografii noworodkowej.  Zestaw sk\u0142ada si\u0119 z:  bluzki w z\u0142ote kropki, kt\u00f3ra zapinana jest z ty\u0142u na ma\u0142e drewniane guziki spodenki dresowe, wi\u0105zane w pasie  rozmiar: noworodek\" \/>\n<meta property=\"og:url\" content=\"https:\/\/www.plumprops.com\/pl\/ubranka\/noworodkowe-ubranko-do-sesji\/\" \/>\n<meta property=\"og:site_name\" content=\"Newborn Photography Props\" \/>\n<meta property=\"article:modified_time\" content=\"2023-07-23T17:15:00+00:00\" \/>\n<meta property=\"og:image\" content=\"https:\/\/www.plumprops.com\/wp-content\/uploads\/2020\/12\/DSC_5215-rotated.jpg\" \/>\n\t<meta property=\"og:image:width\" content=\"1400\" \/>\n\t<meta property=\"og:image:height\" content=\"935\" \/>\n<meta name=\"twitter:card\" content=\"summary_large_image\" \/>\n<script type=\"application\/ld+json\" class=\"yoast-schema-graph\">{\"@context\":\"https:\/\/schema.org\",\"@graph\":[{\"@type\":\"WebSite\",\"@id\":\"https:\/\/www.plumprops.com\/#website\",\"url\":\"https:\/\/www.plumprops.com\/\",\"name\":\"Newborn Photography Props\",\"description\":\"\",\"potentialAction\":[{\"@type\":\"SearchAction\",\"target\":\"https:\/\/www.plumprops.com\/?s={search_term_string}\",\"query-input\":\"required name=search_term_string\"}],\"inLanguage\":\"pl-PL\"},{\"@type\":\"ImageObject\",\"@id\":\"https:\/\/www.plumprops.com\/pl\/ubranka\/noworodkowe-ubranko-do-sesji\/#primaryimage\",\"inLanguage\":\"pl-PL\",\"url\":\"https:\/\/www.plumprops.com\/wp-content\/uploads\/2020\/12\/DSC_5215-rotated.jpg\",\"width\":1400,\"height\":935},{\"@type\":\"WebPage\",\"@id\":\"https:\/\/www.plumprops.com\/pl\/ubranka\/noworodkowe-ubranko-do-sesji\/#webpage\",\"url\":\"https:\/\/www.plumprops.com\/pl\/ubranka\/noworodkowe-ubranko-do-sesji\/\",\"name\":\"Noworodkowe ubranko do sesji - Newborn Photography Props\",\"isPartOf\":{\"@id\":\"https:\/\/www.plumprops.com\/#website\"},\"primaryImageOfPage\":{\"@id\":\"https:\/\/www.plumprops.com\/pl\/ubranka\/noworodkowe-ubranko-do-sesji\/#primaryimage\"},\"datePublished\":\"2020-12-07T17:25:38+00:00\",\"dateModified\":\"2023-07-23T17:15:00+00:00\",\"breadcrumb\":{\"@id\":\"https:\/\/www.plumprops.com\/pl\/ubranka\/noworodkowe-ubranko-do-sesji\/#breadcrumb\"},\"inLanguage\":\"pl-PL\",\"potentialAction\":[{\"@type\":\"ReadAction\",\"target\":[\"https:\/\/www.plumprops.com\/pl\/ubranka\/noworodkowe-ubranko-do-sesji\/\"]}]},{\"@type\":\"BreadcrumbList\",\"@id\":\"https:\/\/www.plumprops.com\/pl\/ubranka\/noworodkowe-ubranko-do-sesji\/#breadcrumb\",\"itemListElement\":[{\"@type\":\"ListItem\",\"position\":1,\"item\":{\"@type\":\"WebPage\",\"@id\":\"https:\/\/www.plumprops.com\/pl\/\",\"url\":\"https:\/\/www.plumprops.com\/pl\/\",\"name\":\"Home\"}},{\"@type\":\"ListItem\",\"position\":2,\"item\":{\"@type\":\"WebPage\",\"@id\":\"https:\/\/www.plumprops.com\/pl\/sklep\/\",\"url\":\"https:\/\/www.plumprops.com\/pl\/sklep\/\",\"name\":\"Sklep\"}},{\"@type\":\"ListItem\",\"position\":3,\"item\":{\"@type\":\"WebPage\",\"@id\":\"https:\/\/www.plumprops.com\/pl\/ubranka\/noworodkowe-ubranko-do-sesji\/\",\"url\":\"https:\/\/www.plumprops.com\/pl\/ubranka\/noworodkowe-ubranko-do-sesji\/\",\"name\":\"Noworodkowe ubranko do sesji\"}}]}]}<\/script>\n<!-- \/ Yoast SEO plugin. -->","_links":{"self":[{"href":"https:\/\/www.plumprops.com\/pl\/wp-json\/wp\/v2\/product\/18964"}],"collection":[{"href":"https:\/\/www.plumprops.com\/pl\/wp-json\/wp\/v2\/product"}],"about":[{"href":"https:\/\/www.plumprops.com\/pl\/wp-json\/wp\/v2\/types\/product"}],"replies":[{"embeddable":true,"href":"https:\/\/www.plumprops.com\/pl\/wp-json\/wp\/v2\/comments?post=18964"}],"version-history":[{"count":1,"href":"https:\/\/www.plumprops.com\/pl\/wp-json\/wp\/v2\/product\/18964\/revisions"}],"predecessor-version":[{"id":19003,"href":"https:\/\/www.plumprops.com\/pl\/wp-json\/wp\/v2\/product\/18964\/revisions\/19003"}],"wp:featuredmedia":[{"embeddable":true,"href":"https:\/\/www.plumprops.com\/pl\/wp-json\/wp\/v2\/media\/18970"}],"wp:attachment":[{"href":"https:\/\/www.plumprops.com\/pl\/wp-json\/wp\/v2\/media?parent=18964"}],"curies":[{"name":"wp","href":"https:\/\/api.w.org\/{rel}","templated":true}]}}