{"id":19357,"date":"2020-12-15T10:37:04","date_gmt":"2020-12-15T10:37:04","guid":{"rendered":"https:\/\/www.plumprops.com\/?post_type=product&#038;p=19357"},"modified":"2024-03-21T02:31:17","modified_gmt":"2024-03-21T02:31:17","slug":"body-z-falbanka","status":"publish","type":"product","link":"https:\/\/www.plumprops.com\/pl\/ubranka\/body-z-falbanka\/","title":{"rendered":"Body z falbank\u0105"},"content":{"rendered":"<p>Je\u015bli chcesz, aby twoje ubrania wygl\u0105da\u0142y jak nowe tak d\u0142ugo, jak to mo\u017cliwe, pra\u0107 r\u0119cznie w ch\u0142odnej wodzie (30\u00b0C). Tkanina w z\u0142ote kropki nie wymaga prasowania, ale je\u015bli musisz, prasuj tylko w niskiej temperaturze po lewej stronie . Uwa\u017caj! \u017belazko mo\u017ce zniszczy\u0107 z\u0142ote kropki.<\/p>\n<p>95% bawe\u0142na, 5% elastan<\/p>\n","protected":false},"excerpt":{"rendered":"<p>Urocze body z falbankami. Z przodu \u017cabocik, z ty\u0142u urocze wyci\u0119cie na plecach, falbanki i kokardka. Dzi\u0119ki temu ubranko \u015blicznie prezentuje si\u0119 zar\u00f3wno w pozycji na plecach jak i na brzuszku.<\/p>\n","protected":false},"featured_media":19278,"comment_status":"open","ping_status":"closed","template":"","meta":[],"yoast_head":"<!-- This site is optimized with the Yoast SEO plugin v16.0.2 - https:\/\/yoast.com\/wordpress\/plugins\/seo\/ -->\n<title>Body z falbank\u0105 - Newborn Photography Props<\/title>\n<link rel=\"canonical\" href=\"https:\/\/www.plumprops.com\/pl\/ubranka\/body-z-falbanka\/\" \/>\n<meta property=\"og:locale\" content=\"pl_PL\" \/>\n<meta property=\"og:type\" content=\"article\" \/>\n<meta property=\"og:title\" content=\"Body z falbank\u0105 - Newborn Photography Props\" \/>\n<meta property=\"og:description\" content=\"Urocze body z falbankami. Z przodu \u017cabocik, z ty\u0142u urocze wyci\u0119cie na plecach, falbanki i kokardka. Dzi\u0119ki temu ubranko \u015blicznie prezentuje si\u0119 zar\u00f3wno w pozycji na plecach jak i na brzuszku.\" \/>\n<meta property=\"og:url\" content=\"https:\/\/www.plumprops.com\/pl\/ubranka\/body-z-falbanka\/\" \/>\n<meta property=\"og:site_name\" content=\"Newborn Photography Props\" \/>\n<meta property=\"article:modified_time\" content=\"2024-03-21T02:31:17+00:00\" \/>\n<meta property=\"og:image\" content=\"https:\/\/www.plumprops.com\/wp-content\/uploads\/2020\/12\/dsc_7431.jpg\" \/>\n\t<meta property=\"og:image:width\" content=\"1400\" \/>\n\t<meta property=\"og:image:height\" content=\"935\" \/>\n<meta name=\"twitter:card\" content=\"summary_large_image\" \/>\n<script type=\"application\/ld+json\" class=\"yoast-schema-graph\">{\"@context\":\"https:\/\/schema.org\",\"@graph\":[{\"@type\":\"WebSite\",\"@id\":\"https:\/\/www.plumprops.com\/#website\",\"url\":\"https:\/\/www.plumprops.com\/\",\"name\":\"Newborn Photography Props\",\"description\":\"\",\"potentialAction\":[{\"@type\":\"SearchAction\",\"target\":\"https:\/\/www.plumprops.com\/?s={search_term_string}\",\"query-input\":\"required name=search_term_string\"}],\"inLanguage\":\"pl-PL\"},{\"@type\":\"ImageObject\",\"@id\":\"https:\/\/www.plumprops.com\/pl\/ubranka\/body-z-falbanka\/#primaryimage\",\"inLanguage\":\"pl-PL\",\"url\":\"https:\/\/www.plumprops.com\/wp-content\/uploads\/2020\/12\/dsc_7431.jpg\",\"width\":1400,\"height\":935},{\"@type\":\"WebPage\",\"@id\":\"https:\/\/www.plumprops.com\/pl\/ubranka\/body-z-falbanka\/#webpage\",\"url\":\"https:\/\/www.plumprops.com\/pl\/ubranka\/body-z-falbanka\/\",\"name\":\"Body z falbank\\u0105 - Newborn Photography Props\",\"isPartOf\":{\"@id\":\"https:\/\/www.plumprops.com\/#website\"},\"primaryImageOfPage\":{\"@id\":\"https:\/\/www.plumprops.com\/pl\/ubranka\/body-z-falbanka\/#primaryimage\"},\"datePublished\":\"2020-12-15T10:37:04+00:00\",\"dateModified\":\"2024-03-21T02:31:17+00:00\",\"breadcrumb\":{\"@id\":\"https:\/\/www.plumprops.com\/pl\/ubranka\/body-z-falbanka\/#breadcrumb\"},\"inLanguage\":\"pl-PL\",\"potentialAction\":[{\"@type\":\"ReadAction\",\"target\":[\"https:\/\/www.plumprops.com\/pl\/ubranka\/body-z-falbanka\/\"]}]},{\"@type\":\"BreadcrumbList\",\"@id\":\"https:\/\/www.plumprops.com\/pl\/ubranka\/body-z-falbanka\/#breadcrumb\",\"itemListElement\":[{\"@type\":\"ListItem\",\"position\":1,\"item\":{\"@type\":\"WebPage\",\"@id\":\"https:\/\/www.plumprops.com\/pl\/\",\"url\":\"https:\/\/www.plumprops.com\/pl\/\",\"name\":\"Home\"}},{\"@type\":\"ListItem\",\"position\":2,\"item\":{\"@type\":\"WebPage\",\"@id\":\"https:\/\/www.plumprops.com\/pl\/sklep\/\",\"url\":\"https:\/\/www.plumprops.com\/pl\/sklep\/\",\"name\":\"Sklep\"}},{\"@type\":\"ListItem\",\"position\":3,\"item\":{\"@type\":\"WebPage\",\"@id\":\"https:\/\/www.plumprops.com\/pl\/ubranka\/body-z-falbanka\/\",\"url\":\"https:\/\/www.plumprops.com\/pl\/ubranka\/body-z-falbanka\/\",\"name\":\"Body z falbank\\u0105\"}}]}]}<\/script>\n<!-- \/ Yoast SEO plugin. -->","_links":{"self":[{"href":"https:\/\/www.plumprops.com\/pl\/wp-json\/wp\/v2\/product\/19357"}],"collection":[{"href":"https:\/\/www.plumprops.com\/pl\/wp-json\/wp\/v2\/product"}],"about":[{"href":"https:\/\/www.plumprops.com\/pl\/wp-json\/wp\/v2\/types\/product"}],"replies":[{"embeddable":true,"href":"https:\/\/www.plumprops.com\/pl\/wp-json\/wp\/v2\/comments?post=19357"}],"version-history":[{"count":1,"href":"https:\/\/www.plumprops.com\/pl\/wp-json\/wp\/v2\/product\/19357\/revisions"}],"predecessor-version":[{"id":19382,"href":"https:\/\/www.plumprops.com\/pl\/wp-json\/wp\/v2\/product\/19357\/revisions\/19382"}],"wp:featuredmedia":[{"embeddable":true,"href":"https:\/\/www.plumprops.com\/pl\/wp-json\/wp\/v2\/media\/19278"}],"wp:attachment":[{"href":"https:\/\/www.plumprops.com\/pl\/wp-json\/wp\/v2\/media?parent=19357"}],"curies":[{"name":"wp","href":"https:\/\/api.w.org\/{rel}","templated":true}]}}