{"id":19655,"date":"2020-12-16T09:53:14","date_gmt":"2020-12-16T09:53:14","guid":{"rendered":"https:\/\/www.plumprops.com\/?post_type=product&#038;p=19655"},"modified":"2021-04-13T17:07:42","modified_gmt":"2021-04-13T17:07:42","slug":"zimowa-kokardka","status":"publish","type":"product","link":"https:\/\/www.plumprops.com\/pl\/opaski\/zimowa-kokardka\/","title":{"rendered":"Zimowa kokardka"},"content":{"rendered":"","protected":false},"excerpt":{"rendered":"<p>Aksamitna kokarda. Idealna dla wszystkich zimowych bobask\u00f3w, szczeg\u00f3lnie na \u015bwi\u0105teczne stylizacje. Kokardka jest wi\u0105zana z ty\u0142u, dzi\u0119ki czemu mo\u017ce pasowa\u0107 zar\u00f3wno dla noworodka jak i siterka \ud83d\ude42<\/p>\n","protected":false},"featured_media":19650,"comment_status":"open","ping_status":"closed","template":"","meta":[],"yoast_head":"<!-- This site is optimized with the Yoast SEO plugin v16.0.2 - https:\/\/yoast.com\/wordpress\/plugins\/seo\/ -->\n<title>Zimowa kokardka - Newborn Photography Props<\/title>\n<link rel=\"canonical\" href=\"https:\/\/www.plumprops.com\/pl\/opaski\/zimowa-kokardka\/\" \/>\n<meta property=\"og:locale\" content=\"pl_PL\" \/>\n<meta property=\"og:type\" content=\"article\" \/>\n<meta property=\"og:title\" content=\"Zimowa kokardka - Newborn Photography Props\" \/>\n<meta property=\"og:description\" content=\"Aksamitna kokarda. Idealna dla wszystkich zimowych bobask\u00f3w, szczeg\u00f3lnie na \u015bwi\u0105teczne stylizacje. Kokardka jest wi\u0105zana z ty\u0142u, dzi\u0119ki czemu mo\u017ce pasowa\u0107 zar\u00f3wno dla noworodka jak i siterka :)\" \/>\n<meta property=\"og:url\" content=\"https:\/\/www.plumprops.com\/pl\/opaski\/zimowa-kokardka\/\" \/>\n<meta property=\"og:site_name\" content=\"Newborn Photography Props\" \/>\n<meta property=\"article:modified_time\" content=\"2021-04-13T17:07:42+00:00\" \/>\n<meta property=\"og:image\" content=\"https:\/\/www.plumprops.com\/wp-content\/uploads\/2020\/12\/dsc_7454.jpg\" \/>\n\t<meta property=\"og:image:width\" content=\"1400\" \/>\n\t<meta property=\"og:image:height\" content=\"935\" \/>\n<meta name=\"twitter:card\" content=\"summary_large_image\" \/>\n<script type=\"application\/ld+json\" class=\"yoast-schema-graph\">{\"@context\":\"https:\/\/schema.org\",\"@graph\":[{\"@type\":\"WebSite\",\"@id\":\"https:\/\/www.plumprops.com\/#website\",\"url\":\"https:\/\/www.plumprops.com\/\",\"name\":\"Newborn Photography Props\",\"description\":\"\",\"potentialAction\":[{\"@type\":\"SearchAction\",\"target\":\"https:\/\/www.plumprops.com\/?s={search_term_string}\",\"query-input\":\"required name=search_term_string\"}],\"inLanguage\":\"pl-PL\"},{\"@type\":\"ImageObject\",\"@id\":\"https:\/\/www.plumprops.com\/pl\/opaski\/zimowa-kokardka\/#primaryimage\",\"inLanguage\":\"pl-PL\",\"url\":\"https:\/\/www.plumprops.com\/wp-content\/uploads\/2020\/12\/dsc_7454.jpg\",\"width\":1400,\"height\":935},{\"@type\":\"WebPage\",\"@id\":\"https:\/\/www.plumprops.com\/pl\/opaski\/zimowa-kokardka\/#webpage\",\"url\":\"https:\/\/www.plumprops.com\/pl\/opaski\/zimowa-kokardka\/\",\"name\":\"Zimowa kokardka - Newborn Photography Props\",\"isPartOf\":{\"@id\":\"https:\/\/www.plumprops.com\/#website\"},\"primaryImageOfPage\":{\"@id\":\"https:\/\/www.plumprops.com\/pl\/opaski\/zimowa-kokardka\/#primaryimage\"},\"datePublished\":\"2020-12-16T09:53:14+00:00\",\"dateModified\":\"2021-04-13T17:07:42+00:00\",\"breadcrumb\":{\"@id\":\"https:\/\/www.plumprops.com\/pl\/opaski\/zimowa-kokardka\/#breadcrumb\"},\"inLanguage\":\"pl-PL\",\"potentialAction\":[{\"@type\":\"ReadAction\",\"target\":[\"https:\/\/www.plumprops.com\/pl\/opaski\/zimowa-kokardka\/\"]}]},{\"@type\":\"BreadcrumbList\",\"@id\":\"https:\/\/www.plumprops.com\/pl\/opaski\/zimowa-kokardka\/#breadcrumb\",\"itemListElement\":[{\"@type\":\"ListItem\",\"position\":1,\"item\":{\"@type\":\"WebPage\",\"@id\":\"https:\/\/www.plumprops.com\/pl\/\",\"url\":\"https:\/\/www.plumprops.com\/pl\/\",\"name\":\"Home\"}},{\"@type\":\"ListItem\",\"position\":2,\"item\":{\"@type\":\"WebPage\",\"@id\":\"https:\/\/www.plumprops.com\/pl\/sklep\/\",\"url\":\"https:\/\/www.plumprops.com\/pl\/sklep\/\",\"name\":\"Sklep\"}},{\"@type\":\"ListItem\",\"position\":3,\"item\":{\"@type\":\"WebPage\",\"@id\":\"https:\/\/www.plumprops.com\/pl\/opaski\/zimowa-kokardka\/\",\"url\":\"https:\/\/www.plumprops.com\/pl\/opaski\/zimowa-kokardka\/\",\"name\":\"Zimowa kokardka\"}}]}]}<\/script>\n<!-- \/ Yoast SEO plugin. -->","_links":{"self":[{"href":"https:\/\/www.plumprops.com\/pl\/wp-json\/wp\/v2\/product\/19655"}],"collection":[{"href":"https:\/\/www.plumprops.com\/pl\/wp-json\/wp\/v2\/product"}],"about":[{"href":"https:\/\/www.plumprops.com\/pl\/wp-json\/wp\/v2\/types\/product"}],"replies":[{"embeddable":true,"href":"https:\/\/www.plumprops.com\/pl\/wp-json\/wp\/v2\/comments?post=19655"}],"version-history":[{"count":1,"href":"https:\/\/www.plumprops.com\/pl\/wp-json\/wp\/v2\/product\/19655\/revisions"}],"predecessor-version":[{"id":19670,"href":"https:\/\/www.plumprops.com\/pl\/wp-json\/wp\/v2\/product\/19655\/revisions\/19670"}],"wp:featuredmedia":[{"embeddable":true,"href":"https:\/\/www.plumprops.com\/pl\/wp-json\/wp\/v2\/media\/19650"}],"wp:attachment":[{"href":"https:\/\/www.plumprops.com\/pl\/wp-json\/wp\/v2\/media?parent=19655"}],"curies":[{"name":"wp","href":"https:\/\/api.w.org\/{rel}","templated":true}]}}