{"id":19750,"date":"2020-12-16T11:24:43","date_gmt":"2020-12-16T11:24:43","guid":{"rendered":"https:\/\/www.plumprops.com\/?post_type=product&#038;p=19750"},"modified":"2024-04-19T12:09:01","modified_gmt":"2024-04-19T12:09:01","slug":"bonetka-w-zlote-kropki","status":"publish","type":"product","link":"https:\/\/www.plumprops.com\/pl\/czapeczki\/bonetka-w-zlote-kropki\/","title":{"rendered":"Bonetka w z\u0142ote kropki"},"content":{"rendered":"<p>Czapka wykonana jest z nieelastycznej tkaniny.<\/p>\n<p>Je\u015bli chcesz, aby twoje ubranka wygl\u0105da\u0142y jak nowe tak d\u0142ugo, jak to mo\u017cliwe, nale\u017cy je pra\u0107 r\u0119cznie w ch\u0142odnej wodzie (30\u00b0C). Tkanina ze z\u0142otymi kropeczkami nie wymaga prasowania, ale je\u015bli musisz, prasuj tylko w niskiej temperaturze po lewej stronie . Uwa\u017caj! \u017belazko mo\u017ce zniszczy\u0107 z\u0142ote kropki.<\/p>\n<p>100% bawe\u0142na<\/p>\n","protected":false},"excerpt":{"rendered":"<p>Wyj\u0105tkowa bonetka z falbank\u0105, ozdobiona z\u0142ot\u0105 tasiemk\u0105, wykonana z bawe\u0142ny w z\u0142ote kropki. Nieelastyczna, posiada za to regulacj\u0119 aby mo\u017cna j\u0105 by\u0142o lepiej dopasowa\u0107 do ka\u017cdej g\u0142\u00f3wki.<\/p>\n","protected":false},"featured_media":19737,"comment_status":"open","ping_status":"closed","template":"","meta":[],"yoast_head":"<!-- This site is optimized with the Yoast SEO plugin v16.0.2 - https:\/\/yoast.com\/wordpress\/plugins\/seo\/ -->\n<title>Bonetka w z\u0142ote kropki - Newborn Photography Props<\/title>\n<link rel=\"canonical\" href=\"https:\/\/www.plumprops.com\/pl\/czapeczki\/bonetka-w-zlote-kropki\/\" \/>\n<meta property=\"og:locale\" content=\"pl_PL\" \/>\n<meta property=\"og:type\" content=\"article\" \/>\n<meta property=\"og:title\" content=\"Bonetka w z\u0142ote kropki - Newborn Photography Props\" \/>\n<meta property=\"og:description\" content=\"Wyj\u0105tkowa bonetka z falbank\u0105, ozdobiona z\u0142ot\u0105 tasiemk\u0105, wykonana z bawe\u0142ny w z\u0142ote kropki. Nieelastyczna, posiada za to regulacj\u0119 aby mo\u017cna j\u0105 by\u0142o lepiej dopasowa\u0107 do ka\u017cdej g\u0142\u00f3wki.\" \/>\n<meta property=\"og:url\" content=\"https:\/\/www.plumprops.com\/pl\/czapeczki\/bonetka-w-zlote-kropki\/\" \/>\n<meta property=\"og:site_name\" content=\"Newborn Photography Props\" \/>\n<meta property=\"article:modified_time\" content=\"2024-04-19T12:09:01+00:00\" \/>\n<meta property=\"og:image\" content=\"https:\/\/www.plumprops.com\/wp-content\/uploads\/2020\/12\/bonnet-curry.jpg\" \/>\n\t<meta property=\"og:image:width\" content=\"2048\" \/>\n\t<meta property=\"og:image:height\" content=\"1367\" \/>\n<meta name=\"twitter:card\" content=\"summary_large_image\" \/>\n<script type=\"application\/ld+json\" class=\"yoast-schema-graph\">{\"@context\":\"https:\/\/schema.org\",\"@graph\":[{\"@type\":\"WebSite\",\"@id\":\"https:\/\/www.plumprops.com\/#website\",\"url\":\"https:\/\/www.plumprops.com\/\",\"name\":\"Newborn Photography Props\",\"description\":\"\",\"potentialAction\":[{\"@type\":\"SearchAction\",\"target\":\"https:\/\/www.plumprops.com\/?s={search_term_string}\",\"query-input\":\"required name=search_term_string\"}],\"inLanguage\":\"pl-PL\"},{\"@type\":\"ImageObject\",\"@id\":\"https:\/\/www.plumprops.com\/pl\/czapeczki\/bonetka-w-zlote-kropki\/#primaryimage\",\"inLanguage\":\"pl-PL\",\"url\":\"https:\/\/www.plumprops.com\/wp-content\/uploads\/2020\/12\/bonnet-curry.jpg\",\"width\":2048,\"height\":1367},{\"@type\":\"WebPage\",\"@id\":\"https:\/\/www.plumprops.com\/pl\/czapeczki\/bonetka-w-zlote-kropki\/#webpage\",\"url\":\"https:\/\/www.plumprops.com\/pl\/czapeczki\/bonetka-w-zlote-kropki\/\",\"name\":\"Bonetka w z\\u0142ote kropki - Newborn Photography Props\",\"isPartOf\":{\"@id\":\"https:\/\/www.plumprops.com\/#website\"},\"primaryImageOfPage\":{\"@id\":\"https:\/\/www.plumprops.com\/pl\/czapeczki\/bonetka-w-zlote-kropki\/#primaryimage\"},\"datePublished\":\"2020-12-16T11:24:43+00:00\",\"dateModified\":\"2024-04-19T12:09:01+00:00\",\"breadcrumb\":{\"@id\":\"https:\/\/www.plumprops.com\/pl\/czapeczki\/bonetka-w-zlote-kropki\/#breadcrumb\"},\"inLanguage\":\"pl-PL\",\"potentialAction\":[{\"@type\":\"ReadAction\",\"target\":[\"https:\/\/www.plumprops.com\/pl\/czapeczki\/bonetka-w-zlote-kropki\/\"]}]},{\"@type\":\"BreadcrumbList\",\"@id\":\"https:\/\/www.plumprops.com\/pl\/czapeczki\/bonetka-w-zlote-kropki\/#breadcrumb\",\"itemListElement\":[{\"@type\":\"ListItem\",\"position\":1,\"item\":{\"@type\":\"WebPage\",\"@id\":\"https:\/\/www.plumprops.com\/pl\/\",\"url\":\"https:\/\/www.plumprops.com\/pl\/\",\"name\":\"Home\"}},{\"@type\":\"ListItem\",\"position\":2,\"item\":{\"@type\":\"WebPage\",\"@id\":\"https:\/\/www.plumprops.com\/pl\/sklep\/\",\"url\":\"https:\/\/www.plumprops.com\/pl\/sklep\/\",\"name\":\"Sklep\"}},{\"@type\":\"ListItem\",\"position\":3,\"item\":{\"@type\":\"WebPage\",\"@id\":\"https:\/\/www.plumprops.com\/pl\/czapeczki\/bonetka-w-zlote-kropki\/\",\"url\":\"https:\/\/www.plumprops.com\/pl\/czapeczki\/bonetka-w-zlote-kropki\/\",\"name\":\"Bonetka w z\\u0142ote kropki\"}}]}]}<\/script>\n<!-- \/ Yoast SEO plugin. -->","_links":{"self":[{"href":"https:\/\/www.plumprops.com\/pl\/wp-json\/wp\/v2\/product\/19750"}],"collection":[{"href":"https:\/\/www.plumprops.com\/pl\/wp-json\/wp\/v2\/product"}],"about":[{"href":"https:\/\/www.plumprops.com\/pl\/wp-json\/wp\/v2\/types\/product"}],"replies":[{"embeddable":true,"href":"https:\/\/www.plumprops.com\/pl\/wp-json\/wp\/v2\/comments?post=19750"}],"version-history":[{"count":1,"href":"https:\/\/www.plumprops.com\/pl\/wp-json\/wp\/v2\/product\/19750\/revisions"}],"predecessor-version":[{"id":19759,"href":"https:\/\/www.plumprops.com\/pl\/wp-json\/wp\/v2\/product\/19750\/revisions\/19759"}],"wp:featuredmedia":[{"embeddable":true,"href":"https:\/\/www.plumprops.com\/pl\/wp-json\/wp\/v2\/media\/19737"}],"wp:attachment":[{"href":"https:\/\/www.plumprops.com\/pl\/wp-json\/wp\/v2\/media?parent=19750"}],"curies":[{"name":"wp","href":"https:\/\/api.w.org\/{rel}","templated":true}]}}