{"id":20569,"date":"2021-04-20T13:08:34","date_gmt":"2021-04-20T13:08:34","guid":{"rendered":"https:\/\/www.plumprops.com\/?post_type=product&#038;p=20569"},"modified":"2024-03-21T02:31:17","modified_gmt":"2024-03-21T02:31:17","slug":"muslinowa-poduszka","status":"publish","type":"product","link":"https:\/\/www.plumprops.com\/pl\/poduszka-w-zlote-kropki-copy\/","title":{"rendered":"Mu\u015blinowa poduszka"},"content":{"rendered":"","protected":false},"excerpt":{"rendered":"<p>Przepi\u0119kna, dobrze wypchana poduszka, wykonana z mi\u0119kkiej bawe\u0142ny w z\u0142ote kropki. Surowe kraw\u0119dzie nadaj\u0105 jej rustykalnego wygl\u0105du<br \/>\nRozmiar 25 x 17 cm (10 x 6,5 cala) &#8211; idealnie pasuje do naszych \u0142\u00f3\u017cek, ale doskonale sprawdz\u0105 si\u0119 tak\u017ce, je\u015bli uwielbiasz pozycjonowa\u0107 na beanbag&#8217;u \ud83d\ude42<\/p>\n","protected":false},"featured_media":20590,"comment_status":"open","ping_status":"closed","template":"","meta":[],"yoast_head":"<!-- This site is optimized with the Yoast SEO plugin v16.0.2 - https:\/\/yoast.com\/wordpress\/plugins\/seo\/ -->\n<title>Mu\u015blinowa poduszka - Newborn Photography Props<\/title>\n<link rel=\"canonical\" href=\"https:\/\/www.plumprops.com\/pl\/poduszka-w-zlote-kropki-copy\/\" \/>\n<meta property=\"og:locale\" content=\"pl_PL\" \/>\n<meta property=\"og:type\" content=\"article\" \/>\n<meta property=\"og:title\" content=\"Mu\u015blinowa poduszka - Newborn Photography Props\" \/>\n<meta property=\"og:description\" content=\"Przepi\u0119kna, dobrze wypchana poduszka, wykonana z mi\u0119kkiej bawe\u0142ny w z\u0142ote kropki. Surowe kraw\u0119dzie nadaj\u0105 jej rustykalnego wygl\u0105du Rozmiar 25 x 17 cm (10 x 6,5 cala) - idealnie pasuje do naszych \u0142\u00f3\u017cek, ale doskonale sprawdz\u0105 si\u0119 tak\u017ce, je\u015bli uwielbiasz pozycjonowa\u0107 na beanbag&#039;u :)\" \/>\n<meta property=\"og:url\" content=\"https:\/\/www.plumprops.com\/pl\/poduszka-w-zlote-kropki-copy\/\" \/>\n<meta property=\"og:site_name\" content=\"Newborn Photography Props\" \/>\n<meta property=\"article:modified_time\" content=\"2024-03-21T02:31:17+00:00\" \/>\n<meta property=\"og:image\" content=\"https:\/\/www.plumprops.com\/wp-content\/uploads\/2021\/04\/dsc_5306.jpg\" \/>\n\t<meta property=\"og:image:width\" content=\"1800\" \/>\n\t<meta property=\"og:image:height\" content=\"1202\" \/>\n<meta name=\"twitter:card\" content=\"summary_large_image\" \/>\n<script type=\"application\/ld+json\" class=\"yoast-schema-graph\">{\"@context\":\"https:\/\/schema.org\",\"@graph\":[{\"@type\":\"WebSite\",\"@id\":\"https:\/\/www.plumprops.com\/#website\",\"url\":\"https:\/\/www.plumprops.com\/\",\"name\":\"Newborn Photography Props\",\"description\":\"\",\"potentialAction\":[{\"@type\":\"SearchAction\",\"target\":\"https:\/\/www.plumprops.com\/?s={search_term_string}\",\"query-input\":\"required name=search_term_string\"}],\"inLanguage\":\"pl-PL\"},{\"@type\":\"ImageObject\",\"@id\":\"https:\/\/www.plumprops.com\/pl\/poduszka-w-zlote-kropki-copy\/#primaryimage\",\"inLanguage\":\"pl-PL\",\"url\":\"https:\/\/www.plumprops.com\/wp-content\/uploads\/2021\/04\/dsc_5306.jpg\",\"width\":1800,\"height\":1202},{\"@type\":\"WebPage\",\"@id\":\"https:\/\/www.plumprops.com\/pl\/poduszka-w-zlote-kropki-copy\/#webpage\",\"url\":\"https:\/\/www.plumprops.com\/pl\/poduszka-w-zlote-kropki-copy\/\",\"name\":\"Mu\\u015blinowa poduszka - Newborn Photography Props\",\"isPartOf\":{\"@id\":\"https:\/\/www.plumprops.com\/#website\"},\"primaryImageOfPage\":{\"@id\":\"https:\/\/www.plumprops.com\/pl\/poduszka-w-zlote-kropki-copy\/#primaryimage\"},\"datePublished\":\"2021-04-20T13:08:34+00:00\",\"dateModified\":\"2024-03-21T02:31:17+00:00\",\"breadcrumb\":{\"@id\":\"https:\/\/www.plumprops.com\/pl\/poduszka-w-zlote-kropki-copy\/#breadcrumb\"},\"inLanguage\":\"pl-PL\",\"potentialAction\":[{\"@type\":\"ReadAction\",\"target\":[\"https:\/\/www.plumprops.com\/pl\/poduszka-w-zlote-kropki-copy\/\"]}]},{\"@type\":\"BreadcrumbList\",\"@id\":\"https:\/\/www.plumprops.com\/pl\/poduszka-w-zlote-kropki-copy\/#breadcrumb\",\"itemListElement\":[{\"@type\":\"ListItem\",\"position\":1,\"item\":{\"@type\":\"WebPage\",\"@id\":\"https:\/\/www.plumprops.com\/pl\/\",\"url\":\"https:\/\/www.plumprops.com\/pl\/\",\"name\":\"Home\"}},{\"@type\":\"ListItem\",\"position\":2,\"item\":{\"@type\":\"WebPage\",\"@id\":\"https:\/\/www.plumprops.com\/pl\/sklep\/\",\"url\":\"https:\/\/www.plumprops.com\/pl\/sklep\/\",\"name\":\"Sklep\"}},{\"@type\":\"ListItem\",\"position\":3,\"item\":{\"@type\":\"WebPage\",\"@id\":\"https:\/\/www.plumprops.com\/pl\/poduszka-w-zlote-kropki-copy\/\",\"url\":\"https:\/\/www.plumprops.com\/pl\/poduszka-w-zlote-kropki-copy\/\",\"name\":\"Mu\\u015blinowa poduszka\"}}]}]}<\/script>\n<!-- \/ Yoast SEO plugin. -->","_links":{"self":[{"href":"https:\/\/www.plumprops.com\/pl\/wp-json\/wp\/v2\/product\/20569"}],"collection":[{"href":"https:\/\/www.plumprops.com\/pl\/wp-json\/wp\/v2\/product"}],"about":[{"href":"https:\/\/www.plumprops.com\/pl\/wp-json\/wp\/v2\/types\/product"}],"replies":[{"embeddable":true,"href":"https:\/\/www.plumprops.com\/pl\/wp-json\/wp\/v2\/comments?post=20569"}],"version-history":[{"count":1,"href":"https:\/\/www.plumprops.com\/pl\/wp-json\/wp\/v2\/product\/20569\/revisions"}],"predecessor-version":[{"id":21272,"href":"https:\/\/www.plumprops.com\/pl\/wp-json\/wp\/v2\/product\/20569\/revisions\/21272"}],"wp:featuredmedia":[{"embeddable":true,"href":"https:\/\/www.plumprops.com\/pl\/wp-json\/wp\/v2\/media\/20590"}],"wp:attachment":[{"href":"https:\/\/www.plumprops.com\/pl\/wp-json\/wp\/v2\/media?parent=20569"}],"curies":[{"name":"wp","href":"https:\/\/api.w.org\/{rel}","templated":true}]}}