{"id":20670,"date":"2021-04-20T13:26:45","date_gmt":"2021-04-20T13:26:45","guid":{"rendered":"https:\/\/www.plumprops.com\/?post_type=product&#038;p=20670"},"modified":"2024-10-28T16:46:06","modified_gmt":"2024-10-28T16:46:06","slug":"drewniana-misa-ciemne-drewno","status":"publish","type":"product","link":"https:\/\/www.plumprops.com\/pl\/metalowa-misa-rozne-kolory-copy\/","title":{"rendered":"Drewniana misa ciemne drewno"},"content":{"rendered":"<p>Metalowa misa znajduj\u0105ca si\u0119 w ofercie naszego sklepu internetowego to wysokiej jako\u015bci rekwizyt do sesji noworodkowych, kt\u00f3ry z pewno\u015bci\u0105 spe\u0142ni oczekiwania nawet najbardziej wymagaj\u0105cych Klient\u00f3w. Produkt przygotowano r\u0119cznie, przy u\u017cyciu dobrych materia\u0142\u00f3w i jednoczesnym zachowaniu du\u017cej dba\u0142o\u015bci o ka\u017cdy detal, dzi\u0119ki czemu jest ono nie tylko trwa\u0142e i solidne, ale r\u00f3wnocze\u015bnie efektowne wizualnie i zgodne z najnowszymi trendami. Metalowa misa wyr\u00f3\u017cnia si\u0119 na tle konkurencji swoim unikalnym wzornictwem, kt\u00f3re nawi\u0105zuje do stylu vintage, zmieszanego z folklorem w najlepszym wydaniu. Misa zachwyca swoim designem, kt\u00f3ry stanowi odpowied\u017a na najnowsze trendy fotograficzne. Sprawdzi si\u0119 ona zar\u00f3wno podczas sesji noworodkowych, jak i niemowl\u0119cych, kiedy wykonujemy zdj\u0119cia ju\u017c nieco starszemu, samodzielnie siedz\u0105cemu dziecku. Daje ona wiele mo\u017cliwo\u015bci wypozycjonowania malucha, zgodnie z indywidualn\u0105 wizj\u0105 i potrzeb\u0105 fotografa. Szczeg\u00f3lnie dobrze skomponuje si\u0119 ona z dodatkami utrzymanymi w podobnych, pastelowych odcieniach, ale nie ma \u017cadnych przeciwwskaza\u0144, aby zestawi\u0107 j\u0105 r\u00f3wnie\u017c z akcentami mocniejszymi i wyrazistymi, z kt\u00f3rymi z pewno\u015bci\u0105 stworzy sp\u00f3jn\u0105 wizualnie i warto\u015bciow\u0105 scenografi\u0119. Mis\u0119 mo\u017cna wykorzysta\u0107 podczas sesji w stylu mleczna\/owocowa k\u0105piel lub te\u017c w sesjach minimalistycznych, gdzie stanie si\u0119 ona jedynym elementem dekoracyjnym, buduj\u0105cym charakter ca\u0142ego zdj\u0119cia. Zdj\u0119cie produktowe znajduj\u0105ce si\u0119 na stronie naszego sklepu poddane zosta\u0142o obr\u00f3bce graficznej. Produkt wykonywany jest r\u0119cznie w oparciu o projekt pochodz\u0105cy spod r\u0105k profesjonalnego fotografa, dzi\u0119ki czemu dobrze odnajduje si\u0119 w r\u00f3\u017cnym o\u015bwietleniu, k\u0105tach fotografowania czy kadrach. Zam\u00f3wiona metalowa misa mo\u017ce odrobin\u0119 r\u00f3\u017cni\u0107 si\u0119 od tej widocznej na fotografii przez to, \u017ce wykonywana jest r\u0119cznie i jest jedyna w swoim rodzaju (r\u00f3\u017cnice b\u0119d\u0105 nieznaczne, np. przetarcia mog\u0105 znajdowa\u0107 si\u0119 w innym miejscu).<\/p>\n","protected":false},"excerpt":{"rendered":"<p>Metalowa misa w stylu vintage. \u015awietna zar\u00f3wno do sesji noworodkowych jak i niemowl\u0119cych. Mo\u017cna ich u\u017cy\u0107 do sesji w stylu&#8221;mleczna lub owocowa k\u0105piel&#8221; \ud83d\ude42 Wymiary: 39 cm (15 cali) \u015brednicy oraz 15 cm (6 cali) wysoko\u015bci<\/p>\n","protected":false},"featured_media":21605,"comment_status":"open","ping_status":"closed","template":"","meta":[],"yoast_head":"<!-- This site is optimized with the Yoast SEO plugin v16.0.2 - https:\/\/yoast.com\/wordpress\/plugins\/seo\/ -->\n<title>misa do sesji noworodkowych<\/title>\n<meta name=\"description\" content=\"Bowl for photo session. Perfect accessories for newborn photographers, will be great also for sitters session.\" \/>\n<link rel=\"canonical\" href=\"https:\/\/www.plumprops.com\/pl\/metalowa-misa-rozne-kolory-copy\/\" \/>\n<meta property=\"og:locale\" content=\"pl_PL\" \/>\n<meta property=\"og:type\" content=\"article\" \/>\n<meta property=\"og:title\" content=\"misa do sesji noworodkowych\" \/>\n<meta property=\"og:description\" content=\"Bowl for photo session. Perfect accessories for newborn photographers, will be great also for sitters session.\" \/>\n<meta property=\"og:url\" content=\"https:\/\/www.plumprops.com\/pl\/metalowa-misa-rozne-kolory-copy\/\" \/>\n<meta property=\"og:site_name\" content=\"Newborn Photography Props\" \/>\n<meta property=\"article:modified_time\" content=\"2024-10-28T16:46:06+00:00\" \/>\n<meta property=\"og:image\" content=\"https:\/\/www.plumprops.com\/wp-content\/uploads\/2021\/04\/dsc_5318.jpg\" \/>\n\t<meta property=\"og:image:width\" content=\"1800\" \/>\n\t<meta property=\"og:image:height\" content=\"1202\" \/>\n<meta name=\"twitter:card\" content=\"summary_large_image\" \/>\n<meta name=\"twitter:label1\" content=\"Szacowany czas czytania\">\n\t<meta name=\"twitter:data1\" content=\"2 minuty\">\n<script type=\"application\/ld+json\" class=\"yoast-schema-graph\">{\"@context\":\"https:\/\/schema.org\",\"@graph\":[{\"@type\":\"WebSite\",\"@id\":\"https:\/\/www.plumprops.com\/#website\",\"url\":\"https:\/\/www.plumprops.com\/\",\"name\":\"Newborn Photography Props\",\"description\":\"\",\"potentialAction\":[{\"@type\":\"SearchAction\",\"target\":\"https:\/\/www.plumprops.com\/?s={search_term_string}\",\"query-input\":\"required name=search_term_string\"}],\"inLanguage\":\"pl-PL\"},{\"@type\":\"ImageObject\",\"@id\":\"https:\/\/www.plumprops.com\/pl\/metalowa-misa-rozne-kolory-copy\/#primaryimage\",\"inLanguage\":\"pl-PL\",\"url\":\"https:\/\/www.plumprops.com\/wp-content\/uploads\/2021\/04\/dsc_2518.jpg\",\"width\":1800,\"height\":1202},{\"@type\":\"WebPage\",\"@id\":\"https:\/\/www.plumprops.com\/pl\/metalowa-misa-rozne-kolory-copy\/#webpage\",\"url\":\"https:\/\/www.plumprops.com\/pl\/metalowa-misa-rozne-kolory-copy\/\",\"name\":\"misa do sesji noworodkowych\",\"isPartOf\":{\"@id\":\"https:\/\/www.plumprops.com\/#website\"},\"primaryImageOfPage\":{\"@id\":\"https:\/\/www.plumprops.com\/pl\/metalowa-misa-rozne-kolory-copy\/#primaryimage\"},\"datePublished\":\"2021-04-20T13:26:45+00:00\",\"dateModified\":\"2024-10-28T16:46:06+00:00\",\"description\":\"Bowl for photo session. Perfect accessories for newborn photographers, will be great also for sitters session.\",\"breadcrumb\":{\"@id\":\"https:\/\/www.plumprops.com\/pl\/metalowa-misa-rozne-kolory-copy\/#breadcrumb\"},\"inLanguage\":\"pl-PL\",\"potentialAction\":[{\"@type\":\"ReadAction\",\"target\":[\"https:\/\/www.plumprops.com\/pl\/metalowa-misa-rozne-kolory-copy\/\"]}]},{\"@type\":\"BreadcrumbList\",\"@id\":\"https:\/\/www.plumprops.com\/pl\/metalowa-misa-rozne-kolory-copy\/#breadcrumb\",\"itemListElement\":[{\"@type\":\"ListItem\",\"position\":1,\"item\":{\"@type\":\"WebPage\",\"@id\":\"https:\/\/www.plumprops.com\/pl\/\",\"url\":\"https:\/\/www.plumprops.com\/pl\/\",\"name\":\"Home\"}},{\"@type\":\"ListItem\",\"position\":2,\"item\":{\"@type\":\"WebPage\",\"@id\":\"https:\/\/www.plumprops.com\/pl\/sklep\/\",\"url\":\"https:\/\/www.plumprops.com\/pl\/sklep\/\",\"name\":\"Sklep\"}},{\"@type\":\"ListItem\",\"position\":3,\"item\":{\"@type\":\"WebPage\",\"@id\":\"https:\/\/www.plumprops.com\/pl\/metalowa-misa-rozne-kolory-copy\/\",\"url\":\"https:\/\/www.plumprops.com\/pl\/metalowa-misa-rozne-kolory-copy\/\",\"name\":\"Drewniana misa ciemne drewno\"}}]}]}<\/script>\n<!-- \/ Yoast SEO plugin. -->","_links":{"self":[{"href":"https:\/\/www.plumprops.com\/pl\/wp-json\/wp\/v2\/product\/20670"}],"collection":[{"href":"https:\/\/www.plumprops.com\/pl\/wp-json\/wp\/v2\/product"}],"about":[{"href":"https:\/\/www.plumprops.com\/pl\/wp-json\/wp\/v2\/types\/product"}],"replies":[{"embeddable":true,"href":"https:\/\/www.plumprops.com\/pl\/wp-json\/wp\/v2\/comments?post=20670"}],"version-history":[{"count":2,"href":"https:\/\/www.plumprops.com\/pl\/wp-json\/wp\/v2\/product\/20670\/revisions"}],"predecessor-version":[{"id":20770,"href":"https:\/\/www.plumprops.com\/pl\/wp-json\/wp\/v2\/product\/20670\/revisions\/20770"}],"wp:featuredmedia":[{"embeddable":true,"href":"https:\/\/www.plumprops.com\/pl\/wp-json\/wp\/v2\/media\/21605"}],"wp:attachment":[{"href":"https:\/\/www.plumprops.com\/pl\/wp-json\/wp\/v2\/media?parent=20670"}],"curies":[{"name":"wp","href":"https:\/\/api.w.org\/{rel}","templated":true}]}}