{"id":22023,"date":"2023-07-05T14:31:13","date_gmt":"2023-07-05T14:31:13","guid":{"rendered":"https:\/\/www.plumprops.com\/?post_type=product&#038;p=22023"},"modified":"2026-04-19T16:55:59","modified_gmt":"2026-04-19T16:55:59","slug":"drewniana-misa-v","status":"publish","type":"product","link":"https:\/\/www.plumprops.com\/pl\/drewniana-misa-v\/","title":{"rendered":"Drewniana misa &#8211; v"},"content":{"rendered":"<p>Pi\u0119kna drewniana miska wykonana r\u0119cznie z jednego du\u017cego kawa\u0142ka drewna, dzi\u0119ki czemu ka\u017cda jest inna i jedyna w swoim rodzaju. Kszta\u0142t misy wynika z kszta\u0142tu drewna. Rozmiar jest idealny dla fotografa noworodkowego. Kolor to bardzo ciemne drewno. Mo\u017ce si\u0119 r\u00f3\u017cni\u0107 w zale\u017cno\u015bci od o\u015bwietlenia (nasze zdj\u0119cie zosta\u0142o zrobione z lamp\u0105 b\u0142yskow\u0105).<\/p>\n<p>Uwaga: Je\u017celi w misce s\u0105 p\u0119kni\u0119cia &#8211; jest to proces naturalny. Kiedy tak du\u017cy spok\u00f3j drewna wyschnie mo\u017ce w niekt\u00f3rych miejscach p\u0119kn\u0105\u0107. Dzi\u0119ki temu miska staje si\u0119 bardziej wyj\u0105tkowa. Zdj\u0119cia przedstawiaj\u0105 kupowany przedmiot.<\/p>\n<p>Rozmiar: 46-51 cm<\/p>\n<p>wysoko\u015b\u0107: 14 cm<\/p>\n","protected":false},"excerpt":{"rendered":"<p>Pi\u0119kna drewniana miska wykonana r\u0119cznie z jednego du\u017cego kawa\u0142ka drewna, dzi\u0119ki czemu ka\u017cda jest inna i jedyna w swoim rodzaju. Kszta\u0142t misy wynika z kszta\u0142tu drewna. Rozmiar jest idealny dla fotografa noworodkowego. Kolor to bardzo ciemne drewno. Mo\u017ce si\u0119 r\u00f3\u017cni\u0107 w zale\u017cno\u015bci od o\u015bwietlenia (nasze zdj\u0119cie zosta\u0142o zrobione z lamp\u0105 b\u0142yskow\u0105). Uwaga: Je\u017celi w misce [&hellip;]<\/p>\n","protected":false},"featured_media":22027,"comment_status":"open","ping_status":"closed","template":"","meta":[],"yoast_head":"<!-- This site is optimized with the Yoast SEO plugin v16.0.2 - https:\/\/yoast.com\/wordpress\/plugins\/seo\/ -->\n<title>Drewniana misa - v - Newborn Photography Props<\/title>\n<link rel=\"canonical\" href=\"https:\/\/www.plumprops.com\/pl\/drewniana-misa-v\/\" \/>\n<meta property=\"og:locale\" content=\"pl_PL\" \/>\n<meta property=\"og:type\" content=\"article\" \/>\n<meta property=\"og:title\" content=\"Drewniana misa - v - Newborn Photography Props\" \/>\n<meta property=\"og:description\" content=\"Pi\u0119kna drewniana miska wykonana r\u0119cznie z jednego du\u017cego kawa\u0142ka drewna, dzi\u0119ki czemu ka\u017cda jest inna i jedyna w swoim rodzaju. Kszta\u0142t misy wynika z kszta\u0142tu drewna. Rozmiar jest idealny dla fotografa noworodkowego. Kolor to bardzo ciemne drewno. Mo\u017ce si\u0119 r\u00f3\u017cni\u0107 w zale\u017cno\u015bci od o\u015bwietlenia (nasze zdj\u0119cie zosta\u0142o zrobione z lamp\u0105 b\u0142yskow\u0105). Uwaga: Je\u017celi w misce [&hellip;]\" \/>\n<meta property=\"og:url\" content=\"https:\/\/www.plumprops.com\/pl\/drewniana-misa-v\/\" \/>\n<meta property=\"og:site_name\" content=\"Newborn Photography Props\" \/>\n<meta property=\"article:modified_time\" content=\"2026-04-19T16:55:59+00:00\" \/>\n<meta property=\"og:image\" content=\"https:\/\/www.plumprops.com\/wp-content\/uploads\/2023\/07\/dsc_0673_1.jpg\" \/>\n\t<meta property=\"og:image:width\" content=\"1800\" \/>\n\t<meta property=\"og:image:height\" content=\"1202\" \/>\n<meta name=\"twitter:card\" content=\"summary_large_image\" \/>\n<meta name=\"twitter:label1\" content=\"Szacowany czas czytania\">\n\t<meta name=\"twitter:data1\" content=\"1 minuta\">\n<script type=\"application\/ld+json\" class=\"yoast-schema-graph\">{\"@context\":\"https:\/\/schema.org\",\"@graph\":[{\"@type\":\"WebSite\",\"@id\":\"https:\/\/www.plumprops.com\/#website\",\"url\":\"https:\/\/www.plumprops.com\/\",\"name\":\"Newborn Photography Props\",\"description\":\"\",\"potentialAction\":[{\"@type\":\"SearchAction\",\"target\":\"https:\/\/www.plumprops.com\/?s={search_term_string}\",\"query-input\":\"required name=search_term_string\"}],\"inLanguage\":\"pl-PL\"},{\"@type\":\"ImageObject\",\"@id\":\"https:\/\/www.plumprops.com\/pl\/drewniana-misa-v\/#primaryimage\",\"inLanguage\":\"pl-PL\",\"url\":\"https:\/\/www.plumprops.com\/wp-content\/uploads\/2023\/07\/dsc_0673_1.jpg\",\"width\":1800,\"height\":1202},{\"@type\":\"WebPage\",\"@id\":\"https:\/\/www.plumprops.com\/pl\/drewniana-misa-v\/#webpage\",\"url\":\"https:\/\/www.plumprops.com\/pl\/drewniana-misa-v\/\",\"name\":\"Drewniana misa - v - Newborn Photography Props\",\"isPartOf\":{\"@id\":\"https:\/\/www.plumprops.com\/#website\"},\"primaryImageOfPage\":{\"@id\":\"https:\/\/www.plumprops.com\/pl\/drewniana-misa-v\/#primaryimage\"},\"datePublished\":\"2023-07-05T14:31:13+00:00\",\"dateModified\":\"2026-04-19T16:55:59+00:00\",\"breadcrumb\":{\"@id\":\"https:\/\/www.plumprops.com\/pl\/drewniana-misa-v\/#breadcrumb\"},\"inLanguage\":\"pl-PL\",\"potentialAction\":[{\"@type\":\"ReadAction\",\"target\":[\"https:\/\/www.plumprops.com\/pl\/drewniana-misa-v\/\"]}]},{\"@type\":\"BreadcrumbList\",\"@id\":\"https:\/\/www.plumprops.com\/pl\/drewniana-misa-v\/#breadcrumb\",\"itemListElement\":[{\"@type\":\"ListItem\",\"position\":1,\"item\":{\"@type\":\"WebPage\",\"@id\":\"https:\/\/www.plumprops.com\/pl\/\",\"url\":\"https:\/\/www.plumprops.com\/pl\/\",\"name\":\"Home\"}},{\"@type\":\"ListItem\",\"position\":2,\"item\":{\"@type\":\"WebPage\",\"@id\":\"https:\/\/www.plumprops.com\/pl\/sklep\/\",\"url\":\"https:\/\/www.plumprops.com\/pl\/sklep\/\",\"name\":\"Sklep\"}},{\"@type\":\"ListItem\",\"position\":3,\"item\":{\"@type\":\"WebPage\",\"@id\":\"https:\/\/www.plumprops.com\/pl\/drewniana-misa-v\/\",\"url\":\"https:\/\/www.plumprops.com\/pl\/drewniana-misa-v\/\",\"name\":\"Drewniana misa &#8211; v\"}}]}]}<\/script>\n<!-- \/ Yoast SEO plugin. -->","_links":{"self":[{"href":"https:\/\/www.plumprops.com\/pl\/wp-json\/wp\/v2\/product\/22023"}],"collection":[{"href":"https:\/\/www.plumprops.com\/pl\/wp-json\/wp\/v2\/product"}],"about":[{"href":"https:\/\/www.plumprops.com\/pl\/wp-json\/wp\/v2\/types\/product"}],"replies":[{"embeddable":true,"href":"https:\/\/www.plumprops.com\/pl\/wp-json\/wp\/v2\/comments?post=22023"}],"version-history":[{"count":2,"href":"https:\/\/www.plumprops.com\/pl\/wp-json\/wp\/v2\/product\/22023\/revisions"}],"predecessor-version":[{"id":22210,"href":"https:\/\/www.plumprops.com\/pl\/wp-json\/wp\/v2\/product\/22023\/revisions\/22210"}],"wp:featuredmedia":[{"embeddable":true,"href":"https:\/\/www.plumprops.com\/pl\/wp-json\/wp\/v2\/media\/22027"}],"wp:attachment":[{"href":"https:\/\/www.plumprops.com\/pl\/wp-json\/wp\/v2\/media?parent=22023"}],"curies":[{"name":"wp","href":"https:\/\/api.w.org\/{rel}","templated":true}]}}