{"id":22085,"date":"2023-07-03T12:57:34","date_gmt":"2023-07-03T12:57:34","guid":{"rendered":"https:\/\/www.plumprops.com\/?post_type=product&#038;p=22085"},"modified":"2025-05-30T03:49:14","modified_gmt":"2025-05-30T03:49:14","slug":"drewniana-misa-v-copy-3","status":"publish","type":"product","link":"https:\/\/www.plumprops.com\/pl\/misa-jablko\/","title":{"rendered":"Misa jab\u0142ko"},"content":{"rendered":"<p>Pi\u0119kna drewniana miska w kszta\u0142cie jab\u0142ka.<\/p>\n<p>Rozmiar jest idealny dla fotografa noworodkowego. Kolor to naturalne drewno i czerwie\u0144.<\/p>\n<p>Wymiary 44 cm x 48 cm x 15 cm<\/p>\n<p>Ka\u017cda miska jest wykonana r\u0119cznie z jednego kawa\u0142ka drewna i mo\u017ce nieznacznie r\u00f3\u017cni\u0107 si\u0119 od tej na zdj\u0119ciach.<\/p>\n","protected":false},"excerpt":{"rendered":"<p>Pi\u0119kna drewniana miska w kszta\u0142cie jab\u0142ka. Rozmiar jest idealny dla fotografa noworodkowego. Kolor to naturalne drewno i czerwie\u0144. Wymiary 44 cm x 48 cm x 15 cm Ka\u017cda miska jest wykonana r\u0119cznie z jednego kawa\u0142ka drewna i mo\u017ce nieznacznie r\u00f3\u017cni\u0107 si\u0119 od tej na zdj\u0119ciach.<\/p>\n","protected":false},"featured_media":22088,"comment_status":"open","ping_status":"closed","template":"","meta":[],"yoast_head":"<!-- This site is optimized with the Yoast SEO plugin v16.0.2 - https:\/\/yoast.com\/wordpress\/plugins\/seo\/ -->\n<title>Misa jab\u0142ko - Newborn Photography Props<\/title>\n<link rel=\"canonical\" href=\"https:\/\/www.plumprops.com\/pl\/misa-jablko\/\" \/>\n<meta property=\"og:locale\" content=\"pl_PL\" \/>\n<meta property=\"og:type\" content=\"article\" \/>\n<meta property=\"og:title\" content=\"Misa jab\u0142ko - Newborn Photography Props\" \/>\n<meta property=\"og:description\" content=\"Pi\u0119kna drewniana miska w kszta\u0142cie jab\u0142ka. Rozmiar jest idealny dla fotografa noworodkowego. Kolor to naturalne drewno i czerwie\u0144. Wymiary 44 cm x 48 cm x 15 cm Ka\u017cda miska jest wykonana r\u0119cznie z jednego kawa\u0142ka drewna i mo\u017ce nieznacznie r\u00f3\u017cni\u0107 si\u0119 od tej na zdj\u0119ciach.\" \/>\n<meta property=\"og:url\" content=\"https:\/\/www.plumprops.com\/pl\/misa-jablko\/\" \/>\n<meta property=\"og:site_name\" content=\"Newborn Photography Props\" \/>\n<meta property=\"article:modified_time\" content=\"2025-05-30T03:49:14+00:00\" \/>\n<meta property=\"og:image\" content=\"https:\/\/www.plumprops.com\/wp-content\/uploads\/2023\/07\/dsc_6800-scaled.jpg\" \/>\n\t<meta property=\"og:image:width\" content=\"2560\" \/>\n\t<meta property=\"og:image:height\" content=\"1709\" \/>\n<meta name=\"twitter:card\" content=\"summary_large_image\" \/>\n<script type=\"application\/ld+json\" class=\"yoast-schema-graph\">{\"@context\":\"https:\/\/schema.org\",\"@graph\":[{\"@type\":\"WebSite\",\"@id\":\"https:\/\/www.plumprops.com\/#website\",\"url\":\"https:\/\/www.plumprops.com\/\",\"name\":\"Newborn Photography Props\",\"description\":\"\",\"potentialAction\":[{\"@type\":\"SearchAction\",\"target\":\"https:\/\/www.plumprops.com\/?s={search_term_string}\",\"query-input\":\"required name=search_term_string\"}],\"inLanguage\":\"pl-PL\"},{\"@type\":\"ImageObject\",\"@id\":\"https:\/\/www.plumprops.com\/pl\/misa-jablko\/#primaryimage\",\"inLanguage\":\"pl-PL\",\"url\":\"https:\/\/www.plumprops.com\/wp-content\/uploads\/2023\/07\/dsc_6800-scaled.jpg\",\"width\":2560,\"height\":1709},{\"@type\":\"WebPage\",\"@id\":\"https:\/\/www.plumprops.com\/pl\/misa-jablko\/#webpage\",\"url\":\"https:\/\/www.plumprops.com\/pl\/misa-jablko\/\",\"name\":\"Misa jab\\u0142ko - Newborn Photography Props\",\"isPartOf\":{\"@id\":\"https:\/\/www.plumprops.com\/#website\"},\"primaryImageOfPage\":{\"@id\":\"https:\/\/www.plumprops.com\/pl\/misa-jablko\/#primaryimage\"},\"datePublished\":\"2023-07-03T12:57:34+00:00\",\"dateModified\":\"2025-05-30T03:49:14+00:00\",\"breadcrumb\":{\"@id\":\"https:\/\/www.plumprops.com\/pl\/misa-jablko\/#breadcrumb\"},\"inLanguage\":\"pl-PL\",\"potentialAction\":[{\"@type\":\"ReadAction\",\"target\":[\"https:\/\/www.plumprops.com\/pl\/misa-jablko\/\"]}]},{\"@type\":\"BreadcrumbList\",\"@id\":\"https:\/\/www.plumprops.com\/pl\/misa-jablko\/#breadcrumb\",\"itemListElement\":[{\"@type\":\"ListItem\",\"position\":1,\"item\":{\"@type\":\"WebPage\",\"@id\":\"https:\/\/www.plumprops.com\/pl\/\",\"url\":\"https:\/\/www.plumprops.com\/pl\/\",\"name\":\"Home\"}},{\"@type\":\"ListItem\",\"position\":2,\"item\":{\"@type\":\"WebPage\",\"@id\":\"https:\/\/www.plumprops.com\/pl\/sklep\/\",\"url\":\"https:\/\/www.plumprops.com\/pl\/sklep\/\",\"name\":\"Sklep\"}},{\"@type\":\"ListItem\",\"position\":3,\"item\":{\"@type\":\"WebPage\",\"@id\":\"https:\/\/www.plumprops.com\/pl\/misa-jablko\/\",\"url\":\"https:\/\/www.plumprops.com\/pl\/misa-jablko\/\",\"name\":\"Misa jab\\u0142ko\"}}]}]}<\/script>\n<!-- \/ Yoast SEO plugin. -->","_links":{"self":[{"href":"https:\/\/www.plumprops.com\/pl\/wp-json\/wp\/v2\/product\/22085"}],"collection":[{"href":"https:\/\/www.plumprops.com\/pl\/wp-json\/wp\/v2\/product"}],"about":[{"href":"https:\/\/www.plumprops.com\/pl\/wp-json\/wp\/v2\/types\/product"}],"replies":[{"embeddable":true,"href":"https:\/\/www.plumprops.com\/pl\/wp-json\/wp\/v2\/comments?post=22085"}],"version-history":[{"count":2,"href":"https:\/\/www.plumprops.com\/pl\/wp-json\/wp\/v2\/product\/22085\/revisions"}],"predecessor-version":[{"id":22218,"href":"https:\/\/www.plumprops.com\/pl\/wp-json\/wp\/v2\/product\/22085\/revisions\/22218"}],"wp:featuredmedia":[{"embeddable":true,"href":"https:\/\/www.plumprops.com\/pl\/wp-json\/wp\/v2\/media\/22088"}],"wp:attachment":[{"href":"https:\/\/www.plumprops.com\/pl\/wp-json\/wp\/v2\/media?parent=22085"}],"curies":[{"name":"wp","href":"https:\/\/api.w.org\/{rel}","templated":true}]}}