{"id":22284,"date":"2024-01-02T14:06:06","date_gmt":"2024-01-02T14:06:06","guid":{"rendered":"https:\/\/www.plumprops.com\/?post_type=product&#038;p=22284"},"modified":"2024-01-02T16:03:36","modified_gmt":"2024-01-02T16:03:36","slug":"lozeczko-ze-zloceniami","status":"publish","type":"product","link":"https:\/\/www.plumprops.com\/pl\/lozeczko-ze-zloceniami\/","title":{"rendered":"\u0141\u00f3\u017ceczko ze z\u0142oceniami"},"content":{"rendered":"","protected":false},"excerpt":{"rendered":"<p>\u0141\u00f3\u017ceczko wykonane jest r\u0119cznie. Posiada zdobienia w odcieniu z z\u0142ota. Sprzedawane bez po\u015bcieli.<\/p>\n<p>Wymiary: 48 x 36 cm<\/p>\n<p>Wysoko\u015b\u0107: 30 cm<\/p>\n","protected":false},"featured_media":22336,"comment_status":"open","ping_status":"closed","template":"","meta":[],"yoast_head":"<!-- This site is optimized with the Yoast SEO plugin v16.0.2 - https:\/\/yoast.com\/wordpress\/plugins\/seo\/ -->\n<title>\u0141\u00f3\u017ceczko ze z\u0142oceniami - Newborn Photography Props<\/title>\n<link rel=\"canonical\" href=\"https:\/\/www.plumprops.com\/pl\/lozeczko-ze-zloceniami\/\" \/>\n<meta property=\"og:locale\" content=\"pl_PL\" \/>\n<meta property=\"og:type\" content=\"article\" \/>\n<meta property=\"og:title\" content=\"\u0141\u00f3\u017ceczko ze z\u0142oceniami - Newborn Photography Props\" \/>\n<meta property=\"og:description\" content=\"\u0141\u00f3\u017ceczko wykonane jest r\u0119cznie. Posiada zdobienia w odcieniu z z\u0142ota. Sprzedawane bez po\u015bcieli.  Wymiary: 48 x 36 cm  Wysoko\u015b\u0107: 30 cm\" \/>\n<meta property=\"og:url\" content=\"https:\/\/www.plumprops.com\/pl\/lozeczko-ze-zloceniami\/\" \/>\n<meta property=\"og:site_name\" content=\"Newborn Photography Props\" \/>\n<meta property=\"article:modified_time\" content=\"2024-01-02T16:03:36+00:00\" \/>\n<meta property=\"og:image\" content=\"https:\/\/www.plumprops.com\/wp-content\/uploads\/2024\/01\/dsc_6771-1.jpg\" \/>\n\t<meta property=\"og:image:width\" content=\"2000\" \/>\n\t<meta property=\"og:image:height\" content=\"1335\" \/>\n<meta name=\"twitter:card\" content=\"summary_large_image\" \/>\n<script type=\"application\/ld+json\" class=\"yoast-schema-graph\">{\"@context\":\"https:\/\/schema.org\",\"@graph\":[{\"@type\":\"WebSite\",\"@id\":\"https:\/\/www.plumprops.com\/#website\",\"url\":\"https:\/\/www.plumprops.com\/\",\"name\":\"Newborn Photography Props\",\"description\":\"\",\"potentialAction\":[{\"@type\":\"SearchAction\",\"target\":\"https:\/\/www.plumprops.com\/?s={search_term_string}\",\"query-input\":\"required name=search_term_string\"}],\"inLanguage\":\"pl-PL\"},{\"@type\":\"ImageObject\",\"@id\":\"https:\/\/www.plumprops.com\/pl\/lozeczko-ze-zloceniami\/#primaryimage\",\"inLanguage\":\"pl-PL\",\"url\":\"https:\/\/www.plumprops.com\/wp-content\/uploads\/2024\/01\/dsc_6771-1.jpg\",\"width\":2000,\"height\":1335},{\"@type\":\"WebPage\",\"@id\":\"https:\/\/www.plumprops.com\/pl\/lozeczko-ze-zloceniami\/#webpage\",\"url\":\"https:\/\/www.plumprops.com\/pl\/lozeczko-ze-zloceniami\/\",\"name\":\"\\u0141\\u00f3\\u017ceczko ze z\\u0142oceniami - Newborn Photography Props\",\"isPartOf\":{\"@id\":\"https:\/\/www.plumprops.com\/#website\"},\"primaryImageOfPage\":{\"@id\":\"https:\/\/www.plumprops.com\/pl\/lozeczko-ze-zloceniami\/#primaryimage\"},\"datePublished\":\"2024-01-02T14:06:06+00:00\",\"dateModified\":\"2024-01-02T16:03:36+00:00\",\"breadcrumb\":{\"@id\":\"https:\/\/www.plumprops.com\/pl\/lozeczko-ze-zloceniami\/#breadcrumb\"},\"inLanguage\":\"pl-PL\",\"potentialAction\":[{\"@type\":\"ReadAction\",\"target\":[\"https:\/\/www.plumprops.com\/pl\/lozeczko-ze-zloceniami\/\"]}]},{\"@type\":\"BreadcrumbList\",\"@id\":\"https:\/\/www.plumprops.com\/pl\/lozeczko-ze-zloceniami\/#breadcrumb\",\"itemListElement\":[{\"@type\":\"ListItem\",\"position\":1,\"item\":{\"@type\":\"WebPage\",\"@id\":\"https:\/\/www.plumprops.com\/pl\/\",\"url\":\"https:\/\/www.plumprops.com\/pl\/\",\"name\":\"Home\"}},{\"@type\":\"ListItem\",\"position\":2,\"item\":{\"@type\":\"WebPage\",\"@id\":\"https:\/\/www.plumprops.com\/pl\/sklep\/\",\"url\":\"https:\/\/www.plumprops.com\/pl\/sklep\/\",\"name\":\"Sklep\"}},{\"@type\":\"ListItem\",\"position\":3,\"item\":{\"@type\":\"WebPage\",\"@id\":\"https:\/\/www.plumprops.com\/pl\/lozeczko-ze-zloceniami\/\",\"url\":\"https:\/\/www.plumprops.com\/pl\/lozeczko-ze-zloceniami\/\",\"name\":\"\\u0141\\u00f3\\u017ceczko ze z\\u0142oceniami\"}}]}]}<\/script>\n<!-- \/ Yoast SEO plugin. -->","_links":{"self":[{"href":"https:\/\/www.plumprops.com\/pl\/wp-json\/wp\/v2\/product\/22284"}],"collection":[{"href":"https:\/\/www.plumprops.com\/pl\/wp-json\/wp\/v2\/product"}],"about":[{"href":"https:\/\/www.plumprops.com\/pl\/wp-json\/wp\/v2\/types\/product"}],"replies":[{"embeddable":true,"href":"https:\/\/www.plumprops.com\/pl\/wp-json\/wp\/v2\/comments?post=22284"}],"version-history":[{"count":2,"href":"https:\/\/www.plumprops.com\/pl\/wp-json\/wp\/v2\/product\/22284\/revisions"}],"predecessor-version":[{"id":22384,"href":"https:\/\/www.plumprops.com\/pl\/wp-json\/wp\/v2\/product\/22284\/revisions\/22384"}],"wp:featuredmedia":[{"embeddable":true,"href":"https:\/\/www.plumprops.com\/pl\/wp-json\/wp\/v2\/media\/22336"}],"wp:attachment":[{"href":"https:\/\/www.plumprops.com\/pl\/wp-json\/wp\/v2\/media?parent=22284"}],"curies":[{"name":"wp","href":"https:\/\/api.w.org\/{rel}","templated":true}]}}