{"id":22491,"date":"2025-01-06T21:58:00","date_gmt":"2025-01-06T21:58:00","guid":{"rendered":"https:\/\/www.plumprops.com\/?post_type=product&#038;p=22491"},"modified":"2025-01-06T22:04:12","modified_gmt":"2025-01-06T22:04:12","slug":"laweczka-retro-do-sesji","status":"publish","type":"product","link":"https:\/\/www.plumprops.com\/pl\/lozeczka-i-sofy\/laweczka-retro-do-sesji\/","title":{"rendered":"\u0141aweczka retro do sesji"},"content":{"rendered":"<p>\u0141aweczka w stylu retro do sesji dla toodlerk\u00f3w. Drewniana, z rattanowym oparciem.<\/p>\n<p>Wymiary 50 x 30 cm, wysoko\u015b\u0107 oparcia 26 cm, wysoko\u015b\u0107 siedziska 18 cm.<\/p>\n<p>Kolor naturalny, zabezpieczona woskiem.<\/p>\n<p>Cena nie zawiera stoliczka. Stoliczek wykonywany na zam\u00f3wienia indywidualne po kontakcie mailowym lub telefonicznym.<\/p>\n","protected":false},"excerpt":{"rendered":"<p>\u0141aweczka w stylu retro do sesji dla toodlerk\u00f3w. Drewniana, z rattanowym oparciem. Wymiary 50 x 30 cm, wysoko\u015b\u0107 oparcia 26 cm, wysoko\u015b\u0107 siedziska 18 cm. Kolor naturalny, zabezpieczona woskiem. Cena nie zawiera stoliczka. Stoliczek wykonywany na zam\u00f3wienia indywidualne po kontakcie mailowym lub telefonicznym.<\/p>\n","protected":false},"featured_media":22492,"comment_status":"open","ping_status":"closed","template":"","meta":[],"yoast_head":"<!-- This site is optimized with the Yoast SEO plugin v16.0.2 - https:\/\/yoast.com\/wordpress\/plugins\/seo\/ -->\n<title>\u0141aweczka retro do sesji - Newborn Photography Props<\/title>\n<link rel=\"canonical\" href=\"https:\/\/www.plumprops.com\/pl\/lozeczka-i-sofy\/laweczka-retro-do-sesji\/\" \/>\n<meta property=\"og:locale\" content=\"pl_PL\" \/>\n<meta property=\"og:type\" content=\"article\" \/>\n<meta property=\"og:title\" content=\"\u0141aweczka retro do sesji - Newborn Photography Props\" \/>\n<meta property=\"og:description\" content=\"\u0141aweczka w stylu retro do sesji dla toodlerk\u00f3w. Drewniana, z rattanowym oparciem. Wymiary 50 x 30 cm, wysoko\u015b\u0107 oparcia 26 cm, wysoko\u015b\u0107 siedziska 18 cm. Kolor naturalny, zabezpieczona woskiem. Cena nie zawiera stoliczka. Stoliczek wykonywany na zam\u00f3wienia indywidualne po kontakcie mailowym lub telefonicznym.\" \/>\n<meta property=\"og:url\" content=\"https:\/\/www.plumprops.com\/pl\/lozeczka-i-sofy\/laweczka-retro-do-sesji\/\" \/>\n<meta property=\"og:site_name\" content=\"Newborn Photography Props\" \/>\n<meta property=\"article:modified_time\" content=\"2025-01-06T22:04:12+00:00\" \/>\n<meta property=\"og:image\" content=\"https:\/\/www.plumprops.com\/wp-content\/uploads\/2025\/01\/laweczka-do-sesji.jpg\" \/>\n\t<meta property=\"og:image:width\" content=\"1280\" \/>\n\t<meta property=\"og:image:height\" content=\"960\" \/>\n<meta name=\"twitter:card\" content=\"summary_large_image\" \/>\n<meta name=\"twitter:label1\" content=\"Szacowany czas czytania\">\n\t<meta name=\"twitter:data1\" content=\"1 minuta\">\n<script type=\"application\/ld+json\" class=\"yoast-schema-graph\">{\"@context\":\"https:\/\/schema.org\",\"@graph\":[{\"@type\":\"WebSite\",\"@id\":\"https:\/\/www.plumprops.com\/#website\",\"url\":\"https:\/\/www.plumprops.com\/\",\"name\":\"Newborn Photography Props\",\"description\":\"\",\"potentialAction\":[{\"@type\":\"SearchAction\",\"target\":\"https:\/\/www.plumprops.com\/?s={search_term_string}\",\"query-input\":\"required name=search_term_string\"}],\"inLanguage\":\"pl-PL\"},{\"@type\":\"ImageObject\",\"@id\":\"https:\/\/www.plumprops.com\/pl\/lozeczka-i-sofy\/laweczka-retro-do-sesji\/#primaryimage\",\"inLanguage\":\"pl-PL\",\"url\":\"https:\/\/www.plumprops.com\/wp-content\/uploads\/2025\/01\/laweczka-do-sesji.jpg\",\"width\":1280,\"height\":960},{\"@type\":\"WebPage\",\"@id\":\"https:\/\/www.plumprops.com\/pl\/lozeczka-i-sofy\/laweczka-retro-do-sesji\/#webpage\",\"url\":\"https:\/\/www.plumprops.com\/pl\/lozeczka-i-sofy\/laweczka-retro-do-sesji\/\",\"name\":\"\\u0141aweczka retro do sesji - Newborn Photography Props\",\"isPartOf\":{\"@id\":\"https:\/\/www.plumprops.com\/#website\"},\"primaryImageOfPage\":{\"@id\":\"https:\/\/www.plumprops.com\/pl\/lozeczka-i-sofy\/laweczka-retro-do-sesji\/#primaryimage\"},\"datePublished\":\"2025-01-06T21:58:00+00:00\",\"dateModified\":\"2025-01-06T22:04:12+00:00\",\"breadcrumb\":{\"@id\":\"https:\/\/www.plumprops.com\/pl\/lozeczka-i-sofy\/laweczka-retro-do-sesji\/#breadcrumb\"},\"inLanguage\":\"pl-PL\",\"potentialAction\":[{\"@type\":\"ReadAction\",\"target\":[\"https:\/\/www.plumprops.com\/pl\/lozeczka-i-sofy\/laweczka-retro-do-sesji\/\"]}]},{\"@type\":\"BreadcrumbList\",\"@id\":\"https:\/\/www.plumprops.com\/pl\/lozeczka-i-sofy\/laweczka-retro-do-sesji\/#breadcrumb\",\"itemListElement\":[{\"@type\":\"ListItem\",\"position\":1,\"item\":{\"@type\":\"WebPage\",\"@id\":\"https:\/\/www.plumprops.com\/pl\/\",\"url\":\"https:\/\/www.plumprops.com\/pl\/\",\"name\":\"Home\"}},{\"@type\":\"ListItem\",\"position\":2,\"item\":{\"@type\":\"WebPage\",\"@id\":\"https:\/\/www.plumprops.com\/pl\/sklep\/\",\"url\":\"https:\/\/www.plumprops.com\/pl\/sklep\/\",\"name\":\"Sklep\"}},{\"@type\":\"ListItem\",\"position\":3,\"item\":{\"@type\":\"WebPage\",\"@id\":\"https:\/\/www.plumprops.com\/pl\/lozeczka-i-sofy\/laweczka-retro-do-sesji\/\",\"url\":\"https:\/\/www.plumprops.com\/pl\/lozeczka-i-sofy\/laweczka-retro-do-sesji\/\",\"name\":\"\\u0141aweczka retro do sesji\"}}]}]}<\/script>\n<!-- \/ Yoast SEO plugin. -->","_links":{"self":[{"href":"https:\/\/www.plumprops.com\/pl\/wp-json\/wp\/v2\/product\/22491"}],"collection":[{"href":"https:\/\/www.plumprops.com\/pl\/wp-json\/wp\/v2\/product"}],"about":[{"href":"https:\/\/www.plumprops.com\/pl\/wp-json\/wp\/v2\/types\/product"}],"replies":[{"embeddable":true,"href":"https:\/\/www.plumprops.com\/pl\/wp-json\/wp\/v2\/comments?post=22491"}],"version-history":[{"count":1,"href":"https:\/\/www.plumprops.com\/pl\/wp-json\/wp\/v2\/product\/22491\/revisions"}],"predecessor-version":[{"id":22498,"href":"https:\/\/www.plumprops.com\/pl\/wp-json\/wp\/v2\/product\/22491\/revisions\/22498"}],"wp:featuredmedia":[{"embeddable":true,"href":"https:\/\/www.plumprops.com\/pl\/wp-json\/wp\/v2\/media\/22492"}],"wp:attachment":[{"href":"https:\/\/www.plumprops.com\/pl\/wp-json\/wp\/v2\/media?parent=22491"}],"curies":[{"name":"wp","href":"https:\/\/api.w.org\/{rel}","templated":true}]}}