{"id":7013,"date":"2018-05-13T08:00:22","date_gmt":"2018-05-13T08:00:22","guid":{"rendered":"https:\/\/www.plumprops.com\/?product=zielone-rzezbione-%c5%82ozeczko"},"modified":"2025-11-30T14:46:56","modified_gmt":"2025-11-30T14:46:56","slug":"rzezbione-lozeczko","status":"publish","type":"product","link":"https:\/\/www.plumprops.com\/pl\/lozeczka-drewniane\/rzezbione-lozeczko\/","title":{"rendered":"Rze\u017abione \u0142\u00f3\u017ceczko"},"content":{"rendered":"<p>\u0141\u00f3\u017ceczko drewniane znajduj\u0105ce si\u0119 w ofercie naszego sklepu to najwy\u017cszej jako\u015bci produkt, wykonany r\u0119cznie, kt\u00f3ry spe\u0142ni oczekiwania nawet najbardziej wymagaj\u0105cych Klient\u00f3w. \u0141\u00f3\u017ceczko cechuje unikalna stylistyka, \u0142\u0105cz\u0105ca w sobie ponadczasow\u0105 klasyk\u0119 oraz najnowsze trendy. Wizualnie nawi\u0105zuje ono do stylu vintage, kt\u00f3ry pi\u0119knie \u0142\u0105czy si\u0119 folklorem w nowoczesnym wydaniu. Kolorystyka produktu jak na zdj\u0119ciach sprawia, \u017ce z \u0142atwo\u015bci\u0105 po\u0142\u0105czy si\u0119 on z r\u00f3\u017cnorodnymi dodatkami, kolorami, akcesoriami. \u015awietnie koresponduje zar\u00f3wno ze zbli\u017conymi do niego barwami, jak r\u00f3wnie\u017c z tymi mocnymi i wyrazistymi.<\/p>\n<p>\u0141\u00f3\u017ceczko wykonane jest z wysokiej jako\u015bci drewna, kt\u00f3re zosta\u0142o pomalowane r\u0119cznie i zosta\u0142o wystylizowane na postarzane. Przetarcia dodaj\u0105 mu nut niewymuszonego uroku i sprawiaj\u0105, \u017ce jest ono wyj\u0105tkowe, niepowtarzalne i jedyne w swoim rodzaju. Zar\u00f3wno wezg\u0142owie, jak i front \u0142\u00f3\u017ceczka zdobi\u0105 niezwyk\u0142e rze\u017abienia, dodaj\u0105ce ca\u0142emu produktowi charakteru i elegancji. Rozmiar \u0142\u00f3\u017ceczka zosta\u0142 idealnie dostosowany do niewielkiego cia\u0142a niemowlaka czy noworodka, ale z powodzeniem mo\u017cna w nim r\u00f3wnie\u017c fotografowa\u0107 nieco starsze, ju\u017c samodzielnie siedz\u0105ce dziecko. Ten wyj\u0105tkowy rekwizyt do sesji zdj\u0119ciowych wzbogaci ka\u017cde zdj\u0119cie podkre\u015blaj\u0105c urok i bezbronno\u015b\u0107 malucha.<\/p>\n<p>Rze\u017abione w drewnie \u0142\u00f3\u017ceczko wykonane r\u0119cznie zosta\u0142o zaprojektowane przez profesjonalnego fotografa, kt\u00f3ry doskonale rozumie potrzeby foto \u015bwiata. \u0141\u00f3\u017ceczko pi\u0119knie prezentuje si\u0119 pod r\u00f3\u017cnymi k\u0105tami fotografowania, a za jego pomoc\u0105 mo\u017cna stworzy\u0107 r\u00f3\u017cnorodne kompozycje. Jego dodatkow\u0105 zalet\u0105 jest to, \u017ce mo\u017cna je wykorzysta\u0107 zar\u00f3wno podczas sesji dziewcz\u0119cej, jak i ch\u0142opi\u0119cej.<\/p>\n<p>Wszystkie produkty dost\u0119pne w ofercie naszego sklepu wykonane s\u0105 r\u0119cznie, dzi\u0119ki czemu s\u0105 unikalne. Oznacza to r\u00f3wnie\u017c, \u017ce zam\u00f3wione \u0142\u00f3\u017ceczko mo\u017ce odrobin\u0119 r\u00f3\u017cni\u0107 si\u0119 od tego, kt\u00f3re przedstawia zdj\u0119cie produktowe (np. przetarcia mog\u0105 znajdowa\u0107 si\u0119 w innych miejscach). Nale\u017cy pami\u0119ta\u0107 r\u00f3wnie\u017c o tym, \u017ce fotografia zosta\u0142a poddana obr\u00f3bce graficznej.<\/p>\n","protected":false},"excerpt":{"rendered":"<p>Pi\u0119kne, drewniane \u0142\u00f3\u017ceczko do sesji noworodkowych, z rze\u017abionym wezg\u0142owiem i frontem. Stylizowane, postarzane.<br \/>\n\u0141\u00f3\u017ceczko wykonane jest r\u0119cznie. Stylizowane na postarzane. Z tego powodu ka\u017cdy produkt jest unikatowy i mo\u017ce nieznacznie r\u00f3\u017cni\u0107 si\u0119 od tego na zdj\u0119ciu (np. inne przetarcia).<br \/>\nWymiary: 33 cm x 43 cm x wys. 33 cm<\/p>\n","protected":false},"featured_media":12053,"comment_status":"open","ping_status":"closed","template":"","meta":[],"yoast_head":"<!-- This site is optimized with the Yoast SEO plugin v16.0.2 - https:\/\/yoast.com\/wordpress\/plugins\/seo\/ -->\n<title>Rze\u017abione \u0142\u00f3\u017ceczko - Newborn Photography Props<\/title>\n<link rel=\"canonical\" href=\"https:\/\/www.plumprops.com\/pl\/lozeczka-drewniane\/rzezbione-lozeczko\/\" \/>\n<meta property=\"og:locale\" content=\"pl_PL\" \/>\n<meta property=\"og:type\" content=\"article\" \/>\n<meta property=\"og:title\" content=\"Rze\u017abione \u0142\u00f3\u017ceczko - Newborn Photography Props\" \/>\n<meta property=\"og:description\" content=\"Pi\u0119kne, drewniane \u0142\u00f3\u017ceczko do sesji noworodkowych, z rze\u017abionym wezg\u0142owiem i frontem. Stylizowane, postarzane. \u0141\u00f3\u017ceczko wykonane jest r\u0119cznie. Stylizowane na postarzane. Z tego powodu ka\u017cdy produkt jest unikatowy i mo\u017ce nieznacznie r\u00f3\u017cni\u0107 si\u0119 od tego na zdj\u0119ciu (np. inne przetarcia). Wymiary: 33 cm x 43 cm x wys. 33 cm\" \/>\n<meta property=\"og:url\" content=\"https:\/\/www.plumprops.com\/pl\/lozeczka-drewniane\/rzezbione-lozeczko\/\" \/>\n<meta property=\"og:site_name\" content=\"Newborn Photography Props\" \/>\n<meta property=\"article:modified_time\" content=\"2025-11-30T14:46:56+00:00\" \/>\n<meta property=\"og:image\" content=\"https:\/\/www.plumprops.com\/wp-content\/uploads\/2020\/06\/1253.jpg\" \/>\n\t<meta property=\"og:image:width\" content=\"1800\" \/>\n\t<meta property=\"og:image:height\" content=\"1202\" \/>\n<meta name=\"twitter:card\" content=\"summary_large_image\" \/>\n<meta name=\"twitter:label1\" content=\"Szacowany czas czytania\">\n\t<meta name=\"twitter:data1\" content=\"2 minuty\">\n<script type=\"application\/ld+json\" class=\"yoast-schema-graph\">{\"@context\":\"https:\/\/schema.org\",\"@graph\":[{\"@type\":\"WebSite\",\"@id\":\"https:\/\/www.plumprops.com\/#website\",\"url\":\"https:\/\/www.plumprops.com\/\",\"name\":\"Newborn Photography Props\",\"description\":\"\",\"potentialAction\":[{\"@type\":\"SearchAction\",\"target\":\"https:\/\/www.plumprops.com\/?s={search_term_string}\",\"query-input\":\"required name=search_term_string\"}],\"inLanguage\":\"pl-PL\"},{\"@type\":\"ImageObject\",\"@id\":\"https:\/\/www.plumprops.com\/pl\/lozeczka-drewniane\/rzezbione-lozeczko\/#primaryimage\",\"inLanguage\":\"pl-PL\",\"url\":\"https:\/\/www.plumprops.com\/wp-content\/uploads\/2020\/06\/1253.jpg\",\"width\":1800,\"height\":1202},{\"@type\":\"WebPage\",\"@id\":\"https:\/\/www.plumprops.com\/pl\/lozeczka-drewniane\/rzezbione-lozeczko\/#webpage\",\"url\":\"https:\/\/www.plumprops.com\/pl\/lozeczka-drewniane\/rzezbione-lozeczko\/\",\"name\":\"Rze\\u017abione \\u0142\\u00f3\\u017ceczko - Newborn Photography Props\",\"isPartOf\":{\"@id\":\"https:\/\/www.plumprops.com\/#website\"},\"primaryImageOfPage\":{\"@id\":\"https:\/\/www.plumprops.com\/pl\/lozeczka-drewniane\/rzezbione-lozeczko\/#primaryimage\"},\"datePublished\":\"2018-05-13T08:00:22+00:00\",\"dateModified\":\"2025-11-30T14:46:56+00:00\",\"breadcrumb\":{\"@id\":\"https:\/\/www.plumprops.com\/pl\/lozeczka-drewniane\/rzezbione-lozeczko\/#breadcrumb\"},\"inLanguage\":\"pl-PL\",\"potentialAction\":[{\"@type\":\"ReadAction\",\"target\":[\"https:\/\/www.plumprops.com\/pl\/lozeczka-drewniane\/rzezbione-lozeczko\/\"]}]},{\"@type\":\"BreadcrumbList\",\"@id\":\"https:\/\/www.plumprops.com\/pl\/lozeczka-drewniane\/rzezbione-lozeczko\/#breadcrumb\",\"itemListElement\":[{\"@type\":\"ListItem\",\"position\":1,\"item\":{\"@type\":\"WebPage\",\"@id\":\"https:\/\/www.plumprops.com\/pl\/\",\"url\":\"https:\/\/www.plumprops.com\/pl\/\",\"name\":\"Home\"}},{\"@type\":\"ListItem\",\"position\":2,\"item\":{\"@type\":\"WebPage\",\"@id\":\"https:\/\/www.plumprops.com\/pl\/sklep\/\",\"url\":\"https:\/\/www.plumprops.com\/pl\/sklep\/\",\"name\":\"Sklep\"}},{\"@type\":\"ListItem\",\"position\":3,\"item\":{\"@type\":\"WebPage\",\"@id\":\"https:\/\/www.plumprops.com\/pl\/lozeczka-drewniane\/rzezbione-lozeczko\/\",\"url\":\"https:\/\/www.plumprops.com\/pl\/lozeczka-drewniane\/rzezbione-lozeczko\/\",\"name\":\"Rze\\u017abione \\u0142\\u00f3\\u017ceczko\"}}]}]}<\/script>\n<!-- \/ Yoast SEO plugin. -->","_links":{"self":[{"href":"https:\/\/www.plumprops.com\/pl\/wp-json\/wp\/v2\/product\/7013"}],"collection":[{"href":"https:\/\/www.plumprops.com\/pl\/wp-json\/wp\/v2\/product"}],"about":[{"href":"https:\/\/www.plumprops.com\/pl\/wp-json\/wp\/v2\/types\/product"}],"replies":[{"embeddable":true,"href":"https:\/\/www.plumprops.com\/pl\/wp-json\/wp\/v2\/comments?post=7013"}],"version-history":[{"count":0,"href":"https:\/\/www.plumprops.com\/pl\/wp-json\/wp\/v2\/product\/7013\/revisions"}],"wp:featuredmedia":[{"embeddable":true,"href":"https:\/\/www.plumprops.com\/pl\/wp-json\/wp\/v2\/media\/12053"}],"wp:attachment":[{"href":"https:\/\/www.plumprops.com\/pl\/wp-json\/wp\/v2\/media?parent=7013"}],"curies":[{"name":"wp","href":"https:\/\/api.w.org\/{rel}","templated":true}]}}